{"id":10687,"date":"2020-10-15T20:02:53","date_gmt":"2020-10-15T22:02:53","guid":{"rendered":"https:\/\/www.aradas.lt\/product\/folding-sliding-door-ass-70-fd\/"},"modified":"2025-04-25T10:07:05","modified_gmt":"2025-04-25T12:07:05","slug":"foldedoer-skyde-doer-ass-70-fd","status":"publish","type":"product","link":"https:\/\/www.aradas.lt\/da\/vare\/foldedoer-skyde-doer-ass-70-fd\/","title":{"rendered":"FOLDED\u00d8R -SKYDE D\u00d8R | Sch\u00fcco AS FD 75"},"content":{"rendered":"","protected":false},"excerpt":{"rendered":"<p><span style=\"text-transform: uppercase;\">[aluminium][sliding-folding-system]<\/span><\/p>\n<p>DET MEST POPUL\u00c6RE VALG TIL FOLDED\u00d8R -SKYDE D\u00d8R L\u00d8SNINGER<\/p>\n<p>Ruderne giver et bem\u00e6rkelsesv\u00e6rdigt bidrag til livskvaliteten. Visuelt og funktionsm\u00e6ssigt kan en folded\u00f8r udf\u00f8rt i aluminium n\u00e6sten fjerne barrierer og skabe en s\u00f8ml\u00f8s overgang mellem inde- og udeomr\u00e5det.<br \/>\nDer er mange muligheder for tilpasning: \u00f8nsket \u00e5bningsretning, antallet af rammer og en valgfri, separat d\u00f8rintegration til hyppigere passage. Tre tilg\u00e6ngelige typer t\u00e6rskler g\u00f8r det muligt at tilpasse d\u00f8rene til dine \u00f8nskede arkitektoniske l\u00f8sninger, herunder muligheden for at f\u00e5 bundstykket til at flugte med gulvet til et minimalt niveau, hvis det er n\u00f8dvendigt.<br \/>\nSch\u00fccos folded\u00f8rssystem udf\u00f8te i aluminium AS FD 75 (med en vinduesramme p\u00e5 75 mm i dybden) kombinerer fleksible varmeisoleringsniveauer, vejrt\u00e6thed, sikkerhed, intelligent funktionalitet og b\u00e6redygtighed med et harmonisk, tidl\u00f8st design.<br \/>\nKontakt venligst vores salgsteam for yderligere information.<\/p>\n","protected":false},"featured_media":25085,"template":"","meta":{"_acf_changed":false},"product_cat":[244,226],"product_tag":[],"acf":[],"yoast_head":"<!-- This site is optimized with the Yoast SEO plugin v22.9 - https:\/\/yoast.com\/wordpress\/plugins\/seo\/ -->\n<title>ARADAS : FOLDED\u00d8R -SKYDE D\u00d8R | Sch\u00fcco AS FD 75<\/title>\n<meta name=\"robots\" content=\"index, follow, max-snippet:-1, max-image-preview:large, max-video-preview:-1\" \/>\n<link rel=\"canonical\" href=\"https:\/\/www.aradas.lt\/da\/vare\/foldedoer-skyde-doer-ass-70-fd\/\" \/>\n<meta property=\"og:locale\" content=\"da_DK\" \/>\n<meta property=\"og:type\" content=\"article\" \/>\n<meta property=\"og:title\" content=\"ARADAS : FOLDED\u00d8R -SKYDE D\u00d8R | Sch\u00fcco AS FD 75\" \/>\n<meta property=\"og:description\" content=\"DET MEST POPUL\u00c6RE VALG TIL FOLDED\u00d8R -SKYDE D\u00d8R L\u00d8SNINGER  Ruderne giver et bem\u00e6rkelsesv\u00e6rdigt bidrag til livskvaliteten. Visuelt og funktionsm\u00e6ssigt kan en folded\u00f8r udf\u00f8rt i aluminium n\u00e6sten fjerne barrierer og skabe en s\u00f8ml\u00f8s overgang mellem inde- og udeomr\u00e5det. Der er mange muligheder for tilpasning: \u00f8nsket \u00e5bningsretning, antallet af rammer og en valgfri, separat d\u00f8rintegration til hyppigere passage. Tre tilg\u00e6ngelige typer t\u00e6rskler g\u00f8r det muligt at tilpasse d\u00f8rene til dine \u00f8nskede arkitektoniske l\u00f8sninger, herunder muligheden for at f\u00e5 bundstykket til at flugte med gulvet til et minimalt niveau, hvis det er n\u00f8dvendigt. Sch\u00fccos folded\u00f8rssystem udf\u00f8te i aluminium AS FD 75 (med en vinduesramme p\u00e5 75 mm i dybden) kombinerer fleksible varmeisoleringsniveauer, vejrt\u00e6thed, sikkerhed, intelligent funktionalitet og b\u00e6redygtighed med et harmonisk, tidl\u00f8st design. Kontakt venligst vores salgsteam for yderligere information.\" \/>\n<meta property=\"og:url\" content=\"https:\/\/www.aradas.lt\/da\/vare\/foldedoer-skyde-doer-ass-70-fd\/\" \/>\n<meta property=\"og:site_name\" content=\"Aradas\" \/>\n<meta property=\"article:modified_time\" content=\"2025-04-25T12:07:05+00:00\" \/>\n<meta property=\"og:image\" content=\"https:\/\/www.aradas.lt\/wp-content\/uploads\/2020\/10\/AS_FD_75_e_offen-1.jpg\" \/>\n\t<meta property=\"og:image:width\" content=\"1080\" \/>\n\t<meta property=\"og:image:height\" content=\"1080\" \/>\n\t<meta property=\"og:image:type\" content=\"image\/jpeg\" \/>\n<meta name=\"twitter:card\" content=\"summary_large_image\" \/>\n<meta name=\"twitter:label1\" content=\"Estimeret l\u00e6setid\" \/>\n\t<meta name=\"twitter:data1\" content=\"1 minut\" \/>\n<!-- \/ Yoast SEO plugin. -->","yoast_head_json":{"title":"ARADAS : FOLDED\u00d8R -SKYDE D\u00d8R | Sch\u00fcco AS FD 75","robots":{"index":"index","follow":"follow","max-snippet":"max-snippet:-1","max-image-preview":"max-image-preview:large","max-video-preview":"max-video-preview:-1"},"canonical":"https:\/\/www.aradas.lt\/da\/vare\/foldedoer-skyde-doer-ass-70-fd\/","og_locale":"da_DK","og_type":"article","og_title":"ARADAS : FOLDED\u00d8R -SKYDE D\u00d8R | Sch\u00fcco AS FD 75","og_description":"DET MEST POPUL\u00c6RE VALG TIL FOLDED\u00d8R -SKYDE D\u00d8R L\u00d8SNINGER  Ruderne giver et bem\u00e6rkelsesv\u00e6rdigt bidrag til livskvaliteten. Visuelt og funktionsm\u00e6ssigt kan en folded\u00f8r udf\u00f8rt i aluminium n\u00e6sten fjerne barrierer og skabe en s\u00f8ml\u00f8s overgang mellem inde- og udeomr\u00e5det. Der er mange muligheder for tilpasning: \u00f8nsket \u00e5bningsretning, antallet af rammer og en valgfri, separat d\u00f8rintegration til hyppigere passage. Tre tilg\u00e6ngelige typer t\u00e6rskler g\u00f8r det muligt at tilpasse d\u00f8rene til dine \u00f8nskede arkitektoniske l\u00f8sninger, herunder muligheden for at f\u00e5 bundstykket til at flugte med gulvet til et minimalt niveau, hvis det er n\u00f8dvendigt. Sch\u00fccos folded\u00f8rssystem udf\u00f8te i aluminium AS FD 75 (med en vinduesramme p\u00e5 75 mm i dybden) kombinerer fleksible varmeisoleringsniveauer, vejrt\u00e6thed, sikkerhed, intelligent funktionalitet og b\u00e6redygtighed med et harmonisk, tidl\u00f8st design. Kontakt venligst vores salgsteam for yderligere information.","og_url":"https:\/\/www.aradas.lt\/da\/vare\/foldedoer-skyde-doer-ass-70-fd\/","og_site_name":"Aradas","article_modified_time":"2025-04-25T12:07:05+00:00","og_image":[{"width":1080,"height":1080,"url":"https:\/\/www.aradas.lt\/wp-content\/uploads\/2020\/10\/AS_FD_75_e_offen-1.jpg","type":"image\/jpeg"}],"twitter_card":"summary_large_image","twitter_misc":{"Estimeret l\u00e6setid":"1 minut"},"schema":{"@context":"https:\/\/schema.org","@graph":[{"@type":"WebPage","@id":"https:\/\/www.aradas.lt\/da\/vare\/foldedoer-skyde-doer-ass-70-fd\/","url":"https:\/\/www.aradas.lt\/da\/vare\/foldedoer-skyde-doer-ass-70-fd\/","name":"ARADAS : FOLDED\u00d8R -SKYDE D\u00d8R | Sch\u00fcco AS FD 75","isPartOf":{"@id":"https:\/\/www.aradas.lt\/#website"},"primaryImageOfPage":{"@id":"https:\/\/www.aradas.lt\/da\/vare\/foldedoer-skyde-doer-ass-70-fd\/#primaryimage"},"image":{"@id":"https:\/\/www.aradas.lt\/da\/vare\/foldedoer-skyde-doer-ass-70-fd\/#primaryimage"},"thumbnailUrl":"https:\/\/www.aradas.lt\/wp-content\/uploads\/2020\/10\/AS_FD_75_e_offen-1.jpg","datePublished":"2020-10-15T22:02:53+00:00","dateModified":"2025-04-25T12:07:05+00:00","breadcrumb":{"@id":"https:\/\/www.aradas.lt\/da\/vare\/foldedoer-skyde-doer-ass-70-fd\/#breadcrumb"},"inLanguage":"da-DK","potentialAction":[{"@type":"ReadAction","target":["https:\/\/www.aradas.lt\/da\/vare\/foldedoer-skyde-doer-ass-70-fd\/"]}]},{"@type":"ImageObject","inLanguage":"da-DK","@id":"https:\/\/www.aradas.lt\/da\/vare\/foldedoer-skyde-doer-ass-70-fd\/#primaryimage","url":"https:\/\/www.aradas.lt\/wp-content\/uploads\/2020\/10\/AS_FD_75_e_offen-1.jpg","contentUrl":"https:\/\/www.aradas.lt\/wp-content\/uploads\/2020\/10\/AS_FD_75_e_offen-1.jpg","width":1080,"height":1080},{"@type":"BreadcrumbList","@id":"https:\/\/www.aradas.lt\/da\/vare\/foldedoer-skyde-doer-ass-70-fd\/#breadcrumb","itemListElement":[{"@type":"ListItem","position":1,"name":"Home","item":"https:\/\/www.aradas.lt\/da\/"},{"@type":"ListItem","position":2,"name":"Shop","item":"https:\/\/www.aradas.lt\/shop\/"},{"@type":"ListItem","position":3,"name":"FOLDED\u00d8R -SKYDE D\u00d8R | Sch\u00fcco AS FD 75"}]},{"@type":"WebSite","@id":"https:\/\/www.aradas.lt\/#website","url":"https:\/\/www.aradas.lt\/","name":"Aradas","description":"Vinduer og D\u00f8re","publisher":{"@id":"https:\/\/www.aradas.lt\/#organization"},"potentialAction":[{"@type":"SearchAction","target":{"@type":"EntryPoint","urlTemplate":"https:\/\/www.aradas.lt\/?s={search_term_string}"},"query-input":"required name=search_term_string"}],"inLanguage":"da-DK"},{"@type":"Organization","@id":"https:\/\/www.aradas.lt\/#organization","name":"ARADAS : Windows and Doors","url":"https:\/\/www.aradas.lt\/","logo":{"@type":"ImageObject","inLanguage":"da-DK","@id":"https:\/\/www.aradas.lt\/#\/schema\/logo\/image\/","url":"https:\/\/www.aradas.lt\/wp-content\/uploads\/2018\/02\/logo-60h.png","contentUrl":"https:\/\/www.aradas.lt\/wp-content\/uploads\/2018\/02\/logo-60h.png","width":374,"height":60,"caption":"ARADAS : Windows and Doors"},"image":{"@id":"https:\/\/www.aradas.lt\/#\/schema\/logo\/image\/"}}]}},"_links":{"self":[{"href":"https:\/\/www.aradas.lt\/da\/wp-json\/wp\/v2\/product\/10687"}],"collection":[{"href":"https:\/\/www.aradas.lt\/da\/wp-json\/wp\/v2\/product"}],"about":[{"href":"https:\/\/www.aradas.lt\/da\/wp-json\/wp\/v2\/types\/product"}],"wp:featuredmedia":[{"embeddable":true,"href":"https:\/\/www.aradas.lt\/da\/wp-json\/wp\/v2\/media\/25085"}],"wp:attachment":[{"href":"https:\/\/www.aradas.lt\/da\/wp-json\/wp\/v2\/media?parent=10687"}],"wp:term":[{"taxonomy":"product_cat","embeddable":true,"href":"https:\/\/www.aradas.lt\/da\/wp-json\/wp\/v2\/product_cat?post=10687"},{"taxonomy":"product_tag","embeddable":true,"href":"https:\/\/www.aradas.lt\/da\/wp-json\/wp\/v2\/product_tag?post=10687"}],"curies":[{"name":"wp","href":"https:\/\/api.w.org\/{rel}","templated":true}]}}