{"id":10814,"date":"2020-10-21T14:12:20","date_gmt":"2020-10-21T16:12:20","guid":{"rendered":"https:\/\/www.aradas.lt\/product\/door-ads-75-si-75-hd-hi\/"},"modified":"2025-05-27T07:29:41","modified_gmt":"2025-05-27T09:29:41","slug":"doere-ads-75-si-75-hd-hi","status":"publish","type":"product","link":"https:\/\/www.aradas.lt\/da\/vare\/doere-ads-75-si-75-hd-hi\/","title":{"rendered":"D\u00d8RE | Sch\u00fcco ADS 75.SI \/ 75 HD.HI"},"content":{"rendered":"","protected":false},"excerpt":{"rendered":"<p><span style=\"text-transform: uppercase;\">[aluminium][door-system]<\/span><\/p>\n<p>SUPERH\u00d8JT VARMEISOLERET D\u00d8RSYSTEM<\/p>\n<p>ADS 75.SI \/ 75 HD.HI d\u00f8r system kombinerer superh\u00f8jt varmeisoleringsniveau, vejrt\u00e6thed, sikkerhed, intelligent funktionalitet og holdbarhed med harmonisk, tidl\u00f8st design.<br \/>\nADS 75.SI \/ 75 HD.HI &#8211; d\u00f8rsystem giver mulighed for en bred vifte af sikre og forskellige d\u00f8r\u00e5bnings l\u00f8sninger- og styringsmoduler. Fra mere enkelt og simpel &#8211; modul Fingerprint Easy system, til unikke, kompleks og sofistikerede d\u00f8rl\u00e5s systemer &#8211; Door Control System (DCS).<br \/>\nKontakt venligst vores salgsteam for yderligere information.<\/p>\n","protected":false},"featured_media":15423,"template":"","meta":{"_acf_changed":false},"product_cat":[226,227],"product_tag":[],"acf":[],"yoast_head":"<!-- This site is optimized with the Yoast SEO plugin v22.9 - https:\/\/yoast.com\/wordpress\/plugins\/seo\/ -->\n<title>ARADAS : D\u00d8RE | Sch\u00fcco ADS 75.SI \/ 75 HD.HI<\/title>\n<meta name=\"robots\" content=\"index, follow, max-snippet:-1, max-image-preview:large, max-video-preview:-1\" \/>\n<link rel=\"canonical\" href=\"https:\/\/www.aradas.lt\/da\/vare\/doere-ads-75-si-75-hd-hi\/\" \/>\n<meta property=\"og:locale\" content=\"da_DK\" \/>\n<meta property=\"og:type\" content=\"article\" \/>\n<meta property=\"og:title\" content=\"ARADAS : D\u00d8RE | Sch\u00fcco ADS 75.SI \/ 75 HD.HI\" \/>\n<meta property=\"og:description\" content=\"SUPERH\u00d8JT VARMEISOLERET D\u00d8RSYSTEM  ADS 75.SI \/ 75 HD.HI d\u00f8r system kombinerer superh\u00f8jt varmeisoleringsniveau, vejrt\u00e6thed, sikkerhed, intelligent funktionalitet og holdbarhed med harmonisk, tidl\u00f8st design. ADS 75.SI \/ 75 HD.HI - d\u00f8rsystem giver mulighed for en bred vifte af sikre og forskellige d\u00f8r\u00e5bnings l\u00f8sninger- og styringsmoduler. Fra mere enkelt og simpel - modul Fingerprint Easy system, til unikke, kompleks og sofistikerede d\u00f8rl\u00e5s systemer - Door Control System (DCS). Kontakt venligst vores salgsteam for yderligere information.\" \/>\n<meta property=\"og:url\" content=\"https:\/\/www.aradas.lt\/da\/vare\/doere-ads-75-si-75-hd-hi\/\" \/>\n<meta property=\"og:site_name\" content=\"Aradas\" \/>\n<meta property=\"article:modified_time\" content=\"2025-05-27T09:29:41+00:00\" \/>\n<meta property=\"og:image\" content=\"https:\/\/www.aradas.lt\/wp-content\/uploads\/2020\/10\/ADS_75_SI_Aradas.jpg\" \/>\n\t<meta property=\"og:image:width\" content=\"800\" \/>\n\t<meta property=\"og:image:height\" content=\"800\" \/>\n\t<meta property=\"og:image:type\" content=\"image\/jpeg\" \/>\n<meta name=\"twitter:card\" content=\"summary_large_image\" \/>\n<meta name=\"twitter:label1\" content=\"Estimeret l\u00e6setid\" \/>\n\t<meta name=\"twitter:data1\" content=\"1 minut\" \/>\n<!-- \/ Yoast SEO plugin. -->","yoast_head_json":{"title":"ARADAS : D\u00d8RE | Sch\u00fcco ADS 75.SI \/ 75 HD.HI","robots":{"index":"index","follow":"follow","max-snippet":"max-snippet:-1","max-image-preview":"max-image-preview:large","max-video-preview":"max-video-preview:-1"},"canonical":"https:\/\/www.aradas.lt\/da\/vare\/doere-ads-75-si-75-hd-hi\/","og_locale":"da_DK","og_type":"article","og_title":"ARADAS : D\u00d8RE | Sch\u00fcco ADS 75.SI \/ 75 HD.HI","og_description":"SUPERH\u00d8JT VARMEISOLERET D\u00d8RSYSTEM  ADS 75.SI \/ 75 HD.HI d\u00f8r system kombinerer superh\u00f8jt varmeisoleringsniveau, vejrt\u00e6thed, sikkerhed, intelligent funktionalitet og holdbarhed med harmonisk, tidl\u00f8st design. ADS 75.SI \/ 75 HD.HI - d\u00f8rsystem giver mulighed for en bred vifte af sikre og forskellige d\u00f8r\u00e5bnings l\u00f8sninger- og styringsmoduler. Fra mere enkelt og simpel - modul Fingerprint Easy system, til unikke, kompleks og sofistikerede d\u00f8rl\u00e5s systemer - Door Control System (DCS). Kontakt venligst vores salgsteam for yderligere information.","og_url":"https:\/\/www.aradas.lt\/da\/vare\/doere-ads-75-si-75-hd-hi\/","og_site_name":"Aradas","article_modified_time":"2025-05-27T09:29:41+00:00","og_image":[{"width":800,"height":800,"url":"https:\/\/www.aradas.lt\/wp-content\/uploads\/2020\/10\/ADS_75_SI_Aradas.jpg","type":"image\/jpeg"}],"twitter_card":"summary_large_image","twitter_misc":{"Estimeret l\u00e6setid":"1 minut"},"schema":{"@context":"https:\/\/schema.org","@graph":[{"@type":"WebPage","@id":"https:\/\/www.aradas.lt\/da\/vare\/doere-ads-75-si-75-hd-hi\/","url":"https:\/\/www.aradas.lt\/da\/vare\/doere-ads-75-si-75-hd-hi\/","name":"ARADAS : D\u00d8RE | Sch\u00fcco ADS 75.SI \/ 75 HD.HI","isPartOf":{"@id":"https:\/\/www.aradas.lt\/#website"},"primaryImageOfPage":{"@id":"https:\/\/www.aradas.lt\/da\/vare\/doere-ads-75-si-75-hd-hi\/#primaryimage"},"image":{"@id":"https:\/\/www.aradas.lt\/da\/vare\/doere-ads-75-si-75-hd-hi\/#primaryimage"},"thumbnailUrl":"https:\/\/www.aradas.lt\/wp-content\/uploads\/2020\/10\/ADS_75_SI_Aradas.jpg","datePublished":"2020-10-21T16:12:20+00:00","dateModified":"2025-05-27T09:29:41+00:00","breadcrumb":{"@id":"https:\/\/www.aradas.lt\/da\/vare\/doere-ads-75-si-75-hd-hi\/#breadcrumb"},"inLanguage":"da-DK","potentialAction":[{"@type":"ReadAction","target":["https:\/\/www.aradas.lt\/da\/vare\/doere-ads-75-si-75-hd-hi\/"]}]},{"@type":"ImageObject","inLanguage":"da-DK","@id":"https:\/\/www.aradas.lt\/da\/vare\/doere-ads-75-si-75-hd-hi\/#primaryimage","url":"https:\/\/www.aradas.lt\/wp-content\/uploads\/2020\/10\/ADS_75_SI_Aradas.jpg","contentUrl":"https:\/\/www.aradas.lt\/wp-content\/uploads\/2020\/10\/ADS_75_SI_Aradas.jpg","width":800,"height":800},{"@type":"BreadcrumbList","@id":"https:\/\/www.aradas.lt\/da\/vare\/doere-ads-75-si-75-hd-hi\/#breadcrumb","itemListElement":[{"@type":"ListItem","position":1,"name":"Home","item":"https:\/\/www.aradas.lt\/da\/"},{"@type":"ListItem","position":2,"name":"Shop","item":"https:\/\/www.aradas.lt\/shop\/"},{"@type":"ListItem","position":3,"name":"D\u00d8RE | Sch\u00fcco ADS 75.SI \/ 75 HD.HI"}]},{"@type":"WebSite","@id":"https:\/\/www.aradas.lt\/#website","url":"https:\/\/www.aradas.lt\/","name":"Aradas","description":"Vinduer og D\u00f8re","publisher":{"@id":"https:\/\/www.aradas.lt\/#organization"},"potentialAction":[{"@type":"SearchAction","target":{"@type":"EntryPoint","urlTemplate":"https:\/\/www.aradas.lt\/?s={search_term_string}"},"query-input":"required name=search_term_string"}],"inLanguage":"da-DK"},{"@type":"Organization","@id":"https:\/\/www.aradas.lt\/#organization","name":"ARADAS : Windows and Doors","url":"https:\/\/www.aradas.lt\/","logo":{"@type":"ImageObject","inLanguage":"da-DK","@id":"https:\/\/www.aradas.lt\/#\/schema\/logo\/image\/","url":"https:\/\/www.aradas.lt\/wp-content\/uploads\/2018\/02\/logo-60h.png","contentUrl":"https:\/\/www.aradas.lt\/wp-content\/uploads\/2018\/02\/logo-60h.png","width":374,"height":60,"caption":"ARADAS : Windows and Doors"},"image":{"@id":"https:\/\/www.aradas.lt\/#\/schema\/logo\/image\/"}}]}},"_links":{"self":[{"href":"https:\/\/www.aradas.lt\/da\/wp-json\/wp\/v2\/product\/10814"}],"collection":[{"href":"https:\/\/www.aradas.lt\/da\/wp-json\/wp\/v2\/product"}],"about":[{"href":"https:\/\/www.aradas.lt\/da\/wp-json\/wp\/v2\/types\/product"}],"wp:featuredmedia":[{"embeddable":true,"href":"https:\/\/www.aradas.lt\/da\/wp-json\/wp\/v2\/media\/15423"}],"wp:attachment":[{"href":"https:\/\/www.aradas.lt\/da\/wp-json\/wp\/v2\/media?parent=10814"}],"wp:term":[{"taxonomy":"product_cat","embeddable":true,"href":"https:\/\/www.aradas.lt\/da\/wp-json\/wp\/v2\/product_cat?post=10814"},{"taxonomy":"product_tag","embeddable":true,"href":"https:\/\/www.aradas.lt\/da\/wp-json\/wp\/v2\/product_tag?post=10814"}],"curies":[{"name":"wp","href":"https:\/\/api.w.org\/{rel}","templated":true}]}}