{"id":10827,"date":"2020-10-21T16:06:33","date_gmt":"2020-10-21T18:06:33","guid":{"rendered":"https:\/\/www.aradas.lt\/product\/door-ads-50-ni\/"},"modified":"2025-05-27T10:45:54","modified_gmt":"2025-05-27T12:45:54","slug":"doere-ads-50-ni","status":"publish","type":"product","link":"https:\/\/www.aradas.lt\/da\/vare\/doere-ads-50-ni\/","title":{"rendered":"D\u00d8RE | Sch\u00fcco ADS 50.NI"},"content":{"rendered":"","protected":false},"excerpt":{"rendered":"<p><span style=\"text-transform: uppercase;\">[aluminium][door-system]<\/span><\/p>\n<p>UISOLERET D\u00d8RE SYSTEM<\/p>\n<p>ADS 50.NI d\u00f8re system kombinerer intelligent funktionalitet, holdbarhed med harmonisk, tidl\u00f8st design. Det er det ideelle valg i omr\u00e5der, hvor termisk isolering ikke er n\u00f8dvendig.<br \/>\nKontakt venligst vores salgsteam for yderligere information.<\/p>\n","protected":false},"featured_media":15432,"template":"","meta":{"_acf_changed":false},"product_cat":[226,227],"product_tag":[],"acf":[],"yoast_head":"<!-- This site is optimized with the Yoast SEO plugin v22.9 - https:\/\/yoast.com\/wordpress\/plugins\/seo\/ -->\n<title>ARADAS : D\u00d8RE | Sch\u00fcco ADS 50.NI<\/title>\n<meta name=\"robots\" content=\"index, follow, max-snippet:-1, max-image-preview:large, max-video-preview:-1\" \/>\n<link rel=\"canonical\" href=\"https:\/\/www.aradas.lt\/da\/vare\/doere-ads-50-ni\/\" \/>\n<meta property=\"og:locale\" content=\"da_DK\" \/>\n<meta property=\"og:type\" content=\"article\" \/>\n<meta property=\"og:title\" content=\"ARADAS : D\u00d8RE | Sch\u00fcco ADS 50.NI\" \/>\n<meta property=\"og:description\" content=\"UISOLERET D\u00d8RE SYSTEM  ADS 50.NI d\u00f8re system kombinerer intelligent funktionalitet, holdbarhed med harmonisk, tidl\u00f8st design. Det er det ideelle valg i omr\u00e5der, hvor termisk isolering ikke er n\u00f8dvendig. Kontakt venligst vores salgsteam for yderligere information.\" \/>\n<meta property=\"og:url\" content=\"https:\/\/www.aradas.lt\/da\/vare\/doere-ads-50-ni\/\" \/>\n<meta property=\"og:site_name\" content=\"Aradas\" \/>\n<meta property=\"article:modified_time\" content=\"2025-05-27T12:45:54+00:00\" \/>\n<meta property=\"og:image\" content=\"https:\/\/www.aradas.lt\/wp-content\/uploads\/2020\/10\/ADS_50_NI_Aradas.jpg\" \/>\n\t<meta property=\"og:image:width\" content=\"800\" \/>\n\t<meta property=\"og:image:height\" content=\"800\" \/>\n\t<meta property=\"og:image:type\" content=\"image\/jpeg\" \/>\n<meta name=\"twitter:card\" content=\"summary_large_image\" \/>\n<meta name=\"twitter:label1\" content=\"Estimeret l\u00e6setid\" \/>\n\t<meta name=\"twitter:data1\" content=\"1 minut\" \/>\n<!-- \/ Yoast SEO plugin. -->","yoast_head_json":{"title":"ARADAS : D\u00d8RE | Sch\u00fcco ADS 50.NI","robots":{"index":"index","follow":"follow","max-snippet":"max-snippet:-1","max-image-preview":"max-image-preview:large","max-video-preview":"max-video-preview:-1"},"canonical":"https:\/\/www.aradas.lt\/da\/vare\/doere-ads-50-ni\/","og_locale":"da_DK","og_type":"article","og_title":"ARADAS : D\u00d8RE | Sch\u00fcco ADS 50.NI","og_description":"UISOLERET D\u00d8RE SYSTEM  ADS 50.NI d\u00f8re system kombinerer intelligent funktionalitet, holdbarhed med harmonisk, tidl\u00f8st design. Det er det ideelle valg i omr\u00e5der, hvor termisk isolering ikke er n\u00f8dvendig. Kontakt venligst vores salgsteam for yderligere information.","og_url":"https:\/\/www.aradas.lt\/da\/vare\/doere-ads-50-ni\/","og_site_name":"Aradas","article_modified_time":"2025-05-27T12:45:54+00:00","og_image":[{"width":800,"height":800,"url":"https:\/\/www.aradas.lt\/wp-content\/uploads\/2020\/10\/ADS_50_NI_Aradas.jpg","type":"image\/jpeg"}],"twitter_card":"summary_large_image","twitter_misc":{"Estimeret l\u00e6setid":"1 minut"},"schema":{"@context":"https:\/\/schema.org","@graph":[{"@type":"WebPage","@id":"https:\/\/www.aradas.lt\/da\/vare\/doere-ads-50-ni\/","url":"https:\/\/www.aradas.lt\/da\/vare\/doere-ads-50-ni\/","name":"ARADAS : D\u00d8RE | Sch\u00fcco ADS 50.NI","isPartOf":{"@id":"https:\/\/www.aradas.lt\/#website"},"primaryImageOfPage":{"@id":"https:\/\/www.aradas.lt\/da\/vare\/doere-ads-50-ni\/#primaryimage"},"image":{"@id":"https:\/\/www.aradas.lt\/da\/vare\/doere-ads-50-ni\/#primaryimage"},"thumbnailUrl":"https:\/\/www.aradas.lt\/wp-content\/uploads\/2020\/10\/ADS_50_NI_Aradas.jpg","datePublished":"2020-10-21T18:06:33+00:00","dateModified":"2025-05-27T12:45:54+00:00","breadcrumb":{"@id":"https:\/\/www.aradas.lt\/da\/vare\/doere-ads-50-ni\/#breadcrumb"},"inLanguage":"da-DK","potentialAction":[{"@type":"ReadAction","target":["https:\/\/www.aradas.lt\/da\/vare\/doere-ads-50-ni\/"]}]},{"@type":"ImageObject","inLanguage":"da-DK","@id":"https:\/\/www.aradas.lt\/da\/vare\/doere-ads-50-ni\/#primaryimage","url":"https:\/\/www.aradas.lt\/wp-content\/uploads\/2020\/10\/ADS_50_NI_Aradas.jpg","contentUrl":"https:\/\/www.aradas.lt\/wp-content\/uploads\/2020\/10\/ADS_50_NI_Aradas.jpg","width":800,"height":800},{"@type":"BreadcrumbList","@id":"https:\/\/www.aradas.lt\/da\/vare\/doere-ads-50-ni\/#breadcrumb","itemListElement":[{"@type":"ListItem","position":1,"name":"Home","item":"https:\/\/www.aradas.lt\/da\/"},{"@type":"ListItem","position":2,"name":"Shop","item":"https:\/\/www.aradas.lt\/shop\/"},{"@type":"ListItem","position":3,"name":"D\u00d8RE | Sch\u00fcco ADS 50.NI"}]},{"@type":"WebSite","@id":"https:\/\/www.aradas.lt\/#website","url":"https:\/\/www.aradas.lt\/","name":"Aradas","description":"Vinduer og D\u00f8re","publisher":{"@id":"https:\/\/www.aradas.lt\/#organization"},"potentialAction":[{"@type":"SearchAction","target":{"@type":"EntryPoint","urlTemplate":"https:\/\/www.aradas.lt\/?s={search_term_string}"},"query-input":"required name=search_term_string"}],"inLanguage":"da-DK"},{"@type":"Organization","@id":"https:\/\/www.aradas.lt\/#organization","name":"ARADAS : Windows and Doors","url":"https:\/\/www.aradas.lt\/","logo":{"@type":"ImageObject","inLanguage":"da-DK","@id":"https:\/\/www.aradas.lt\/#\/schema\/logo\/image\/","url":"https:\/\/www.aradas.lt\/wp-content\/uploads\/2018\/02\/logo-60h.png","contentUrl":"https:\/\/www.aradas.lt\/wp-content\/uploads\/2018\/02\/logo-60h.png","width":374,"height":60,"caption":"ARADAS : Windows and Doors"},"image":{"@id":"https:\/\/www.aradas.lt\/#\/schema\/logo\/image\/"}}]}},"_links":{"self":[{"href":"https:\/\/www.aradas.lt\/da\/wp-json\/wp\/v2\/product\/10827"}],"collection":[{"href":"https:\/\/www.aradas.lt\/da\/wp-json\/wp\/v2\/product"}],"about":[{"href":"https:\/\/www.aradas.lt\/da\/wp-json\/wp\/v2\/types\/product"}],"wp:featuredmedia":[{"embeddable":true,"href":"https:\/\/www.aradas.lt\/da\/wp-json\/wp\/v2\/media\/15432"}],"wp:attachment":[{"href":"https:\/\/www.aradas.lt\/da\/wp-json\/wp\/v2\/media?parent=10827"}],"wp:term":[{"taxonomy":"product_cat","embeddable":true,"href":"https:\/\/www.aradas.lt\/da\/wp-json\/wp\/v2\/product_cat?post=10827"},{"taxonomy":"product_tag","embeddable":true,"href":"https:\/\/www.aradas.lt\/da\/wp-json\/wp\/v2\/product_tag?post=10827"}],"curies":[{"name":"wp","href":"https:\/\/api.w.org\/{rel}","templated":true}]}}