{"id":10877,"date":"2020-11-16T05:37:30","date_gmt":"2020-11-16T07:37:30","guid":{"rendered":"https:\/\/www.aradas.lt\/product\/window-aws-50-ni\/"},"modified":"2025-05-27T06:12:46","modified_gmt":"2025-05-27T08:12:46","slug":"vinduer-aws-50-ni","status":"publish","type":"product","link":"https:\/\/www.aradas.lt\/da\/vare\/vinduer-aws-50-ni\/","title":{"rendered":"VINDUER | Sch\u00fcco AWS 50.NI"},"content":{"rendered":"","protected":false},"excerpt":{"rendered":"<p>[aluminium][window-system]<\/p>\n<p>UISOLERET VINDUER SYSTEM<\/p>\n<p>AWS 50.NI vinduer system kombinerer intelligent funktionalitet, holdbarhed med harmonisk, tidl\u00f8st design. Det er det ideelle valg i omr\u00e5der, hvor termisk isolering ikke er n\u00f8dvendig.<br \/>\nAvanTec\u2019s skjulte beslag g\u00f8r det muligt at \u00e5bne \u00e5bninger op til 180 \u00b0 i storformat.<br \/>\nKontakt venligst vores salgsteam for yderligere information.<\/p>\n","protected":false},"featured_media":25391,"template":"","meta":{"_acf_changed":false},"product_cat":[226,230],"product_tag":[],"acf":[],"yoast_head":"<!-- This site is optimized with the Yoast SEO plugin v22.9 - https:\/\/yoast.com\/wordpress\/plugins\/seo\/ -->\n<title>ARADAS : VINDUER | Sch\u00fcco AWS 50.NI<\/title>\n<meta name=\"robots\" content=\"index, follow, max-snippet:-1, max-image-preview:large, max-video-preview:-1\" \/>\n<link rel=\"canonical\" href=\"https:\/\/www.aradas.lt\/da\/vare\/vinduer-aws-50-ni\/\" \/>\n<meta property=\"og:locale\" content=\"da_DK\" \/>\n<meta property=\"og:type\" content=\"article\" \/>\n<meta property=\"og:title\" content=\"ARADAS : VINDUER | Sch\u00fcco AWS 50.NI\" \/>\n<meta property=\"og:description\" content=\"UISOLERET VINDUER SYSTEM  AWS 50.NI vinduer system kombinerer intelligent funktionalitet, holdbarhed med harmonisk, tidl\u00f8st design. Det er det ideelle valg i omr\u00e5der, hvor termisk isolering ikke er n\u00f8dvendig. AvanTec\u2019s skjulte beslag g\u00f8r det muligt at \u00e5bne \u00e5bninger op til 180 \u00b0 i storformat. Kontakt venligst vores salgsteam for yderligere information.\" \/>\n<meta property=\"og:url\" content=\"https:\/\/www.aradas.lt\/da\/vare\/vinduer-aws-50-ni\/\" \/>\n<meta property=\"og:site_name\" content=\"Aradas\" \/>\n<meta property=\"article:modified_time\" content=\"2025-05-27T08:12:46+00:00\" \/>\n<meta property=\"og:image\" content=\"https:\/\/www.aradas.lt\/wp-content\/uploads\/2020\/11\/AWS_50_NI_s_01.jpg\" \/>\n\t<meta property=\"og:image:width\" content=\"1079\" \/>\n\t<meta property=\"og:image:height\" content=\"1080\" \/>\n\t<meta property=\"og:image:type\" content=\"image\/jpeg\" \/>\n<meta name=\"twitter:card\" content=\"summary_large_image\" \/>\n<meta name=\"twitter:label1\" content=\"Estimeret l\u00e6setid\" \/>\n\t<meta name=\"twitter:data1\" content=\"1 minut\" \/>\n<!-- \/ Yoast SEO plugin. -->","yoast_head_json":{"title":"ARADAS : VINDUER | Sch\u00fcco AWS 50.NI","robots":{"index":"index","follow":"follow","max-snippet":"max-snippet:-1","max-image-preview":"max-image-preview:large","max-video-preview":"max-video-preview:-1"},"canonical":"https:\/\/www.aradas.lt\/da\/vare\/vinduer-aws-50-ni\/","og_locale":"da_DK","og_type":"article","og_title":"ARADAS : VINDUER | Sch\u00fcco AWS 50.NI","og_description":"UISOLERET VINDUER SYSTEM  AWS 50.NI vinduer system kombinerer intelligent funktionalitet, holdbarhed med harmonisk, tidl\u00f8st design. Det er det ideelle valg i omr\u00e5der, hvor termisk isolering ikke er n\u00f8dvendig. AvanTec\u2019s skjulte beslag g\u00f8r det muligt at \u00e5bne \u00e5bninger op til 180 \u00b0 i storformat. Kontakt venligst vores salgsteam for yderligere information.","og_url":"https:\/\/www.aradas.lt\/da\/vare\/vinduer-aws-50-ni\/","og_site_name":"Aradas","article_modified_time":"2025-05-27T08:12:46+00:00","og_image":[{"width":1079,"height":1080,"url":"https:\/\/www.aradas.lt\/wp-content\/uploads\/2020\/11\/AWS_50_NI_s_01.jpg","type":"image\/jpeg"}],"twitter_card":"summary_large_image","twitter_misc":{"Estimeret l\u00e6setid":"1 minut"},"schema":{"@context":"https:\/\/schema.org","@graph":[{"@type":"WebPage","@id":"https:\/\/www.aradas.lt\/da\/vare\/vinduer-aws-50-ni\/","url":"https:\/\/www.aradas.lt\/da\/vare\/vinduer-aws-50-ni\/","name":"ARADAS : VINDUER | Sch\u00fcco AWS 50.NI","isPartOf":{"@id":"https:\/\/www.aradas.lt\/#website"},"primaryImageOfPage":{"@id":"https:\/\/www.aradas.lt\/da\/vare\/vinduer-aws-50-ni\/#primaryimage"},"image":{"@id":"https:\/\/www.aradas.lt\/da\/vare\/vinduer-aws-50-ni\/#primaryimage"},"thumbnailUrl":"https:\/\/www.aradas.lt\/wp-content\/uploads\/2020\/11\/AWS_50_NI_s_01.jpg","datePublished":"2020-11-16T07:37:30+00:00","dateModified":"2025-05-27T08:12:46+00:00","breadcrumb":{"@id":"https:\/\/www.aradas.lt\/da\/vare\/vinduer-aws-50-ni\/#breadcrumb"},"inLanguage":"da-DK","potentialAction":[{"@type":"ReadAction","target":["https:\/\/www.aradas.lt\/da\/vare\/vinduer-aws-50-ni\/"]}]},{"@type":"ImageObject","inLanguage":"da-DK","@id":"https:\/\/www.aradas.lt\/da\/vare\/vinduer-aws-50-ni\/#primaryimage","url":"https:\/\/www.aradas.lt\/wp-content\/uploads\/2020\/11\/AWS_50_NI_s_01.jpg","contentUrl":"https:\/\/www.aradas.lt\/wp-content\/uploads\/2020\/11\/AWS_50_NI_s_01.jpg","width":1079,"height":1080},{"@type":"BreadcrumbList","@id":"https:\/\/www.aradas.lt\/da\/vare\/vinduer-aws-50-ni\/#breadcrumb","itemListElement":[{"@type":"ListItem","position":1,"name":"Home","item":"https:\/\/www.aradas.lt\/da\/"},{"@type":"ListItem","position":2,"name":"Shop","item":"https:\/\/www.aradas.lt\/shop\/"},{"@type":"ListItem","position":3,"name":"VINDUER | Sch\u00fcco AWS 50.NI"}]},{"@type":"WebSite","@id":"https:\/\/www.aradas.lt\/#website","url":"https:\/\/www.aradas.lt\/","name":"Aradas","description":"Vinduer og D\u00f8re","publisher":{"@id":"https:\/\/www.aradas.lt\/#organization"},"potentialAction":[{"@type":"SearchAction","target":{"@type":"EntryPoint","urlTemplate":"https:\/\/www.aradas.lt\/?s={search_term_string}"},"query-input":"required name=search_term_string"}],"inLanguage":"da-DK"},{"@type":"Organization","@id":"https:\/\/www.aradas.lt\/#organization","name":"ARADAS : Windows and Doors","url":"https:\/\/www.aradas.lt\/","logo":{"@type":"ImageObject","inLanguage":"da-DK","@id":"https:\/\/www.aradas.lt\/#\/schema\/logo\/image\/","url":"https:\/\/www.aradas.lt\/wp-content\/uploads\/2018\/02\/logo-60h.png","contentUrl":"https:\/\/www.aradas.lt\/wp-content\/uploads\/2018\/02\/logo-60h.png","width":374,"height":60,"caption":"ARADAS : Windows and Doors"},"image":{"@id":"https:\/\/www.aradas.lt\/#\/schema\/logo\/image\/"}}]}},"_links":{"self":[{"href":"https:\/\/www.aradas.lt\/da\/wp-json\/wp\/v2\/product\/10877"}],"collection":[{"href":"https:\/\/www.aradas.lt\/da\/wp-json\/wp\/v2\/product"}],"about":[{"href":"https:\/\/www.aradas.lt\/da\/wp-json\/wp\/v2\/types\/product"}],"wp:featuredmedia":[{"embeddable":true,"href":"https:\/\/www.aradas.lt\/da\/wp-json\/wp\/v2\/media\/25391"}],"wp:attachment":[{"href":"https:\/\/www.aradas.lt\/da\/wp-json\/wp\/v2\/media?parent=10877"}],"wp:term":[{"taxonomy":"product_cat","embeddable":true,"href":"https:\/\/www.aradas.lt\/da\/wp-json\/wp\/v2\/product_cat?post=10877"},{"taxonomy":"product_tag","embeddable":true,"href":"https:\/\/www.aradas.lt\/da\/wp-json\/wp\/v2\/product_tag?post=10877"}],"curies":[{"name":"wp","href":"https:\/\/api.w.org\/{rel}","templated":true}]}}