{"id":26651,"date":"2025-05-20T11:24:32","date_gmt":"2025-05-20T13:24:32","guid":{"rendered":"https:\/\/www.aradas.lt\/?post_type=product&#038;p=26651"},"modified":"2025-06-26T04:13:56","modified_gmt":"2025-06-26T06:13:56","slug":"vinduer-aluprof-mb-79n-si","status":"publish","type":"product","link":"https:\/\/www.aradas.lt\/da\/vare\/vinduer-aluprof-mb-79n-si\/","title":{"rendered":"VINDUER | Aluprof MB-79N \/ SI"},"content":{"rendered":"","protected":false},"excerpt":{"rendered":"<p><span style=\"text-transform: uppercase;\">[aluminium]<\/span><\/p>\n<p>H\u00d8JT ISOLEREDE VINDUER<\/p>\n<p>MB-79N er det nyeste banebrydende, budgetvenlige vinduessystem, der opfylder h\u00f8je krav til termisk\u00a0isolering og t\u00e6thed. Ud over den \u00f8konomiske version,\u00a0MB-79N, tilbyder vi ogs\u00e5 MB-79N SI-versionen med topklasse varmeisolering og profiler, udstyret med isolerende\u00a0-fyldninger og en centralforsegling med to komponenter.\u00a0Skjulte beslag g\u00f8r det muligt at \u00e5bne \u00e5bninger op til 180 \u00b0 i storformat.<\/p>\n<p>Kontakt venligst vores salgsteam for yderligere information.<\/p>\n","protected":false},"featured_media":27492,"template":"","meta":{"_acf_changed":false},"product_cat":[226,230],"product_tag":[],"acf":[],"yoast_head":"<!-- This site is optimized with the Yoast SEO plugin v22.9 - https:\/\/yoast.com\/wordpress\/plugins\/seo\/ -->\n<title>ARADAS : VINDUER | Aluprof MB-79N \/ SI<\/title>\n<meta name=\"robots\" content=\"index, follow, max-snippet:-1, max-image-preview:large, max-video-preview:-1\" \/>\n<link rel=\"canonical\" href=\"https:\/\/www.aradas.lt\/da\/vare\/vinduer-aluprof-mb-79n-si\/\" \/>\n<meta property=\"og:locale\" content=\"da_DK\" \/>\n<meta property=\"og:type\" content=\"article\" \/>\n<meta property=\"og:title\" content=\"ARADAS : VINDUER | Aluprof MB-79N \/ SI\" \/>\n<meta property=\"og:description\" content=\"H\u00d8JT ISOLEREDE VINDUER  MB-79N er det nyeste banebrydende, budgetvenlige vinduessystem, der opfylder h\u00f8je krav til termisk\u00a0isolering og t\u00e6thed. Ud over den \u00f8konomiske version,\u00a0MB-79N, tilbyder vi ogs\u00e5 MB-79N SI-versionen med topklasse varmeisolering og profiler, udstyret med isolerende\u00a0-fyldninger og en centralforsegling med to komponenter.\u00a0Skjulte beslag g\u00f8r det muligt at \u00e5bne \u00e5bninger op til 180 \u00b0 i storformat.  Kontakt venligst vores salgsteam for yderligere information.\" \/>\n<meta property=\"og:url\" content=\"https:\/\/www.aradas.lt\/da\/vare\/vinduer-aluprof-mb-79n-si\/\" \/>\n<meta property=\"og:site_name\" content=\"Aradas\" \/>\n<meta property=\"article:modified_time\" content=\"2025-06-26T06:13:56+00:00\" \/>\n<meta property=\"og:image\" content=\"https:\/\/www.aradas.lt\/wp-content\/uploads\/2025\/05\/229.2-MB-79N-SI-otwarty_300dpi___1080px.jpg\" \/>\n\t<meta property=\"og:image:width\" content=\"1080\" \/>\n\t<meta property=\"og:image:height\" content=\"1080\" \/>\n\t<meta property=\"og:image:type\" content=\"image\/jpeg\" \/>\n<meta name=\"twitter:card\" content=\"summary_large_image\" \/>\n<meta name=\"twitter:label1\" content=\"Estimeret l\u00e6setid\" \/>\n\t<meta name=\"twitter:data1\" content=\"1 minut\" \/>\n<!-- \/ Yoast SEO plugin. -->","yoast_head_json":{"title":"ARADAS : VINDUER | Aluprof MB-79N \/ SI","robots":{"index":"index","follow":"follow","max-snippet":"max-snippet:-1","max-image-preview":"max-image-preview:large","max-video-preview":"max-video-preview:-1"},"canonical":"https:\/\/www.aradas.lt\/da\/vare\/vinduer-aluprof-mb-79n-si\/","og_locale":"da_DK","og_type":"article","og_title":"ARADAS : VINDUER | Aluprof MB-79N \/ SI","og_description":"H\u00d8JT ISOLEREDE VINDUER  MB-79N er det nyeste banebrydende, budgetvenlige vinduessystem, der opfylder h\u00f8je krav til termisk\u00a0isolering og t\u00e6thed. Ud over den \u00f8konomiske version,\u00a0MB-79N, tilbyder vi ogs\u00e5 MB-79N SI-versionen med topklasse varmeisolering og profiler, udstyret med isolerende\u00a0-fyldninger og en centralforsegling med to komponenter.\u00a0Skjulte beslag g\u00f8r det muligt at \u00e5bne \u00e5bninger op til 180 \u00b0 i storformat.  Kontakt venligst vores salgsteam for yderligere information.","og_url":"https:\/\/www.aradas.lt\/da\/vare\/vinduer-aluprof-mb-79n-si\/","og_site_name":"Aradas","article_modified_time":"2025-06-26T06:13:56+00:00","og_image":[{"width":1080,"height":1080,"url":"https:\/\/www.aradas.lt\/wp-content\/uploads\/2025\/05\/229.2-MB-79N-SI-otwarty_300dpi___1080px.jpg","type":"image\/jpeg"}],"twitter_card":"summary_large_image","twitter_misc":{"Estimeret l\u00e6setid":"1 minut"},"schema":{"@context":"https:\/\/schema.org","@graph":[{"@type":"WebPage","@id":"https:\/\/www.aradas.lt\/da\/vare\/vinduer-aluprof-mb-79n-si\/","url":"https:\/\/www.aradas.lt\/da\/vare\/vinduer-aluprof-mb-79n-si\/","name":"ARADAS : VINDUER | Aluprof MB-79N \/ SI","isPartOf":{"@id":"https:\/\/www.aradas.lt\/#website"},"primaryImageOfPage":{"@id":"https:\/\/www.aradas.lt\/da\/vare\/vinduer-aluprof-mb-79n-si\/#primaryimage"},"image":{"@id":"https:\/\/www.aradas.lt\/da\/vare\/vinduer-aluprof-mb-79n-si\/#primaryimage"},"thumbnailUrl":"https:\/\/www.aradas.lt\/wp-content\/uploads\/2025\/05\/229.2-MB-79N-SI-otwarty_300dpi___1080px.jpg","datePublished":"2025-05-20T13:24:32+00:00","dateModified":"2025-06-26T06:13:56+00:00","breadcrumb":{"@id":"https:\/\/www.aradas.lt\/da\/vare\/vinduer-aluprof-mb-79n-si\/#breadcrumb"},"inLanguage":"da-DK","potentialAction":[{"@type":"ReadAction","target":["https:\/\/www.aradas.lt\/da\/vare\/vinduer-aluprof-mb-79n-si\/"]}]},{"@type":"ImageObject","inLanguage":"da-DK","@id":"https:\/\/www.aradas.lt\/da\/vare\/vinduer-aluprof-mb-79n-si\/#primaryimage","url":"https:\/\/www.aradas.lt\/wp-content\/uploads\/2025\/05\/229.2-MB-79N-SI-otwarty_300dpi___1080px.jpg","contentUrl":"https:\/\/www.aradas.lt\/wp-content\/uploads\/2025\/05\/229.2-MB-79N-SI-otwarty_300dpi___1080px.jpg","width":1080,"height":1080},{"@type":"BreadcrumbList","@id":"https:\/\/www.aradas.lt\/da\/vare\/vinduer-aluprof-mb-79n-si\/#breadcrumb","itemListElement":[{"@type":"ListItem","position":1,"name":"Home","item":"https:\/\/www.aradas.lt\/da\/"},{"@type":"ListItem","position":2,"name":"Shop","item":"https:\/\/www.aradas.lt\/shop\/"},{"@type":"ListItem","position":3,"name":"VINDUER | Aluprof MB-79N \/ SI"}]},{"@type":"WebSite","@id":"https:\/\/www.aradas.lt\/#website","url":"https:\/\/www.aradas.lt\/","name":"Aradas","description":"Vinduer og D\u00f8re","publisher":{"@id":"https:\/\/www.aradas.lt\/#organization"},"potentialAction":[{"@type":"SearchAction","target":{"@type":"EntryPoint","urlTemplate":"https:\/\/www.aradas.lt\/?s={search_term_string}"},"query-input":"required name=search_term_string"}],"inLanguage":"da-DK"},{"@type":"Organization","@id":"https:\/\/www.aradas.lt\/#organization","name":"ARADAS : Windows and Doors","url":"https:\/\/www.aradas.lt\/","logo":{"@type":"ImageObject","inLanguage":"da-DK","@id":"https:\/\/www.aradas.lt\/#\/schema\/logo\/image\/","url":"https:\/\/www.aradas.lt\/wp-content\/uploads\/2018\/02\/logo-60h.png","contentUrl":"https:\/\/www.aradas.lt\/wp-content\/uploads\/2018\/02\/logo-60h.png","width":374,"height":60,"caption":"ARADAS : Windows and Doors"},"image":{"@id":"https:\/\/www.aradas.lt\/#\/schema\/logo\/image\/"}}]}},"_links":{"self":[{"href":"https:\/\/www.aradas.lt\/da\/wp-json\/wp\/v2\/product\/26651"}],"collection":[{"href":"https:\/\/www.aradas.lt\/da\/wp-json\/wp\/v2\/product"}],"about":[{"href":"https:\/\/www.aradas.lt\/da\/wp-json\/wp\/v2\/types\/product"}],"wp:featuredmedia":[{"embeddable":true,"href":"https:\/\/www.aradas.lt\/da\/wp-json\/wp\/v2\/media\/27492"}],"wp:attachment":[{"href":"https:\/\/www.aradas.lt\/da\/wp-json\/wp\/v2\/media?parent=26651"}],"wp:term":[{"taxonomy":"product_cat","embeddable":true,"href":"https:\/\/www.aradas.lt\/da\/wp-json\/wp\/v2\/product_cat?post=26651"},{"taxonomy":"product_tag","embeddable":true,"href":"https:\/\/www.aradas.lt\/da\/wp-json\/wp\/v2\/product_tag?post=26651"}],"curies":[{"name":"wp","href":"https:\/\/api.w.org\/{rel}","templated":true}]}}