{"id":26758,"date":"2025-05-21T07:09:59","date_gmt":"2025-05-21T09:09:59","guid":{"rendered":"https:\/\/www.aradas.lt\/?post_type=product&#038;p=26758"},"modified":"2025-06-02T06:05:14","modified_gmt":"2025-06-02T08:05:14","slug":"doere-aluprof-mb-79n-si","status":"publish","type":"product","link":"https:\/\/www.aradas.lt\/da\/vare\/doere-aluprof-mb-79n-si\/","title":{"rendered":"D\u00d8RE | Aluprof MB-79N \/ SI"},"content":{"rendered":"","protected":false},"excerpt":{"rendered":"<p><span style=\"text-transform: uppercase;\">[aluminium]<\/span><\/p>\n<p>H\u00d8JT VARMEISOLERET D\u00d8RSYSTEM<\/p>\n<p>MB-79N er det nyeste banebrydende, budgetvenlige d\u00f8rsystem, der opfylder h\u00f8je krav til varmeisolering og t\u00e6thed. Til yderd\u00f8re f\u00e5s MB-79N SI-versionen, som leveres med en central t\u00e6tning og isolerende fyldninger inde i profilerne. Forskellige muligheder er mulige: indadg\u00e5ende eller udadg\u00e5ende \u00e5bning; inds\u00e6ttelse af panelfyldninger: fl\u00f8jindkapsling p\u00e5 den ene side, fl\u00f8jindkapsling p\u00e5 begge sider.<\/p>\n<p>D\u00f8rsystemer giver mulighed for en bred vifte af sikre og praktiske d\u00f8r\u00e5bninger.<\/p>\n<p>Kontakt venligst vores salgsteam for yderligere information.<\/p>\n","protected":false},"featured_media":27488,"template":"","meta":{"_acf_changed":false},"product_cat":[226,227],"product_tag":[],"acf":[],"yoast_head":"<!-- This site is optimized with the Yoast SEO plugin v22.9 - https:\/\/yoast.com\/wordpress\/plugins\/seo\/ -->\n<title>ARADAS : D\u00d8RE | Aluprof MB-79N \/ SI<\/title>\n<meta name=\"robots\" content=\"index, follow, max-snippet:-1, max-image-preview:large, max-video-preview:-1\" \/>\n<link rel=\"canonical\" href=\"https:\/\/www.aradas.lt\/da\/vare\/doere-aluprof-mb-79n-si\/\" \/>\n<meta property=\"og:locale\" content=\"da_DK\" \/>\n<meta property=\"og:type\" content=\"article\" \/>\n<meta property=\"og:title\" content=\"ARADAS : D\u00d8RE | Aluprof MB-79N \/ SI\" \/>\n<meta property=\"og:description\" content=\"H\u00d8JT VARMEISOLERET D\u00d8RSYSTEM  MB-79N er det nyeste banebrydende, budgetvenlige d\u00f8rsystem, der opfylder h\u00f8je krav til varmeisolering og t\u00e6thed. Til yderd\u00f8re f\u00e5s MB-79N SI-versionen, som leveres med en central t\u00e6tning og isolerende fyldninger inde i profilerne. Forskellige muligheder er mulige: indadg\u00e5ende eller udadg\u00e5ende \u00e5bning; inds\u00e6ttelse af panelfyldninger: fl\u00f8jindkapsling p\u00e5 den ene side, fl\u00f8jindkapsling p\u00e5 begge sider.  D\u00f8rsystemer giver mulighed for en bred vifte af sikre og praktiske d\u00f8r\u00e5bninger.  Kontakt venligst vores salgsteam for yderligere information.\" \/>\n<meta property=\"og:url\" content=\"https:\/\/www.aradas.lt\/da\/vare\/doere-aluprof-mb-79n-si\/\" \/>\n<meta property=\"og:site_name\" content=\"Aradas\" \/>\n<meta property=\"article:modified_time\" content=\"2025-06-02T08:05:14+00:00\" \/>\n<meta property=\"og:image\" content=\"https:\/\/www.aradas.lt\/wp-content\/uploads\/2025\/05\/MB-79N-SI___1080px.jpg\" \/>\n\t<meta property=\"og:image:width\" content=\"1080\" \/>\n\t<meta property=\"og:image:height\" content=\"1080\" \/>\n\t<meta property=\"og:image:type\" content=\"image\/jpeg\" \/>\n<meta name=\"twitter:card\" content=\"summary_large_image\" \/>\n<meta name=\"twitter:label1\" content=\"Estimeret l\u00e6setid\" \/>\n\t<meta name=\"twitter:data1\" content=\"1 minut\" \/>\n<!-- \/ Yoast SEO plugin. -->","yoast_head_json":{"title":"ARADAS : D\u00d8RE | Aluprof MB-79N \/ SI","robots":{"index":"index","follow":"follow","max-snippet":"max-snippet:-1","max-image-preview":"max-image-preview:large","max-video-preview":"max-video-preview:-1"},"canonical":"https:\/\/www.aradas.lt\/da\/vare\/doere-aluprof-mb-79n-si\/","og_locale":"da_DK","og_type":"article","og_title":"ARADAS : D\u00d8RE | Aluprof MB-79N \/ SI","og_description":"H\u00d8JT VARMEISOLERET D\u00d8RSYSTEM  MB-79N er det nyeste banebrydende, budgetvenlige d\u00f8rsystem, der opfylder h\u00f8je krav til varmeisolering og t\u00e6thed. Til yderd\u00f8re f\u00e5s MB-79N SI-versionen, som leveres med en central t\u00e6tning og isolerende fyldninger inde i profilerne. Forskellige muligheder er mulige: indadg\u00e5ende eller udadg\u00e5ende \u00e5bning; inds\u00e6ttelse af panelfyldninger: fl\u00f8jindkapsling p\u00e5 den ene side, fl\u00f8jindkapsling p\u00e5 begge sider.  D\u00f8rsystemer giver mulighed for en bred vifte af sikre og praktiske d\u00f8r\u00e5bninger.  Kontakt venligst vores salgsteam for yderligere information.","og_url":"https:\/\/www.aradas.lt\/da\/vare\/doere-aluprof-mb-79n-si\/","og_site_name":"Aradas","article_modified_time":"2025-06-02T08:05:14+00:00","og_image":[{"width":1080,"height":1080,"url":"https:\/\/www.aradas.lt\/wp-content\/uploads\/2025\/05\/MB-79N-SI___1080px.jpg","type":"image\/jpeg"}],"twitter_card":"summary_large_image","twitter_misc":{"Estimeret l\u00e6setid":"1 minut"},"schema":{"@context":"https:\/\/schema.org","@graph":[{"@type":"WebPage","@id":"https:\/\/www.aradas.lt\/da\/vare\/doere-aluprof-mb-79n-si\/","url":"https:\/\/www.aradas.lt\/da\/vare\/doere-aluprof-mb-79n-si\/","name":"ARADAS : D\u00d8RE | Aluprof MB-79N \/ SI","isPartOf":{"@id":"https:\/\/www.aradas.lt\/#website"},"primaryImageOfPage":{"@id":"https:\/\/www.aradas.lt\/da\/vare\/doere-aluprof-mb-79n-si\/#primaryimage"},"image":{"@id":"https:\/\/www.aradas.lt\/da\/vare\/doere-aluprof-mb-79n-si\/#primaryimage"},"thumbnailUrl":"https:\/\/www.aradas.lt\/wp-content\/uploads\/2025\/05\/MB-79N-SI___1080px.jpg","datePublished":"2025-05-21T09:09:59+00:00","dateModified":"2025-06-02T08:05:14+00:00","breadcrumb":{"@id":"https:\/\/www.aradas.lt\/da\/vare\/doere-aluprof-mb-79n-si\/#breadcrumb"},"inLanguage":"da-DK","potentialAction":[{"@type":"ReadAction","target":["https:\/\/www.aradas.lt\/da\/vare\/doere-aluprof-mb-79n-si\/"]}]},{"@type":"ImageObject","inLanguage":"da-DK","@id":"https:\/\/www.aradas.lt\/da\/vare\/doere-aluprof-mb-79n-si\/#primaryimage","url":"https:\/\/www.aradas.lt\/wp-content\/uploads\/2025\/05\/MB-79N-SI___1080px.jpg","contentUrl":"https:\/\/www.aradas.lt\/wp-content\/uploads\/2025\/05\/MB-79N-SI___1080px.jpg","width":1080,"height":1080},{"@type":"BreadcrumbList","@id":"https:\/\/www.aradas.lt\/da\/vare\/doere-aluprof-mb-79n-si\/#breadcrumb","itemListElement":[{"@type":"ListItem","position":1,"name":"Home","item":"https:\/\/www.aradas.lt\/da\/"},{"@type":"ListItem","position":2,"name":"Shop","item":"https:\/\/www.aradas.lt\/shop\/"},{"@type":"ListItem","position":3,"name":"D\u00d8RE | Aluprof MB-79N \/ SI"}]},{"@type":"WebSite","@id":"https:\/\/www.aradas.lt\/#website","url":"https:\/\/www.aradas.lt\/","name":"Aradas","description":"Vinduer og D\u00f8re","publisher":{"@id":"https:\/\/www.aradas.lt\/#organization"},"potentialAction":[{"@type":"SearchAction","target":{"@type":"EntryPoint","urlTemplate":"https:\/\/www.aradas.lt\/?s={search_term_string}"},"query-input":"required name=search_term_string"}],"inLanguage":"da-DK"},{"@type":"Organization","@id":"https:\/\/www.aradas.lt\/#organization","name":"ARADAS : Windows and Doors","url":"https:\/\/www.aradas.lt\/","logo":{"@type":"ImageObject","inLanguage":"da-DK","@id":"https:\/\/www.aradas.lt\/#\/schema\/logo\/image\/","url":"https:\/\/www.aradas.lt\/wp-content\/uploads\/2018\/02\/logo-60h.png","contentUrl":"https:\/\/www.aradas.lt\/wp-content\/uploads\/2018\/02\/logo-60h.png","width":374,"height":60,"caption":"ARADAS : Windows and Doors"},"image":{"@id":"https:\/\/www.aradas.lt\/#\/schema\/logo\/image\/"}}]}},"_links":{"self":[{"href":"https:\/\/www.aradas.lt\/da\/wp-json\/wp\/v2\/product\/26758"}],"collection":[{"href":"https:\/\/www.aradas.lt\/da\/wp-json\/wp\/v2\/product"}],"about":[{"href":"https:\/\/www.aradas.lt\/da\/wp-json\/wp\/v2\/types\/product"}],"wp:featuredmedia":[{"embeddable":true,"href":"https:\/\/www.aradas.lt\/da\/wp-json\/wp\/v2\/media\/27488"}],"wp:attachment":[{"href":"https:\/\/www.aradas.lt\/da\/wp-json\/wp\/v2\/media?parent=26758"}],"wp:term":[{"taxonomy":"product_cat","embeddable":true,"href":"https:\/\/www.aradas.lt\/da\/wp-json\/wp\/v2\/product_cat?post=26758"},{"taxonomy":"product_tag","embeddable":true,"href":"https:\/\/www.aradas.lt\/da\/wp-json\/wp\/v2\/product_tag?post=26758"}],"curies":[{"name":"wp","href":"https:\/\/api.w.org\/{rel}","templated":true}]}}