{"id":27023,"date":"2025-05-22T07:31:05","date_gmt":"2025-05-22T09:31:05","guid":{"rendered":"https:\/\/www.aradas.lt\/?post_type=product&#038;p=27023"},"modified":"2025-06-02T06:17:19","modified_gmt":"2025-06-02T08:17:19","slug":"doere-aluprof-mb-86n-si","status":"publish","type":"product","link":"https:\/\/www.aradas.lt\/da\/vare\/doere-aluprof-mb-86n-si\/","title":{"rendered":"D\u00d8RE | Aluprof MB-86N \/ SI"},"content":{"rendered":"","protected":false},"excerpt":{"rendered":"<p><span style=\"text-transform: uppercase;\">[aluminium]<\/span><\/p>\n<p>SUPERH\u00d8JT TERMISK ISOLERET D\u00d8RSYSTEM<\/p>\n<p>Det h\u00f8jeffektive MB-86N d\u00f8rsystem giver fremragende varme- og t\u00e6thedsparametre.\u00a0Forskellige muligheder er mulige: indadg\u00e5ende eller udadg\u00e5ende \u00e5bning; inds\u00e6ttelse af panelfyldninger: fl\u00f8jindkapsling p\u00e5 den ene side, fl\u00f8jindkapsling p\u00e5 begge sider. Paneld\u00f8re baseret p\u00e5 MB-86-systemet tilbyder et visuelt attraktivt og teknologisk avanceret produkt til nutidens krav til hovedindgange.\u00a0D\u00f8rsystemer giver mulighed for en bred vifte af sikker og bekvem adgang til d\u00f8re.<\/p>\n<p>Kontakt venligst vores salgsteam for yderligere information.<\/p>\n","protected":false},"featured_media":27504,"template":"","meta":{"_acf_changed":false},"product_cat":[226,227],"product_tag":[],"acf":[],"yoast_head":"<!-- This site is optimized with the Yoast SEO plugin v22.9 - https:\/\/yoast.com\/wordpress\/plugins\/seo\/ -->\n<title>ARADAS : D\u00d8RE | Aluprof MB-86N \/ SI<\/title>\n<meta name=\"robots\" content=\"index, follow, max-snippet:-1, max-image-preview:large, max-video-preview:-1\" \/>\n<link rel=\"canonical\" href=\"https:\/\/www.aradas.lt\/da\/vare\/doere-aluprof-mb-86n-si\/\" \/>\n<meta property=\"og:locale\" content=\"da_DK\" \/>\n<meta property=\"og:type\" content=\"article\" \/>\n<meta property=\"og:title\" content=\"ARADAS : D\u00d8RE | Aluprof MB-86N \/ SI\" \/>\n<meta property=\"og:description\" content=\"SUPERH\u00d8JT TERMISK ISOLERET D\u00d8RSYSTEM  Det h\u00f8jeffektive MB-86N d\u00f8rsystem giver fremragende varme- og t\u00e6thedsparametre.\u00a0Forskellige muligheder er mulige: indadg\u00e5ende eller udadg\u00e5ende \u00e5bning; inds\u00e6ttelse af panelfyldninger: fl\u00f8jindkapsling p\u00e5 den ene side, fl\u00f8jindkapsling p\u00e5 begge sider. Paneld\u00f8re baseret p\u00e5 MB-86-systemet tilbyder et visuelt attraktivt og teknologisk avanceret produkt til nutidens krav til hovedindgange.\u00a0D\u00f8rsystemer giver mulighed for en bred vifte af sikker og bekvem adgang til d\u00f8re.  Kontakt venligst vores salgsteam for yderligere information.\" \/>\n<meta property=\"og:url\" content=\"https:\/\/www.aradas.lt\/da\/vare\/doere-aluprof-mb-86n-si\/\" \/>\n<meta property=\"og:site_name\" content=\"Aradas\" \/>\n<meta property=\"article:modified_time\" content=\"2025-06-02T08:17:19+00:00\" \/>\n<meta property=\"og:image\" content=\"https:\/\/www.aradas.lt\/wp-content\/uploads\/2025\/05\/MB86SI-plus-drzwi_RC3_300___1080px.jpg\" \/>\n\t<meta property=\"og:image:width\" content=\"1080\" \/>\n\t<meta property=\"og:image:height\" content=\"1080\" \/>\n\t<meta property=\"og:image:type\" content=\"image\/jpeg\" \/>\n<meta name=\"twitter:card\" content=\"summary_large_image\" \/>\n<meta name=\"twitter:label1\" content=\"Estimeret l\u00e6setid\" \/>\n\t<meta name=\"twitter:data1\" content=\"1 minut\" \/>\n<!-- \/ Yoast SEO plugin. -->","yoast_head_json":{"title":"ARADAS : D\u00d8RE | Aluprof MB-86N \/ SI","robots":{"index":"index","follow":"follow","max-snippet":"max-snippet:-1","max-image-preview":"max-image-preview:large","max-video-preview":"max-video-preview:-1"},"canonical":"https:\/\/www.aradas.lt\/da\/vare\/doere-aluprof-mb-86n-si\/","og_locale":"da_DK","og_type":"article","og_title":"ARADAS : D\u00d8RE | Aluprof MB-86N \/ SI","og_description":"SUPERH\u00d8JT TERMISK ISOLERET D\u00d8RSYSTEM  Det h\u00f8jeffektive MB-86N d\u00f8rsystem giver fremragende varme- og t\u00e6thedsparametre.\u00a0Forskellige muligheder er mulige: indadg\u00e5ende eller udadg\u00e5ende \u00e5bning; inds\u00e6ttelse af panelfyldninger: fl\u00f8jindkapsling p\u00e5 den ene side, fl\u00f8jindkapsling p\u00e5 begge sider. Paneld\u00f8re baseret p\u00e5 MB-86-systemet tilbyder et visuelt attraktivt og teknologisk avanceret produkt til nutidens krav til hovedindgange.\u00a0D\u00f8rsystemer giver mulighed for en bred vifte af sikker og bekvem adgang til d\u00f8re.  Kontakt venligst vores salgsteam for yderligere information.","og_url":"https:\/\/www.aradas.lt\/da\/vare\/doere-aluprof-mb-86n-si\/","og_site_name":"Aradas","article_modified_time":"2025-06-02T08:17:19+00:00","og_image":[{"width":1080,"height":1080,"url":"https:\/\/www.aradas.lt\/wp-content\/uploads\/2025\/05\/MB86SI-plus-drzwi_RC3_300___1080px.jpg","type":"image\/jpeg"}],"twitter_card":"summary_large_image","twitter_misc":{"Estimeret l\u00e6setid":"1 minut"},"schema":{"@context":"https:\/\/schema.org","@graph":[{"@type":"WebPage","@id":"https:\/\/www.aradas.lt\/da\/vare\/doere-aluprof-mb-86n-si\/","url":"https:\/\/www.aradas.lt\/da\/vare\/doere-aluprof-mb-86n-si\/","name":"ARADAS : D\u00d8RE | Aluprof MB-86N \/ SI","isPartOf":{"@id":"https:\/\/www.aradas.lt\/#website"},"primaryImageOfPage":{"@id":"https:\/\/www.aradas.lt\/da\/vare\/doere-aluprof-mb-86n-si\/#primaryimage"},"image":{"@id":"https:\/\/www.aradas.lt\/da\/vare\/doere-aluprof-mb-86n-si\/#primaryimage"},"thumbnailUrl":"https:\/\/www.aradas.lt\/wp-content\/uploads\/2025\/05\/MB86SI-plus-drzwi_RC3_300___1080px.jpg","datePublished":"2025-05-22T09:31:05+00:00","dateModified":"2025-06-02T08:17:19+00:00","breadcrumb":{"@id":"https:\/\/www.aradas.lt\/da\/vare\/doere-aluprof-mb-86n-si\/#breadcrumb"},"inLanguage":"da-DK","potentialAction":[{"@type":"ReadAction","target":["https:\/\/www.aradas.lt\/da\/vare\/doere-aluprof-mb-86n-si\/"]}]},{"@type":"ImageObject","inLanguage":"da-DK","@id":"https:\/\/www.aradas.lt\/da\/vare\/doere-aluprof-mb-86n-si\/#primaryimage","url":"https:\/\/www.aradas.lt\/wp-content\/uploads\/2025\/05\/MB86SI-plus-drzwi_RC3_300___1080px.jpg","contentUrl":"https:\/\/www.aradas.lt\/wp-content\/uploads\/2025\/05\/MB86SI-plus-drzwi_RC3_300___1080px.jpg","width":1080,"height":1080},{"@type":"BreadcrumbList","@id":"https:\/\/www.aradas.lt\/da\/vare\/doere-aluprof-mb-86n-si\/#breadcrumb","itemListElement":[{"@type":"ListItem","position":1,"name":"Home","item":"https:\/\/www.aradas.lt\/da\/"},{"@type":"ListItem","position":2,"name":"Shop","item":"https:\/\/www.aradas.lt\/shop\/"},{"@type":"ListItem","position":3,"name":"D\u00d8RE | Aluprof MB-86N \/ SI"}]},{"@type":"WebSite","@id":"https:\/\/www.aradas.lt\/#website","url":"https:\/\/www.aradas.lt\/","name":"Aradas","description":"Vinduer og D\u00f8re","publisher":{"@id":"https:\/\/www.aradas.lt\/#organization"},"potentialAction":[{"@type":"SearchAction","target":{"@type":"EntryPoint","urlTemplate":"https:\/\/www.aradas.lt\/?s={search_term_string}"},"query-input":"required name=search_term_string"}],"inLanguage":"da-DK"},{"@type":"Organization","@id":"https:\/\/www.aradas.lt\/#organization","name":"ARADAS : Windows and Doors","url":"https:\/\/www.aradas.lt\/","logo":{"@type":"ImageObject","inLanguage":"da-DK","@id":"https:\/\/www.aradas.lt\/#\/schema\/logo\/image\/","url":"https:\/\/www.aradas.lt\/wp-content\/uploads\/2018\/02\/logo-60h.png","contentUrl":"https:\/\/www.aradas.lt\/wp-content\/uploads\/2018\/02\/logo-60h.png","width":374,"height":60,"caption":"ARADAS : Windows and Doors"},"image":{"@id":"https:\/\/www.aradas.lt\/#\/schema\/logo\/image\/"}}]}},"_links":{"self":[{"href":"https:\/\/www.aradas.lt\/da\/wp-json\/wp\/v2\/product\/27023"}],"collection":[{"href":"https:\/\/www.aradas.lt\/da\/wp-json\/wp\/v2\/product"}],"about":[{"href":"https:\/\/www.aradas.lt\/da\/wp-json\/wp\/v2\/types\/product"}],"wp:featuredmedia":[{"embeddable":true,"href":"https:\/\/www.aradas.lt\/da\/wp-json\/wp\/v2\/media\/27504"}],"wp:attachment":[{"href":"https:\/\/www.aradas.lt\/da\/wp-json\/wp\/v2\/media?parent=27023"}],"wp:term":[{"taxonomy":"product_cat","embeddable":true,"href":"https:\/\/www.aradas.lt\/da\/wp-json\/wp\/v2\/product_cat?post=27023"},{"taxonomy":"product_tag","embeddable":true,"href":"https:\/\/www.aradas.lt\/da\/wp-json\/wp\/v2\/product_tag?post=27023"}],"curies":[{"name":"wp","href":"https:\/\/api.w.org\/{rel}","templated":true}]}}