{"id":27108,"date":"2025-05-26T07:45:24","date_gmt":"2025-05-26T09:45:24","guid":{"rendered":"https:\/\/www.aradas.lt\/?post_type=product&#038;p=27108"},"modified":"2025-06-26T03:08:40","modified_gmt":"2025-06-26T05:08:40","slug":"skydedoere-aluprof-mb-59hs-st-hi","status":"publish","type":"product","link":"https:\/\/www.aradas.lt\/da\/vare\/skydedoere-aluprof-mb-59hs-st-hi\/","title":{"rendered":"SKYDED\u00d8RE | Aluprof MB-59HS \/ HI"},"content":{"rendered":"","protected":false},"excerpt":{"rendered":"<p><span style=\"text-transform: uppercase;\">[aluminium]<\/span><\/p>\n<p>VARMEISOLERET H\u00c6VE- SKYDED\u00d8RS SYSTEM<\/p>\n<p>H\u00e6ve- og skyded\u00f8ren er det perfekte integrerende element, der forbinder rum eller vinterhaver med udend\u00f8rsarealer. N\u00e5r d\u00f8ren er \u00e5ben, optager den ikke plads i rummet, samtidig med at den giver en meget god kontakt med omgivelserne, hvilket \u00f8ger brugerkomforten yderligere.\u00a0Med sin h\u00f8je varme- og lydisolering kombineret med vand- og luftt\u00e6thed opfylder MB-59HS kravene til energibesparelse og milj\u00f8beskyttelse. Med hensyn til varmeisolering har MB-59HS en ekstra opgraderet HI-variant. Serien omfatter 2- og 3-skinner og mange mulige konfigurationer af glidende og faste dele.<\/p>\n<p>Kontakt venligst vores salgsteam for yderligere information.<\/p>\n","protected":false},"featured_media":27500,"template":"","meta":{"_acf_changed":false},"product_cat":[229,226],"product_tag":[],"acf":[],"yoast_head":"<!-- This site is optimized with the Yoast SEO plugin v22.9 - https:\/\/yoast.com\/wordpress\/plugins\/seo\/ -->\n<title>ARADAS : SKYDED\u00d8RE | Aluprof MB-59HS \/ HI<\/title>\n<meta name=\"robots\" content=\"index, follow, max-snippet:-1, max-image-preview:large, max-video-preview:-1\" \/>\n<link rel=\"canonical\" href=\"https:\/\/www.aradas.lt\/da\/vare\/skydedoere-aluprof-mb-59hs-st-hi\/\" \/>\n<meta property=\"og:locale\" content=\"da_DK\" \/>\n<meta property=\"og:type\" content=\"article\" \/>\n<meta property=\"og:title\" content=\"ARADAS : SKYDED\u00d8RE | Aluprof MB-59HS \/ HI\" \/>\n<meta property=\"og:description\" content=\"VARMEISOLERET H\u00c6VE- SKYDED\u00d8RS SYSTEM  H\u00e6ve- og skyded\u00f8ren er det perfekte integrerende element, der forbinder rum eller vinterhaver med udend\u00f8rsarealer. N\u00e5r d\u00f8ren er \u00e5ben, optager den ikke plads i rummet, samtidig med at den giver en meget god kontakt med omgivelserne, hvilket \u00f8ger brugerkomforten yderligere.\u00a0Med sin h\u00f8je varme- og lydisolering kombineret med vand- og luftt\u00e6thed opfylder MB-59HS kravene til energibesparelse og milj\u00f8beskyttelse. Med hensyn til varmeisolering har MB-59HS en ekstra opgraderet HI-variant. Serien omfatter 2- og 3-skinner og mange mulige konfigurationer af glidende og faste dele.  Kontakt venligst vores salgsteam for yderligere information.\" \/>\n<meta property=\"og:url\" content=\"https:\/\/www.aradas.lt\/da\/vare\/skydedoere-aluprof-mb-59hs-st-hi\/\" \/>\n<meta property=\"og:site_name\" content=\"Aradas\" \/>\n<meta property=\"article:modified_time\" content=\"2025-06-26T05:08:40+00:00\" \/>\n<meta property=\"og:image\" content=\"https:\/\/www.aradas.lt\/wp-content\/uploads\/2025\/05\/218_MB-59HS_waski_slupek_300dpi___1080px.jpg\" \/>\n\t<meta property=\"og:image:width\" content=\"1080\" \/>\n\t<meta property=\"og:image:height\" content=\"1080\" \/>\n\t<meta property=\"og:image:type\" content=\"image\/jpeg\" \/>\n<meta name=\"twitter:card\" content=\"summary_large_image\" \/>\n<meta name=\"twitter:label1\" content=\"Estimeret l\u00e6setid\" \/>\n\t<meta name=\"twitter:data1\" content=\"1 minut\" \/>\n<!-- \/ Yoast SEO plugin. -->","yoast_head_json":{"title":"ARADAS : SKYDED\u00d8RE | Aluprof MB-59HS \/ HI","robots":{"index":"index","follow":"follow","max-snippet":"max-snippet:-1","max-image-preview":"max-image-preview:large","max-video-preview":"max-video-preview:-1"},"canonical":"https:\/\/www.aradas.lt\/da\/vare\/skydedoere-aluprof-mb-59hs-st-hi\/","og_locale":"da_DK","og_type":"article","og_title":"ARADAS : SKYDED\u00d8RE | Aluprof MB-59HS \/ HI","og_description":"VARMEISOLERET H\u00c6VE- SKYDED\u00d8RS SYSTEM  H\u00e6ve- og skyded\u00f8ren er det perfekte integrerende element, der forbinder rum eller vinterhaver med udend\u00f8rsarealer. N\u00e5r d\u00f8ren er \u00e5ben, optager den ikke plads i rummet, samtidig med at den giver en meget god kontakt med omgivelserne, hvilket \u00f8ger brugerkomforten yderligere.\u00a0Med sin h\u00f8je varme- og lydisolering kombineret med vand- og luftt\u00e6thed opfylder MB-59HS kravene til energibesparelse og milj\u00f8beskyttelse. Med hensyn til varmeisolering har MB-59HS en ekstra opgraderet HI-variant. Serien omfatter 2- og 3-skinner og mange mulige konfigurationer af glidende og faste dele.  Kontakt venligst vores salgsteam for yderligere information.","og_url":"https:\/\/www.aradas.lt\/da\/vare\/skydedoere-aluprof-mb-59hs-st-hi\/","og_site_name":"Aradas","article_modified_time":"2025-06-26T05:08:40+00:00","og_image":[{"width":1080,"height":1080,"url":"https:\/\/www.aradas.lt\/wp-content\/uploads\/2025\/05\/218_MB-59HS_waski_slupek_300dpi___1080px.jpg","type":"image\/jpeg"}],"twitter_card":"summary_large_image","twitter_misc":{"Estimeret l\u00e6setid":"1 minut"},"schema":{"@context":"https:\/\/schema.org","@graph":[{"@type":"WebPage","@id":"https:\/\/www.aradas.lt\/da\/vare\/skydedoere-aluprof-mb-59hs-st-hi\/","url":"https:\/\/www.aradas.lt\/da\/vare\/skydedoere-aluprof-mb-59hs-st-hi\/","name":"ARADAS : SKYDED\u00d8RE | Aluprof MB-59HS \/ HI","isPartOf":{"@id":"https:\/\/www.aradas.lt\/#website"},"primaryImageOfPage":{"@id":"https:\/\/www.aradas.lt\/da\/vare\/skydedoere-aluprof-mb-59hs-st-hi\/#primaryimage"},"image":{"@id":"https:\/\/www.aradas.lt\/da\/vare\/skydedoere-aluprof-mb-59hs-st-hi\/#primaryimage"},"thumbnailUrl":"https:\/\/www.aradas.lt\/wp-content\/uploads\/2025\/05\/218_MB-59HS_waski_slupek_300dpi___1080px.jpg","datePublished":"2025-05-26T09:45:24+00:00","dateModified":"2025-06-26T05:08:40+00:00","breadcrumb":{"@id":"https:\/\/www.aradas.lt\/da\/vare\/skydedoere-aluprof-mb-59hs-st-hi\/#breadcrumb"},"inLanguage":"da-DK","potentialAction":[{"@type":"ReadAction","target":["https:\/\/www.aradas.lt\/da\/vare\/skydedoere-aluprof-mb-59hs-st-hi\/"]}]},{"@type":"ImageObject","inLanguage":"da-DK","@id":"https:\/\/www.aradas.lt\/da\/vare\/skydedoere-aluprof-mb-59hs-st-hi\/#primaryimage","url":"https:\/\/www.aradas.lt\/wp-content\/uploads\/2025\/05\/218_MB-59HS_waski_slupek_300dpi___1080px.jpg","contentUrl":"https:\/\/www.aradas.lt\/wp-content\/uploads\/2025\/05\/218_MB-59HS_waski_slupek_300dpi___1080px.jpg","width":1080,"height":1080},{"@type":"BreadcrumbList","@id":"https:\/\/www.aradas.lt\/da\/vare\/skydedoere-aluprof-mb-59hs-st-hi\/#breadcrumb","itemListElement":[{"@type":"ListItem","position":1,"name":"Home","item":"https:\/\/www.aradas.lt\/da\/"},{"@type":"ListItem","position":2,"name":"Shop","item":"https:\/\/www.aradas.lt\/shop\/"},{"@type":"ListItem","position":3,"name":"SKYDED\u00d8RE | Aluprof MB-59HS \/ HI"}]},{"@type":"WebSite","@id":"https:\/\/www.aradas.lt\/#website","url":"https:\/\/www.aradas.lt\/","name":"Aradas","description":"Vinduer og D\u00f8re","publisher":{"@id":"https:\/\/www.aradas.lt\/#organization"},"potentialAction":[{"@type":"SearchAction","target":{"@type":"EntryPoint","urlTemplate":"https:\/\/www.aradas.lt\/?s={search_term_string}"},"query-input":"required name=search_term_string"}],"inLanguage":"da-DK"},{"@type":"Organization","@id":"https:\/\/www.aradas.lt\/#organization","name":"ARADAS : Windows and Doors","url":"https:\/\/www.aradas.lt\/","logo":{"@type":"ImageObject","inLanguage":"da-DK","@id":"https:\/\/www.aradas.lt\/#\/schema\/logo\/image\/","url":"https:\/\/www.aradas.lt\/wp-content\/uploads\/2018\/02\/logo-60h.png","contentUrl":"https:\/\/www.aradas.lt\/wp-content\/uploads\/2018\/02\/logo-60h.png","width":374,"height":60,"caption":"ARADAS : Windows and Doors"},"image":{"@id":"https:\/\/www.aradas.lt\/#\/schema\/logo\/image\/"}}]}},"_links":{"self":[{"href":"https:\/\/www.aradas.lt\/da\/wp-json\/wp\/v2\/product\/27108"}],"collection":[{"href":"https:\/\/www.aradas.lt\/da\/wp-json\/wp\/v2\/product"}],"about":[{"href":"https:\/\/www.aradas.lt\/da\/wp-json\/wp\/v2\/types\/product"}],"wp:featuredmedia":[{"embeddable":true,"href":"https:\/\/www.aradas.lt\/da\/wp-json\/wp\/v2\/media\/27500"}],"wp:attachment":[{"href":"https:\/\/www.aradas.lt\/da\/wp-json\/wp\/v2\/media?parent=27108"}],"wp:term":[{"taxonomy":"product_cat","embeddable":true,"href":"https:\/\/www.aradas.lt\/da\/wp-json\/wp\/v2\/product_cat?post=27108"},{"taxonomy":"product_tag","embeddable":true,"href":"https:\/\/www.aradas.lt\/da\/wp-json\/wp\/v2\/product_tag?post=27108"}],"curies":[{"name":"wp","href":"https:\/\/api.w.org\/{rel}","templated":true}]}}