{"id":8228,"date":"2018-04-14T07:22:15","date_gmt":"2018-04-14T09:22:15","guid":{"rendered":"https:\/\/www.aradas.lt\/product\/aradas-ndp-top-swing\/"},"modified":"2026-04-22T04:35:51","modified_gmt":"2026-04-22T06:35:51","slug":"topvende-vinduer-nordic-design-plus","status":"publish","type":"product","link":"https:\/\/www.aradas.lt\/da\/vare\/topvende-vinduer-nordic-design-plus\/","title":{"rendered":"TOPVENDE VINDUER | Nordic design+"},"content":{"rendered":"","protected":false},"excerpt":{"rendered":"<p>[Composite][uw-value-0-8][high-definition-finishing]<\/p>\n<p>Nordic design+ \u2013 H\u00d8J KVALITET, UDEN KOMPROMIS<\/p>\n<p>Specielle \u00e5bnings-og l\u00e5sebeslag og andre komponenter \u00f8ger sikkerheden for et funktionelt og velafbalanceret vindue. Topvende vinduer er enkelte at benytte og kan ved brug af vendebeslag let \u00e5bnes 180 grader.<br \/>\nVinduet kan designes i flere forskellige kombinationer, st\u00f8rrelser, former, dekorative partitioner. Alle individuelle funktioner i produktet kan tilpasses, s\u00e5 det passer til dit hjems behov.<\/p>\n","protected":false},"featured_media":7355,"template":"","meta":{"_acf_changed":false},"product_cat":[186,188],"product_tag":[],"acf":[],"yoast_head":"<!-- This site is optimized with the Yoast SEO plugin v22.9 - https:\/\/yoast.com\/wordpress\/plugins\/seo\/ -->\n<title>ARADAS : TOPVENDE VINDUER | Nordic design+<\/title>\n<meta name=\"robots\" content=\"index, follow, max-snippet:-1, max-image-preview:large, max-video-preview:-1\" \/>\n<link rel=\"canonical\" href=\"https:\/\/www.aradas.lt\/da\/vare\/topvende-vinduer-nordic-design-plus\/\" \/>\n<meta property=\"og:locale\" content=\"da_DK\" \/>\n<meta property=\"og:type\" content=\"article\" \/>\n<meta property=\"og:title\" content=\"ARADAS : TOPVENDE VINDUER | Nordic design+\" \/>\n<meta property=\"og:description\" content=\"Nordic design+ \u2013 H\u00d8J KVALITET, UDEN KOMPROMIS  Specielle \u00e5bnings-og l\u00e5sebeslag og andre komponenter \u00f8ger sikkerheden for et funktionelt og velafbalanceret vindue. Topvende vinduer er enkelte at benytte og kan ved brug af vendebeslag let \u00e5bnes 180 grader. Vinduet kan designes i flere forskellige kombinationer, st\u00f8rrelser, former, dekorative partitioner. Alle individuelle funktioner i produktet kan tilpasses, s\u00e5 det passer til dit hjems behov.\" \/>\n<meta property=\"og:url\" content=\"https:\/\/www.aradas.lt\/da\/vare\/topvende-vinduer-nordic-design-plus\/\" \/>\n<meta property=\"og:site_name\" content=\"Aradas\" \/>\n<meta property=\"article:modified_time\" content=\"2026-04-22T06:35:51+00:00\" \/>\n<meta property=\"og:image\" content=\"https:\/\/www.aradas.lt\/wp-content\/uploads\/2018\/04\/JEE02_NDplus_TopSwing_Aradas.jpg\" \/>\n\t<meta property=\"og:image:width\" content=\"1600\" \/>\n\t<meta property=\"og:image:height\" content=\"1600\" \/>\n\t<meta property=\"og:image:type\" content=\"image\/jpeg\" \/>\n<meta name=\"twitter:card\" content=\"summary_large_image\" \/>\n<meta name=\"twitter:label1\" content=\"Estimeret l\u00e6setid\" \/>\n\t<meta name=\"twitter:data1\" content=\"1 minut\" \/>\n<!-- \/ Yoast SEO plugin. -->","yoast_head_json":{"title":"ARADAS : TOPVENDE VINDUER | Nordic design+","robots":{"index":"index","follow":"follow","max-snippet":"max-snippet:-1","max-image-preview":"max-image-preview:large","max-video-preview":"max-video-preview:-1"},"canonical":"https:\/\/www.aradas.lt\/da\/vare\/topvende-vinduer-nordic-design-plus\/","og_locale":"da_DK","og_type":"article","og_title":"ARADAS : TOPVENDE VINDUER | Nordic design+","og_description":"Nordic design+ \u2013 H\u00d8J KVALITET, UDEN KOMPROMIS  Specielle \u00e5bnings-og l\u00e5sebeslag og andre komponenter \u00f8ger sikkerheden for et funktionelt og velafbalanceret vindue. Topvende vinduer er enkelte at benytte og kan ved brug af vendebeslag let \u00e5bnes 180 grader. Vinduet kan designes i flere forskellige kombinationer, st\u00f8rrelser, former, dekorative partitioner. Alle individuelle funktioner i produktet kan tilpasses, s\u00e5 det passer til dit hjems behov.","og_url":"https:\/\/www.aradas.lt\/da\/vare\/topvende-vinduer-nordic-design-plus\/","og_site_name":"Aradas","article_modified_time":"2026-04-22T06:35:51+00:00","og_image":[{"width":1600,"height":1600,"url":"https:\/\/www.aradas.lt\/wp-content\/uploads\/2018\/04\/JEE02_NDplus_TopSwing_Aradas.jpg","type":"image\/jpeg"}],"twitter_card":"summary_large_image","twitter_misc":{"Estimeret l\u00e6setid":"1 minut"},"schema":{"@context":"https:\/\/schema.org","@graph":[{"@type":"WebPage","@id":"https:\/\/www.aradas.lt\/da\/vare\/topvende-vinduer-nordic-design-plus\/","url":"https:\/\/www.aradas.lt\/da\/vare\/topvende-vinduer-nordic-design-plus\/","name":"ARADAS : TOPVENDE VINDUER | Nordic design+","isPartOf":{"@id":"https:\/\/www.aradas.lt\/#website"},"primaryImageOfPage":{"@id":"https:\/\/www.aradas.lt\/da\/vare\/topvende-vinduer-nordic-design-plus\/#primaryimage"},"image":{"@id":"https:\/\/www.aradas.lt\/da\/vare\/topvende-vinduer-nordic-design-plus\/#primaryimage"},"thumbnailUrl":"https:\/\/www.aradas.lt\/wp-content\/uploads\/2018\/04\/JEE02_NDplus_TopSwing_Aradas.jpg","datePublished":"2018-04-14T09:22:15+00:00","dateModified":"2026-04-22T06:35:51+00:00","breadcrumb":{"@id":"https:\/\/www.aradas.lt\/da\/vare\/topvende-vinduer-nordic-design-plus\/#breadcrumb"},"inLanguage":"da-DK","potentialAction":[{"@type":"ReadAction","target":["https:\/\/www.aradas.lt\/da\/vare\/topvende-vinduer-nordic-design-plus\/"]}]},{"@type":"ImageObject","inLanguage":"da-DK","@id":"https:\/\/www.aradas.lt\/da\/vare\/topvende-vinduer-nordic-design-plus\/#primaryimage","url":"https:\/\/www.aradas.lt\/wp-content\/uploads\/2018\/04\/JEE02_NDplus_TopSwing_Aradas.jpg","contentUrl":"https:\/\/www.aradas.lt\/wp-content\/uploads\/2018\/04\/JEE02_NDplus_TopSwing_Aradas.jpg","width":1600,"height":1600},{"@type":"BreadcrumbList","@id":"https:\/\/www.aradas.lt\/da\/vare\/topvende-vinduer-nordic-design-plus\/#breadcrumb","itemListElement":[{"@type":"ListItem","position":1,"name":"Home","item":"https:\/\/www.aradas.lt\/da\/"},{"@type":"ListItem","position":2,"name":"Shop","item":"https:\/\/www.aradas.lt\/shop\/"},{"@type":"ListItem","position":3,"name":"TOPVENDE VINDUER | Nordic design+"}]},{"@type":"WebSite","@id":"https:\/\/www.aradas.lt\/#website","url":"https:\/\/www.aradas.lt\/","name":"Aradas","description":"Vinduer og D\u00f8re","publisher":{"@id":"https:\/\/www.aradas.lt\/#organization"},"potentialAction":[{"@type":"SearchAction","target":{"@type":"EntryPoint","urlTemplate":"https:\/\/www.aradas.lt\/?s={search_term_string}"},"query-input":"required name=search_term_string"}],"inLanguage":"da-DK"},{"@type":"Organization","@id":"https:\/\/www.aradas.lt\/#organization","name":"ARADAS : Windows and Doors","url":"https:\/\/www.aradas.lt\/","logo":{"@type":"ImageObject","inLanguage":"da-DK","@id":"https:\/\/www.aradas.lt\/#\/schema\/logo\/image\/","url":"https:\/\/www.aradas.lt\/wp-content\/uploads\/2018\/02\/logo-60h.png","contentUrl":"https:\/\/www.aradas.lt\/wp-content\/uploads\/2018\/02\/logo-60h.png","width":374,"height":60,"caption":"ARADAS : Windows and Doors"},"image":{"@id":"https:\/\/www.aradas.lt\/#\/schema\/logo\/image\/"}}]}},"_links":{"self":[{"href":"https:\/\/www.aradas.lt\/da\/wp-json\/wp\/v2\/product\/8228"}],"collection":[{"href":"https:\/\/www.aradas.lt\/da\/wp-json\/wp\/v2\/product"}],"about":[{"href":"https:\/\/www.aradas.lt\/da\/wp-json\/wp\/v2\/types\/product"}],"wp:featuredmedia":[{"embeddable":true,"href":"https:\/\/www.aradas.lt\/da\/wp-json\/wp\/v2\/media\/7355"}],"wp:attachment":[{"href":"https:\/\/www.aradas.lt\/da\/wp-json\/wp\/v2\/media?parent=8228"}],"wp:term":[{"taxonomy":"product_cat","embeddable":true,"href":"https:\/\/www.aradas.lt\/da\/wp-json\/wp\/v2\/product_cat?post=8228"},{"taxonomy":"product_tag","embeddable":true,"href":"https:\/\/www.aradas.lt\/da\/wp-json\/wp\/v2\/product_tag?post=8228"}],"curies":[{"name":"wp","href":"https:\/\/api.w.org\/{rel}","templated":true}]}}