{"id":8262,"date":"2018-06-05T10:51:14","date_gmt":"2018-06-05T12:51:14","guid":{"rendered":"https:\/\/www.aradas.lt\/product\/folding-door-synego-outward\/"},"modified":"2026-04-22T05:16:24","modified_gmt":"2026-04-22T07:16:24","slug":"udadgaaende-foldedoer-synego","status":"publish","type":"product","link":"https:\/\/www.aradas.lt\/da\/vare\/udadgaaende-foldedoer-synego\/","title":{"rendered":"FOLDED\u00d8R | Synego"},"content":{"rendered":"","protected":false},"excerpt":{"rendered":"<p>[pvc][uw-value-0-7][high-definition-finishing]<\/p>\n<p>HELT IGENNEM GENANVENDELIGE, OG MEGET ENERGIEFFEKTIVE PVC-PRODUKTER. FUNKTIONALITET OG SKOENDE &#8211; ALT I EN.<\/p>\n<p>Et folded\u00f8r system \u00e5bner v\u00e6relser p\u00e5 en s\u00e6rdeles elegant og effektiv m\u00e5de. Alle d\u00f8re er foldet p\u00e5 pladsbesparende m\u00e5de og glider bekvemt til siden. P\u00e5 denne m\u00e5de kan hvert rum \u00e5bnes helt ud, idet man bruger hele bredden.Takket v\u00e6re dets optimerede bogieteknologi, samt pin-styrede ruller, levere folde og tr\u00e6k produktet et overbevisende resultat, som f\u00f8lge af dets gnidningsfrie betjening.<br \/>\nD\u00f8ren kan designes i flere forskellige kombinationer, st\u00f8rrelser, former, dekorative partitioner. Alle individuelle funktioner i produktet kan tilpasses, s\u00e5 det passer til dit hjems behov.<\/p>\n","protected":false},"featured_media":7534,"template":"","meta":{"_acf_changed":false},"product_cat":[218,216],"product_tag":[],"acf":[],"yoast_head":"<!-- This site is optimized with the Yoast SEO plugin v22.9 - https:\/\/yoast.com\/wordpress\/plugins\/seo\/ -->\n<title>ARADAS : FOLDED\u00d8R | Synego<\/title>\n<meta name=\"robots\" content=\"index, follow, max-snippet:-1, max-image-preview:large, max-video-preview:-1\" \/>\n<link rel=\"canonical\" href=\"https:\/\/www.aradas.lt\/da\/vare\/udadgaaende-foldedoer-synego\/\" \/>\n<meta property=\"og:locale\" content=\"da_DK\" \/>\n<meta property=\"og:type\" content=\"article\" \/>\n<meta property=\"og:title\" content=\"ARADAS : FOLDED\u00d8R | Synego\" \/>\n<meta property=\"og:description\" content=\"HELT IGENNEM GENANVENDELIGE, OG MEGET ENERGIEFFEKTIVE PVC-PRODUKTER. FUNKTIONALITET OG SKOENDE - ALT I EN.  Et folded\u00f8r system \u00e5bner v\u00e6relser p\u00e5 en s\u00e6rdeles elegant og effektiv m\u00e5de. Alle d\u00f8re er foldet p\u00e5 pladsbesparende m\u00e5de og glider bekvemt til siden. P\u00e5 denne m\u00e5de kan hvert rum \u00e5bnes helt ud, idet man bruger hele bredden.Takket v\u00e6re dets optimerede bogieteknologi, samt pin-styrede ruller, levere folde og tr\u00e6k produktet et overbevisende resultat, som f\u00f8lge af dets gnidningsfrie betjening. D\u00f8ren kan designes i flere forskellige kombinationer, st\u00f8rrelser, former, dekorative partitioner. Alle individuelle funktioner i produktet kan tilpasses, s\u00e5 det passer til dit hjems behov.\" \/>\n<meta property=\"og:url\" content=\"https:\/\/www.aradas.lt\/da\/vare\/udadgaaende-foldedoer-synego\/\" \/>\n<meta property=\"og:site_name\" content=\"Aradas\" \/>\n<meta property=\"article:modified_time\" content=\"2026-04-22T07:16:24+00:00\" \/>\n<meta property=\"og:image\" content=\"https:\/\/www.aradas.lt\/wp-content\/uploads\/2018\/06\/FLD_Synego_OUT_330.jpg\" \/>\n\t<meta property=\"og:image:width\" content=\"1600\" \/>\n\t<meta property=\"og:image:height\" content=\"1600\" \/>\n\t<meta property=\"og:image:type\" content=\"image\/jpeg\" \/>\n<meta name=\"twitter:card\" content=\"summary_large_image\" \/>\n<meta name=\"twitter:label1\" content=\"Estimeret l\u00e6setid\" \/>\n\t<meta name=\"twitter:data1\" content=\"1 minut\" \/>\n<!-- \/ Yoast SEO plugin. -->","yoast_head_json":{"title":"ARADAS : FOLDED\u00d8R | Synego","robots":{"index":"index","follow":"follow","max-snippet":"max-snippet:-1","max-image-preview":"max-image-preview:large","max-video-preview":"max-video-preview:-1"},"canonical":"https:\/\/www.aradas.lt\/da\/vare\/udadgaaende-foldedoer-synego\/","og_locale":"da_DK","og_type":"article","og_title":"ARADAS : FOLDED\u00d8R | Synego","og_description":"HELT IGENNEM GENANVENDELIGE, OG MEGET ENERGIEFFEKTIVE PVC-PRODUKTER. FUNKTIONALITET OG SKOENDE - ALT I EN.  Et folded\u00f8r system \u00e5bner v\u00e6relser p\u00e5 en s\u00e6rdeles elegant og effektiv m\u00e5de. Alle d\u00f8re er foldet p\u00e5 pladsbesparende m\u00e5de og glider bekvemt til siden. P\u00e5 denne m\u00e5de kan hvert rum \u00e5bnes helt ud, idet man bruger hele bredden.Takket v\u00e6re dets optimerede bogieteknologi, samt pin-styrede ruller, levere folde og tr\u00e6k produktet et overbevisende resultat, som f\u00f8lge af dets gnidningsfrie betjening. D\u00f8ren kan designes i flere forskellige kombinationer, st\u00f8rrelser, former, dekorative partitioner. Alle individuelle funktioner i produktet kan tilpasses, s\u00e5 det passer til dit hjems behov.","og_url":"https:\/\/www.aradas.lt\/da\/vare\/udadgaaende-foldedoer-synego\/","og_site_name":"Aradas","article_modified_time":"2026-04-22T07:16:24+00:00","og_image":[{"width":1600,"height":1600,"url":"https:\/\/www.aradas.lt\/wp-content\/uploads\/2018\/06\/FLD_Synego_OUT_330.jpg","type":"image\/jpeg"}],"twitter_card":"summary_large_image","twitter_misc":{"Estimeret l\u00e6setid":"1 minut"},"schema":{"@context":"https:\/\/schema.org","@graph":[{"@type":"WebPage","@id":"https:\/\/www.aradas.lt\/da\/vare\/udadgaaende-foldedoer-synego\/","url":"https:\/\/www.aradas.lt\/da\/vare\/udadgaaende-foldedoer-synego\/","name":"ARADAS : FOLDED\u00d8R | Synego","isPartOf":{"@id":"https:\/\/www.aradas.lt\/#website"},"primaryImageOfPage":{"@id":"https:\/\/www.aradas.lt\/da\/vare\/udadgaaende-foldedoer-synego\/#primaryimage"},"image":{"@id":"https:\/\/www.aradas.lt\/da\/vare\/udadgaaende-foldedoer-synego\/#primaryimage"},"thumbnailUrl":"https:\/\/www.aradas.lt\/wp-content\/uploads\/2018\/06\/FLD_Synego_OUT_330.jpg","datePublished":"2018-06-05T12:51:14+00:00","dateModified":"2026-04-22T07:16:24+00:00","breadcrumb":{"@id":"https:\/\/www.aradas.lt\/da\/vare\/udadgaaende-foldedoer-synego\/#breadcrumb"},"inLanguage":"da-DK","potentialAction":[{"@type":"ReadAction","target":["https:\/\/www.aradas.lt\/da\/vare\/udadgaaende-foldedoer-synego\/"]}]},{"@type":"ImageObject","inLanguage":"da-DK","@id":"https:\/\/www.aradas.lt\/da\/vare\/udadgaaende-foldedoer-synego\/#primaryimage","url":"https:\/\/www.aradas.lt\/wp-content\/uploads\/2018\/06\/FLD_Synego_OUT_330.jpg","contentUrl":"https:\/\/www.aradas.lt\/wp-content\/uploads\/2018\/06\/FLD_Synego_OUT_330.jpg","width":1600,"height":1600},{"@type":"BreadcrumbList","@id":"https:\/\/www.aradas.lt\/da\/vare\/udadgaaende-foldedoer-synego\/#breadcrumb","itemListElement":[{"@type":"ListItem","position":1,"name":"Home","item":"https:\/\/www.aradas.lt\/da\/"},{"@type":"ListItem","position":2,"name":"Shop","item":"https:\/\/www.aradas.lt\/shop\/"},{"@type":"ListItem","position":3,"name":"FOLDED\u00d8R | Synego"}]},{"@type":"WebSite","@id":"https:\/\/www.aradas.lt\/#website","url":"https:\/\/www.aradas.lt\/","name":"Aradas","description":"Vinduer og D\u00f8re","publisher":{"@id":"https:\/\/www.aradas.lt\/#organization"},"potentialAction":[{"@type":"SearchAction","target":{"@type":"EntryPoint","urlTemplate":"https:\/\/www.aradas.lt\/?s={search_term_string}"},"query-input":"required name=search_term_string"}],"inLanguage":"da-DK"},{"@type":"Organization","@id":"https:\/\/www.aradas.lt\/#organization","name":"ARADAS : Windows and Doors","url":"https:\/\/www.aradas.lt\/","logo":{"@type":"ImageObject","inLanguage":"da-DK","@id":"https:\/\/www.aradas.lt\/#\/schema\/logo\/image\/","url":"https:\/\/www.aradas.lt\/wp-content\/uploads\/2018\/02\/logo-60h.png","contentUrl":"https:\/\/www.aradas.lt\/wp-content\/uploads\/2018\/02\/logo-60h.png","width":374,"height":60,"caption":"ARADAS : Windows and Doors"},"image":{"@id":"https:\/\/www.aradas.lt\/#\/schema\/logo\/image\/"}}]}},"_links":{"self":[{"href":"https:\/\/www.aradas.lt\/da\/wp-json\/wp\/v2\/product\/8262"}],"collection":[{"href":"https:\/\/www.aradas.lt\/da\/wp-json\/wp\/v2\/product"}],"about":[{"href":"https:\/\/www.aradas.lt\/da\/wp-json\/wp\/v2\/types\/product"}],"wp:featuredmedia":[{"embeddable":true,"href":"https:\/\/www.aradas.lt\/da\/wp-json\/wp\/v2\/media\/7534"}],"wp:attachment":[{"href":"https:\/\/www.aradas.lt\/da\/wp-json\/wp\/v2\/media?parent=8262"}],"wp:term":[{"taxonomy":"product_cat","embeddable":true,"href":"https:\/\/www.aradas.lt\/da\/wp-json\/wp\/v2\/product_cat?post=8262"},{"taxonomy":"product_tag","embeddable":true,"href":"https:\/\/www.aradas.lt\/da\/wp-json\/wp\/v2\/product_tag?post=8262"}],"curies":[{"name":"wp","href":"https:\/\/api.w.org\/{rel}","templated":true}]}}