{"id":8353,"date":"2018-05-29T10:10:59","date_gmt":"2018-05-29T12:10:59","guid":{"rendered":"https:\/\/www.aradas.lt\/product\/turn-tilt-euro-design-70-inward\/"},"modified":"2026-04-22T06:58:33","modified_gmt":"2026-04-22T08:58:33","slug":"dreje-kip-vinduer-euro-design-70","status":"publish","type":"product","link":"https:\/\/www.aradas.lt\/da\/vare\/dreje-kip-vinduer-euro-design-70\/","title":{"rendered":"DREJE-KIP VINDUER | Euro 70"},"content":{"rendered":"","protected":false},"excerpt":{"rendered":"<p>[pvc][uw-value-0-9][high-definition-finishing]<\/p>\n<p>MED DE GODKENDTE REHAU KVALITETSSTANDARDER ER EURO 70 EN AF ARADAS MEST \u00d8KONOMISKE OG ALSIDIGE PRODUKTER<\/p>\n<p>Vores teknologier og knowhow g\u00f8r det muligt at have et vindue med b\u00e5de en sikker top-udluftning, hvor vinduet \u00e5bnes i en h\u00e6ldning stilling, samt mulighed for en indadg\u00e5ende dreje funktion.<br \/>\nDer er flere funktionelle kombinationer: drej-kip, kip f\u00f8r drej, kun kip, samt kun drej vinduestyper. Alle disse muligheder er til r\u00e5dighed med synlige og skjulte h\u00e6ngsler.<br \/>\nVinduet kan designes i flere forskellige kombinationer, st\u00f8rrelser, former, dekorative partitioner. Alle individuelle funktioner i produktet kan tilpasses, s\u00e5 det passer til dit hjems behov.<\/p>\n","protected":false},"featured_media":7294,"template":"","meta":{"_acf_changed":false},"product_cat":[218,210],"product_tag":[],"acf":[],"yoast_head":"<!-- This site is optimized with the Yoast SEO plugin v22.9 - https:\/\/yoast.com\/wordpress\/plugins\/seo\/ -->\n<title>ARADAS : DREJE-KIP VINDUER | Euro 70<\/title>\n<meta name=\"robots\" content=\"index, follow, max-snippet:-1, max-image-preview:large, max-video-preview:-1\" \/>\n<link rel=\"canonical\" href=\"https:\/\/www.aradas.lt\/da\/vare\/dreje-kip-vinduer-euro-design-70\/\" \/>\n<meta property=\"og:locale\" content=\"da_DK\" \/>\n<meta property=\"og:type\" content=\"article\" \/>\n<meta property=\"og:title\" content=\"ARADAS : DREJE-KIP VINDUER | Euro 70\" \/>\n<meta property=\"og:description\" content=\"MED DE GODKENDTE REHAU KVALITETSSTANDARDER ER EURO 70 EN AF ARADAS MEST \u00d8KONOMISKE OG ALSIDIGE PRODUKTER  Vores teknologier og knowhow g\u00f8r det muligt at have et vindue med b\u00e5de en sikker top-udluftning, hvor vinduet \u00e5bnes i en h\u00e6ldning stilling, samt mulighed for en indadg\u00e5ende dreje funktion. Der er flere funktionelle kombinationer: drej-kip, kip f\u00f8r drej, kun kip, samt kun drej vinduestyper. Alle disse muligheder er til r\u00e5dighed med synlige og skjulte h\u00e6ngsler. Vinduet kan designes i flere forskellige kombinationer, st\u00f8rrelser, former, dekorative partitioner. Alle individuelle funktioner i produktet kan tilpasses, s\u00e5 det passer til dit hjems behov.\" \/>\n<meta property=\"og:url\" content=\"https:\/\/www.aradas.lt\/da\/vare\/dreje-kip-vinduer-euro-design-70\/\" \/>\n<meta property=\"og:site_name\" content=\"Aradas\" \/>\n<meta property=\"article:modified_time\" content=\"2026-04-22T08:58:33+00:00\" \/>\n<meta property=\"og:image\" content=\"https:\/\/www.aradas.lt\/wp-content\/uploads\/2018\/05\/JEE04_Brillant70_TiltTurn_Aradas.jpg\" \/>\n\t<meta property=\"og:image:width\" content=\"1600\" \/>\n\t<meta property=\"og:image:height\" content=\"1600\" \/>\n\t<meta property=\"og:image:type\" content=\"image\/jpeg\" \/>\n<meta name=\"twitter:card\" content=\"summary_large_image\" \/>\n<meta name=\"twitter:label1\" content=\"Estimeret l\u00e6setid\" \/>\n\t<meta name=\"twitter:data1\" content=\"1 minut\" \/>\n<!-- \/ Yoast SEO plugin. -->","yoast_head_json":{"title":"ARADAS : DREJE-KIP VINDUER | Euro 70","robots":{"index":"index","follow":"follow","max-snippet":"max-snippet:-1","max-image-preview":"max-image-preview:large","max-video-preview":"max-video-preview:-1"},"canonical":"https:\/\/www.aradas.lt\/da\/vare\/dreje-kip-vinduer-euro-design-70\/","og_locale":"da_DK","og_type":"article","og_title":"ARADAS : DREJE-KIP VINDUER | Euro 70","og_description":"MED DE GODKENDTE REHAU KVALITETSSTANDARDER ER EURO 70 EN AF ARADAS MEST \u00d8KONOMISKE OG ALSIDIGE PRODUKTER  Vores teknologier og knowhow g\u00f8r det muligt at have et vindue med b\u00e5de en sikker top-udluftning, hvor vinduet \u00e5bnes i en h\u00e6ldning stilling, samt mulighed for en indadg\u00e5ende dreje funktion. Der er flere funktionelle kombinationer: drej-kip, kip f\u00f8r drej, kun kip, samt kun drej vinduestyper. Alle disse muligheder er til r\u00e5dighed med synlige og skjulte h\u00e6ngsler. Vinduet kan designes i flere forskellige kombinationer, st\u00f8rrelser, former, dekorative partitioner. Alle individuelle funktioner i produktet kan tilpasses, s\u00e5 det passer til dit hjems behov.","og_url":"https:\/\/www.aradas.lt\/da\/vare\/dreje-kip-vinduer-euro-design-70\/","og_site_name":"Aradas","article_modified_time":"2026-04-22T08:58:33+00:00","og_image":[{"width":1600,"height":1600,"url":"https:\/\/www.aradas.lt\/wp-content\/uploads\/2018\/05\/JEE04_Brillant70_TiltTurn_Aradas.jpg","type":"image\/jpeg"}],"twitter_card":"summary_large_image","twitter_misc":{"Estimeret l\u00e6setid":"1 minut"},"schema":{"@context":"https:\/\/schema.org","@graph":[{"@type":"WebPage","@id":"https:\/\/www.aradas.lt\/da\/vare\/dreje-kip-vinduer-euro-design-70\/","url":"https:\/\/www.aradas.lt\/da\/vare\/dreje-kip-vinduer-euro-design-70\/","name":"ARADAS : DREJE-KIP VINDUER | Euro 70","isPartOf":{"@id":"https:\/\/www.aradas.lt\/#website"},"primaryImageOfPage":{"@id":"https:\/\/www.aradas.lt\/da\/vare\/dreje-kip-vinduer-euro-design-70\/#primaryimage"},"image":{"@id":"https:\/\/www.aradas.lt\/da\/vare\/dreje-kip-vinduer-euro-design-70\/#primaryimage"},"thumbnailUrl":"https:\/\/www.aradas.lt\/wp-content\/uploads\/2018\/05\/JEE04_Brillant70_TiltTurn_Aradas.jpg","datePublished":"2018-05-29T12:10:59+00:00","dateModified":"2026-04-22T08:58:33+00:00","breadcrumb":{"@id":"https:\/\/www.aradas.lt\/da\/vare\/dreje-kip-vinduer-euro-design-70\/#breadcrumb"},"inLanguage":"da-DK","potentialAction":[{"@type":"ReadAction","target":["https:\/\/www.aradas.lt\/da\/vare\/dreje-kip-vinduer-euro-design-70\/"]}]},{"@type":"ImageObject","inLanguage":"da-DK","@id":"https:\/\/www.aradas.lt\/da\/vare\/dreje-kip-vinduer-euro-design-70\/#primaryimage","url":"https:\/\/www.aradas.lt\/wp-content\/uploads\/2018\/05\/JEE04_Brillant70_TiltTurn_Aradas.jpg","contentUrl":"https:\/\/www.aradas.lt\/wp-content\/uploads\/2018\/05\/JEE04_Brillant70_TiltTurn_Aradas.jpg","width":1600,"height":1600},{"@type":"BreadcrumbList","@id":"https:\/\/www.aradas.lt\/da\/vare\/dreje-kip-vinduer-euro-design-70\/#breadcrumb","itemListElement":[{"@type":"ListItem","position":1,"name":"Home","item":"https:\/\/www.aradas.lt\/da\/"},{"@type":"ListItem","position":2,"name":"Shop","item":"https:\/\/www.aradas.lt\/shop\/"},{"@type":"ListItem","position":3,"name":"DREJE-KIP VINDUER | Euro 70"}]},{"@type":"WebSite","@id":"https:\/\/www.aradas.lt\/#website","url":"https:\/\/www.aradas.lt\/","name":"Aradas","description":"Vinduer og D\u00f8re","publisher":{"@id":"https:\/\/www.aradas.lt\/#organization"},"potentialAction":[{"@type":"SearchAction","target":{"@type":"EntryPoint","urlTemplate":"https:\/\/www.aradas.lt\/?s={search_term_string}"},"query-input":"required name=search_term_string"}],"inLanguage":"da-DK"},{"@type":"Organization","@id":"https:\/\/www.aradas.lt\/#organization","name":"ARADAS : Windows and Doors","url":"https:\/\/www.aradas.lt\/","logo":{"@type":"ImageObject","inLanguage":"da-DK","@id":"https:\/\/www.aradas.lt\/#\/schema\/logo\/image\/","url":"https:\/\/www.aradas.lt\/wp-content\/uploads\/2018\/02\/logo-60h.png","contentUrl":"https:\/\/www.aradas.lt\/wp-content\/uploads\/2018\/02\/logo-60h.png","width":374,"height":60,"caption":"ARADAS : Windows and Doors"},"image":{"@id":"https:\/\/www.aradas.lt\/#\/schema\/logo\/image\/"}}]}},"_links":{"self":[{"href":"https:\/\/www.aradas.lt\/da\/wp-json\/wp\/v2\/product\/8353"}],"collection":[{"href":"https:\/\/www.aradas.lt\/da\/wp-json\/wp\/v2\/product"}],"about":[{"href":"https:\/\/www.aradas.lt\/da\/wp-json\/wp\/v2\/types\/product"}],"wp:featuredmedia":[{"embeddable":true,"href":"https:\/\/www.aradas.lt\/da\/wp-json\/wp\/v2\/media\/7294"}],"wp:attachment":[{"href":"https:\/\/www.aradas.lt\/da\/wp-json\/wp\/v2\/media?parent=8353"}],"wp:term":[{"taxonomy":"product_cat","embeddable":true,"href":"https:\/\/www.aradas.lt\/da\/wp-json\/wp\/v2\/product_cat?post=8353"},{"taxonomy":"product_tag","embeddable":true,"href":"https:\/\/www.aradas.lt\/da\/wp-json\/wp\/v2\/product_tag?post=8353"}],"curies":[{"name":"wp","href":"https:\/\/api.w.org\/{rel}","templated":true}]}}