{"id":8676,"date":"2018-05-17T06:36:23","date_gmt":"2018-05-17T08:36:23","guid":{"rendered":"https:\/\/www.aradas.lt\/product\/facade-fws-50\/"},"modified":"2025-05-23T08:11:37","modified_gmt":"2025-05-23T10:11:37","slug":"facader-fws-50","status":"publish","type":"product","link":"https:\/\/www.aradas.lt\/da\/vare\/facader-fws-50\/","title":{"rendered":"FACADER | Sch\u00fcco FWS 50"},"content":{"rendered":"","protected":false},"excerpt":{"rendered":"<p><span style=\"text-transform: uppercase;\">[aluminium]<\/span><\/p>\n<p>DET MEST POPUL\u00c6RE VALG TIL FA\u00c7ADE L\u00d8SNINGER<\/p>\n<p>Det internationalt anerkendte Sch\u00fcco FWS 50 standardfacadesystem tilbyder designfrihed, ydeevne, energieffektivitet, automatisering og et h\u00f8jt sikkerhedsniveau. Takket v\u00e6re de alsidige l\u00f8sninger er det muligt at opfylde en lang r\u00e6kke arkitektoniske krav til b\u00e5de private og offentlige bygninger.<br \/>\nSystemet giver ogs\u00e5 mulighed for strukturelle glaspartier uden synlige profiler ved at v\u00e6lge SG-moduler.<\/p>\n<p>Kontakt venligst vores salgsteam for yderligere information.<\/p>\n","protected":false},"featured_media":8533,"template":"","meta":{"_acf_changed":false},"product_cat":[226,228],"product_tag":[],"acf":[],"yoast_head":"<!-- This site is optimized with the Yoast SEO plugin v22.9 - https:\/\/yoast.com\/wordpress\/plugins\/seo\/ -->\n<title>ARADAS : FACADER | Sch\u00fcco FWS 50<\/title>\n<meta name=\"robots\" content=\"index, follow, max-snippet:-1, max-image-preview:large, max-video-preview:-1\" \/>\n<link rel=\"canonical\" href=\"https:\/\/www.aradas.lt\/da\/vare\/facader-fws-50\/\" \/>\n<meta property=\"og:locale\" content=\"da_DK\" \/>\n<meta property=\"og:type\" content=\"article\" \/>\n<meta property=\"og:title\" content=\"ARADAS : FACADER | Sch\u00fcco FWS 50\" \/>\n<meta property=\"og:description\" content=\"DET MEST POPUL\u00c6RE VALG TIL FA\u00c7ADE L\u00d8SNINGER  Det internationalt anerkendte Sch\u00fcco FWS 50 standardfacadesystem tilbyder designfrihed, ydeevne, energieffektivitet, automatisering og et h\u00f8jt sikkerhedsniveau. Takket v\u00e6re de alsidige l\u00f8sninger er det muligt at opfylde en lang r\u00e6kke arkitektoniske krav til b\u00e5de private og offentlige bygninger. Systemet giver ogs\u00e5 mulighed for strukturelle glaspartier uden synlige profiler ved at v\u00e6lge SG-moduler.  Kontakt venligst vores salgsteam for yderligere information.\" \/>\n<meta property=\"og:url\" content=\"https:\/\/www.aradas.lt\/da\/vare\/facader-fws-50\/\" \/>\n<meta property=\"og:site_name\" content=\"Aradas\" \/>\n<meta property=\"article:modified_time\" content=\"2025-05-23T10:11:37+00:00\" \/>\n<meta property=\"og:image\" content=\"https:\/\/www.aradas.lt\/wp-content\/uploads\/2018\/05\/01FWS_50_ARADAS.jpg\" \/>\n\t<meta property=\"og:image:width\" content=\"800\" \/>\n\t<meta property=\"og:image:height\" content=\"800\" \/>\n\t<meta property=\"og:image:type\" content=\"image\/jpeg\" \/>\n<meta name=\"twitter:card\" content=\"summary_large_image\" \/>\n<meta name=\"twitter:label1\" content=\"Estimeret l\u00e6setid\" \/>\n\t<meta name=\"twitter:data1\" content=\"1 minut\" \/>\n<!-- \/ Yoast SEO plugin. -->","yoast_head_json":{"title":"ARADAS : FACADER | Sch\u00fcco FWS 50","robots":{"index":"index","follow":"follow","max-snippet":"max-snippet:-1","max-image-preview":"max-image-preview:large","max-video-preview":"max-video-preview:-1"},"canonical":"https:\/\/www.aradas.lt\/da\/vare\/facader-fws-50\/","og_locale":"da_DK","og_type":"article","og_title":"ARADAS : FACADER | Sch\u00fcco FWS 50","og_description":"DET MEST POPUL\u00c6RE VALG TIL FA\u00c7ADE L\u00d8SNINGER  Det internationalt anerkendte Sch\u00fcco FWS 50 standardfacadesystem tilbyder designfrihed, ydeevne, energieffektivitet, automatisering og et h\u00f8jt sikkerhedsniveau. Takket v\u00e6re de alsidige l\u00f8sninger er det muligt at opfylde en lang r\u00e6kke arkitektoniske krav til b\u00e5de private og offentlige bygninger. Systemet giver ogs\u00e5 mulighed for strukturelle glaspartier uden synlige profiler ved at v\u00e6lge SG-moduler.  Kontakt venligst vores salgsteam for yderligere information.","og_url":"https:\/\/www.aradas.lt\/da\/vare\/facader-fws-50\/","og_site_name":"Aradas","article_modified_time":"2025-05-23T10:11:37+00:00","og_image":[{"width":800,"height":800,"url":"https:\/\/www.aradas.lt\/wp-content\/uploads\/2018\/05\/01FWS_50_ARADAS.jpg","type":"image\/jpeg"}],"twitter_card":"summary_large_image","twitter_misc":{"Estimeret l\u00e6setid":"1 minut"},"schema":{"@context":"https:\/\/schema.org","@graph":[{"@type":"WebPage","@id":"https:\/\/www.aradas.lt\/da\/vare\/facader-fws-50\/","url":"https:\/\/www.aradas.lt\/da\/vare\/facader-fws-50\/","name":"ARADAS : FACADER | Sch\u00fcco FWS 50","isPartOf":{"@id":"https:\/\/www.aradas.lt\/#website"},"primaryImageOfPage":{"@id":"https:\/\/www.aradas.lt\/da\/vare\/facader-fws-50\/#primaryimage"},"image":{"@id":"https:\/\/www.aradas.lt\/da\/vare\/facader-fws-50\/#primaryimage"},"thumbnailUrl":"https:\/\/www.aradas.lt\/wp-content\/uploads\/2018\/05\/01FWS_50_ARADAS.jpg","datePublished":"2018-05-17T08:36:23+00:00","dateModified":"2025-05-23T10:11:37+00:00","breadcrumb":{"@id":"https:\/\/www.aradas.lt\/da\/vare\/facader-fws-50\/#breadcrumb"},"inLanguage":"da-DK","potentialAction":[{"@type":"ReadAction","target":["https:\/\/www.aradas.lt\/da\/vare\/facader-fws-50\/"]}]},{"@type":"ImageObject","inLanguage":"da-DK","@id":"https:\/\/www.aradas.lt\/da\/vare\/facader-fws-50\/#primaryimage","url":"https:\/\/www.aradas.lt\/wp-content\/uploads\/2018\/05\/01FWS_50_ARADAS.jpg","contentUrl":"https:\/\/www.aradas.lt\/wp-content\/uploads\/2018\/05\/01FWS_50_ARADAS.jpg","width":800,"height":800},{"@type":"BreadcrumbList","@id":"https:\/\/www.aradas.lt\/da\/vare\/facader-fws-50\/#breadcrumb","itemListElement":[{"@type":"ListItem","position":1,"name":"Home","item":"https:\/\/www.aradas.lt\/da\/"},{"@type":"ListItem","position":2,"name":"Shop","item":"https:\/\/www.aradas.lt\/shop\/"},{"@type":"ListItem","position":3,"name":"FACADER | Sch\u00fcco FWS 50"}]},{"@type":"WebSite","@id":"https:\/\/www.aradas.lt\/#website","url":"https:\/\/www.aradas.lt\/","name":"Aradas","description":"Vinduer og D\u00f8re","publisher":{"@id":"https:\/\/www.aradas.lt\/#organization"},"potentialAction":[{"@type":"SearchAction","target":{"@type":"EntryPoint","urlTemplate":"https:\/\/www.aradas.lt\/?s={search_term_string}"},"query-input":"required name=search_term_string"}],"inLanguage":"da-DK"},{"@type":"Organization","@id":"https:\/\/www.aradas.lt\/#organization","name":"ARADAS : Windows and Doors","url":"https:\/\/www.aradas.lt\/","logo":{"@type":"ImageObject","inLanguage":"da-DK","@id":"https:\/\/www.aradas.lt\/#\/schema\/logo\/image\/","url":"https:\/\/www.aradas.lt\/wp-content\/uploads\/2018\/02\/logo-60h.png","contentUrl":"https:\/\/www.aradas.lt\/wp-content\/uploads\/2018\/02\/logo-60h.png","width":374,"height":60,"caption":"ARADAS : Windows and Doors"},"image":{"@id":"https:\/\/www.aradas.lt\/#\/schema\/logo\/image\/"}}]}},"_links":{"self":[{"href":"https:\/\/www.aradas.lt\/da\/wp-json\/wp\/v2\/product\/8676"}],"collection":[{"href":"https:\/\/www.aradas.lt\/da\/wp-json\/wp\/v2\/product"}],"about":[{"href":"https:\/\/www.aradas.lt\/da\/wp-json\/wp\/v2\/types\/product"}],"wp:featuredmedia":[{"embeddable":true,"href":"https:\/\/www.aradas.lt\/da\/wp-json\/wp\/v2\/media\/8533"}],"wp:attachment":[{"href":"https:\/\/www.aradas.lt\/da\/wp-json\/wp\/v2\/media?parent=8676"}],"wp:term":[{"taxonomy":"product_cat","embeddable":true,"href":"https:\/\/www.aradas.lt\/da\/wp-json\/wp\/v2\/product_cat?post=8676"},{"taxonomy":"product_tag","embeddable":true,"href":"https:\/\/www.aradas.lt\/da\/wp-json\/wp\/v2\/product_tag?post=8676"}],"curies":[{"name":"wp","href":"https:\/\/api.w.org\/{rel}","templated":true}]}}