{"id":8677,"date":"2018-05-17T06:33:30","date_gmt":"2018-05-17T08:33:30","guid":{"rendered":"https:\/\/www.aradas.lt\/product\/facade-fws-35-pd\/"},"modified":"2025-05-27T10:29:26","modified_gmt":"2025-05-27T12:29:26","slug":"facader-fws-35-pd","status":"publish","type":"product","link":"https:\/\/www.aradas.lt\/da\/vare\/facader-fws-35-pd\/","title":{"rendered":"FACADER | FWS 35 PD"},"content":{"rendered":"","protected":false},"excerpt":{"rendered":"<p><span style=\"text-transform: uppercase;\">[aluminium]<\/span><\/p>\n<p>PANORAMA DESIGN FACADE, N\u00c5R DEN \u00c6STETISKE V\u00c6RDI ER ESSENTIEL<\/p>\n<p>Vinduerne g\u00f8r et bem\u00e6rkelsesv\u00e6rdigt bidrag til livskvaliteten. Glasamling giver mulighed for imponerende gennemsigtighed og fjerner n\u00e6sten den visuele barriere mellem indend\u00f8rs- og udend\u00f8rsomr\u00e5det.<br \/>\nFWS 35 PD -facadesystem kombinerer fleksible varmeisolationsniveauer, vandt\u00e6thed, sikkerhed, intelligent funktionalitet med harmoniske, tidl\u00f8se og talrige individualiserede designl\u00f8sninger. Det betyder, at der er n\u00e6sten ingen gr\u00e6nser for kreativitet.<br \/>\nFWS 35 PD Panorama Design facadesystem er i 2017 iF Design Awards blevet h\u00e6dret med \u201cguld\u201d<br \/>\nMed det avancerede FWS 35 PD Panorama Design-facadesystem er det muligt at opn\u00e5 let og luftig arkitektur med maksimal gennemsigtighed.<br \/>\nKontakt venligst vores salgsteam for yderligere information.<\/p>\n","protected":false},"featured_media":8482,"template":"","meta":{"_acf_changed":false},"product_cat":[226,228],"product_tag":[],"acf":[],"yoast_head":"<!-- This site is optimized with the Yoast SEO plugin v22.9 - https:\/\/yoast.com\/wordpress\/plugins\/seo\/ -->\n<title>ARADAS : FACADER | FWS 35 PD<\/title>\n<meta name=\"robots\" content=\"index, follow, max-snippet:-1, max-image-preview:large, max-video-preview:-1\" \/>\n<link rel=\"canonical\" href=\"https:\/\/www.aradas.lt\/da\/vare\/facader-fws-35-pd\/\" \/>\n<meta property=\"og:locale\" content=\"da_DK\" \/>\n<meta property=\"og:type\" content=\"article\" \/>\n<meta property=\"og:title\" content=\"ARADAS : FACADER | FWS 35 PD\" \/>\n<meta property=\"og:description\" content=\"PANORAMA DESIGN FACADE, N\u00c5R DEN \u00c6STETISKE V\u00c6RDI ER ESSENTIEL  Vinduerne g\u00f8r et bem\u00e6rkelsesv\u00e6rdigt bidrag til livskvaliteten. Glasamling giver mulighed for imponerende gennemsigtighed og fjerner n\u00e6sten den visuele barriere mellem indend\u00f8rs- og udend\u00f8rsomr\u00e5det. FWS 35 PD -facadesystem kombinerer fleksible varmeisolationsniveauer, vandt\u00e6thed, sikkerhed, intelligent funktionalitet med harmoniske, tidl\u00f8se og talrige individualiserede designl\u00f8sninger. Det betyder, at der er n\u00e6sten ingen gr\u00e6nser for kreativitet. FWS 35 PD Panorama Design facadesystem er i 2017 iF Design Awards blevet h\u00e6dret med \u201cguld\u201d Med det avancerede FWS 35 PD Panorama Design-facadesystem er det muligt at opn\u00e5 let og luftig arkitektur med maksimal gennemsigtighed. Kontakt venligst vores salgsteam for yderligere information.\" \/>\n<meta property=\"og:url\" content=\"https:\/\/www.aradas.lt\/da\/vare\/facader-fws-35-pd\/\" \/>\n<meta property=\"og:site_name\" content=\"Aradas\" \/>\n<meta property=\"article:modified_time\" content=\"2025-05-27T12:29:26+00:00\" \/>\n<meta property=\"og:image\" content=\"https:\/\/www.aradas.lt\/wp-content\/uploads\/2018\/05\/02_FWS_35_PD_ARADAS.jpg\" \/>\n\t<meta property=\"og:image:width\" content=\"800\" \/>\n\t<meta property=\"og:image:height\" content=\"800\" \/>\n\t<meta property=\"og:image:type\" content=\"image\/jpeg\" \/>\n<meta name=\"twitter:card\" content=\"summary_large_image\" \/>\n<meta name=\"twitter:label1\" content=\"Estimeret l\u00e6setid\" \/>\n\t<meta name=\"twitter:data1\" content=\"1 minut\" \/>\n<!-- \/ Yoast SEO plugin. -->","yoast_head_json":{"title":"ARADAS : FACADER | FWS 35 PD","robots":{"index":"index","follow":"follow","max-snippet":"max-snippet:-1","max-image-preview":"max-image-preview:large","max-video-preview":"max-video-preview:-1"},"canonical":"https:\/\/www.aradas.lt\/da\/vare\/facader-fws-35-pd\/","og_locale":"da_DK","og_type":"article","og_title":"ARADAS : FACADER | FWS 35 PD","og_description":"PANORAMA DESIGN FACADE, N\u00c5R DEN \u00c6STETISKE V\u00c6RDI ER ESSENTIEL  Vinduerne g\u00f8r et bem\u00e6rkelsesv\u00e6rdigt bidrag til livskvaliteten. Glasamling giver mulighed for imponerende gennemsigtighed og fjerner n\u00e6sten den visuele barriere mellem indend\u00f8rs- og udend\u00f8rsomr\u00e5det. FWS 35 PD -facadesystem kombinerer fleksible varmeisolationsniveauer, vandt\u00e6thed, sikkerhed, intelligent funktionalitet med harmoniske, tidl\u00f8se og talrige individualiserede designl\u00f8sninger. Det betyder, at der er n\u00e6sten ingen gr\u00e6nser for kreativitet. FWS 35 PD Panorama Design facadesystem er i 2017 iF Design Awards blevet h\u00e6dret med \u201cguld\u201d Med det avancerede FWS 35 PD Panorama Design-facadesystem er det muligt at opn\u00e5 let og luftig arkitektur med maksimal gennemsigtighed. Kontakt venligst vores salgsteam for yderligere information.","og_url":"https:\/\/www.aradas.lt\/da\/vare\/facader-fws-35-pd\/","og_site_name":"Aradas","article_modified_time":"2025-05-27T12:29:26+00:00","og_image":[{"width":800,"height":800,"url":"https:\/\/www.aradas.lt\/wp-content\/uploads\/2018\/05\/02_FWS_35_PD_ARADAS.jpg","type":"image\/jpeg"}],"twitter_card":"summary_large_image","twitter_misc":{"Estimeret l\u00e6setid":"1 minut"},"schema":{"@context":"https:\/\/schema.org","@graph":[{"@type":"WebPage","@id":"https:\/\/www.aradas.lt\/da\/vare\/facader-fws-35-pd\/","url":"https:\/\/www.aradas.lt\/da\/vare\/facader-fws-35-pd\/","name":"ARADAS : FACADER | FWS 35 PD","isPartOf":{"@id":"https:\/\/www.aradas.lt\/#website"},"primaryImageOfPage":{"@id":"https:\/\/www.aradas.lt\/da\/vare\/facader-fws-35-pd\/#primaryimage"},"image":{"@id":"https:\/\/www.aradas.lt\/da\/vare\/facader-fws-35-pd\/#primaryimage"},"thumbnailUrl":"https:\/\/www.aradas.lt\/wp-content\/uploads\/2018\/05\/02_FWS_35_PD_ARADAS.jpg","datePublished":"2018-05-17T08:33:30+00:00","dateModified":"2025-05-27T12:29:26+00:00","breadcrumb":{"@id":"https:\/\/www.aradas.lt\/da\/vare\/facader-fws-35-pd\/#breadcrumb"},"inLanguage":"da-DK","potentialAction":[{"@type":"ReadAction","target":["https:\/\/www.aradas.lt\/da\/vare\/facader-fws-35-pd\/"]}]},{"@type":"ImageObject","inLanguage":"da-DK","@id":"https:\/\/www.aradas.lt\/da\/vare\/facader-fws-35-pd\/#primaryimage","url":"https:\/\/www.aradas.lt\/wp-content\/uploads\/2018\/05\/02_FWS_35_PD_ARADAS.jpg","contentUrl":"https:\/\/www.aradas.lt\/wp-content\/uploads\/2018\/05\/02_FWS_35_PD_ARADAS.jpg","width":800,"height":800},{"@type":"BreadcrumbList","@id":"https:\/\/www.aradas.lt\/da\/vare\/facader-fws-35-pd\/#breadcrumb","itemListElement":[{"@type":"ListItem","position":1,"name":"Home","item":"https:\/\/www.aradas.lt\/da\/"},{"@type":"ListItem","position":2,"name":"Shop","item":"https:\/\/www.aradas.lt\/shop\/"},{"@type":"ListItem","position":3,"name":"FACADER | FWS 35 PD"}]},{"@type":"WebSite","@id":"https:\/\/www.aradas.lt\/#website","url":"https:\/\/www.aradas.lt\/","name":"Aradas","description":"Vinduer og D\u00f8re","publisher":{"@id":"https:\/\/www.aradas.lt\/#organization"},"potentialAction":[{"@type":"SearchAction","target":{"@type":"EntryPoint","urlTemplate":"https:\/\/www.aradas.lt\/?s={search_term_string}"},"query-input":"required name=search_term_string"}],"inLanguage":"da-DK"},{"@type":"Organization","@id":"https:\/\/www.aradas.lt\/#organization","name":"ARADAS : Windows and Doors","url":"https:\/\/www.aradas.lt\/","logo":{"@type":"ImageObject","inLanguage":"da-DK","@id":"https:\/\/www.aradas.lt\/#\/schema\/logo\/image\/","url":"https:\/\/www.aradas.lt\/wp-content\/uploads\/2018\/02\/logo-60h.png","contentUrl":"https:\/\/www.aradas.lt\/wp-content\/uploads\/2018\/02\/logo-60h.png","width":374,"height":60,"caption":"ARADAS : Windows and Doors"},"image":{"@id":"https:\/\/www.aradas.lt\/#\/schema\/logo\/image\/"}}]}},"_links":{"self":[{"href":"https:\/\/www.aradas.lt\/da\/wp-json\/wp\/v2\/product\/8677"}],"collection":[{"href":"https:\/\/www.aradas.lt\/da\/wp-json\/wp\/v2\/product"}],"about":[{"href":"https:\/\/www.aradas.lt\/da\/wp-json\/wp\/v2\/types\/product"}],"wp:featuredmedia":[{"embeddable":true,"href":"https:\/\/www.aradas.lt\/da\/wp-json\/wp\/v2\/media\/8482"}],"wp:attachment":[{"href":"https:\/\/www.aradas.lt\/da\/wp-json\/wp\/v2\/media?parent=8677"}],"wp:term":[{"taxonomy":"product_cat","embeddable":true,"href":"https:\/\/www.aradas.lt\/da\/wp-json\/wp\/v2\/product_cat?post=8677"},{"taxonomy":"product_tag","embeddable":true,"href":"https:\/\/www.aradas.lt\/da\/wp-json\/wp\/v2\/product_tag?post=8677"}],"curies":[{"name":"wp","href":"https:\/\/api.w.org\/{rel}","templated":true}]}}