{"id":8688,"date":"2018-05-17T05:44:35","date_gmt":"2018-05-17T07:44:35","guid":{"rendered":"https:\/\/www.aradas.lt\/product\/window-aws-70-hi\/"},"modified":"2025-05-27T10:04:37","modified_gmt":"2025-05-27T12:04:37","slug":"vinduer-aws-70-hi-70-bs-hi","status":"publish","type":"product","link":"https:\/\/www.aradas.lt\/da\/vare\/vinduer-aws-70-hi-70-bs-hi\/","title":{"rendered":"VINDUER | Sch\u00fcco AWS 70.HI\/ 70 BS.HI"},"content":{"rendered":"","protected":false},"excerpt":{"rendered":"<p><span style=\"text-transform: uppercase;\">[aluminium][window-system]<\/span><\/p>\n<p>VINDUESSYSTEM AF H\u00d8J KVALITET MED ET BREDT L\u00d8SNINGSSPEKTRUM<\/p>\n<p>AWS 70.HI\/70 BS.HI vindue system kombinerer h\u00f8je varmeisolationsniveauer, vejrt\u00e6thed, sikkerhed, intelligent funktionalitet og holdbarhed med harmonisk, tidl\u00f8st design.<br \/>\nVinduer kan tilbydes med sp\u00e6ndende l\u00f8sniner som: Automatisk betjent TipTronic e-moduler, som underst\u00f8tter \u00e5bning- og lukkesystemet og sikrer maksimal komfort og sikkerhed under drift. AvanTec\u2019s skjulte beslag g\u00f8r det muligt at \u00e5bne \u00e5bninger op til 180 \u00b0 i storformat.<br \/>\nKontakt venligst vores salgsteam for yderligere information.<\/p>\n","protected":false},"featured_media":13928,"template":"","meta":{"_acf_changed":false},"product_cat":[226,230],"product_tag":[],"acf":[],"yoast_head":"<!-- This site is optimized with the Yoast SEO plugin v22.9 - https:\/\/yoast.com\/wordpress\/plugins\/seo\/ -->\n<title>ARADAS : VINDUER | Sch\u00fcco AWS 70.HI\/ 70 BS.HI<\/title>\n<meta name=\"robots\" content=\"index, follow, max-snippet:-1, max-image-preview:large, max-video-preview:-1\" \/>\n<link rel=\"canonical\" href=\"https:\/\/www.aradas.lt\/da\/vare\/vinduer-aws-70-hi-70-bs-hi\/\" \/>\n<meta property=\"og:locale\" content=\"da_DK\" \/>\n<meta property=\"og:type\" content=\"article\" \/>\n<meta property=\"og:title\" content=\"ARADAS : VINDUER | Sch\u00fcco AWS 70.HI\/ 70 BS.HI\" \/>\n<meta property=\"og:description\" content=\"VINDUESSYSTEM AF H\u00d8J KVALITET MED ET BREDT L\u00d8SNINGSSPEKTRUM  AWS 70.HI\/70 BS.HI vindue system kombinerer h\u00f8je varmeisolationsniveauer, vejrt\u00e6thed, sikkerhed, intelligent funktionalitet og holdbarhed med harmonisk, tidl\u00f8st design. Vinduer kan tilbydes med sp\u00e6ndende l\u00f8sniner som: Automatisk betjent TipTronic e-moduler, som underst\u00f8tter \u00e5bning- og lukkesystemet og sikrer maksimal komfort og sikkerhed under drift. AvanTec\u2019s skjulte beslag g\u00f8r det muligt at \u00e5bne \u00e5bninger op til 180 \u00b0 i storformat. Kontakt venligst vores salgsteam for yderligere information.\" \/>\n<meta property=\"og:url\" content=\"https:\/\/www.aradas.lt\/da\/vare\/vinduer-aws-70-hi-70-bs-hi\/\" \/>\n<meta property=\"og:site_name\" content=\"Aradas\" \/>\n<meta property=\"article:modified_time\" content=\"2025-05-27T12:04:37+00:00\" \/>\n<meta property=\"og:image\" content=\"https:\/\/www.aradas.lt\/wp-content\/uploads\/2018\/05\/AWS_70_HI_s_Daemmkeil-1.jpg\" \/>\n\t<meta property=\"og:image:width\" content=\"800\" \/>\n\t<meta property=\"og:image:height\" content=\"800\" \/>\n\t<meta property=\"og:image:type\" content=\"image\/jpeg\" \/>\n<meta name=\"twitter:card\" content=\"summary_large_image\" \/>\n<meta name=\"twitter:label1\" content=\"Estimeret l\u00e6setid\" \/>\n\t<meta name=\"twitter:data1\" content=\"1 minut\" \/>\n<!-- \/ Yoast SEO plugin. -->","yoast_head_json":{"title":"ARADAS : VINDUER | Sch\u00fcco AWS 70.HI\/ 70 BS.HI","robots":{"index":"index","follow":"follow","max-snippet":"max-snippet:-1","max-image-preview":"max-image-preview:large","max-video-preview":"max-video-preview:-1"},"canonical":"https:\/\/www.aradas.lt\/da\/vare\/vinduer-aws-70-hi-70-bs-hi\/","og_locale":"da_DK","og_type":"article","og_title":"ARADAS : VINDUER | Sch\u00fcco AWS 70.HI\/ 70 BS.HI","og_description":"VINDUESSYSTEM AF H\u00d8J KVALITET MED ET BREDT L\u00d8SNINGSSPEKTRUM  AWS 70.HI\/70 BS.HI vindue system kombinerer h\u00f8je varmeisolationsniveauer, vejrt\u00e6thed, sikkerhed, intelligent funktionalitet og holdbarhed med harmonisk, tidl\u00f8st design. Vinduer kan tilbydes med sp\u00e6ndende l\u00f8sniner som: Automatisk betjent TipTronic e-moduler, som underst\u00f8tter \u00e5bning- og lukkesystemet og sikrer maksimal komfort og sikkerhed under drift. AvanTec\u2019s skjulte beslag g\u00f8r det muligt at \u00e5bne \u00e5bninger op til 180 \u00b0 i storformat. Kontakt venligst vores salgsteam for yderligere information.","og_url":"https:\/\/www.aradas.lt\/da\/vare\/vinduer-aws-70-hi-70-bs-hi\/","og_site_name":"Aradas","article_modified_time":"2025-05-27T12:04:37+00:00","og_image":[{"width":800,"height":800,"url":"https:\/\/www.aradas.lt\/wp-content\/uploads\/2018\/05\/AWS_70_HI_s_Daemmkeil-1.jpg","type":"image\/jpeg"}],"twitter_card":"summary_large_image","twitter_misc":{"Estimeret l\u00e6setid":"1 minut"},"schema":{"@context":"https:\/\/schema.org","@graph":[{"@type":"WebPage","@id":"https:\/\/www.aradas.lt\/da\/vare\/vinduer-aws-70-hi-70-bs-hi\/","url":"https:\/\/www.aradas.lt\/da\/vare\/vinduer-aws-70-hi-70-bs-hi\/","name":"ARADAS : VINDUER | Sch\u00fcco AWS 70.HI\/ 70 BS.HI","isPartOf":{"@id":"https:\/\/www.aradas.lt\/#website"},"primaryImageOfPage":{"@id":"https:\/\/www.aradas.lt\/da\/vare\/vinduer-aws-70-hi-70-bs-hi\/#primaryimage"},"image":{"@id":"https:\/\/www.aradas.lt\/da\/vare\/vinduer-aws-70-hi-70-bs-hi\/#primaryimage"},"thumbnailUrl":"https:\/\/www.aradas.lt\/wp-content\/uploads\/2018\/05\/AWS_70_HI_s_Daemmkeil-1.jpg","datePublished":"2018-05-17T07:44:35+00:00","dateModified":"2025-05-27T12:04:37+00:00","breadcrumb":{"@id":"https:\/\/www.aradas.lt\/da\/vare\/vinduer-aws-70-hi-70-bs-hi\/#breadcrumb"},"inLanguage":"da-DK","potentialAction":[{"@type":"ReadAction","target":["https:\/\/www.aradas.lt\/da\/vare\/vinduer-aws-70-hi-70-bs-hi\/"]}]},{"@type":"ImageObject","inLanguage":"da-DK","@id":"https:\/\/www.aradas.lt\/da\/vare\/vinduer-aws-70-hi-70-bs-hi\/#primaryimage","url":"https:\/\/www.aradas.lt\/wp-content\/uploads\/2018\/05\/AWS_70_HI_s_Daemmkeil-1.jpg","contentUrl":"https:\/\/www.aradas.lt\/wp-content\/uploads\/2018\/05\/AWS_70_HI_s_Daemmkeil-1.jpg","width":800,"height":800},{"@type":"BreadcrumbList","@id":"https:\/\/www.aradas.lt\/da\/vare\/vinduer-aws-70-hi-70-bs-hi\/#breadcrumb","itemListElement":[{"@type":"ListItem","position":1,"name":"Home","item":"https:\/\/www.aradas.lt\/da\/"},{"@type":"ListItem","position":2,"name":"Shop","item":"https:\/\/www.aradas.lt\/shop\/"},{"@type":"ListItem","position":3,"name":"VINDUER | Sch\u00fcco AWS 70.HI\/ 70 BS.HI"}]},{"@type":"WebSite","@id":"https:\/\/www.aradas.lt\/#website","url":"https:\/\/www.aradas.lt\/","name":"Aradas","description":"Vinduer og D\u00f8re","publisher":{"@id":"https:\/\/www.aradas.lt\/#organization"},"potentialAction":[{"@type":"SearchAction","target":{"@type":"EntryPoint","urlTemplate":"https:\/\/www.aradas.lt\/?s={search_term_string}"},"query-input":"required name=search_term_string"}],"inLanguage":"da-DK"},{"@type":"Organization","@id":"https:\/\/www.aradas.lt\/#organization","name":"ARADAS : Windows and Doors","url":"https:\/\/www.aradas.lt\/","logo":{"@type":"ImageObject","inLanguage":"da-DK","@id":"https:\/\/www.aradas.lt\/#\/schema\/logo\/image\/","url":"https:\/\/www.aradas.lt\/wp-content\/uploads\/2018\/02\/logo-60h.png","contentUrl":"https:\/\/www.aradas.lt\/wp-content\/uploads\/2018\/02\/logo-60h.png","width":374,"height":60,"caption":"ARADAS : Windows and Doors"},"image":{"@id":"https:\/\/www.aradas.lt\/#\/schema\/logo\/image\/"}}]}},"_links":{"self":[{"href":"https:\/\/www.aradas.lt\/da\/wp-json\/wp\/v2\/product\/8688"}],"collection":[{"href":"https:\/\/www.aradas.lt\/da\/wp-json\/wp\/v2\/product"}],"about":[{"href":"https:\/\/www.aradas.lt\/da\/wp-json\/wp\/v2\/types\/product"}],"wp:featuredmedia":[{"embeddable":true,"href":"https:\/\/www.aradas.lt\/da\/wp-json\/wp\/v2\/media\/13928"}],"wp:attachment":[{"href":"https:\/\/www.aradas.lt\/da\/wp-json\/wp\/v2\/media?parent=8688"}],"wp:term":[{"taxonomy":"product_cat","embeddable":true,"href":"https:\/\/www.aradas.lt\/da\/wp-json\/wp\/v2\/product_cat?post=8688"},{"taxonomy":"product_tag","embeddable":true,"href":"https:\/\/www.aradas.lt\/da\/wp-json\/wp\/v2\/product_tag?post=8688"}],"curies":[{"name":"wp","href":"https:\/\/api.w.org\/{rel}","templated":true}]}}