{"id":23020,"date":"2022-04-29T04:29:26","date_gmt":"2022-04-29T06:29:26","guid":{"rendered":"https:\/\/www.aradas.lt\/es-support\/"},"modified":"2023-08-21T11:02:01","modified_gmt":"2023-08-21T13:02:01","slug":"es-parama","status":"publish","type":"page","link":"https:\/\/www.aradas.lt\/lt\/es-parama\/","title":{"rendered":"ES parama"},"content":{"rendered":"<section id=\"bt_bb_section6a01e9432d0e8\" class=\"bt_bb_section bt_bb_layout_boxed_1200 bt_bb_vertical_align_top bt_bb_top_spacing_medium bt_bb_bottom_spacing_medium\"  data-bt-override-class=\"null\"><div class=\"bt_bb_port\"><div class=\"bt_bb_cell\"><div class=\"bt_bb_cell_inner\"><div class=\"bt_bb_row \"  data-bt-override-class=\"{}\"><div class=\"bt_bb_row_holder\" ><div  class=\"bt_bb_column col-xxl-6 col-xl-6 col-xs-12 col-sm-12 col-md-6 col-lg-6 bt_bb_vertical_align_middle bt_bb_align_left bt_bb_padding_normal\"  data-width=\"6\" data-bt-override-class=\"{&quot;bt_bb_align_&quot;:{&quot;current_class&quot;:&quot;bt_bb_align_left&quot;,&quot;xxl&quot;:&quot;left&quot;,&quot;xl&quot;:&quot;left&quot;}}\"><div class=\"bt_bb_column_content\"><div class=\"bt_bb_column_content_inner\"><header class=\"bt_bb_headline bt_bb_font_weight_normal bt_bb_dash_none bt_bb_size_medium bt_bb_align_inherit\" data-bt-override-class=\"{&quot;bt_bb_size_&quot;:{&quot;current_class&quot;:&quot;bt_bb_size_medium&quot;,&quot;xxl&quot;:&quot;medium&quot;,&quot;xl&quot;:&quot;medium&quot;},&quot;bt_bb_align_&quot;:{&quot;current_class&quot;:&quot;bt_bb_align_inherit&quot;,&quot;xxl&quot;:&quot;inherit&quot;,&quot;xl&quot;:&quot;inherit&quot;}}\"><h1 class=\"bt_bb_headline_tag\"><span class=\"bt_bb_headline_content\"><span>ES parama<\/span><\/span><\/h1><\/header><div class=\"bt_bb_separator bt_bb_border_style_none bt_bb_bottom_spacing_medium bt_bb_hidden_sm bt_bb_hidden_md bt_bb_hidden_lg\" data-bt-override-class=\"null\"><\/div><\/div><\/div><\/div><div  class=\"bt_bb_column col-xxl-6 col-xl-6 col-xs-12 col-sm-12 col-md-6 col-lg-6 bt_bb_vertical_align_middle bt_bb_align_right bt_bb_padding_normal\"  data-width=\"6\" data-bt-override-class=\"{&quot;bt_bb_align_&quot;:{&quot;current_class&quot;:&quot;bt_bb_align_right&quot;,&quot;xxl&quot;:&quot;right&quot;,&quot;xl&quot;:&quot;right&quot;,&quot;sm&quot;:&quot;left&quot;,&quot;xs&quot;:&quot;left&quot;}}\"><div class=\"bt_bb_column_content\"><div class=\"bt_bb_column_content_inner\"><div  class=\"bt_bb_text\" ><p><img loading=\"lazy\" decoding=\"async\" class=\"wp-image-24695 alignright\" src=\"https:\/\/www.aradas.lt\/wp-content\/uploads\/2023\/08\/LT-V-Bendrai-finansuoja-Europos-Sajunga_POS_POS-640x580.jpg\" alt=\"\" width=\"422\" height=\"382\" srcset=\"https:\/\/www.aradas.lt\/wp-content\/uploads\/2023\/08\/LT-V-Bendrai-finansuoja-Europos-Sajunga_POS_POS-640x580.jpg 640w, https:\/\/www.aradas.lt\/wp-content\/uploads\/2023\/08\/LT-V-Bendrai-finansuoja-Europos-Sajunga_POS_POS-768x696.jpg 768w, https:\/\/www.aradas.lt\/wp-content\/uploads\/2023\/08\/LT-V-Bendrai-finansuoja-Europos-Sajunga_POS_POS-320x290.jpg 320w, https:\/\/www.aradas.lt\/wp-content\/uploads\/2023\/08\/LT-V-Bendrai-finansuoja-Europos-Sajunga_POS_POS-600x544.jpg 600w, https:\/\/www.aradas.lt\/wp-content\/uploads\/2023\/08\/LT-V-Bendrai-finansuoja-Europos-Sajunga_POS_POS.jpg 1017w\" sizes=\"(max-width: 422px) 100vw, 422px\" \/><\/p>\n<\/div><\/div><\/div><\/div><\/div><\/div><\/div><!-- cell_inner --><\/div><!-- cell --><\/div><!-- port --><\/section><section id=\"team\" class=\"bt_bb_section bt_bb_layout_boxed_1200 bt_bb_vertical_align_top bt_bb_top_spacing_medium bt_bb_bottom_spacing_medium divide\"  data-bt-override-class=\"null\"><div class=\"bt_bb_port\"><div class=\"bt_bb_cell\"><div class=\"bt_bb_cell_inner\"><div class=\"bt_bb_row \"  data-bt-override-class=\"{}\"><div class=\"bt_bb_row_holder\" ><div  class=\"bt_bb_column col-xxl-12 col-xl-12 bt_bb_vertical_align_top bt_bb_align_left bt_bb_padding_normal bt_bb_animation_fade_in animate\"  data-width=\"12\" data-bt-override-class=\"{}\"><div class=\"bt_bb_column_content\"><div class=\"bt_bb_column_content_inner\"><header class=\"bt_bb_headline bt_bb_dash_none bt_bb_size_inherit bt_bb_align_inherit\" data-bt-override-class=\"{&quot;bt_bb_size_&quot;:{&quot;current_class&quot;:&quot;bt_bb_size_inherit&quot;,&quot;xxl&quot;:&quot;inherit&quot;,&quot;xl&quot;:&quot;inherit&quot;},&quot;bt_bb_align_&quot;:{&quot;current_class&quot;:&quot;bt_bb_align_inherit&quot;,&quot;xxl&quot;:&quot;inherit&quot;,&quot;xl&quot;:&quot;inherit&quot;}}\"><h4 class=\"bt_bb_headline_tag\"><span class=\"bt_bb_headline_content\"><span>UAB \u201eARADAS\u201c \u012eGYVENDINA PROJEKT\u0104 \u201eAEI GAMYBOS PAJ\u0116GUM\u0172 \u012eRENGIMAS\u201c<\/span><\/span><\/h4><\/header><div class=\"bt_bb_separator bt_bb_border_style_none bt_bb_bottom_spacing_medium\" data-bt-override-class=\"null\"><\/div><div  class=\"bt_bb_text\" ><p><strong>UAB \u201eAradas\u201c <\/strong>\u012fgyvendina projekt\u0105 \u201eAEI gamybos paj\u0117gum\u0173 \u012frengimas\u201c<\/p>\n<p>UAB \u201eAradas\u201c \u012fgyvendina projekt\u0105 \u201eAEI gamybos paj\u0117gum\u0173 \u012frengimas\u201c, kuris yra dalinai finansuojamas Europos S\u0105jungos fond\u0173 l\u0117\u0161omis. Projekto tikslas &#8211; didinti AEI dalies gamyb\u0105 galutiniame energijos suvartojime.<\/p>\n<p>Projekto \u012fgyvendinimo metu UAB \u201eAradas\u201c savo veikloje \u012fdiegs energijos efektyvumo priemon\u0119 \u2013 saul\u0117s elektrin\u0119, kuri sudarys s\u0105lygas taupyti energij\u0105 ir ma\u017einti elektros s\u0105naudas. Projekto \u012fgyvendinimas taip pat prisid\u0117s prie Lietuvos poveikio klimato kaitai \u0161velninimo, oro tar\u0161os problem\u0173 sprendimo, energetin\u0117s priklausomyb\u0117s nuo importuojam\u0173 energijos i\u0161tekli\u0173 ma\u017einimo.<\/p>\n<p>Projekto tinkam\u0173 finansuoti i\u0161laid\u0173 suma \u2013 180\u00a0655,88 Eur<\/p>\n<p>I\u0161 Europos S\u0105ungos fond\u0173 projekto \u012fgyvendinimui skiriama \u2013 70\u00a0455,79 Eur<\/p>\n<p>Projekto vykdymo prad\u017eia \u2013 2023 m. liepos m\u0117n.<\/p>\n<p>Projekto vykdymo pabaiga \u2013 2025 m. liepos m\u0117n.<\/p>\n<\/div><\/div><\/div><\/div><\/div><\/div><\/div><!-- cell_inner --><\/div><!-- cell --><\/div><!-- port --><\/section><section id=\"team\" class=\"bt_bb_section bt_bb_layout_boxed_1200 bt_bb_vertical_align_top bt_bb_top_spacing_medium bt_bb_bottom_spacing_medium divide\"  data-bt-override-class=\"null\"><div class=\"bt_bb_port\"><div class=\"bt_bb_cell\"><div class=\"bt_bb_cell_inner\"><div class=\"bt_bb_row \"  data-bt-override-class=\"{}\"><div class=\"bt_bb_row_holder\" ><div  class=\"bt_bb_column col-xxl-12 col-xl-12 bt_bb_vertical_align_top bt_bb_align_left bt_bb_padding_normal bt_bb_animation_fade_in animate\"  data-width=\"12\" data-bt-override-class=\"{}\"><div class=\"bt_bb_column_content\"><div class=\"bt_bb_column_content_inner\"><div class=\"bt_bb_separator bt_bb_border_style_none bt_bb_bottom_spacing_medium\" data-bt-override-class=\"null\"><\/div><div class=\"bt_bb_image bt_bb_shape_square bt_bb_target_self bt_bb_align_right bt_bb_hover_style_simple bt_bb_content_display_always bt_bb_content_align_middle\" data-bt-override-class=\"{&quot;bt_bb_align_&quot;:{&quot;current_class&quot;:&quot;bt_bb_align_right&quot;,&quot;xxl&quot;:&quot;right&quot;,&quot;xl&quot;:&quot;right&quot;}}\"><span><img loading=\"lazy\" decoding=\"async\" width=\"640\" height=\"320\" src=\"https:\/\/www.aradas.lt\/wp-content\/uploads\/2023\/08\/03_Viesinimo-zenklas-interneto-svetaines-pranesimui-640x320.jpg\" class=\"attachment-medium size-medium\" alt=\"image description\" data-full_image_src=\"https:\/\/www.aradas.lt\/wp-content\/uploads\/2023\/08\/03_Viesinimo-zenklas-interneto-svetaines-pranesimui.jpg\" title=\"image description\" srcset=\"https:\/\/www.aradas.lt\/wp-content\/uploads\/2023\/08\/03_Viesinimo-zenklas-interneto-svetaines-pranesimui-640x320.jpg 640w, https:\/\/www.aradas.lt\/wp-content\/uploads\/2023\/08\/03_Viesinimo-zenklas-interneto-svetaines-pranesimui-1280x640.jpg 1280w, https:\/\/www.aradas.lt\/wp-content\/uploads\/2023\/08\/03_Viesinimo-zenklas-interneto-svetaines-pranesimui-768x384.jpg 768w, https:\/\/www.aradas.lt\/wp-content\/uploads\/2023\/08\/03_Viesinimo-zenklas-interneto-svetaines-pranesimui-1536x768.jpg 1536w, https:\/\/www.aradas.lt\/wp-content\/uploads\/2023\/08\/03_Viesinimo-zenklas-interneto-svetaines-pranesimui-2048x1024.jpg 2048w, https:\/\/www.aradas.lt\/wp-content\/uploads\/2023\/08\/03_Viesinimo-zenklas-interneto-svetaines-pranesimui-320x160.jpg 320w, https:\/\/www.aradas.lt\/wp-content\/uploads\/2023\/08\/03_Viesinimo-zenklas-interneto-svetaines-pranesimui-600x300.jpg 600w\" sizes=\"(max-width: 640px) 100vw, 640px\" \/><\/span><\/div><header class=\"bt_bb_headline bt_bb_dash_none bt_bb_size_inherit bt_bb_align_inherit\" data-bt-override-class=\"{&quot;bt_bb_size_&quot;:{&quot;current_class&quot;:&quot;bt_bb_size_inherit&quot;,&quot;xxl&quot;:&quot;inherit&quot;,&quot;xl&quot;:&quot;inherit&quot;},&quot;bt_bb_align_&quot;:{&quot;current_class&quot;:&quot;bt_bb_align_inherit&quot;,&quot;xxl&quot;:&quot;inherit&quot;,&quot;xl&quot;:&quot;inherit&quot;}}\"><h4 class=\"bt_bb_headline_tag\"><span class=\"bt_bb_headline_content\"><span>UAB \u201eARADAS\u201c \u012eGYVENDINA PROJEKT\u0104 \u201eUAB \u201eARADAS\u201c E. KOMERCIJOS MODELIO DIEGIMAS\u201c<\/span><\/span><\/h4><\/header><div class=\"bt_bb_separator bt_bb_border_style_none bt_bb_top_spacing_none bt_bb_bottom_spacing_extra_small\" data-bt-override-class=\"{&quot;bt_bb_top_spacing_&quot;:{&quot;current_class&quot;:&quot;bt_bb_top_spacing_none&quot;,&quot;xxl&quot;:&quot;none&quot;,&quot;xl&quot;:&quot;none&quot;},&quot;bt_bb_bottom_spacing_&quot;:{&quot;current_class&quot;:&quot;bt_bb_bottom_spacing_extra_small&quot;,&quot;xxl&quot;:&quot;extra_small&quot;,&quot;xl&quot;:&quot;extra_small&quot;}}\"><\/div><div  class=\"bt_bb_text\" ><p><strong>UAB \u201eAradas\u201c<\/strong> \u012fgyvendina projekt\u0105 <strong>UAB \u201eAradas\u201c<\/strong> e.komercijos modelio diegimas\u201c, kuris yra dalinai finansuojamas Europos regionin\u0117s pl\u0117tros fondo, kaip Europos S\u0105jungos atsako \u012f COVID-19 pandemij\u0105 priemon\u0117s, l\u0117\u0161omis.<\/p>\n<p>Projekto tikslas &#8211; informacini\u0173 technologij\u0173 verslo sandoriams valdyti elektroniniu b\u016bdu diegimas, siekiant padidinti \u012fmon\u0117s pajam\u0173 augim\u0105.<\/p>\n<p>\u012emon\u0117 projekto \u012fgyvendinimo metu planuoja savo veikloje \u012fdiegti e-komercijos modelio sprendin\u012f, kuris sudaryt\u0173 s\u0105lygas didinti veiklos efektyvum\u0105 ir pardavimo pajamas bei s\u0117kmingai \u012fveikti COVID-19 pandemijos keliamus i\u0161\u0161\u016bkius.<\/p>\n<p>Projekto tinkam\u0173 finansuoti i\u0161laid\u0173 suma \u2013 63 885,00 Eur<\/p>\n<p>I\u0161 Europos regionin\u0117s pl\u0117tros fondo, kaip Europos S\u0105jungos atsako \u012f COVID-19 pandemij\u0105 priemon\u0117s, projekto \u012fgyvendinimui skiriama iki \u2013 47 913,75 Eur<\/p>\n<p>Projekto vykdymo prad\u017eia \u2013 2022 m. vasario 21 d.<\/p>\n<p>Projekto vykdymo pabaiga \u2013 2023 m. vasario 14 d.<\/p>\n<\/div><\/div><\/div><\/div><\/div><\/div><\/div><!-- cell_inner --><\/div><!-- cell --><\/div><!-- port --><\/section><section id=\"bt_bb_section6a01e9432f5a9\" class=\"bt_bb_section bt_bb_layout_boxed_1200 bt_bb_vertical_align_top bt_bb_top_spacing_medium bt_bb_bottom_spacing_medium divide\"  data-bt-override-class=\"null\"><div class=\"bt_bb_port\"><div class=\"bt_bb_cell\"><div class=\"bt_bb_cell_inner\"><div class=\"bt_bb_row \"  data-bt-override-class=\"{}\"><div class=\"bt_bb_row_holder\" ><div  class=\"bt_bb_column col-xxl-12 col-xl-12 col-xs-12 col-sm-12 col-md-12 col-lg-12 bt_bb_vertical_align_top bt_bb_align_left bt_bb_padding_normal\"  data-width=\"12\" data-bt-override-class=\"{}\"><div class=\"bt_bb_column_content\"><div class=\"bt_bb_column_content_inner\"><header class=\"bt_bb_headline bt_bb_dash_none bt_bb_size_inherit bt_bb_align_inherit\" data-bt-override-class=\"{&quot;bt_bb_size_&quot;:{&quot;current_class&quot;:&quot;bt_bb_size_inherit&quot;,&quot;xxl&quot;:&quot;inherit&quot;,&quot;xl&quot;:&quot;inherit&quot;},&quot;bt_bb_align_&quot;:{&quot;current_class&quot;:&quot;bt_bb_align_inherit&quot;,&quot;xxl&quot;:&quot;inherit&quot;,&quot;xl&quot;:&quot;inherit&quot;}}\"><h4 class=\"bt_bb_headline_tag\"><span class=\"bt_bb_headline_content\"><span>SKAITMENINI\u0172 TECHNOLOGIJ\u0172 DIEGIMAS UAB \u201eARADAS\u201c GAMYBOJE<\/span><\/span><\/h4><\/header><div class=\"bt_bb_separator bt_bb_border_style_none bt_bb_bottom_spacing_medium\" data-bt-override-class=\"null\"><\/div><div  class=\"bt_bb_text\" ><p><strong>UAB \u201eAradas\u201c<\/strong>\u012fgyvendina i\u0161 dalies Europos regionines pl\u0117tros fondo l\u0117\u0161omis finansuojam\u0105 projekt\u0105 Skaitmenini\u0173 technologij\u0173 diegimas UAB \u201cAradas\u201d gamyboje\u201c (Nr. 03.3.1-LVPA-K-854-02-0094).<\/p>\n<p>Projekto tikslas: \u012fmon\u0117s gamybos proces\u0173 skaitmeninimas, sudarant s\u0105lygas darbo na\u0161umo augimui.<\/p>\n<p>Projekto veiklos: \u012frangos su integruota skaitmenine technologija diegimas.<\/p>\n<p><strong>UAB \u201eAradas\u201c<\/strong> yra spar\u010diai auganti ir inovatyvi plastiko ir aliuminio lang\u0173 gamybos \u012fmon\u0117, kurios eksportas nuosekliai auga.Tikslin\u0117se \u0160iaur\u0117s \u0161ali\u0173 rinkose vartotojai kelia auk\u0161tus reikalavimus lang\u0173 ir dur\u0173 kokybei, tod\u0117l \u012fmon\u0117 yra modernizavusi dal\u012f gamybos proceso ir ketina modernizuoti likusias gamybines operacijas. UAB \u201eAradas\u201c \u012fsigijusi moderni\u0105 \u012frang\u0105 ketina i\u0161pl\u0117sti esam\u0173 gamini\u0173 gamyb\u0105 ir pl\u0117sti nauj\u0173 produkt\u0173 gamyb\u0105. Nauji inovatyv\u016bs produktai tur\u0117s geresnes technines charakteristikas ir patrauklum\u0105 galutiniam vartotojui.<\/p>\n<p>\u0160is projektas vykdomas pagal 2014-2020 m. Europos S\u0105jungos fondu investicij\u0173 veiksm\u0173 programos 3 prioriteto \u201eSmulkiojo ir vidutinio verslo konkurencingumo skatinimas\u201c priemon\u0119 Pramon\u0117s skaitmeninimas LT Nr. 03.3.1-LVPA-K-854. Projektui \u012fgyvendinti skirtos Europos regionines pl\u0117tros fondo l\u0117\u0161os.<\/p>\n<p>Projekto biud\u017eetas: 1 603 000,00 Eur;<br \/>\nProjekto finansavimas: 561 500,00 Eur.<\/p>\n<p>Planuojama projekto veikl\u0173 pabaiga: 2023 metai.<\/p>\n<\/div><\/div><\/div><\/div><\/div><\/div><\/div><!-- cell_inner --><\/div><!-- cell --><\/div><!-- port --><\/section><section id=\"bt_bb_section6a01e9432fb3e\" class=\"bt_bb_section bt_bb_layout_boxed_1200 bt_bb_vertical_align_top bt_bb_top_spacing_medium bt_bb_bottom_spacing_medium divide\"  data-bt-override-class=\"null\"><div class=\"bt_bb_port\"><div class=\"bt_bb_cell\"><div class=\"bt_bb_cell_inner\"><div class=\"bt_bb_row \"  data-bt-override-class=\"{}\"><div class=\"bt_bb_row_holder\" ><div  class=\"bt_bb_column col-xxl-12 col-xl-12 col-xs-12 col-sm-12 col-md-12 col-lg-12 bt_bb_vertical_align_top bt_bb_align_left bt_bb_padding_normal\"  data-width=\"12\" data-bt-override-class=\"{}\"><div class=\"bt_bb_column_content\"><div class=\"bt_bb_column_content_inner\"><header class=\"bt_bb_headline bt_bb_dash_none bt_bb_size_inherit bt_bb_align_inherit\" data-bt-override-class=\"{&quot;bt_bb_size_&quot;:{&quot;current_class&quot;:&quot;bt_bb_size_inherit&quot;,&quot;xxl&quot;:&quot;inherit&quot;,&quot;xl&quot;:&quot;inherit&quot;},&quot;bt_bb_align_&quot;:{&quot;current_class&quot;:&quot;bt_bb_align_inherit&quot;,&quot;xxl&quot;:&quot;inherit&quot;,&quot;xl&quot;:&quot;inherit&quot;}}\"><h4 class=\"bt_bb_headline_tag\"><span class=\"bt_bb_headline_content\"><span>UAB \u201eARADAS\u201c LANG\u0172 GAMYBOS MODERNIZAVIMAS<\/span><\/span><\/h4><\/header><div class=\"bt_bb_separator bt_bb_border_style_none bt_bb_bottom_spacing_medium\" data-bt-override-class=\"null\"><\/div><div  class=\"bt_bb_text\" ><p><strong>UAB \u201eAradas\u201c<\/strong> \u012fgyvendina i\u0161 dalies Europos regionines pl\u0117tros fondo l\u0117\u0161omis finansuojam\u0105 projekt\u0105 UAB \u201eAradas\u201c lang\u0173 gamybos modernizavimas\u201c (Nr. 03.3.1-LVPA-K-803-02-0022).<\/p>\n<p>Projekto tikslas: paskatinti ma\u017e\u0173 ir vidutini\u0173 \u012fmoni\u0173 (MV\u012e) investicijas \u012f inovatyvios gamybos verslo prad\u017ei\u0105 bei pl\u0117tr\u0105, sudarant s\u0105lygas didinti darbo na\u0161um\u0105, nauj\u0173 darbo viet\u0173 k\u016brim\u0105 bei sudaryti prielaidas spar\u010diau vystytis Lietuvos regionams.<\/p>\n<p>Projekto veiklos: nauj\u0173 inovatyvi\u0173 \u012frengim\u0173 \u012fsigijimas.<\/p>\n<p><strong>UAB \u201eAradas\u201c<\/strong> yra spar\u010diai auganti inovatyvi plastiko ir aliuminio lang\u0173 bei dur\u0173 gamybos \u012fmon\u0117. Ji did\u017ei\u0105j\u0105 dal\u012f produkcijos eksportuoja. I\u0161silaikyti konkurencin\u0117je aplinkoje \u012fmanoma tik ple\u010diant gamyb\u0105 ir didinant sukuriam\u0105 pridedam\u0105j\u0105 vert\u0119. \u012emon\u0117 ketina \u012fsigyti nauj\u0105 moderni\u0105 technologin\u0119 \u012frang\u0105 ir i\u0161pl\u0117sti gamini\u0173 asortiment\u0105.<\/p>\n<p>Gaminant naujus inovatyvius produktus bus naudojamasi \u012fmon\u0117s ir partneri\u0173 MTEP veiklos rezultatais.<\/p>\n<p>\u012emon\u0117 \u012fgyvendinusi projekt\u0105 numato sukurti naujas kvalifikuotas darbo vietas.<\/p>\n<p>\u0160is projektas vykdomas pagal 2014-2020 m. Europos S\u0105jungos fondu investicij\u0173 veiksm\u0173 programos 3 prioriteto \u201eSmulkiojo ir vidutinio verslo konkurencingumo skatinimas\u201c priemon\u0119 Nr. 03.3.1-LVPA-K-803 \u201eRegio Invest LT+\u201c. Projektui \u012fgyvendinti skirtos Europos regionines pl\u0117tros fondo l\u0117\u0161os.<\/p>\n<p>Projekto biud\u017eetas: 1 260 000,00 Eur;<br \/>\nProjekto finansavimas: 567 000,00 Eur.<\/p>\n<p>Planuojama projekto veikl\u0173 pabaiga: 2020 metai.<\/p>\n<\/div><\/div><\/div><\/div><\/div><\/div><\/div><!-- cell_inner --><\/div><!-- cell --><\/div><!-- port --><\/section>","protected":false},"excerpt":{"rendered":"","protected":false},"author":7,"featured_media":0,"parent":0,"menu_order":0,"comment_status":"closed","ping_status":"closed","template":"","meta":{"_acf_changed":false,"footnotes":""},"acf":[],"yoast_head":"<!-- This site is optimized with the Yoast SEO plugin v22.9 - https:\/\/yoast.com\/wordpress\/plugins\/seo\/ -->\n<title>ARADAS : ES parama<\/title>\n<meta name=\"robots\" content=\"index, follow, max-snippet:-1, max-image-preview:large, max-video-preview:-1\" \/>\n<link rel=\"canonical\" href=\"https:\/\/www.aradas.lt\/lt\/es-parama\/\" \/>\n<meta property=\"og:locale\" content=\"lt_LT\" \/>\n<meta property=\"og:type\" content=\"article\" \/>\n<meta property=\"og:title\" content=\"ARADAS : ES parama\" \/>\n<meta property=\"og:url\" content=\"https:\/\/www.aradas.lt\/lt\/es-parama\/\" \/>\n<meta property=\"og:site_name\" content=\"Aradas\" \/>\n<meta property=\"article:modified_time\" content=\"2023-08-21T13:02:01+00:00\" \/>\n<meta property=\"og:image\" content=\"https:\/\/www.aradas.lt\/wp-content\/uploads\/2023\/08\/LT-V-Bendrai-finansuoja-Europos-Sajunga_POS_POS-640x580.jpg\" \/>\n<meta name=\"twitter:card\" content=\"summary_large_image\" \/>\n<meta name=\"twitter:label1\" content=\"Est. reading time\" \/>\n\t<meta name=\"twitter:data1\" content=\"9 minut\u0117s\" \/>\n<!-- \/ Yoast SEO plugin. -->","yoast_head_json":{"title":"ARADAS : ES parama","robots":{"index":"index","follow":"follow","max-snippet":"max-snippet:-1","max-image-preview":"max-image-preview:large","max-video-preview":"max-video-preview:-1"},"canonical":"https:\/\/www.aradas.lt\/lt\/es-parama\/","og_locale":"lt_LT","og_type":"article","og_title":"ARADAS : ES parama","og_url":"https:\/\/www.aradas.lt\/lt\/es-parama\/","og_site_name":"Aradas","article_modified_time":"2023-08-21T13:02:01+00:00","og_image":[{"url":"https:\/\/www.aradas.lt\/wp-content\/uploads\/2023\/08\/LT-V-Bendrai-finansuoja-Europos-Sajunga_POS_POS-640x580.jpg"}],"twitter_card":"summary_large_image","twitter_misc":{"Est. reading time":"9 minut\u0117s"},"schema":{"@context":"https:\/\/schema.org","@graph":[{"@type":"WebPage","@id":"https:\/\/www.aradas.lt\/lt\/es-parama\/","url":"https:\/\/www.aradas.lt\/lt\/es-parama\/","name":"ARADAS : ES parama","isPartOf":{"@id":"https:\/\/www.aradas.lt\/#website"},"primaryImageOfPage":{"@id":"https:\/\/www.aradas.lt\/lt\/es-parama\/#primaryimage"},"image":{"@id":"https:\/\/www.aradas.lt\/lt\/es-parama\/#primaryimage"},"thumbnailUrl":"https:\/\/www.aradas.lt\/wp-content\/uploads\/2023\/08\/LT-V-Bendrai-finansuoja-Europos-Sajunga_POS_POS-640x580.jpg","datePublished":"2022-04-29T06:29:26+00:00","dateModified":"2023-08-21T13:02:01+00:00","breadcrumb":{"@id":"https:\/\/www.aradas.lt\/lt\/es-parama\/#breadcrumb"},"inLanguage":"lt-LT","potentialAction":[{"@type":"ReadAction","target":["https:\/\/www.aradas.lt\/lt\/es-parama\/"]}]},{"@type":"ImageObject","inLanguage":"lt-LT","@id":"https:\/\/www.aradas.lt\/lt\/es-parama\/#primaryimage","url":"https:\/\/www.aradas.lt\/wp-content\/uploads\/2023\/08\/LT-V-Bendrai-finansuoja-Europos-Sajunga_POS_POS-640x580.jpg","contentUrl":"https:\/\/www.aradas.lt\/wp-content\/uploads\/2023\/08\/LT-V-Bendrai-finansuoja-Europos-Sajunga_POS_POS-640x580.jpg"},{"@type":"BreadcrumbList","@id":"https:\/\/www.aradas.lt\/lt\/es-parama\/#breadcrumb","itemListElement":[{"@type":"ListItem","position":1,"name":"Home","item":"https:\/\/www.aradas.lt\/lt\/"},{"@type":"ListItem","position":2,"name":"ES parama"}]},{"@type":"WebSite","@id":"https:\/\/www.aradas.lt\/#website","url":"https:\/\/www.aradas.lt\/","name":"Aradas","description":"Langai ir durys","publisher":{"@id":"https:\/\/www.aradas.lt\/#organization"},"potentialAction":[{"@type":"SearchAction","target":{"@type":"EntryPoint","urlTemplate":"https:\/\/www.aradas.lt\/?s={search_term_string}"},"query-input":"required name=search_term_string"}],"inLanguage":"lt-LT"},{"@type":"Organization","@id":"https:\/\/www.aradas.lt\/#organization","name":"ARADAS : Windows and Doors","url":"https:\/\/www.aradas.lt\/","logo":{"@type":"ImageObject","inLanguage":"lt-LT","@id":"https:\/\/www.aradas.lt\/#\/schema\/logo\/image\/","url":"https:\/\/www.aradas.lt\/wp-content\/uploads\/2018\/02\/logo-60h.png","contentUrl":"https:\/\/www.aradas.lt\/wp-content\/uploads\/2018\/02\/logo-60h.png","width":374,"height":60,"caption":"ARADAS : Windows and Doors"},"image":{"@id":"https:\/\/www.aradas.lt\/#\/schema\/logo\/image\/"}}]}},"_links":{"self":[{"href":"https:\/\/www.aradas.lt\/lt\/wp-json\/wp\/v2\/pages\/23020"}],"collection":[{"href":"https:\/\/www.aradas.lt\/lt\/wp-json\/wp\/v2\/pages"}],"about":[{"href":"https:\/\/www.aradas.lt\/lt\/wp-json\/wp\/v2\/types\/page"}],"author":[{"embeddable":true,"href":"https:\/\/www.aradas.lt\/lt\/wp-json\/wp\/v2\/users\/7"}],"replies":[{"embeddable":true,"href":"https:\/\/www.aradas.lt\/lt\/wp-json\/wp\/v2\/comments?post=23020"}],"version-history":[{"count":20,"href":"https:\/\/www.aradas.lt\/lt\/wp-json\/wp\/v2\/pages\/23020\/revisions"}],"predecessor-version":[{"id":24702,"href":"https:\/\/www.aradas.lt\/lt\/wp-json\/wp\/v2\/pages\/23020\/revisions\/24702"}],"wp:attachment":[{"href":"https:\/\/www.aradas.lt\/lt\/wp-json\/wp\/v2\/media?parent=23020"}],"curies":[{"name":"wp","href":"https:\/\/api.w.org\/{rel}","templated":true}]}}