{"id":23063,"date":"2022-04-30T08:44:49","date_gmt":"2022-04-30T10:44:49","guid":{"rendered":"https:\/\/www.aradas.lt\/customer-service\/"},"modified":"2022-10-03T11:33:56","modified_gmt":"2022-10-03T13:33:56","slug":"pagalba","status":"publish","type":"page","link":"https:\/\/www.aradas.lt\/lt\/pagalba\/","title":{"rendered":"Pagalba"},"content":{"rendered":"<section id=\"team\" class=\"bt_bb_section bt_bb_layout_boxed_1200 bt_bb_vertical_align_top bt_bb_top_spacing_medium bt_bb_bottom_spacing_medium\"  data-bt-override-class=\"null\"><div class=\"bt_bb_port\"><div class=\"bt_bb_cell\"><div class=\"bt_bb_cell_inner\"><div class=\"bt_bb_row \"  data-bt-override-class=\"{}\"><div class=\"bt_bb_row_holder\" ><div  class=\"bt_bb_column col-xxl-12 col-xl-12 bt_bb_vertical_align_top bt_bb_align_left bt_bb_padding_normal bt_bb_animation_fade_in animate\"  data-width=\"12\" data-bt-override-class=\"{}\"><div class=\"bt_bb_column_content\"><div class=\"bt_bb_column_content_inner\"><header class=\"bt_bb_headline bt_bb_font_weight_normal bt_bb_dash_none bt_bb_size_medium bt_bb_align_inherit\" data-bt-override-class=\"{&quot;bt_bb_size_&quot;:{&quot;current_class&quot;:&quot;bt_bb_size_medium&quot;,&quot;xxl&quot;:&quot;medium&quot;,&quot;xl&quot;:&quot;medium&quot;},&quot;bt_bb_align_&quot;:{&quot;current_class&quot;:&quot;bt_bb_align_inherit&quot;,&quot;xxl&quot;:&quot;inherit&quot;,&quot;xl&quot;:&quot;inherit&quot;}}\"><h1 class=\"bt_bb_headline_tag\"><span class=\"bt_bb_headline_content\"><span>Pagalba<\/span><\/span><\/h1><\/header><div class=\"bt_bb_separator bt_bb_border_style_none bt_bb_bottom_spacing_medium\" data-bt-override-class=\"null\"><\/div><div  class=\"bt_bb_text\" ><p><u>ARADAS lang\u0173 ir dur\u0173 montavimo ir prie\u017ei\u016bros instrukcijos<\/u><\/p>\n<p>D\u0117kojame, kad pasirinkote ir \u012fsigijote m\u016bs\u0173 produktus. Juos sumontavus namai taps \u0161iltesni, energi\u0161kai efektyvesni, saug\u016bs ir apsaugoti nuo triuk\u0161mo. Tikim\u0117s, jog j\u0173 nauda bus tokia pat didel\u0117, kaip m\u016bs\u0173 d\u0117mesys visam gamybos procesui.<\/p>\n<ul>\n<li><a href=\"\/lt\/instrukcijos\/\">Lang\u0173 ir dur\u0173 montavimo ir prie\u017ei\u016bros instrukcijos<\/a><\/li>\n<li><a href=\"\/lt\/pagalba\/stiklo-paketu-specifikacijos-naudojimo-ir-prieziuros-instrukcijos\/\">Stiklo paket\u0173 specifikacijos, naudojimo ir prie\u017ei\u016bros instrukcijos<\/a><\/li>\n<\/ul>\n<\/div><\/div><\/div><\/div><\/div><\/div><\/div><!-- cell_inner --><\/div><!-- cell --><\/div><!-- port --><\/section>","protected":false},"excerpt":{"rendered":"","protected":false},"author":7,"featured_media":0,"parent":0,"menu_order":0,"comment_status":"closed","ping_status":"closed","template":"","meta":{"_acf_changed":false,"footnotes":""},"acf":[],"yoast_head":"<!-- This site is optimized with the Yoast SEO plugin v22.9 - https:\/\/yoast.com\/wordpress\/plugins\/seo\/ -->\n<title>ARADAS : Pagalba<\/title>\n<meta name=\"robots\" content=\"index, follow, max-snippet:-1, max-image-preview:large, max-video-preview:-1\" \/>\n<link rel=\"canonical\" href=\"https:\/\/www.aradas.lt\/lt\/pagalba\/\" \/>\n<meta property=\"og:locale\" content=\"lt_LT\" \/>\n<meta property=\"og:type\" content=\"article\" \/>\n<meta property=\"og:title\" content=\"ARADAS : Pagalba\" \/>\n<meta property=\"og:url\" content=\"https:\/\/www.aradas.lt\/lt\/pagalba\/\" \/>\n<meta property=\"og:site_name\" content=\"Aradas\" \/>\n<meta property=\"article:modified_time\" content=\"2022-10-03T13:33:56+00:00\" \/>\n<meta name=\"twitter:card\" content=\"summary_large_image\" \/>\n<meta name=\"twitter:label1\" content=\"Est. reading time\" \/>\n\t<meta name=\"twitter:data1\" content=\"1 minut\u0117\" \/>\n<!-- \/ Yoast SEO plugin. -->","yoast_head_json":{"title":"ARADAS : Pagalba","robots":{"index":"index","follow":"follow","max-snippet":"max-snippet:-1","max-image-preview":"max-image-preview:large","max-video-preview":"max-video-preview:-1"},"canonical":"https:\/\/www.aradas.lt\/lt\/pagalba\/","og_locale":"lt_LT","og_type":"article","og_title":"ARADAS : Pagalba","og_url":"https:\/\/www.aradas.lt\/lt\/pagalba\/","og_site_name":"Aradas","article_modified_time":"2022-10-03T13:33:56+00:00","twitter_card":"summary_large_image","twitter_misc":{"Est. reading time":"1 minut\u0117"},"schema":{"@context":"https:\/\/schema.org","@graph":[{"@type":"WebPage","@id":"https:\/\/www.aradas.lt\/lt\/pagalba\/","url":"https:\/\/www.aradas.lt\/lt\/pagalba\/","name":"ARADAS : Pagalba","isPartOf":{"@id":"https:\/\/www.aradas.lt\/#website"},"datePublished":"2022-04-30T10:44:49+00:00","dateModified":"2022-10-03T13:33:56+00:00","breadcrumb":{"@id":"https:\/\/www.aradas.lt\/lt\/pagalba\/#breadcrumb"},"inLanguage":"lt-LT","potentialAction":[{"@type":"ReadAction","target":["https:\/\/www.aradas.lt\/lt\/pagalba\/"]}]},{"@type":"BreadcrumbList","@id":"https:\/\/www.aradas.lt\/lt\/pagalba\/#breadcrumb","itemListElement":[{"@type":"ListItem","position":1,"name":"Home","item":"https:\/\/www.aradas.lt\/lt\/"},{"@type":"ListItem","position":2,"name":"Pagalba"}]},{"@type":"WebSite","@id":"https:\/\/www.aradas.lt\/#website","url":"https:\/\/www.aradas.lt\/","name":"Aradas","description":"Langai ir durys","publisher":{"@id":"https:\/\/www.aradas.lt\/#organization"},"potentialAction":[{"@type":"SearchAction","target":{"@type":"EntryPoint","urlTemplate":"https:\/\/www.aradas.lt\/?s={search_term_string}"},"query-input":"required name=search_term_string"}],"inLanguage":"lt-LT"},{"@type":"Organization","@id":"https:\/\/www.aradas.lt\/#organization","name":"ARADAS : Windows and Doors","url":"https:\/\/www.aradas.lt\/","logo":{"@type":"ImageObject","inLanguage":"lt-LT","@id":"https:\/\/www.aradas.lt\/#\/schema\/logo\/image\/","url":"https:\/\/www.aradas.lt\/wp-content\/uploads\/2018\/02\/logo-60h.png","contentUrl":"https:\/\/www.aradas.lt\/wp-content\/uploads\/2018\/02\/logo-60h.png","width":374,"height":60,"caption":"ARADAS : Windows and Doors"},"image":{"@id":"https:\/\/www.aradas.lt\/#\/schema\/logo\/image\/"}}]}},"_links":{"self":[{"href":"https:\/\/www.aradas.lt\/lt\/wp-json\/wp\/v2\/pages\/23063"}],"collection":[{"href":"https:\/\/www.aradas.lt\/lt\/wp-json\/wp\/v2\/pages"}],"about":[{"href":"https:\/\/www.aradas.lt\/lt\/wp-json\/wp\/v2\/types\/page"}],"author":[{"embeddable":true,"href":"https:\/\/www.aradas.lt\/lt\/wp-json\/wp\/v2\/users\/7"}],"replies":[{"embeddable":true,"href":"https:\/\/www.aradas.lt\/lt\/wp-json\/wp\/v2\/comments?post=23063"}],"version-history":[{"count":4,"href":"https:\/\/www.aradas.lt\/lt\/wp-json\/wp\/v2\/pages\/23063\/revisions"}],"predecessor-version":[{"id":23675,"href":"https:\/\/www.aradas.lt\/lt\/wp-json\/wp\/v2\/pages\/23063\/revisions\/23675"}],"wp:attachment":[{"href":"https:\/\/www.aradas.lt\/lt\/wp-json\/wp\/v2\/media?parent=23063"}],"curies":[{"name":"wp","href":"https:\/\/api.w.org\/{rel}","templated":true}]}}