{"id":23144,"date":"2019-08-13T05:29:15","date_gmt":"2019-08-13T07:29:15","guid":{"rendered":"https:\/\/www.aradas.lt\/product\/outward-opening-folding-door-440-euro-70\/"},"modified":"2026-04-22T05:09:43","modified_gmt":"2026-04-22T07:09:43","slug":"sulankstomosios-durys-440-euro-70","status":"publish","type":"product","link":"https:\/\/www.aradas.lt\/lt\/produktas\/sulankstomosios-durys-440-euro-70\/","title":{"rendered":"Sulankstomosios durys | Euro 70"},"content":{"rendered":"","protected":false},"excerpt":{"rendered":"<p>[pvc-lt][uw-value-0-9-lt][high-definition-finishing-lt][efficiency-a++-lt]<\/p>\n<p>EURO 70 sistemos PVC durys tinkamiausios tiems, kas ie\u0161ko ekonimi\u0161k\u0173 sprendim\u0173 ir nekelia auk\u0161\u010diausi\u0173 reikalavim\u0173 energetiniam efektyvumui. \u0160ios sitemos PVC durys atitinka A++ klas\u0119.<\/p>\n<p>Sulankstomos durys idealiai tiks terasoms: sust\u016bmus visas var\u010dias \u012f \u0161on\u0105, bus galima m\u0117gautis grynu oru ir pilnai atvertu vaizdu be joki\u0173 konstrukcini\u0173 barjer\u0173 tiesiog i\u0161 nam\u0173. Var\u010di\u0173 sulankstymo krypt\u012f galima rinktis, priklausomai kur yra vietos: viduje ar i\u0161or\u0117je.<\/p>\n<p>Pagal m\u016bs\u0173 i\u0161dirbtas technologijas durys gali b\u016bti gaminamos iki 5 m plo\u010dio arba 2,5 m auk\u0161\u010dio. Stabili konstrukcija, var\u010dios valdomos b\u0117geliais tolygiai, o jas sulanks\u010dius, standarti\u0161kai \u012fkomplektuoti fiksatoriai jas saugiai i\u0161laikys sujungtoje pad\u0117t\u0117tyje. Galimos skirtingos varstymo konfig\u016bracijos, susidedancios i\u0161 skirtingo kiekio var\u010di\u0173 bei j\u0173 sulankstymo b\u016bdo. Viena patogiausi\u0173 konfig\u016bracij\u0173 &#8211; atskirai nuo likusi\u0173 var\u010di\u0173 atidaromos durys \u012fprastam pra\u0117jimui.<\/p>\n","protected":false},"featured_media":15231,"template":"","meta":{"_acf_changed":false},"product_cat":[283,279],"product_tag":[],"acf":[],"yoast_head":"<!-- This site is optimized with the Yoast SEO plugin v22.9 - https:\/\/yoast.com\/wordpress\/plugins\/seo\/ -->\n<title>ARADAS : Sulankstomosios durys | Euro 70<\/title>\n<meta name=\"robots\" content=\"index, follow, max-snippet:-1, max-image-preview:large, max-video-preview:-1\" \/>\n<link rel=\"canonical\" href=\"https:\/\/www.aradas.lt\/lt\/produktas\/sulankstomosios-durys-440-euro-70\/\" \/>\n<meta property=\"og:locale\" content=\"lt_LT\" \/>\n<meta property=\"og:type\" content=\"article\" \/>\n<meta property=\"og:title\" content=\"ARADAS : Sulankstomosios durys | Euro 70\" \/>\n<meta property=\"og:description\" content=\"EURO 70 sistemos PVC durys tinkamiausios tiems, kas ie\u0161ko ekonimi\u0161k\u0173 sprendim\u0173 ir nekelia auk\u0161\u010diausi\u0173 reikalavim\u0173 energetiniam efektyvumui. \u0160ios sitemos PVC durys atitinka A++ klas\u0119.  Sulankstomos durys idealiai tiks terasoms: sust\u016bmus visas var\u010dias \u012f \u0161on\u0105, bus galima m\u0117gautis grynu oru ir pilnai atvertu vaizdu be joki\u0173 konstrukcini\u0173 barjer\u0173 tiesiog i\u0161 nam\u0173. Var\u010di\u0173 sulankstymo krypt\u012f galima rinktis, priklausomai kur yra vietos: viduje ar i\u0161or\u0117je.  Pagal m\u016bs\u0173 i\u0161dirbtas technologijas durys gali b\u016bti gaminamos iki 5 m plo\u010dio arba 2,5 m auk\u0161\u010dio. Stabili konstrukcija, var\u010dios valdomos b\u0117geliais tolygiai, o jas sulanks\u010dius, standarti\u0161kai \u012fkomplektuoti fiksatoriai jas saugiai i\u0161laikys sujungtoje pad\u0117t\u0117tyje. Galimos skirtingos varstymo konfig\u016bracijos, susidedancios i\u0161 skirtingo kiekio var\u010di\u0173 bei j\u0173 sulankstymo b\u016bdo. Viena patogiausi\u0173 konfig\u016bracij\u0173 - atskirai nuo likusi\u0173 var\u010di\u0173 atidaromos durys \u012fprastam pra\u0117jimui.\" \/>\n<meta property=\"og:url\" content=\"https:\/\/www.aradas.lt\/lt\/produktas\/sulankstomosios-durys-440-euro-70\/\" \/>\n<meta property=\"og:site_name\" content=\"Aradas\" \/>\n<meta property=\"article:modified_time\" content=\"2026-04-22T07:09:43+00:00\" \/>\n<meta property=\"og:image\" content=\"https:\/\/www.aradas.lt\/wp-content\/uploads\/2019\/08\/DFoldingDoor_OUTWARD_440_Aradas.jpg\" \/>\n\t<meta property=\"og:image:width\" content=\"1600\" \/>\n\t<meta property=\"og:image:height\" content=\"1600\" \/>\n\t<meta property=\"og:image:type\" content=\"image\/jpeg\" \/>\n<meta name=\"twitter:card\" content=\"summary_large_image\" \/>\n<meta name=\"twitter:label1\" content=\"Est. reading time\" \/>\n\t<meta name=\"twitter:data1\" content=\"1 minut\u0117\" \/>\n<!-- \/ Yoast SEO plugin. -->","yoast_head_json":{"title":"ARADAS : Sulankstomosios durys | Euro 70","robots":{"index":"index","follow":"follow","max-snippet":"max-snippet:-1","max-image-preview":"max-image-preview:large","max-video-preview":"max-video-preview:-1"},"canonical":"https:\/\/www.aradas.lt\/lt\/produktas\/sulankstomosios-durys-440-euro-70\/","og_locale":"lt_LT","og_type":"article","og_title":"ARADAS : Sulankstomosios durys | Euro 70","og_description":"EURO 70 sistemos PVC durys tinkamiausios tiems, kas ie\u0161ko ekonimi\u0161k\u0173 sprendim\u0173 ir nekelia auk\u0161\u010diausi\u0173 reikalavim\u0173 energetiniam efektyvumui. \u0160ios sitemos PVC durys atitinka A++ klas\u0119.  Sulankstomos durys idealiai tiks terasoms: sust\u016bmus visas var\u010dias \u012f \u0161on\u0105, bus galima m\u0117gautis grynu oru ir pilnai atvertu vaizdu be joki\u0173 konstrukcini\u0173 barjer\u0173 tiesiog i\u0161 nam\u0173. Var\u010di\u0173 sulankstymo krypt\u012f galima rinktis, priklausomai kur yra vietos: viduje ar i\u0161or\u0117je.  Pagal m\u016bs\u0173 i\u0161dirbtas technologijas durys gali b\u016bti gaminamos iki 5 m plo\u010dio arba 2,5 m auk\u0161\u010dio. Stabili konstrukcija, var\u010dios valdomos b\u0117geliais tolygiai, o jas sulanks\u010dius, standarti\u0161kai \u012fkomplektuoti fiksatoriai jas saugiai i\u0161laikys sujungtoje pad\u0117t\u0117tyje. Galimos skirtingos varstymo konfig\u016bracijos, susidedancios i\u0161 skirtingo kiekio var\u010di\u0173 bei j\u0173 sulankstymo b\u016bdo. Viena patogiausi\u0173 konfig\u016bracij\u0173 - atskirai nuo likusi\u0173 var\u010di\u0173 atidaromos durys \u012fprastam pra\u0117jimui.","og_url":"https:\/\/www.aradas.lt\/lt\/produktas\/sulankstomosios-durys-440-euro-70\/","og_site_name":"Aradas","article_modified_time":"2026-04-22T07:09:43+00:00","og_image":[{"width":1600,"height":1600,"url":"https:\/\/www.aradas.lt\/wp-content\/uploads\/2019\/08\/DFoldingDoor_OUTWARD_440_Aradas.jpg","type":"image\/jpeg"}],"twitter_card":"summary_large_image","twitter_misc":{"Est. reading time":"1 minut\u0117"},"schema":{"@context":"https:\/\/schema.org","@graph":[{"@type":"WebPage","@id":"https:\/\/www.aradas.lt\/lt\/produktas\/sulankstomosios-durys-440-euro-70\/","url":"https:\/\/www.aradas.lt\/lt\/produktas\/sulankstomosios-durys-440-euro-70\/","name":"ARADAS : Sulankstomosios durys | Euro 70","isPartOf":{"@id":"https:\/\/www.aradas.lt\/#website"},"primaryImageOfPage":{"@id":"https:\/\/www.aradas.lt\/lt\/produktas\/sulankstomosios-durys-440-euro-70\/#primaryimage"},"image":{"@id":"https:\/\/www.aradas.lt\/lt\/produktas\/sulankstomosios-durys-440-euro-70\/#primaryimage"},"thumbnailUrl":"https:\/\/www.aradas.lt\/wp-content\/uploads\/2019\/08\/DFoldingDoor_OUTWARD_440_Aradas.jpg","datePublished":"2019-08-13T07:29:15+00:00","dateModified":"2026-04-22T07:09:43+00:00","breadcrumb":{"@id":"https:\/\/www.aradas.lt\/lt\/produktas\/sulankstomosios-durys-440-euro-70\/#breadcrumb"},"inLanguage":"lt-LT","potentialAction":[{"@type":"ReadAction","target":["https:\/\/www.aradas.lt\/lt\/produktas\/sulankstomosios-durys-440-euro-70\/"]}]},{"@type":"ImageObject","inLanguage":"lt-LT","@id":"https:\/\/www.aradas.lt\/lt\/produktas\/sulankstomosios-durys-440-euro-70\/#primaryimage","url":"https:\/\/www.aradas.lt\/wp-content\/uploads\/2019\/08\/DFoldingDoor_OUTWARD_440_Aradas.jpg","contentUrl":"https:\/\/www.aradas.lt\/wp-content\/uploads\/2019\/08\/DFoldingDoor_OUTWARD_440_Aradas.jpg","width":1600,"height":1600},{"@type":"BreadcrumbList","@id":"https:\/\/www.aradas.lt\/lt\/produktas\/sulankstomosios-durys-440-euro-70\/#breadcrumb","itemListElement":[{"@type":"ListItem","position":1,"name":"Home","item":"https:\/\/www.aradas.lt\/lt\/"},{"@type":"ListItem","position":2,"name":"Shop","item":"https:\/\/www.aradas.lt\/shop\/"},{"@type":"ListItem","position":3,"name":"Sulankstomosios durys | Euro 70"}]},{"@type":"WebSite","@id":"https:\/\/www.aradas.lt\/#website","url":"https:\/\/www.aradas.lt\/","name":"Aradas","description":"Langai ir durys","publisher":{"@id":"https:\/\/www.aradas.lt\/#organization"},"potentialAction":[{"@type":"SearchAction","target":{"@type":"EntryPoint","urlTemplate":"https:\/\/www.aradas.lt\/?s={search_term_string}"},"query-input":"required name=search_term_string"}],"inLanguage":"lt-LT"},{"@type":"Organization","@id":"https:\/\/www.aradas.lt\/#organization","name":"ARADAS : Windows and Doors","url":"https:\/\/www.aradas.lt\/","logo":{"@type":"ImageObject","inLanguage":"lt-LT","@id":"https:\/\/www.aradas.lt\/#\/schema\/logo\/image\/","url":"https:\/\/www.aradas.lt\/wp-content\/uploads\/2018\/02\/logo-60h.png","contentUrl":"https:\/\/www.aradas.lt\/wp-content\/uploads\/2018\/02\/logo-60h.png","width":374,"height":60,"caption":"ARADAS : Windows and Doors"},"image":{"@id":"https:\/\/www.aradas.lt\/#\/schema\/logo\/image\/"}}]}},"_links":{"self":[{"href":"https:\/\/www.aradas.lt\/lt\/wp-json\/wp\/v2\/product\/23144"}],"collection":[{"href":"https:\/\/www.aradas.lt\/lt\/wp-json\/wp\/v2\/product"}],"about":[{"href":"https:\/\/www.aradas.lt\/lt\/wp-json\/wp\/v2\/types\/product"}],"wp:featuredmedia":[{"embeddable":true,"href":"https:\/\/www.aradas.lt\/lt\/wp-json\/wp\/v2\/media\/15231"}],"wp:attachment":[{"href":"https:\/\/www.aradas.lt\/lt\/wp-json\/wp\/v2\/media?parent=23144"}],"wp:term":[{"taxonomy":"product_cat","embeddable":true,"href":"https:\/\/www.aradas.lt\/lt\/wp-json\/wp\/v2\/product_cat?post=23144"},{"taxonomy":"product_tag","embeddable":true,"href":"https:\/\/www.aradas.lt\/lt\/wp-json\/wp\/v2\/product_tag?post=23144"}],"curies":[{"name":"wp","href":"https:\/\/api.w.org\/{rel}","templated":true}]}}