{"id":23160,"date":"2018-06-05T08:23:47","date_gmt":"2018-06-05T10:23:47","guid":{"rendered":"https:\/\/www.aradas.lt\/product\/terrace-door-synego-outward\/"},"modified":"2026-04-22T05:43:19","modified_gmt":"2026-04-22T07:43:19","slug":"i-lauka-varstomos-terasines-durys-synego","status":"publish","type":"product","link":"https:\/\/www.aradas.lt\/lt\/produktas\/i-lauka-varstomos-terasines-durys-synego\/","title":{"rendered":"\u012e lauk\u0105 varstomos terasin\u0117s durys | Synego"},"content":{"rendered":"","protected":false},"excerpt":{"rendered":"<p>[pvc-lt][uw-value-0-8-lt][high-definition-finishing-lt][efficiency-a++-lt]<\/p>\n<p>SYNEGO sistemos PVC durys pasi\u017eymi auk\u0161tu energetiniu efektyvumu, vir\u0161ija A++ klasei keliamus \u0161iluminio laidumo reikalavimus.<\/p>\n<p>Pagal m\u016bs\u0173 i\u0161dirbtas technologijas pagamintos terasin\u0117s\/balkono durys komplektuojamos su auk\u0161tu PVC slenks\u010diu. Jos gali b\u016bti pagamintos \u012fvairiausi\u0173 konfig\u016bracij\u0173, skirting\u0173 dyd\u017ei\u0173, jungtos su fiksuotomis vitrinomis, sukomplektuotos pagal individualius poreikius, pritaikant prie interjero dizaino. Galimi ir \u012fvair\u016bs dekoratyvini\u0173 skirtuk\u0173 variantai, pilno ar dalinio stiklo u\u017epildai.<\/p>\n","protected":false},"featured_media":12627,"template":"","meta":{"_acf_changed":false},"product_cat":[283,281],"product_tag":[],"acf":[],"yoast_head":"<!-- This site is optimized with the Yoast SEO plugin v22.9 - https:\/\/yoast.com\/wordpress\/plugins\/seo\/ -->\n<title>ARADAS : \u012e lauk\u0105 varstomos terasin\u0117s durys | Synego<\/title>\n<meta name=\"robots\" content=\"index, follow, max-snippet:-1, max-image-preview:large, max-video-preview:-1\" \/>\n<link rel=\"canonical\" href=\"https:\/\/www.aradas.lt\/lt\/produktas\/i-lauka-varstomos-terasines-durys-synego\/\" \/>\n<meta property=\"og:locale\" content=\"lt_LT\" \/>\n<meta property=\"og:type\" content=\"article\" \/>\n<meta property=\"og:title\" content=\"ARADAS : \u012e lauk\u0105 varstomos terasin\u0117s durys | Synego\" \/>\n<meta property=\"og:description\" content=\"SYNEGO sistemos PVC durys pasi\u017eymi auk\u0161tu energetiniu efektyvumu, vir\u0161ija A++ klasei keliamus \u0161iluminio laidumo reikalavimus.  Pagal m\u016bs\u0173 i\u0161dirbtas technologijas pagamintos terasin\u0117s\/balkono durys komplektuojamos su auk\u0161tu PVC slenks\u010diu. Jos gali b\u016bti pagamintos \u012fvairiausi\u0173 konfig\u016bracij\u0173, skirting\u0173 dyd\u017ei\u0173, jungtos su fiksuotomis vitrinomis, sukomplektuotos pagal individualius poreikius, pritaikant prie interjero dizaino. Galimi ir \u012fvair\u016bs dekoratyvini\u0173 skirtuk\u0173 variantai, pilno ar dalinio stiklo u\u017epildai.\" \/>\n<meta property=\"og:url\" content=\"https:\/\/www.aradas.lt\/lt\/produktas\/i-lauka-varstomos-terasines-durys-synego\/\" \/>\n<meta property=\"og:site_name\" content=\"Aradas\" \/>\n<meta property=\"article:modified_time\" content=\"2026-04-22T07:43:19+00:00\" \/>\n<meta property=\"og:image\" content=\"https:\/\/www.aradas.lt\/wp-content\/uploads\/2018\/06\/EJ06_Synego_TD_OUT_Aradas.jpg\" \/>\n\t<meta property=\"og:image:width\" content=\"1600\" \/>\n\t<meta property=\"og:image:height\" content=\"1600\" \/>\n\t<meta property=\"og:image:type\" content=\"image\/jpeg\" \/>\n<meta name=\"twitter:card\" content=\"summary_large_image\" \/>\n<meta name=\"twitter:label1\" content=\"Est. reading time\" \/>\n\t<meta name=\"twitter:data1\" content=\"1 minut\u0117\" \/>\n<!-- \/ Yoast SEO plugin. -->","yoast_head_json":{"title":"ARADAS : \u012e lauk\u0105 varstomos terasin\u0117s durys | Synego","robots":{"index":"index","follow":"follow","max-snippet":"max-snippet:-1","max-image-preview":"max-image-preview:large","max-video-preview":"max-video-preview:-1"},"canonical":"https:\/\/www.aradas.lt\/lt\/produktas\/i-lauka-varstomos-terasines-durys-synego\/","og_locale":"lt_LT","og_type":"article","og_title":"ARADAS : \u012e lauk\u0105 varstomos terasin\u0117s durys | Synego","og_description":"SYNEGO sistemos PVC durys pasi\u017eymi auk\u0161tu energetiniu efektyvumu, vir\u0161ija A++ klasei keliamus \u0161iluminio laidumo reikalavimus.  Pagal m\u016bs\u0173 i\u0161dirbtas technologijas pagamintos terasin\u0117s\/balkono durys komplektuojamos su auk\u0161tu PVC slenks\u010diu. Jos gali b\u016bti pagamintos \u012fvairiausi\u0173 konfig\u016bracij\u0173, skirting\u0173 dyd\u017ei\u0173, jungtos su fiksuotomis vitrinomis, sukomplektuotos pagal individualius poreikius, pritaikant prie interjero dizaino. Galimi ir \u012fvair\u016bs dekoratyvini\u0173 skirtuk\u0173 variantai, pilno ar dalinio stiklo u\u017epildai.","og_url":"https:\/\/www.aradas.lt\/lt\/produktas\/i-lauka-varstomos-terasines-durys-synego\/","og_site_name":"Aradas","article_modified_time":"2026-04-22T07:43:19+00:00","og_image":[{"width":1600,"height":1600,"url":"https:\/\/www.aradas.lt\/wp-content\/uploads\/2018\/06\/EJ06_Synego_TD_OUT_Aradas.jpg","type":"image\/jpeg"}],"twitter_card":"summary_large_image","twitter_misc":{"Est. reading time":"1 minut\u0117"},"schema":{"@context":"https:\/\/schema.org","@graph":[{"@type":"WebPage","@id":"https:\/\/www.aradas.lt\/lt\/produktas\/i-lauka-varstomos-terasines-durys-synego\/","url":"https:\/\/www.aradas.lt\/lt\/produktas\/i-lauka-varstomos-terasines-durys-synego\/","name":"ARADAS : \u012e lauk\u0105 varstomos terasin\u0117s durys | Synego","isPartOf":{"@id":"https:\/\/www.aradas.lt\/#website"},"primaryImageOfPage":{"@id":"https:\/\/www.aradas.lt\/lt\/produktas\/i-lauka-varstomos-terasines-durys-synego\/#primaryimage"},"image":{"@id":"https:\/\/www.aradas.lt\/lt\/produktas\/i-lauka-varstomos-terasines-durys-synego\/#primaryimage"},"thumbnailUrl":"https:\/\/www.aradas.lt\/wp-content\/uploads\/2018\/06\/EJ06_Synego_TD_OUT_Aradas.jpg","datePublished":"2018-06-05T10:23:47+00:00","dateModified":"2026-04-22T07:43:19+00:00","breadcrumb":{"@id":"https:\/\/www.aradas.lt\/lt\/produktas\/i-lauka-varstomos-terasines-durys-synego\/#breadcrumb"},"inLanguage":"lt-LT","potentialAction":[{"@type":"ReadAction","target":["https:\/\/www.aradas.lt\/lt\/produktas\/i-lauka-varstomos-terasines-durys-synego\/"]}]},{"@type":"ImageObject","inLanguage":"lt-LT","@id":"https:\/\/www.aradas.lt\/lt\/produktas\/i-lauka-varstomos-terasines-durys-synego\/#primaryimage","url":"https:\/\/www.aradas.lt\/wp-content\/uploads\/2018\/06\/EJ06_Synego_TD_OUT_Aradas.jpg","contentUrl":"https:\/\/www.aradas.lt\/wp-content\/uploads\/2018\/06\/EJ06_Synego_TD_OUT_Aradas.jpg","width":1600,"height":1600},{"@type":"BreadcrumbList","@id":"https:\/\/www.aradas.lt\/lt\/produktas\/i-lauka-varstomos-terasines-durys-synego\/#breadcrumb","itemListElement":[{"@type":"ListItem","position":1,"name":"Home","item":"https:\/\/www.aradas.lt\/lt\/"},{"@type":"ListItem","position":2,"name":"Shop","item":"https:\/\/www.aradas.lt\/shop\/"},{"@type":"ListItem","position":3,"name":"\u012e lauk\u0105 varstomos terasin\u0117s durys | Synego"}]},{"@type":"WebSite","@id":"https:\/\/www.aradas.lt\/#website","url":"https:\/\/www.aradas.lt\/","name":"Aradas","description":"Langai ir durys","publisher":{"@id":"https:\/\/www.aradas.lt\/#organization"},"potentialAction":[{"@type":"SearchAction","target":{"@type":"EntryPoint","urlTemplate":"https:\/\/www.aradas.lt\/?s={search_term_string}"},"query-input":"required name=search_term_string"}],"inLanguage":"lt-LT"},{"@type":"Organization","@id":"https:\/\/www.aradas.lt\/#organization","name":"ARADAS : Windows and Doors","url":"https:\/\/www.aradas.lt\/","logo":{"@type":"ImageObject","inLanguage":"lt-LT","@id":"https:\/\/www.aradas.lt\/#\/schema\/logo\/image\/","url":"https:\/\/www.aradas.lt\/wp-content\/uploads\/2018\/02\/logo-60h.png","contentUrl":"https:\/\/www.aradas.lt\/wp-content\/uploads\/2018\/02\/logo-60h.png","width":374,"height":60,"caption":"ARADAS : Windows and Doors"},"image":{"@id":"https:\/\/www.aradas.lt\/#\/schema\/logo\/image\/"}}]}},"_links":{"self":[{"href":"https:\/\/www.aradas.lt\/lt\/wp-json\/wp\/v2\/product\/23160"}],"collection":[{"href":"https:\/\/www.aradas.lt\/lt\/wp-json\/wp\/v2\/product"}],"about":[{"href":"https:\/\/www.aradas.lt\/lt\/wp-json\/wp\/v2\/types\/product"}],"wp:featuredmedia":[{"embeddable":true,"href":"https:\/\/www.aradas.lt\/lt\/wp-json\/wp\/v2\/media\/12627"}],"wp:attachment":[{"href":"https:\/\/www.aradas.lt\/lt\/wp-json\/wp\/v2\/media?parent=23160"}],"wp:term":[{"taxonomy":"product_cat","embeddable":true,"href":"https:\/\/www.aradas.lt\/lt\/wp-json\/wp\/v2\/product_cat?post=23160"},{"taxonomy":"product_tag","embeddable":true,"href":"https:\/\/www.aradas.lt\/lt\/wp-json\/wp\/v2\/product_tag?post=23160"}],"curies":[{"name":"wp","href":"https:\/\/api.w.org\/{rel}","templated":true}]}}