{"id":23162,"date":"2018-06-05T09:21:34","date_gmt":"2018-06-05T11:21:34","guid":{"rendered":"https:\/\/www.aradas.lt\/product\/lift-slide-door-synego-inward-2-partitions-scheme\/"},"modified":"2026-04-22T05:21:36","modified_gmt":"2026-04-22T07:21:36","slug":"pakeliamos-stumdomos-durys-synego-2-pertvaru-schema","status":"publish","type":"product","link":"https:\/\/www.aradas.lt\/lt\/produktas\/pakeliamos-stumdomos-durys-synego-2-pertvaru-schema\/","title":{"rendered":"Pakeliamos-stumdomos durys | Synego"},"content":{"rendered":"","protected":false},"excerpt":{"rendered":"<p>[pvc-lt][uw-value-0-8-lt][high-definition-finishing-lt][efficiency-a++-lt]<\/p>\n<p>SYNEGO sistemos PVC durys pasi\u017eymi auk\u0161tu energetiniu efektyvumu, vir\u0161ija A++ klasei keliamus \u0161iluminio laidumo reikalavimus ir turi auk\u0161tus sandarumo parametrus.<\/p>\n<p>Pakeliamos-nustumiamos durys idealiai tinka norintiems plataus vaizdo, daugiau \u0161viesos namuose ir bebarjerio pra\u0117jimo &#8211; pagal m\u016bs\u0173 i\u0161dirbtas technologijas durys gali b\u016bti gaminamos iki 6,06 m plo\u010dio arba 2,63 m auk\u0161\u010dio. Stabili ir solidi konstrukcija, \u0161velnus ir tolygus var\u010dios valdymas, patikimi apkaustai, i\u0161laikantys ir iki 500 kg elementus. Papildomai pasirinkti \u0161velnaus pritraukimo mechanizmai amortizuos var\u010di\u0173 u\u017edarym\u0105\/atidarym\u0105 iki maksimaliai \u0161velnaus ir leis i\u0161vengti atsitiktinio pir\u0161t\u0173 priv\u0117rimo. Galimos skirtingos varstymo konfig\u016bracijos, susidedan\u010dios i\u0161 skirting\u0173 element\u0173, gaminamos ir su bebarjeriu slenks\u010diu, jei j\u012f numatyta \u012fleisti \u012f grindis.<\/p>\n","protected":false},"featured_media":12738,"template":"","meta":{"_acf_changed":false},"product_cat":[283,280],"product_tag":[],"acf":[],"yoast_head":"<!-- This site is optimized with the Yoast SEO plugin v22.9 - https:\/\/yoast.com\/wordpress\/plugins\/seo\/ -->\n<title>ARADAS : Pakeliamos-stumdomos durys | Synego<\/title>\n<meta name=\"robots\" content=\"index, follow, max-snippet:-1, max-image-preview:large, max-video-preview:-1\" \/>\n<link rel=\"canonical\" href=\"https:\/\/www.aradas.lt\/lt\/produktas\/pakeliamos-stumdomos-durys-synego-2-pertvaru-schema\/\" \/>\n<meta property=\"og:locale\" content=\"lt_LT\" \/>\n<meta property=\"og:type\" content=\"article\" \/>\n<meta property=\"og:title\" content=\"ARADAS : Pakeliamos-stumdomos durys | Synego\" \/>\n<meta property=\"og:description\" content=\"SYNEGO sistemos PVC durys pasi\u017eymi auk\u0161tu energetiniu efektyvumu, vir\u0161ija A++ klasei keliamus \u0161iluminio laidumo reikalavimus ir turi auk\u0161tus sandarumo parametrus.  Pakeliamos-nustumiamos durys idealiai tinka norintiems plataus vaizdo, daugiau \u0161viesos namuose ir bebarjerio pra\u0117jimo - pagal m\u016bs\u0173 i\u0161dirbtas technologijas durys gali b\u016bti gaminamos iki 6,06 m plo\u010dio arba 2,63 m auk\u0161\u010dio. Stabili ir solidi konstrukcija, \u0161velnus ir tolygus var\u010dios valdymas, patikimi apkaustai, i\u0161laikantys ir iki 500 kg elementus. Papildomai pasirinkti \u0161velnaus pritraukimo mechanizmai amortizuos var\u010di\u0173 u\u017edarym\u0105\/atidarym\u0105 iki maksimaliai \u0161velnaus ir leis i\u0161vengti atsitiktinio pir\u0161t\u0173 priv\u0117rimo. Galimos skirtingos varstymo konfig\u016bracijos, susidedan\u010dios i\u0161 skirting\u0173 element\u0173, gaminamos ir su bebarjeriu slenks\u010diu, jei j\u012f numatyta \u012fleisti \u012f grindis.\" \/>\n<meta property=\"og:url\" content=\"https:\/\/www.aradas.lt\/lt\/produktas\/pakeliamos-stumdomos-durys-synego-2-pertvaru-schema\/\" \/>\n<meta property=\"og:site_name\" content=\"Aradas\" \/>\n<meta property=\"article:modified_time\" content=\"2026-04-22T07:21:36+00:00\" \/>\n<meta property=\"og:image\" content=\"https:\/\/www.aradas.lt\/wp-content\/uploads\/2018\/06\/01_Synego_HST_Ascheme_ARADAS.jpg\" \/>\n\t<meta property=\"og:image:width\" content=\"1600\" \/>\n\t<meta property=\"og:image:height\" content=\"1600\" \/>\n\t<meta property=\"og:image:type\" content=\"image\/jpeg\" \/>\n<meta name=\"twitter:card\" content=\"summary_large_image\" \/>\n<meta name=\"twitter:label1\" content=\"Est. reading time\" \/>\n\t<meta name=\"twitter:data1\" content=\"1 minut\u0117\" \/>\n<!-- \/ Yoast SEO plugin. -->","yoast_head_json":{"title":"ARADAS : Pakeliamos-stumdomos durys | Synego","robots":{"index":"index","follow":"follow","max-snippet":"max-snippet:-1","max-image-preview":"max-image-preview:large","max-video-preview":"max-video-preview:-1"},"canonical":"https:\/\/www.aradas.lt\/lt\/produktas\/pakeliamos-stumdomos-durys-synego-2-pertvaru-schema\/","og_locale":"lt_LT","og_type":"article","og_title":"ARADAS : Pakeliamos-stumdomos durys | Synego","og_description":"SYNEGO sistemos PVC durys pasi\u017eymi auk\u0161tu energetiniu efektyvumu, vir\u0161ija A++ klasei keliamus \u0161iluminio laidumo reikalavimus ir turi auk\u0161tus sandarumo parametrus.  Pakeliamos-nustumiamos durys idealiai tinka norintiems plataus vaizdo, daugiau \u0161viesos namuose ir bebarjerio pra\u0117jimo - pagal m\u016bs\u0173 i\u0161dirbtas technologijas durys gali b\u016bti gaminamos iki 6,06 m plo\u010dio arba 2,63 m auk\u0161\u010dio. Stabili ir solidi konstrukcija, \u0161velnus ir tolygus var\u010dios valdymas, patikimi apkaustai, i\u0161laikantys ir iki 500 kg elementus. Papildomai pasirinkti \u0161velnaus pritraukimo mechanizmai amortizuos var\u010di\u0173 u\u017edarym\u0105\/atidarym\u0105 iki maksimaliai \u0161velnaus ir leis i\u0161vengti atsitiktinio pir\u0161t\u0173 priv\u0117rimo. Galimos skirtingos varstymo konfig\u016bracijos, susidedan\u010dios i\u0161 skirting\u0173 element\u0173, gaminamos ir su bebarjeriu slenks\u010diu, jei j\u012f numatyta \u012fleisti \u012f grindis.","og_url":"https:\/\/www.aradas.lt\/lt\/produktas\/pakeliamos-stumdomos-durys-synego-2-pertvaru-schema\/","og_site_name":"Aradas","article_modified_time":"2026-04-22T07:21:36+00:00","og_image":[{"width":1600,"height":1600,"url":"https:\/\/www.aradas.lt\/wp-content\/uploads\/2018\/06\/01_Synego_HST_Ascheme_ARADAS.jpg","type":"image\/jpeg"}],"twitter_card":"summary_large_image","twitter_misc":{"Est. reading time":"1 minut\u0117"},"schema":{"@context":"https:\/\/schema.org","@graph":[{"@type":"WebPage","@id":"https:\/\/www.aradas.lt\/lt\/produktas\/pakeliamos-stumdomos-durys-synego-2-pertvaru-schema\/","url":"https:\/\/www.aradas.lt\/lt\/produktas\/pakeliamos-stumdomos-durys-synego-2-pertvaru-schema\/","name":"ARADAS : Pakeliamos-stumdomos durys | Synego","isPartOf":{"@id":"https:\/\/www.aradas.lt\/#website"},"primaryImageOfPage":{"@id":"https:\/\/www.aradas.lt\/lt\/produktas\/pakeliamos-stumdomos-durys-synego-2-pertvaru-schema\/#primaryimage"},"image":{"@id":"https:\/\/www.aradas.lt\/lt\/produktas\/pakeliamos-stumdomos-durys-synego-2-pertvaru-schema\/#primaryimage"},"thumbnailUrl":"https:\/\/www.aradas.lt\/wp-content\/uploads\/2018\/06\/01_Synego_HST_Ascheme_ARADAS.jpg","datePublished":"2018-06-05T11:21:34+00:00","dateModified":"2026-04-22T07:21:36+00:00","breadcrumb":{"@id":"https:\/\/www.aradas.lt\/lt\/produktas\/pakeliamos-stumdomos-durys-synego-2-pertvaru-schema\/#breadcrumb"},"inLanguage":"lt-LT","potentialAction":[{"@type":"ReadAction","target":["https:\/\/www.aradas.lt\/lt\/produktas\/pakeliamos-stumdomos-durys-synego-2-pertvaru-schema\/"]}]},{"@type":"ImageObject","inLanguage":"lt-LT","@id":"https:\/\/www.aradas.lt\/lt\/produktas\/pakeliamos-stumdomos-durys-synego-2-pertvaru-schema\/#primaryimage","url":"https:\/\/www.aradas.lt\/wp-content\/uploads\/2018\/06\/01_Synego_HST_Ascheme_ARADAS.jpg","contentUrl":"https:\/\/www.aradas.lt\/wp-content\/uploads\/2018\/06\/01_Synego_HST_Ascheme_ARADAS.jpg","width":1600,"height":1600},{"@type":"BreadcrumbList","@id":"https:\/\/www.aradas.lt\/lt\/produktas\/pakeliamos-stumdomos-durys-synego-2-pertvaru-schema\/#breadcrumb","itemListElement":[{"@type":"ListItem","position":1,"name":"Home","item":"https:\/\/www.aradas.lt\/lt\/"},{"@type":"ListItem","position":2,"name":"Shop","item":"https:\/\/www.aradas.lt\/shop\/"},{"@type":"ListItem","position":3,"name":"Pakeliamos-stumdomos durys | Synego"}]},{"@type":"WebSite","@id":"https:\/\/www.aradas.lt\/#website","url":"https:\/\/www.aradas.lt\/","name":"Aradas","description":"Langai ir durys","publisher":{"@id":"https:\/\/www.aradas.lt\/#organization"},"potentialAction":[{"@type":"SearchAction","target":{"@type":"EntryPoint","urlTemplate":"https:\/\/www.aradas.lt\/?s={search_term_string}"},"query-input":"required name=search_term_string"}],"inLanguage":"lt-LT"},{"@type":"Organization","@id":"https:\/\/www.aradas.lt\/#organization","name":"ARADAS : Windows and Doors","url":"https:\/\/www.aradas.lt\/","logo":{"@type":"ImageObject","inLanguage":"lt-LT","@id":"https:\/\/www.aradas.lt\/#\/schema\/logo\/image\/","url":"https:\/\/www.aradas.lt\/wp-content\/uploads\/2018\/02\/logo-60h.png","contentUrl":"https:\/\/www.aradas.lt\/wp-content\/uploads\/2018\/02\/logo-60h.png","width":374,"height":60,"caption":"ARADAS : Windows and Doors"},"image":{"@id":"https:\/\/www.aradas.lt\/#\/schema\/logo\/image\/"}}]}},"_links":{"self":[{"href":"https:\/\/www.aradas.lt\/lt\/wp-json\/wp\/v2\/product\/23162"}],"collection":[{"href":"https:\/\/www.aradas.lt\/lt\/wp-json\/wp\/v2\/product"}],"about":[{"href":"https:\/\/www.aradas.lt\/lt\/wp-json\/wp\/v2\/types\/product"}],"wp:featuredmedia":[{"embeddable":true,"href":"https:\/\/www.aradas.lt\/lt\/wp-json\/wp\/v2\/media\/12738"}],"wp:attachment":[{"href":"https:\/\/www.aradas.lt\/lt\/wp-json\/wp\/v2\/media?parent=23162"}],"wp:term":[{"taxonomy":"product_cat","embeddable":true,"href":"https:\/\/www.aradas.lt\/lt\/wp-json\/wp\/v2\/product_cat?post=23162"},{"taxonomy":"product_tag","embeddable":true,"href":"https:\/\/www.aradas.lt\/lt\/wp-json\/wp\/v2\/product_tag?post=23162"}],"curies":[{"name":"wp","href":"https:\/\/api.w.org\/{rel}","templated":true}]}}