{"id":25235,"date":"2025-04-11T08:05:30","date_gmt":"2025-04-11T10:05:30","guid":{"rendered":"https:\/\/www.aradas.lt\/?post_type=product&#038;p=25235"},"modified":"2025-05-21T11:58:33","modified_gmt":"2025-05-21T13:58:33","slug":"25235","status":"publish","type":"product","link":"https:\/\/www.aradas.lt\/lt\/produktas\/25235\/","title":{"rendered":"Sulankstomos durys I Sch\u00fcco AS FD 90.HI"},"content":{"rendered":"","protected":false},"excerpt":{"rendered":"<p><span style=\"text-transform: uppercase;\">[aliuminis][SULANKSTOMU-DURU-SISTEMA]<\/span><\/p>\n<p>SULANKSTOMOS-STUMDOMOS DURYS, KURIOS PLE\u010cIA ERDVES<\/p>\n<p>Sulankstomos aliuminio durys puikiausiai tiks prapl\u0117sti nam\u0173 erdves \u012f lauk\u0105 ir m\u0117gautis pla\u010diu vaizdu be joki\u0173 barjer\u0173, i\u0161naudojant visa \u012fmanom\u0105 plot\u0105. Papildomas \u0161i\u0173 dur\u0173 privalumas \u2013 sustumtos var\u010dios u\u017eims tik minimaliai vietos, o integruota furnit\u016bra u\u017etikrins lengv\u0105 var\u010di\u0173 sust\u016bmim\u0105. Pla\u010dios galimyb\u0117s rinktis pageidaujam\u0105 varstymo pus\u0119, var\u010di\u0173 skai\u010di\u0173 ir pasirinktinai integruoti atskir\u0105 var\u010di\u0105 da\u017eniau naudojamam pra\u0117jimui. 3 skirting\u0173 tip\u0173 slenks\u010diai leis pritaikyti duris prie norim\u0173 architekt\u016bros sprendim\u0173, jei reikia, suleid\u017eiant slenkst\u012f \u012f grindis iki minimalaus lygio.<\/p>\n<p>Sulankstomos Sch\u00fcco aliuminio durys Sch\u00fcco AS FD 90.HI su 90 mm gylio r\u0117mu, suteiks itin auk\u0161t\u0105 energinio efektyvumo lyg\u012f, apsaug\u0105 at\u0161iaurioms aplinkos s\u0105lygoms ir harmoningai susilies su namo architekt\u016bra.<br \/>\nSusisiek\u0119 su m\u016bs\u0173 komanda gausite i\u0161sami\u0105 konsultacij\u0105 \u0161io produkto klausimais.<\/p>\n","protected":false},"featured_media":25138,"template":"","meta":{"_acf_changed":false},"product_cat":[270,275],"product_tag":[],"acf":[],"yoast_head":"<!-- This site is optimized with the Yoast SEO plugin v22.9 - https:\/\/yoast.com\/wordpress\/plugins\/seo\/ -->\n<title>ARADAS : Sulankstomos durys I Sch\u00fcco AS FD 90.HI<\/title>\n<meta name=\"robots\" content=\"index, follow, max-snippet:-1, max-image-preview:large, max-video-preview:-1\" \/>\n<link rel=\"canonical\" href=\"https:\/\/www.aradas.lt\/lt\/produktas\/25235\/\" \/>\n<meta property=\"og:locale\" content=\"lt_LT\" \/>\n<meta property=\"og:type\" content=\"article\" \/>\n<meta property=\"og:title\" content=\"ARADAS : Sulankstomos durys I Sch\u00fcco AS FD 90.HI\" \/>\n<meta property=\"og:description\" content=\"[aliuminis][SULANKSTOMU-DURU-SISTEMA]  SULANKSTOMOS-STUMDOMOS DURYS, KURIOS PLE\u010cIA ERDVES  Sulankstomos aliuminio durys puikiausiai tiks prapl\u0117sti nam\u0173 erdves \u012f lauk\u0105 ir m\u0117gautis pla\u010diu vaizdu be joki\u0173 barjer\u0173, i\u0161naudojant visa \u012fmanom\u0105 plot\u0105. Papildomas \u0161i\u0173 dur\u0173 privalumas \u2013 sustumtos var\u010dios u\u017eims tik minimaliai vietos, o integruota furnit\u016bra u\u017etikrins lengv\u0105 var\u010di\u0173 sust\u016bmim\u0105. Pla\u010dios galimyb\u0117s rinktis pageidaujam\u0105 varstymo pus\u0119, var\u010di\u0173 skai\u010di\u0173 ir pasirinktinai integruoti atskir\u0105 var\u010di\u0105 da\u017eniau naudojamam pra\u0117jimui. 3 skirting\u0173 tip\u0173 slenks\u010diai leis pritaikyti duris prie norim\u0173 architekt\u016bros sprendim\u0173, jei reikia, suleid\u017eiant slenkst\u012f \u012f grindis iki minimalaus lygio.  Sulankstomos Sch\u00fcco aliuminio durys Sch\u00fcco AS FD 90.HI su 90 mm gylio r\u0117mu, suteiks itin auk\u0161t\u0105 energinio efektyvumo lyg\u012f, apsaug\u0105 at\u0161iaurioms aplinkos s\u0105lygoms ir harmoningai susilies su namo architekt\u016bra. Susisiek\u0119 su m\u016bs\u0173 komanda gausite i\u0161sami\u0105 konsultacij\u0105 \u0161io produkto klausimais.\" \/>\n<meta property=\"og:url\" content=\"https:\/\/www.aradas.lt\/lt\/produktas\/25235\/\" \/>\n<meta property=\"og:site_name\" content=\"Aradas\" \/>\n<meta property=\"article:modified_time\" content=\"2025-05-21T13:58:33+00:00\" \/>\n<meta property=\"og:image\" content=\"https:\/\/www.aradas.lt\/wp-content\/uploads\/2018\/05\/AS_FD_90_Technik_E_03.jpg\" \/>\n\t<meta property=\"og:image:width\" content=\"1080\" \/>\n\t<meta property=\"og:image:height\" content=\"1080\" \/>\n\t<meta property=\"og:image:type\" content=\"image\/jpeg\" \/>\n<meta name=\"twitter:card\" content=\"summary_large_image\" \/>\n<meta name=\"twitter:label1\" content=\"Est. reading time\" \/>\n\t<meta name=\"twitter:data1\" content=\"1 minut\u0117\" \/>\n<!-- \/ Yoast SEO plugin. -->","yoast_head_json":{"title":"ARADAS : Sulankstomos durys I Sch\u00fcco AS FD 90.HI","robots":{"index":"index","follow":"follow","max-snippet":"max-snippet:-1","max-image-preview":"max-image-preview:large","max-video-preview":"max-video-preview:-1"},"canonical":"https:\/\/www.aradas.lt\/lt\/produktas\/25235\/","og_locale":"lt_LT","og_type":"article","og_title":"ARADAS : Sulankstomos durys I Sch\u00fcco AS FD 90.HI","og_description":"[aliuminis][SULANKSTOMU-DURU-SISTEMA]  SULANKSTOMOS-STUMDOMOS DURYS, KURIOS PLE\u010cIA ERDVES  Sulankstomos aliuminio durys puikiausiai tiks prapl\u0117sti nam\u0173 erdves \u012f lauk\u0105 ir m\u0117gautis pla\u010diu vaizdu be joki\u0173 barjer\u0173, i\u0161naudojant visa \u012fmanom\u0105 plot\u0105. Papildomas \u0161i\u0173 dur\u0173 privalumas \u2013 sustumtos var\u010dios u\u017eims tik minimaliai vietos, o integruota furnit\u016bra u\u017etikrins lengv\u0105 var\u010di\u0173 sust\u016bmim\u0105. Pla\u010dios galimyb\u0117s rinktis pageidaujam\u0105 varstymo pus\u0119, var\u010di\u0173 skai\u010di\u0173 ir pasirinktinai integruoti atskir\u0105 var\u010di\u0105 da\u017eniau naudojamam pra\u0117jimui. 3 skirting\u0173 tip\u0173 slenks\u010diai leis pritaikyti duris prie norim\u0173 architekt\u016bros sprendim\u0173, jei reikia, suleid\u017eiant slenkst\u012f \u012f grindis iki minimalaus lygio.  Sulankstomos Sch\u00fcco aliuminio durys Sch\u00fcco AS FD 90.HI su 90 mm gylio r\u0117mu, suteiks itin auk\u0161t\u0105 energinio efektyvumo lyg\u012f, apsaug\u0105 at\u0161iaurioms aplinkos s\u0105lygoms ir harmoningai susilies su namo architekt\u016bra. Susisiek\u0119 su m\u016bs\u0173 komanda gausite i\u0161sami\u0105 konsultacij\u0105 \u0161io produkto klausimais.","og_url":"https:\/\/www.aradas.lt\/lt\/produktas\/25235\/","og_site_name":"Aradas","article_modified_time":"2025-05-21T13:58:33+00:00","og_image":[{"width":1080,"height":1080,"url":"https:\/\/www.aradas.lt\/wp-content\/uploads\/2018\/05\/AS_FD_90_Technik_E_03.jpg","type":"image\/jpeg"}],"twitter_card":"summary_large_image","twitter_misc":{"Est. reading time":"1 minut\u0117"},"schema":{"@context":"https:\/\/schema.org","@graph":[{"@type":"WebPage","@id":"https:\/\/www.aradas.lt\/lt\/produktas\/25235\/","url":"https:\/\/www.aradas.lt\/lt\/produktas\/25235\/","name":"ARADAS : Sulankstomos durys I Sch\u00fcco AS FD 90.HI","isPartOf":{"@id":"https:\/\/www.aradas.lt\/#website"},"primaryImageOfPage":{"@id":"https:\/\/www.aradas.lt\/lt\/produktas\/25235\/#primaryimage"},"image":{"@id":"https:\/\/www.aradas.lt\/lt\/produktas\/25235\/#primaryimage"},"thumbnailUrl":"https:\/\/www.aradas.lt\/wp-content\/uploads\/2018\/05\/AS_FD_90_Technik_E_03.jpg","datePublished":"2025-04-11T10:05:30+00:00","dateModified":"2025-05-21T13:58:33+00:00","breadcrumb":{"@id":"https:\/\/www.aradas.lt\/lt\/produktas\/25235\/#breadcrumb"},"inLanguage":"lt-LT","potentialAction":[{"@type":"ReadAction","target":["https:\/\/www.aradas.lt\/lt\/produktas\/25235\/"]}]},{"@type":"ImageObject","inLanguage":"lt-LT","@id":"https:\/\/www.aradas.lt\/lt\/produktas\/25235\/#primaryimage","url":"https:\/\/www.aradas.lt\/wp-content\/uploads\/2018\/05\/AS_FD_90_Technik_E_03.jpg","contentUrl":"https:\/\/www.aradas.lt\/wp-content\/uploads\/2018\/05\/AS_FD_90_Technik_E_03.jpg","width":1080,"height":1080},{"@type":"BreadcrumbList","@id":"https:\/\/www.aradas.lt\/lt\/produktas\/25235\/#breadcrumb","itemListElement":[{"@type":"ListItem","position":1,"name":"Home","item":"https:\/\/www.aradas.lt\/lt\/"},{"@type":"ListItem","position":2,"name":"Shop","item":"https:\/\/www.aradas.lt\/shop\/"},{"@type":"ListItem","position":3,"name":"Sulankstomos durys I Sch\u00fcco AS FD 90.HI"}]},{"@type":"WebSite","@id":"https:\/\/www.aradas.lt\/#website","url":"https:\/\/www.aradas.lt\/","name":"Aradas","description":"Langai ir durys","publisher":{"@id":"https:\/\/www.aradas.lt\/#organization"},"potentialAction":[{"@type":"SearchAction","target":{"@type":"EntryPoint","urlTemplate":"https:\/\/www.aradas.lt\/?s={search_term_string}"},"query-input":"required name=search_term_string"}],"inLanguage":"lt-LT"},{"@type":"Organization","@id":"https:\/\/www.aradas.lt\/#organization","name":"ARADAS : Windows and Doors","url":"https:\/\/www.aradas.lt\/","logo":{"@type":"ImageObject","inLanguage":"lt-LT","@id":"https:\/\/www.aradas.lt\/#\/schema\/logo\/image\/","url":"https:\/\/www.aradas.lt\/wp-content\/uploads\/2018\/02\/logo-60h.png","contentUrl":"https:\/\/www.aradas.lt\/wp-content\/uploads\/2018\/02\/logo-60h.png","width":374,"height":60,"caption":"ARADAS : Windows and Doors"},"image":{"@id":"https:\/\/www.aradas.lt\/#\/schema\/logo\/image\/"}}]}},"_links":{"self":[{"href":"https:\/\/www.aradas.lt\/lt\/wp-json\/wp\/v2\/product\/25235"}],"collection":[{"href":"https:\/\/www.aradas.lt\/lt\/wp-json\/wp\/v2\/product"}],"about":[{"href":"https:\/\/www.aradas.lt\/lt\/wp-json\/wp\/v2\/types\/product"}],"wp:featuredmedia":[{"embeddable":true,"href":"https:\/\/www.aradas.lt\/lt\/wp-json\/wp\/v2\/media\/25138"}],"wp:attachment":[{"href":"https:\/\/www.aradas.lt\/lt\/wp-json\/wp\/v2\/media?parent=25235"}],"wp:term":[{"taxonomy":"product_cat","embeddable":true,"href":"https:\/\/www.aradas.lt\/lt\/wp-json\/wp\/v2\/product_cat?post=25235"},{"taxonomy":"product_tag","embeddable":true,"href":"https:\/\/www.aradas.lt\/lt\/wp-json\/wp\/v2\/product_tag?post=25235"}],"curies":[{"name":"wp","href":"https:\/\/api.w.org\/{rel}","templated":true}]}}