{"id":25283,"date":"2025-04-11T09:47:40","date_gmt":"2025-04-11T11:47:40","guid":{"rendered":"https:\/\/www.aradas.lt\/?post_type=product&#038;p=25283"},"modified":"2025-05-21T11:50:31","modified_gmt":"2025-05-21T13:50:31","slug":"langai-i-schuco-aws-70-hi-70-bs-hi","status":"publish","type":"product","link":"https:\/\/www.aradas.lt\/lt\/produktas\/langai-i-schuco-aws-70-hi-70-bs-hi\/","title":{"rendered":"Langai I Sch\u00fcco AWS 70.HI\/ 70 BS.HI"},"content":{"rendered":"","protected":false},"excerpt":{"rendered":"<p><span style=\"text-transform: uppercase;\">[aluminium][window-system]<\/span><\/p>\n<p>AUK\u0160TOS KOKYB\u0116S SISTEMA SU ADAPTYVIAIS SPRENDIMAIS<\/p>\n<p>AWS 70.HI\/70 BS.HI Sch\u00fcco lang\u0173 sistemos su 70 mm gylio r\u0117mu turi auk\u0161t\u0105 energinio efektyvumo lyg\u012f, puikius sandarumo parametrus, i\u0161man\u0173 funkcionavim\u0105 ir harmoning\u0105, i\u0161liekant\u012f dizain\u0105. BS sistemos linija pasi\u017eymi vientisa konstrukcija: varstomos ir fiksuotos dalys i\u0161lieka paraleliai, viename lygyje taip i\u0161laikant vientiso fasado \u012fsp\u016bd\u012f.\u00a0Visoms Sch\u00fcco lang\u0173 sistemoms galimas i\u0161manus, automatinis TipTronic valdymas, u\u017etikrinantis maksimal\u0173 saugum\u0105 ir komfort\u0105. O AvanTec nematom\u0173 vyri\u0173 furnit\u016bra leid\u017eia didelio formato var\u010dias atidaryti iki 180\u00b0.<\/p>\n<p>Susisiek\u0119 su m\u016bs\u0173 komanda gausite i\u0161sami\u0105 konsultacij\u0105 \u0161io produkto klausimais.<\/p>\n","protected":false},"featured_media":25280,"template":"","meta":{"_acf_changed":false},"product_cat":[270,271],"product_tag":[],"acf":[],"yoast_head":"<!-- This site is optimized with the Yoast SEO plugin v22.9 - https:\/\/yoast.com\/wordpress\/plugins\/seo\/ -->\n<title>ARADAS : Langai I Sch\u00fcco AWS 70.HI\/ 70 BS.HI<\/title>\n<meta name=\"robots\" content=\"index, follow, max-snippet:-1, max-image-preview:large, max-video-preview:-1\" \/>\n<link rel=\"canonical\" href=\"https:\/\/www.aradas.lt\/lt\/produktas\/langai-i-schuco-aws-70-hi-70-bs-hi\/\" \/>\n<meta property=\"og:locale\" content=\"lt_LT\" \/>\n<meta property=\"og:type\" content=\"article\" \/>\n<meta property=\"og:title\" content=\"ARADAS : Langai I Sch\u00fcco AWS 70.HI\/ 70 BS.HI\" \/>\n<meta property=\"og:description\" content=\"AUK\u0160TOS KOKYB\u0116S SISTEMA SU ADAPTYVIAIS SPRENDIMAIS  AWS 70.HI\/70 BS.HI Sch\u00fcco lang\u0173 sistemos su 70 mm gylio r\u0117mu turi auk\u0161t\u0105 energinio efektyvumo lyg\u012f, puikius sandarumo parametrus, i\u0161man\u0173 funkcionavim\u0105 ir harmoning\u0105, i\u0161liekant\u012f dizain\u0105. BS sistemos linija pasi\u017eymi vientisa konstrukcija: varstomos ir fiksuotos dalys i\u0161lieka paraleliai, viename lygyje taip i\u0161laikant vientiso fasado \u012fsp\u016bd\u012f.\u00a0Visoms Sch\u00fcco lang\u0173 sistemoms galimas i\u0161manus, automatinis TipTronic valdymas, u\u017etikrinantis maksimal\u0173 saugum\u0105 ir komfort\u0105. O AvanTec nematom\u0173 vyri\u0173 furnit\u016bra leid\u017eia didelio formato var\u010dias atidaryti iki 180\u00b0.  Susisiek\u0119 su m\u016bs\u0173 komanda gausite i\u0161sami\u0105 konsultacij\u0105 \u0161io produkto klausimais.\" \/>\n<meta property=\"og:url\" content=\"https:\/\/www.aradas.lt\/lt\/produktas\/langai-i-schuco-aws-70-hi-70-bs-hi\/\" \/>\n<meta property=\"og:site_name\" content=\"Aradas\" \/>\n<meta property=\"article:modified_time\" content=\"2025-05-21T13:50:31+00:00\" \/>\n<meta property=\"og:image\" content=\"https:\/\/www.aradas.lt\/wp-content\/uploads\/2018\/05\/AWS_70_HI_s_Daemmkeil-2.jpg\" \/>\n\t<meta property=\"og:image:width\" content=\"1080\" \/>\n\t<meta property=\"og:image:height\" content=\"1080\" \/>\n\t<meta property=\"og:image:type\" content=\"image\/jpeg\" \/>\n<meta name=\"twitter:card\" content=\"summary_large_image\" \/>\n<meta name=\"twitter:label1\" content=\"Est. reading time\" \/>\n\t<meta name=\"twitter:data1\" content=\"1 minut\u0117\" \/>\n<!-- \/ Yoast SEO plugin. -->","yoast_head_json":{"title":"ARADAS : Langai I Sch\u00fcco AWS 70.HI\/ 70 BS.HI","robots":{"index":"index","follow":"follow","max-snippet":"max-snippet:-1","max-image-preview":"max-image-preview:large","max-video-preview":"max-video-preview:-1"},"canonical":"https:\/\/www.aradas.lt\/lt\/produktas\/langai-i-schuco-aws-70-hi-70-bs-hi\/","og_locale":"lt_LT","og_type":"article","og_title":"ARADAS : Langai I Sch\u00fcco AWS 70.HI\/ 70 BS.HI","og_description":"AUK\u0160TOS KOKYB\u0116S SISTEMA SU ADAPTYVIAIS SPRENDIMAIS  AWS 70.HI\/70 BS.HI Sch\u00fcco lang\u0173 sistemos su 70 mm gylio r\u0117mu turi auk\u0161t\u0105 energinio efektyvumo lyg\u012f, puikius sandarumo parametrus, i\u0161man\u0173 funkcionavim\u0105 ir harmoning\u0105, i\u0161liekant\u012f dizain\u0105. BS sistemos linija pasi\u017eymi vientisa konstrukcija: varstomos ir fiksuotos dalys i\u0161lieka paraleliai, viename lygyje taip i\u0161laikant vientiso fasado \u012fsp\u016bd\u012f.\u00a0Visoms Sch\u00fcco lang\u0173 sistemoms galimas i\u0161manus, automatinis TipTronic valdymas, u\u017etikrinantis maksimal\u0173 saugum\u0105 ir komfort\u0105. O AvanTec nematom\u0173 vyri\u0173 furnit\u016bra leid\u017eia didelio formato var\u010dias atidaryti iki 180\u00b0.  Susisiek\u0119 su m\u016bs\u0173 komanda gausite i\u0161sami\u0105 konsultacij\u0105 \u0161io produkto klausimais.","og_url":"https:\/\/www.aradas.lt\/lt\/produktas\/langai-i-schuco-aws-70-hi-70-bs-hi\/","og_site_name":"Aradas","article_modified_time":"2025-05-21T13:50:31+00:00","og_image":[{"width":1080,"height":1080,"url":"https:\/\/www.aradas.lt\/wp-content\/uploads\/2018\/05\/AWS_70_HI_s_Daemmkeil-2.jpg","type":"image\/jpeg"}],"twitter_card":"summary_large_image","twitter_misc":{"Est. reading time":"1 minut\u0117"},"schema":{"@context":"https:\/\/schema.org","@graph":[{"@type":"WebPage","@id":"https:\/\/www.aradas.lt\/lt\/produktas\/langai-i-schuco-aws-70-hi-70-bs-hi\/","url":"https:\/\/www.aradas.lt\/lt\/produktas\/langai-i-schuco-aws-70-hi-70-bs-hi\/","name":"ARADAS : Langai I Sch\u00fcco AWS 70.HI\/ 70 BS.HI","isPartOf":{"@id":"https:\/\/www.aradas.lt\/#website"},"primaryImageOfPage":{"@id":"https:\/\/www.aradas.lt\/lt\/produktas\/langai-i-schuco-aws-70-hi-70-bs-hi\/#primaryimage"},"image":{"@id":"https:\/\/www.aradas.lt\/lt\/produktas\/langai-i-schuco-aws-70-hi-70-bs-hi\/#primaryimage"},"thumbnailUrl":"https:\/\/www.aradas.lt\/wp-content\/uploads\/2018\/05\/AWS_70_HI_s_Daemmkeil-2.jpg","datePublished":"2025-04-11T11:47:40+00:00","dateModified":"2025-05-21T13:50:31+00:00","breadcrumb":{"@id":"https:\/\/www.aradas.lt\/lt\/produktas\/langai-i-schuco-aws-70-hi-70-bs-hi\/#breadcrumb"},"inLanguage":"lt-LT","potentialAction":[{"@type":"ReadAction","target":["https:\/\/www.aradas.lt\/lt\/produktas\/langai-i-schuco-aws-70-hi-70-bs-hi\/"]}]},{"@type":"ImageObject","inLanguage":"lt-LT","@id":"https:\/\/www.aradas.lt\/lt\/produktas\/langai-i-schuco-aws-70-hi-70-bs-hi\/#primaryimage","url":"https:\/\/www.aradas.lt\/wp-content\/uploads\/2018\/05\/AWS_70_HI_s_Daemmkeil-2.jpg","contentUrl":"https:\/\/www.aradas.lt\/wp-content\/uploads\/2018\/05\/AWS_70_HI_s_Daemmkeil-2.jpg","width":1080,"height":1080},{"@type":"BreadcrumbList","@id":"https:\/\/www.aradas.lt\/lt\/produktas\/langai-i-schuco-aws-70-hi-70-bs-hi\/#breadcrumb","itemListElement":[{"@type":"ListItem","position":1,"name":"Home","item":"https:\/\/www.aradas.lt\/lt\/"},{"@type":"ListItem","position":2,"name":"Shop","item":"https:\/\/www.aradas.lt\/shop\/"},{"@type":"ListItem","position":3,"name":"Langai I Sch\u00fcco AWS 70.HI\/ 70 BS.HI"}]},{"@type":"WebSite","@id":"https:\/\/www.aradas.lt\/#website","url":"https:\/\/www.aradas.lt\/","name":"Aradas","description":"Langai ir durys","publisher":{"@id":"https:\/\/www.aradas.lt\/#organization"},"potentialAction":[{"@type":"SearchAction","target":{"@type":"EntryPoint","urlTemplate":"https:\/\/www.aradas.lt\/?s={search_term_string}"},"query-input":"required name=search_term_string"}],"inLanguage":"lt-LT"},{"@type":"Organization","@id":"https:\/\/www.aradas.lt\/#organization","name":"ARADAS : Windows and Doors","url":"https:\/\/www.aradas.lt\/","logo":{"@type":"ImageObject","inLanguage":"lt-LT","@id":"https:\/\/www.aradas.lt\/#\/schema\/logo\/image\/","url":"https:\/\/www.aradas.lt\/wp-content\/uploads\/2018\/02\/logo-60h.png","contentUrl":"https:\/\/www.aradas.lt\/wp-content\/uploads\/2018\/02\/logo-60h.png","width":374,"height":60,"caption":"ARADAS : Windows and Doors"},"image":{"@id":"https:\/\/www.aradas.lt\/#\/schema\/logo\/image\/"}}]}},"_links":{"self":[{"href":"https:\/\/www.aradas.lt\/lt\/wp-json\/wp\/v2\/product\/25283"}],"collection":[{"href":"https:\/\/www.aradas.lt\/lt\/wp-json\/wp\/v2\/product"}],"about":[{"href":"https:\/\/www.aradas.lt\/lt\/wp-json\/wp\/v2\/types\/product"}],"wp:featuredmedia":[{"embeddable":true,"href":"https:\/\/www.aradas.lt\/lt\/wp-json\/wp\/v2\/media\/25280"}],"wp:attachment":[{"href":"https:\/\/www.aradas.lt\/lt\/wp-json\/wp\/v2\/media?parent=25283"}],"wp:term":[{"taxonomy":"product_cat","embeddable":true,"href":"https:\/\/www.aradas.lt\/lt\/wp-json\/wp\/v2\/product_cat?post=25283"},{"taxonomy":"product_tag","embeddable":true,"href":"https:\/\/www.aradas.lt\/lt\/wp-json\/wp\/v2\/product_tag?post=25283"}],"curies":[{"name":"wp","href":"https:\/\/api.w.org\/{rel}","templated":true}]}}