{"id":25477,"date":"2025-04-15T10:10:52","date_gmt":"2025-04-15T12:10:52","guid":{"rendered":"https:\/\/www.aradas.lt\/?post_type=product&#038;p=25477"},"modified":"2025-05-27T10:33:59","modified_gmt":"2025-05-27T12:33:59","slug":"durys-i-schuco-ads-50-60","status":"publish","type":"product","link":"https:\/\/www.aradas.lt\/lt\/produktas\/durys-i-schuco-ads-50-60\/","title":{"rendered":"Durys I Sch\u00fcco ADS 50\/60"},"content":{"rendered":"","protected":false},"excerpt":{"rendered":"<p><span style=\"text-transform: uppercase;\">[aluminium][door-system]<\/span><\/p>\n<p>EKONOMIN\u0116S SISTEMOS LAUKO ARBA VIDAUS DURIMS<\/p>\n<p>ADS 50\/60 Sch\u00fcco dur\u0173 sistemos su siauresniais, 50 mm arba 60 mm r\u0117mo gyliais, sukurtos lauko arba vidaus pra\u0117jimo durims, kai n\u0117ra dideli\u0173 reikalavim\u0173 energiniam efektyvumui. Durys i\u0161pildys i\u0161manaus funkcionavimo, sandarumo bei harmoningo, ilgai i\u0161liekan\u010dio dizaino reikalavimus.<\/p>\n<p>Susisiek\u0119 su m\u016bs\u0173 komanda gausite i\u0161sami\u0105 konsultacij\u0105 \u0161io produkto klausimais.<\/p>\n","protected":false},"featured_media":25450,"template":"","meta":{"_acf_changed":false},"product_cat":[270,272],"product_tag":[],"acf":[],"yoast_head":"<!-- This site is optimized with the Yoast SEO plugin v22.9 - https:\/\/yoast.com\/wordpress\/plugins\/seo\/ -->\n<title>ARADAS : Durys I Sch\u00fcco ADS 50\/60<\/title>\n<meta name=\"robots\" content=\"index, follow, max-snippet:-1, max-image-preview:large, max-video-preview:-1\" \/>\n<link rel=\"canonical\" href=\"https:\/\/www.aradas.lt\/lt\/produktas\/durys-i-schuco-ads-50-60\/\" \/>\n<meta property=\"og:locale\" content=\"lt_LT\" \/>\n<meta property=\"og:type\" content=\"article\" \/>\n<meta property=\"og:title\" content=\"ARADAS : Durys I Sch\u00fcco ADS 50\/60\" \/>\n<meta property=\"og:description\" content=\"EKONOMIN\u0116S SISTEMOS LAUKO ARBA VIDAUS DURIMS  ADS 50\/60 Sch\u00fcco dur\u0173 sistemos su siauresniais, 50 mm arba 60 mm r\u0117mo gyliais, sukurtos lauko arba vidaus pra\u0117jimo durims, kai n\u0117ra dideli\u0173 reikalavim\u0173 energiniam efektyvumui. Durys i\u0161pildys i\u0161manaus funkcionavimo, sandarumo bei harmoningo, ilgai i\u0161liekan\u010dio dizaino reikalavimus.  Susisiek\u0119 su m\u016bs\u0173 komanda gausite i\u0161sami\u0105 konsultacij\u0105 \u0161io produkto klausimais.\" \/>\n<meta property=\"og:url\" content=\"https:\/\/www.aradas.lt\/lt\/produktas\/durys-i-schuco-ads-50-60\/\" \/>\n<meta property=\"og:site_name\" content=\"Aradas\" \/>\n<meta property=\"article:modified_time\" content=\"2025-05-27T12:33:59+00:00\" \/>\n<meta property=\"og:image\" content=\"https:\/\/www.aradas.lt\/wp-content\/uploads\/2018\/05\/ADS_60_e_CH_HD.jpg\" \/>\n\t<meta property=\"og:image:width\" content=\"1080\" \/>\n\t<meta property=\"og:image:height\" content=\"1080\" \/>\n\t<meta property=\"og:image:type\" content=\"image\/jpeg\" \/>\n<meta name=\"twitter:card\" content=\"summary_large_image\" \/>\n<meta name=\"twitter:label1\" content=\"Est. reading time\" \/>\n\t<meta name=\"twitter:data1\" content=\"1 minut\u0117\" \/>\n<!-- \/ Yoast SEO plugin. -->","yoast_head_json":{"title":"ARADAS : Durys I Sch\u00fcco ADS 50\/60","robots":{"index":"index","follow":"follow","max-snippet":"max-snippet:-1","max-image-preview":"max-image-preview:large","max-video-preview":"max-video-preview:-1"},"canonical":"https:\/\/www.aradas.lt\/lt\/produktas\/durys-i-schuco-ads-50-60\/","og_locale":"lt_LT","og_type":"article","og_title":"ARADAS : Durys I Sch\u00fcco ADS 50\/60","og_description":"EKONOMIN\u0116S SISTEMOS LAUKO ARBA VIDAUS DURIMS  ADS 50\/60 Sch\u00fcco dur\u0173 sistemos su siauresniais, 50 mm arba 60 mm r\u0117mo gyliais, sukurtos lauko arba vidaus pra\u0117jimo durims, kai n\u0117ra dideli\u0173 reikalavim\u0173 energiniam efektyvumui. Durys i\u0161pildys i\u0161manaus funkcionavimo, sandarumo bei harmoningo, ilgai i\u0161liekan\u010dio dizaino reikalavimus.  Susisiek\u0119 su m\u016bs\u0173 komanda gausite i\u0161sami\u0105 konsultacij\u0105 \u0161io produkto klausimais.","og_url":"https:\/\/www.aradas.lt\/lt\/produktas\/durys-i-schuco-ads-50-60\/","og_site_name":"Aradas","article_modified_time":"2025-05-27T12:33:59+00:00","og_image":[{"width":1080,"height":1080,"url":"https:\/\/www.aradas.lt\/wp-content\/uploads\/2018\/05\/ADS_60_e_CH_HD.jpg","type":"image\/jpeg"}],"twitter_card":"summary_large_image","twitter_misc":{"Est. reading time":"1 minut\u0117"},"schema":{"@context":"https:\/\/schema.org","@graph":[{"@type":"WebPage","@id":"https:\/\/www.aradas.lt\/lt\/produktas\/durys-i-schuco-ads-50-60\/","url":"https:\/\/www.aradas.lt\/lt\/produktas\/durys-i-schuco-ads-50-60\/","name":"ARADAS : Durys I Sch\u00fcco ADS 50\/60","isPartOf":{"@id":"https:\/\/www.aradas.lt\/#website"},"primaryImageOfPage":{"@id":"https:\/\/www.aradas.lt\/lt\/produktas\/durys-i-schuco-ads-50-60\/#primaryimage"},"image":{"@id":"https:\/\/www.aradas.lt\/lt\/produktas\/durys-i-schuco-ads-50-60\/#primaryimage"},"thumbnailUrl":"https:\/\/www.aradas.lt\/wp-content\/uploads\/2018\/05\/ADS_60_e_CH_HD.jpg","datePublished":"2025-04-15T12:10:52+00:00","dateModified":"2025-05-27T12:33:59+00:00","breadcrumb":{"@id":"https:\/\/www.aradas.lt\/lt\/produktas\/durys-i-schuco-ads-50-60\/#breadcrumb"},"inLanguage":"lt-LT","potentialAction":[{"@type":"ReadAction","target":["https:\/\/www.aradas.lt\/lt\/produktas\/durys-i-schuco-ads-50-60\/"]}]},{"@type":"ImageObject","inLanguage":"lt-LT","@id":"https:\/\/www.aradas.lt\/lt\/produktas\/durys-i-schuco-ads-50-60\/#primaryimage","url":"https:\/\/www.aradas.lt\/wp-content\/uploads\/2018\/05\/ADS_60_e_CH_HD.jpg","contentUrl":"https:\/\/www.aradas.lt\/wp-content\/uploads\/2018\/05\/ADS_60_e_CH_HD.jpg","width":1080,"height":1080},{"@type":"BreadcrumbList","@id":"https:\/\/www.aradas.lt\/lt\/produktas\/durys-i-schuco-ads-50-60\/#breadcrumb","itemListElement":[{"@type":"ListItem","position":1,"name":"Home","item":"https:\/\/www.aradas.lt\/lt\/"},{"@type":"ListItem","position":2,"name":"Shop","item":"https:\/\/www.aradas.lt\/shop\/"},{"@type":"ListItem","position":3,"name":"Durys I Sch\u00fcco ADS 50\/60"}]},{"@type":"WebSite","@id":"https:\/\/www.aradas.lt\/#website","url":"https:\/\/www.aradas.lt\/","name":"Aradas","description":"Langai ir durys","publisher":{"@id":"https:\/\/www.aradas.lt\/#organization"},"potentialAction":[{"@type":"SearchAction","target":{"@type":"EntryPoint","urlTemplate":"https:\/\/www.aradas.lt\/?s={search_term_string}"},"query-input":"required name=search_term_string"}],"inLanguage":"lt-LT"},{"@type":"Organization","@id":"https:\/\/www.aradas.lt\/#organization","name":"ARADAS : Windows and Doors","url":"https:\/\/www.aradas.lt\/","logo":{"@type":"ImageObject","inLanguage":"lt-LT","@id":"https:\/\/www.aradas.lt\/#\/schema\/logo\/image\/","url":"https:\/\/www.aradas.lt\/wp-content\/uploads\/2018\/02\/logo-60h.png","contentUrl":"https:\/\/www.aradas.lt\/wp-content\/uploads\/2018\/02\/logo-60h.png","width":374,"height":60,"caption":"ARADAS : Windows and Doors"},"image":{"@id":"https:\/\/www.aradas.lt\/#\/schema\/logo\/image\/"}}]}},"_links":{"self":[{"href":"https:\/\/www.aradas.lt\/lt\/wp-json\/wp\/v2\/product\/25477"}],"collection":[{"href":"https:\/\/www.aradas.lt\/lt\/wp-json\/wp\/v2\/product"}],"about":[{"href":"https:\/\/www.aradas.lt\/lt\/wp-json\/wp\/v2\/types\/product"}],"wp:featuredmedia":[{"embeddable":true,"href":"https:\/\/www.aradas.lt\/lt\/wp-json\/wp\/v2\/media\/25450"}],"wp:attachment":[{"href":"https:\/\/www.aradas.lt\/lt\/wp-json\/wp\/v2\/media?parent=25477"}],"wp:term":[{"taxonomy":"product_cat","embeddable":true,"href":"https:\/\/www.aradas.lt\/lt\/wp-json\/wp\/v2\/product_cat?post=25477"},{"taxonomy":"product_tag","embeddable":true,"href":"https:\/\/www.aradas.lt\/lt\/wp-json\/wp\/v2\/product_tag?post=25477"}],"curies":[{"name":"wp","href":"https:\/\/api.w.org\/{rel}","templated":true}]}}