{"id":26573,"date":"2025-05-19T11:06:19","date_gmt":"2025-05-19T13:06:19","guid":{"rendered":"https:\/\/www.aradas.lt\/?post_type=product&#038;p=26573"},"modified":"2025-06-02T04:59:35","modified_gmt":"2025-06-02T06:59:35","slug":"durys-i-aluprof-mb-45","status":"publish","type":"product","link":"https:\/\/www.aradas.lt\/lt\/produktas\/durys-i-aluprof-mb-45\/","title":{"rendered":"Durys I Aluprof MB-45"},"content":{"rendered":"","protected":false},"excerpt":{"rendered":"<p><span style=\"text-transform: uppercase;\">[aluminium]<\/span><\/p>\n<p>NEAP\u0160ILDYTA SISTEMA VIDAUS DURIMS<\/p>\n<p>MB-45 yra konkurencinga kaina pasi\u017eyminti neap\u0161ildyta sistema vidaus durims. \u0160ios sistemos neap\u0161iltintos durys taip pat gali b\u016bti integruojamos \u012f MB-45 vidaus pertvar\u0173 konstrukcijas. Ta\u010diau tokio tipo duris galima montuoti ir i\u0161orin\u0117je statini\u0173 pus\u0117je, kai neaktualus energinis efektyvumas. D\u0117l plataus profili\u0173 pasirinkimo MB-45 sistema suteikia \u012fvairias panaudojimo galimybes bei suderina ekonomi\u0161kum\u0105 su minimaliu profili\u0173 gyliu. Dur\u0173 sistema gali b\u016bti gaminama su viena arba dviem var\u010diomis, \u012fskaitant apsaugas nuo pir\u0161t\u0173 prispaudimo, su galimybe rinktis pasl\u0117ptus, cilindrinius arba ant pavir\u0161iaus montuojamus vyrius. MB-45 yra sukurta taip, kad u\u017etikrint\u0173 konkurencin\u012f prana\u0161um\u0105 vidutinio naudojimo intensyvumo ma\u017emenin\u0117s prekybos, komercin\u0117s ir visuomenin\u0117s paskirties patalpose.<\/p>\n<p>Susisiek\u0119 su m\u016bs\u0173 komanda gausite i\u0161sami\u0105 konsultacij\u0105 \u0161io produkto klausimais.<\/p>\n","protected":false},"featured_media":27514,"template":"","meta":{"_acf_changed":false},"product_cat":[270,272],"product_tag":[],"acf":[],"yoast_head":"<!-- This site is optimized with the Yoast SEO plugin v22.9 - https:\/\/yoast.com\/wordpress\/plugins\/seo\/ -->\n<title>ARADAS : Durys I Aluprof MB-45<\/title>\n<meta name=\"robots\" content=\"index, follow, max-snippet:-1, max-image-preview:large, max-video-preview:-1\" \/>\n<link rel=\"canonical\" href=\"https:\/\/www.aradas.lt\/lt\/produktas\/durys-i-aluprof-mb-45\/\" \/>\n<meta property=\"og:locale\" content=\"lt_LT\" \/>\n<meta property=\"og:type\" content=\"article\" \/>\n<meta property=\"og:title\" content=\"ARADAS : Durys I Aluprof MB-45\" \/>\n<meta property=\"og:description\" content=\"NEAP\u0160ILDYTA SISTEMA VIDAUS DURIMS  MB-45 yra konkurencinga kaina pasi\u017eyminti neap\u0161ildyta sistema vidaus durims. \u0160ios sistemos neap\u0161iltintos durys taip pat gali b\u016bti integruojamos \u012f MB-45 vidaus pertvar\u0173 konstrukcijas. Ta\u010diau tokio tipo duris galima montuoti ir i\u0161orin\u0117je statini\u0173 pus\u0117je, kai neaktualus energinis efektyvumas. D\u0117l plataus profili\u0173 pasirinkimo MB-45 sistema suteikia \u012fvairias panaudojimo galimybes bei suderina ekonomi\u0161kum\u0105 su minimaliu profili\u0173 gyliu. Dur\u0173 sistema gali b\u016bti gaminama su viena arba dviem var\u010diomis, \u012fskaitant apsaugas nuo pir\u0161t\u0173 prispaudimo, su galimybe rinktis pasl\u0117ptus, cilindrinius arba ant pavir\u0161iaus montuojamus vyrius. MB-45 yra sukurta taip, kad u\u017etikrint\u0173 konkurencin\u012f prana\u0161um\u0105 vidutinio naudojimo intensyvumo ma\u017emenin\u0117s prekybos, komercin\u0117s ir visuomenin\u0117s paskirties patalpose.  Susisiek\u0119 su m\u016bs\u0173 komanda gausite i\u0161sami\u0105 konsultacij\u0105 \u0161io produkto klausimais.\" \/>\n<meta property=\"og:url\" content=\"https:\/\/www.aradas.lt\/lt\/produktas\/durys-i-aluprof-mb-45\/\" \/>\n<meta property=\"og:site_name\" content=\"Aradas\" \/>\n<meta property=\"article:modified_time\" content=\"2025-06-02T06:59:35+00:00\" \/>\n<meta property=\"og:image\" content=\"https:\/\/www.aradas.lt\/wp-content\/uploads\/2025\/05\/mb-45-53gb.jpg\" \/>\n\t<meta property=\"og:image:width\" content=\"1080\" \/>\n\t<meta property=\"og:image:height\" content=\"1080\" \/>\n\t<meta property=\"og:image:type\" content=\"image\/jpeg\" \/>\n<meta name=\"twitter:card\" content=\"summary_large_image\" \/>\n<meta name=\"twitter:label1\" content=\"Est. reading time\" \/>\n\t<meta name=\"twitter:data1\" content=\"1 minut\u0117\" \/>\n<!-- \/ Yoast SEO plugin. -->","yoast_head_json":{"title":"ARADAS : Durys I Aluprof MB-45","robots":{"index":"index","follow":"follow","max-snippet":"max-snippet:-1","max-image-preview":"max-image-preview:large","max-video-preview":"max-video-preview:-1"},"canonical":"https:\/\/www.aradas.lt\/lt\/produktas\/durys-i-aluprof-mb-45\/","og_locale":"lt_LT","og_type":"article","og_title":"ARADAS : Durys I Aluprof MB-45","og_description":"NEAP\u0160ILDYTA SISTEMA VIDAUS DURIMS  MB-45 yra konkurencinga kaina pasi\u017eyminti neap\u0161ildyta sistema vidaus durims. \u0160ios sistemos neap\u0161iltintos durys taip pat gali b\u016bti integruojamos \u012f MB-45 vidaus pertvar\u0173 konstrukcijas. Ta\u010diau tokio tipo duris galima montuoti ir i\u0161orin\u0117je statini\u0173 pus\u0117je, kai neaktualus energinis efektyvumas. D\u0117l plataus profili\u0173 pasirinkimo MB-45 sistema suteikia \u012fvairias panaudojimo galimybes bei suderina ekonomi\u0161kum\u0105 su minimaliu profili\u0173 gyliu. Dur\u0173 sistema gali b\u016bti gaminama su viena arba dviem var\u010diomis, \u012fskaitant apsaugas nuo pir\u0161t\u0173 prispaudimo, su galimybe rinktis pasl\u0117ptus, cilindrinius arba ant pavir\u0161iaus montuojamus vyrius. MB-45 yra sukurta taip, kad u\u017etikrint\u0173 konkurencin\u012f prana\u0161um\u0105 vidutinio naudojimo intensyvumo ma\u017emenin\u0117s prekybos, komercin\u0117s ir visuomenin\u0117s paskirties patalpose.  Susisiek\u0119 su m\u016bs\u0173 komanda gausite i\u0161sami\u0105 konsultacij\u0105 \u0161io produkto klausimais.","og_url":"https:\/\/www.aradas.lt\/lt\/produktas\/durys-i-aluprof-mb-45\/","og_site_name":"Aradas","article_modified_time":"2025-06-02T06:59:35+00:00","og_image":[{"width":1080,"height":1080,"url":"https:\/\/www.aradas.lt\/wp-content\/uploads\/2025\/05\/mb-45-53gb.jpg","type":"image\/jpeg"}],"twitter_card":"summary_large_image","twitter_misc":{"Est. reading time":"1 minut\u0117"},"schema":{"@context":"https:\/\/schema.org","@graph":[{"@type":"WebPage","@id":"https:\/\/www.aradas.lt\/lt\/produktas\/durys-i-aluprof-mb-45\/","url":"https:\/\/www.aradas.lt\/lt\/produktas\/durys-i-aluprof-mb-45\/","name":"ARADAS : Durys I Aluprof MB-45","isPartOf":{"@id":"https:\/\/www.aradas.lt\/#website"},"primaryImageOfPage":{"@id":"https:\/\/www.aradas.lt\/lt\/produktas\/durys-i-aluprof-mb-45\/#primaryimage"},"image":{"@id":"https:\/\/www.aradas.lt\/lt\/produktas\/durys-i-aluprof-mb-45\/#primaryimage"},"thumbnailUrl":"https:\/\/www.aradas.lt\/wp-content\/uploads\/2025\/05\/mb-45-53gb.jpg","datePublished":"2025-05-19T13:06:19+00:00","dateModified":"2025-06-02T06:59:35+00:00","breadcrumb":{"@id":"https:\/\/www.aradas.lt\/lt\/produktas\/durys-i-aluprof-mb-45\/#breadcrumb"},"inLanguage":"lt-LT","potentialAction":[{"@type":"ReadAction","target":["https:\/\/www.aradas.lt\/lt\/produktas\/durys-i-aluprof-mb-45\/"]}]},{"@type":"ImageObject","inLanguage":"lt-LT","@id":"https:\/\/www.aradas.lt\/lt\/produktas\/durys-i-aluprof-mb-45\/#primaryimage","url":"https:\/\/www.aradas.lt\/wp-content\/uploads\/2025\/05\/mb-45-53gb.jpg","contentUrl":"https:\/\/www.aradas.lt\/wp-content\/uploads\/2025\/05\/mb-45-53gb.jpg","width":1080,"height":1080},{"@type":"BreadcrumbList","@id":"https:\/\/www.aradas.lt\/lt\/produktas\/durys-i-aluprof-mb-45\/#breadcrumb","itemListElement":[{"@type":"ListItem","position":1,"name":"Home","item":"https:\/\/www.aradas.lt\/lt\/"},{"@type":"ListItem","position":2,"name":"Shop","item":"https:\/\/www.aradas.lt\/shop\/"},{"@type":"ListItem","position":3,"name":"Durys I Aluprof MB-45"}]},{"@type":"WebSite","@id":"https:\/\/www.aradas.lt\/#website","url":"https:\/\/www.aradas.lt\/","name":"Aradas","description":"Langai ir durys","publisher":{"@id":"https:\/\/www.aradas.lt\/#organization"},"potentialAction":[{"@type":"SearchAction","target":{"@type":"EntryPoint","urlTemplate":"https:\/\/www.aradas.lt\/?s={search_term_string}"},"query-input":"required name=search_term_string"}],"inLanguage":"lt-LT"},{"@type":"Organization","@id":"https:\/\/www.aradas.lt\/#organization","name":"ARADAS : Windows and Doors","url":"https:\/\/www.aradas.lt\/","logo":{"@type":"ImageObject","inLanguage":"lt-LT","@id":"https:\/\/www.aradas.lt\/#\/schema\/logo\/image\/","url":"https:\/\/www.aradas.lt\/wp-content\/uploads\/2018\/02\/logo-60h.png","contentUrl":"https:\/\/www.aradas.lt\/wp-content\/uploads\/2018\/02\/logo-60h.png","width":374,"height":60,"caption":"ARADAS : Windows and Doors"},"image":{"@id":"https:\/\/www.aradas.lt\/#\/schema\/logo\/image\/"}}]}},"_links":{"self":[{"href":"https:\/\/www.aradas.lt\/lt\/wp-json\/wp\/v2\/product\/26573"}],"collection":[{"href":"https:\/\/www.aradas.lt\/lt\/wp-json\/wp\/v2\/product"}],"about":[{"href":"https:\/\/www.aradas.lt\/lt\/wp-json\/wp\/v2\/types\/product"}],"wp:featuredmedia":[{"embeddable":true,"href":"https:\/\/www.aradas.lt\/lt\/wp-json\/wp\/v2\/media\/27514"}],"wp:attachment":[{"href":"https:\/\/www.aradas.lt\/lt\/wp-json\/wp\/v2\/media?parent=26573"}],"wp:term":[{"taxonomy":"product_cat","embeddable":true,"href":"https:\/\/www.aradas.lt\/lt\/wp-json\/wp\/v2\/product_cat?post=26573"},{"taxonomy":"product_tag","embeddable":true,"href":"https:\/\/www.aradas.lt\/lt\/wp-json\/wp\/v2\/product_tag?post=26573"}],"curies":[{"name":"wp","href":"https:\/\/api.w.org\/{rel}","templated":true}]}}