{"id":26595,"date":"2025-05-20T08:21:02","date_gmt":"2025-05-20T10:21:02","guid":{"rendered":"https:\/\/www.aradas.lt\/?post_type=product&#038;p=26595"},"modified":"2025-06-26T04:25:08","modified_gmt":"2025-06-26T06:25:08","slug":"langai-aluprof-mb-60-hi","status":"publish","type":"product","link":"https:\/\/www.aradas.lt\/lt\/produktas\/langai-aluprof-mb-60-hi\/","title":{"rendered":"Langai | Aluprof MB-60\/HI"},"content":{"rendered":"","protected":false},"excerpt":{"rendered":"<p><span style=\"text-transform: uppercase;\">[aluminium]<\/span><\/p>\n<p>UNIVERSALI LANG\u0172 SISTEMA SU 60 MM R\u0116MO GYLIU<\/p>\n<p>MB-60 yra stabili, universali ir visapusi\u0161ka lang\u0173 sistema, kuri\u0105 galima pritaikyti, kai reikia u\u017etikrinti geresnes \u0161ilumines charakteristikas, atitinkan\u010dias skirtingus \u012fvairi\u0173 rinkos segment\u0173 poreikius. Pagrindin\u0117s MB-60 sistemos profiliai turi 3 kamer\u0173 strukt\u016br\u0105 ir \u201eomega\u201c tipo \u0161ilumos u\u017epild\u0105. Sistema turi ir auk\u0161tesnio energinio lygio versij\u0105 MB-60HI, kuris i\u0161gaunamas pasitelkiant specialius izoliacinius u\u017epildus profili\u0173 viduje ir po stiklo paketais. Var\u010dioms galima nematom\u0173 vyri\u0173 furnit\u016bra leis jas atidaryti ir iki 180\u00b0.<\/p>\n<p>Susisiek\u0119 su m\u016bs\u0173 komanda gausite i\u0161sami\u0105 konsultacij\u0105 \u0161io produkto klausimais.<\/p>\n","protected":false},"featured_media":27558,"template":"","meta":{"_acf_changed":false},"product_cat":[270,271],"product_tag":[],"acf":[],"yoast_head":"<!-- This site is optimized with the Yoast SEO plugin v22.9 - https:\/\/yoast.com\/wordpress\/plugins\/seo\/ -->\n<title>ARADAS : Langai | Aluprof MB-60\/HI<\/title>\n<meta name=\"robots\" content=\"index, follow, max-snippet:-1, max-image-preview:large, max-video-preview:-1\" \/>\n<link rel=\"canonical\" href=\"https:\/\/www.aradas.lt\/lt\/produktas\/langai-aluprof-mb-60-hi\/\" \/>\n<meta property=\"og:locale\" content=\"lt_LT\" \/>\n<meta property=\"og:type\" content=\"article\" \/>\n<meta property=\"og:title\" content=\"ARADAS : Langai | Aluprof MB-60\/HI\" \/>\n<meta property=\"og:description\" content=\"UNIVERSALI LANG\u0172 SISTEMA SU 60 MM R\u0116MO GYLIU  MB-60 yra stabili, universali ir visapusi\u0161ka lang\u0173 sistema, kuri\u0105 galima pritaikyti, kai reikia u\u017etikrinti geresnes \u0161ilumines charakteristikas, atitinkan\u010dias skirtingus \u012fvairi\u0173 rinkos segment\u0173 poreikius. Pagrindin\u0117s MB-60 sistemos profiliai turi 3 kamer\u0173 strukt\u016br\u0105 ir \u201eomega\u201c tipo \u0161ilumos u\u017epild\u0105. Sistema turi ir auk\u0161tesnio energinio lygio versij\u0105 MB-60HI, kuris i\u0161gaunamas pasitelkiant specialius izoliacinius u\u017epildus profili\u0173 viduje ir po stiklo paketais. Var\u010dioms galima nematom\u0173 vyri\u0173 furnit\u016bra leis jas atidaryti ir iki 180\u00b0.  Susisiek\u0119 su m\u016bs\u0173 komanda gausite i\u0161sami\u0105 konsultacij\u0105 \u0161io produkto klausimais.\" \/>\n<meta property=\"og:url\" content=\"https:\/\/www.aradas.lt\/lt\/produktas\/langai-aluprof-mb-60-hi\/\" \/>\n<meta property=\"og:site_name\" content=\"Aradas\" \/>\n<meta property=\"article:modified_time\" content=\"2025-06-26T06:25:08+00:00\" \/>\n<meta property=\"og:image\" content=\"https:\/\/www.aradas.lt\/wp-content\/uploads\/2025\/05\/MB-60HI_window_300___1080px.jpg\" \/>\n\t<meta property=\"og:image:width\" content=\"1080\" \/>\n\t<meta property=\"og:image:height\" content=\"1080\" \/>\n\t<meta property=\"og:image:type\" content=\"image\/jpeg\" \/>\n<meta name=\"twitter:card\" content=\"summary_large_image\" \/>\n<meta name=\"twitter:label1\" content=\"Est. reading time\" \/>\n\t<meta name=\"twitter:data1\" content=\"1 minut\u0117\" \/>\n<!-- \/ Yoast SEO plugin. -->","yoast_head_json":{"title":"ARADAS : Langai | Aluprof MB-60\/HI","robots":{"index":"index","follow":"follow","max-snippet":"max-snippet:-1","max-image-preview":"max-image-preview:large","max-video-preview":"max-video-preview:-1"},"canonical":"https:\/\/www.aradas.lt\/lt\/produktas\/langai-aluprof-mb-60-hi\/","og_locale":"lt_LT","og_type":"article","og_title":"ARADAS : Langai | Aluprof MB-60\/HI","og_description":"UNIVERSALI LANG\u0172 SISTEMA SU 60 MM R\u0116MO GYLIU  MB-60 yra stabili, universali ir visapusi\u0161ka lang\u0173 sistema, kuri\u0105 galima pritaikyti, kai reikia u\u017etikrinti geresnes \u0161ilumines charakteristikas, atitinkan\u010dias skirtingus \u012fvairi\u0173 rinkos segment\u0173 poreikius. Pagrindin\u0117s MB-60 sistemos profiliai turi 3 kamer\u0173 strukt\u016br\u0105 ir \u201eomega\u201c tipo \u0161ilumos u\u017epild\u0105. Sistema turi ir auk\u0161tesnio energinio lygio versij\u0105 MB-60HI, kuris i\u0161gaunamas pasitelkiant specialius izoliacinius u\u017epildus profili\u0173 viduje ir po stiklo paketais. Var\u010dioms galima nematom\u0173 vyri\u0173 furnit\u016bra leis jas atidaryti ir iki 180\u00b0.  Susisiek\u0119 su m\u016bs\u0173 komanda gausite i\u0161sami\u0105 konsultacij\u0105 \u0161io produkto klausimais.","og_url":"https:\/\/www.aradas.lt\/lt\/produktas\/langai-aluprof-mb-60-hi\/","og_site_name":"Aradas","article_modified_time":"2025-06-26T06:25:08+00:00","og_image":[{"width":1080,"height":1080,"url":"https:\/\/www.aradas.lt\/wp-content\/uploads\/2025\/05\/MB-60HI_window_300___1080px.jpg","type":"image\/jpeg"}],"twitter_card":"summary_large_image","twitter_misc":{"Est. reading time":"1 minut\u0117"},"schema":{"@context":"https:\/\/schema.org","@graph":[{"@type":"WebPage","@id":"https:\/\/www.aradas.lt\/lt\/produktas\/langai-aluprof-mb-60-hi\/","url":"https:\/\/www.aradas.lt\/lt\/produktas\/langai-aluprof-mb-60-hi\/","name":"ARADAS : Langai | Aluprof MB-60\/HI","isPartOf":{"@id":"https:\/\/www.aradas.lt\/#website"},"primaryImageOfPage":{"@id":"https:\/\/www.aradas.lt\/lt\/produktas\/langai-aluprof-mb-60-hi\/#primaryimage"},"image":{"@id":"https:\/\/www.aradas.lt\/lt\/produktas\/langai-aluprof-mb-60-hi\/#primaryimage"},"thumbnailUrl":"https:\/\/www.aradas.lt\/wp-content\/uploads\/2025\/05\/MB-60HI_window_300___1080px.jpg","datePublished":"2025-05-20T10:21:02+00:00","dateModified":"2025-06-26T06:25:08+00:00","breadcrumb":{"@id":"https:\/\/www.aradas.lt\/lt\/produktas\/langai-aluprof-mb-60-hi\/#breadcrumb"},"inLanguage":"lt-LT","potentialAction":[{"@type":"ReadAction","target":["https:\/\/www.aradas.lt\/lt\/produktas\/langai-aluprof-mb-60-hi\/"]}]},{"@type":"ImageObject","inLanguage":"lt-LT","@id":"https:\/\/www.aradas.lt\/lt\/produktas\/langai-aluprof-mb-60-hi\/#primaryimage","url":"https:\/\/www.aradas.lt\/wp-content\/uploads\/2025\/05\/MB-60HI_window_300___1080px.jpg","contentUrl":"https:\/\/www.aradas.lt\/wp-content\/uploads\/2025\/05\/MB-60HI_window_300___1080px.jpg","width":1080,"height":1080},{"@type":"BreadcrumbList","@id":"https:\/\/www.aradas.lt\/lt\/produktas\/langai-aluprof-mb-60-hi\/#breadcrumb","itemListElement":[{"@type":"ListItem","position":1,"name":"Home","item":"https:\/\/www.aradas.lt\/lt\/"},{"@type":"ListItem","position":2,"name":"Shop","item":"https:\/\/www.aradas.lt\/shop\/"},{"@type":"ListItem","position":3,"name":"Langai | Aluprof MB-60\/HI"}]},{"@type":"WebSite","@id":"https:\/\/www.aradas.lt\/#website","url":"https:\/\/www.aradas.lt\/","name":"Aradas","description":"Langai ir durys","publisher":{"@id":"https:\/\/www.aradas.lt\/#organization"},"potentialAction":[{"@type":"SearchAction","target":{"@type":"EntryPoint","urlTemplate":"https:\/\/www.aradas.lt\/?s={search_term_string}"},"query-input":"required name=search_term_string"}],"inLanguage":"lt-LT"},{"@type":"Organization","@id":"https:\/\/www.aradas.lt\/#organization","name":"ARADAS : Windows and Doors","url":"https:\/\/www.aradas.lt\/","logo":{"@type":"ImageObject","inLanguage":"lt-LT","@id":"https:\/\/www.aradas.lt\/#\/schema\/logo\/image\/","url":"https:\/\/www.aradas.lt\/wp-content\/uploads\/2018\/02\/logo-60h.png","contentUrl":"https:\/\/www.aradas.lt\/wp-content\/uploads\/2018\/02\/logo-60h.png","width":374,"height":60,"caption":"ARADAS : Windows and Doors"},"image":{"@id":"https:\/\/www.aradas.lt\/#\/schema\/logo\/image\/"}}]}},"_links":{"self":[{"href":"https:\/\/www.aradas.lt\/lt\/wp-json\/wp\/v2\/product\/26595"}],"collection":[{"href":"https:\/\/www.aradas.lt\/lt\/wp-json\/wp\/v2\/product"}],"about":[{"href":"https:\/\/www.aradas.lt\/lt\/wp-json\/wp\/v2\/types\/product"}],"wp:featuredmedia":[{"embeddable":true,"href":"https:\/\/www.aradas.lt\/lt\/wp-json\/wp\/v2\/media\/27558"}],"wp:attachment":[{"href":"https:\/\/www.aradas.lt\/lt\/wp-json\/wp\/v2\/media?parent=26595"}],"wp:term":[{"taxonomy":"product_cat","embeddable":true,"href":"https:\/\/www.aradas.lt\/lt\/wp-json\/wp\/v2\/product_cat?post=26595"},{"taxonomy":"product_tag","embeddable":true,"href":"https:\/\/www.aradas.lt\/lt\/wp-json\/wp\/v2\/product_tag?post=26595"}],"curies":[{"name":"wp","href":"https:\/\/api.w.org\/{rel}","templated":true}]}}