{"id":26609,"date":"2025-05-20T08:52:05","date_gmt":"2025-05-20T10:52:05","guid":{"rendered":"https:\/\/www.aradas.lt\/?post_type=product&#038;p=26609"},"modified":"2025-06-02T05:42:02","modified_gmt":"2025-06-02T07:42:02","slug":"durys-aluprof-mb-60-hi","status":"publish","type":"product","link":"https:\/\/www.aradas.lt\/lt\/produktas\/durys-aluprof-mb-60-hi\/","title":{"rendered":"Durys | Aluprof MB-60\/HI"},"content":{"rendered":"","protected":false},"excerpt":{"rendered":"<p><span style=\"text-transform: uppercase;\">[aluminium]<\/span><\/p>\n<p>AP\u0160ILDYTA LAUKO DUR\u0172 SISTEMA SU 60 MM R\u0116MO GYLIU<\/p>\n<p>MB-60 yra moderni, i\u0161 aliuminio pagaminta, sistema, skirta i\u0161oriniams architekt\u016briniams pastato elementams, kuriems reikalinga \u0161ilumos ir garso izoliacija, pavyzd\u017eiui, \u012fvairi\u0173 tip\u0173 durims, atidaromoms \u012f vid\u0173 arba \u012f i\u0161or\u0119. \u201eOmega\u201c formos \u0161iluminis u\u017epildas, sustiprintas stiklo pluo\u0161tu, padidina profili\u0173 atsparum\u0105, kartu u\u017etikrindamas tinkam\u0105 energin\u012f efektyvum\u0105 bet kokiomis atmosferos s\u0105lygomis. I\u0161 HPVC pagamintas slenkstis ir EPDM tarpin\u0117s u\u017etikrina tinkamus sandarumo parametrus. \u0160ios durys suteiks ir auk\u0161to lygio komfort\u0105 bei saugum\u0105, pasitelkiant plataus spektro automatizacijos sprendimus: elektrines spynas bei pir\u0161t\u0173 antspaud\u0173 skaitytuvus.<\/p>\n<p>Susisiek\u0119 su m\u016bs\u0173 komanda gausite i\u0161sami\u0105 konsultacij\u0105 \u0161io produkto klausimais.<\/p>\n","protected":false},"featured_media":27483,"template":"","meta":{"_acf_changed":false},"product_cat":[270,272],"product_tag":[],"acf":[],"yoast_head":"<!-- This site is optimized with the Yoast SEO plugin v22.9 - https:\/\/yoast.com\/wordpress\/plugins\/seo\/ -->\n<title>ARADAS : Durys | Aluprof MB-60\/HI<\/title>\n<meta name=\"robots\" content=\"index, follow, max-snippet:-1, max-image-preview:large, max-video-preview:-1\" \/>\n<link rel=\"canonical\" href=\"https:\/\/www.aradas.lt\/lt\/produktas\/durys-aluprof-mb-60-hi\/\" \/>\n<meta property=\"og:locale\" content=\"lt_LT\" \/>\n<meta property=\"og:type\" content=\"article\" \/>\n<meta property=\"og:title\" content=\"ARADAS : Durys | Aluprof MB-60\/HI\" \/>\n<meta property=\"og:description\" content=\"AP\u0160ILDYTA LAUKO DUR\u0172 SISTEMA SU 60 MM R\u0116MO GYLIU  MB-60 yra moderni, i\u0161 aliuminio pagaminta, sistema, skirta i\u0161oriniams architekt\u016briniams pastato elementams, kuriems reikalinga \u0161ilumos ir garso izoliacija, pavyzd\u017eiui, \u012fvairi\u0173 tip\u0173 durims, atidaromoms \u012f vid\u0173 arba \u012f i\u0161or\u0119. \u201eOmega\u201c formos \u0161iluminis u\u017epildas, sustiprintas stiklo pluo\u0161tu, padidina profili\u0173 atsparum\u0105, kartu u\u017etikrindamas tinkam\u0105 energin\u012f efektyvum\u0105 bet kokiomis atmosferos s\u0105lygomis. I\u0161 HPVC pagamintas slenkstis ir EPDM tarpin\u0117s u\u017etikrina tinkamus sandarumo parametrus. \u0160ios durys suteiks ir auk\u0161to lygio komfort\u0105 bei saugum\u0105, pasitelkiant plataus spektro automatizacijos sprendimus: elektrines spynas bei pir\u0161t\u0173 antspaud\u0173 skaitytuvus.  Susisiek\u0119 su m\u016bs\u0173 komanda gausite i\u0161sami\u0105 konsultacij\u0105 \u0161io produkto klausimais.\" \/>\n<meta property=\"og:url\" content=\"https:\/\/www.aradas.lt\/lt\/produktas\/durys-aluprof-mb-60-hi\/\" \/>\n<meta property=\"og:site_name\" content=\"Aradas\" \/>\n<meta property=\"article:modified_time\" content=\"2025-06-02T07:42:02+00:00\" \/>\n<meta property=\"og:image\" content=\"https:\/\/www.aradas.lt\/wp-content\/uploads\/2025\/05\/MB60E_drzwi_300___1080px.jpg\" \/>\n\t<meta property=\"og:image:width\" content=\"1080\" \/>\n\t<meta property=\"og:image:height\" content=\"1080\" \/>\n\t<meta property=\"og:image:type\" content=\"image\/jpeg\" \/>\n<meta name=\"twitter:card\" content=\"summary_large_image\" \/>\n<meta name=\"twitter:label1\" content=\"Est. reading time\" \/>\n\t<meta name=\"twitter:data1\" content=\"1 minut\u0117\" \/>\n<!-- \/ Yoast SEO plugin. -->","yoast_head_json":{"title":"ARADAS : Durys | Aluprof MB-60\/HI","robots":{"index":"index","follow":"follow","max-snippet":"max-snippet:-1","max-image-preview":"max-image-preview:large","max-video-preview":"max-video-preview:-1"},"canonical":"https:\/\/www.aradas.lt\/lt\/produktas\/durys-aluprof-mb-60-hi\/","og_locale":"lt_LT","og_type":"article","og_title":"ARADAS : Durys | Aluprof MB-60\/HI","og_description":"AP\u0160ILDYTA LAUKO DUR\u0172 SISTEMA SU 60 MM R\u0116MO GYLIU  MB-60 yra moderni, i\u0161 aliuminio pagaminta, sistema, skirta i\u0161oriniams architekt\u016briniams pastato elementams, kuriems reikalinga \u0161ilumos ir garso izoliacija, pavyzd\u017eiui, \u012fvairi\u0173 tip\u0173 durims, atidaromoms \u012f vid\u0173 arba \u012f i\u0161or\u0119. \u201eOmega\u201c formos \u0161iluminis u\u017epildas, sustiprintas stiklo pluo\u0161tu, padidina profili\u0173 atsparum\u0105, kartu u\u017etikrindamas tinkam\u0105 energin\u012f efektyvum\u0105 bet kokiomis atmosferos s\u0105lygomis. I\u0161 HPVC pagamintas slenkstis ir EPDM tarpin\u0117s u\u017etikrina tinkamus sandarumo parametrus. \u0160ios durys suteiks ir auk\u0161to lygio komfort\u0105 bei saugum\u0105, pasitelkiant plataus spektro automatizacijos sprendimus: elektrines spynas bei pir\u0161t\u0173 antspaud\u0173 skaitytuvus.  Susisiek\u0119 su m\u016bs\u0173 komanda gausite i\u0161sami\u0105 konsultacij\u0105 \u0161io produkto klausimais.","og_url":"https:\/\/www.aradas.lt\/lt\/produktas\/durys-aluprof-mb-60-hi\/","og_site_name":"Aradas","article_modified_time":"2025-06-02T07:42:02+00:00","og_image":[{"width":1080,"height":1080,"url":"https:\/\/www.aradas.lt\/wp-content\/uploads\/2025\/05\/MB60E_drzwi_300___1080px.jpg","type":"image\/jpeg"}],"twitter_card":"summary_large_image","twitter_misc":{"Est. reading time":"1 minut\u0117"},"schema":{"@context":"https:\/\/schema.org","@graph":[{"@type":"WebPage","@id":"https:\/\/www.aradas.lt\/lt\/produktas\/durys-aluprof-mb-60-hi\/","url":"https:\/\/www.aradas.lt\/lt\/produktas\/durys-aluprof-mb-60-hi\/","name":"ARADAS : Durys | Aluprof MB-60\/HI","isPartOf":{"@id":"https:\/\/www.aradas.lt\/#website"},"primaryImageOfPage":{"@id":"https:\/\/www.aradas.lt\/lt\/produktas\/durys-aluprof-mb-60-hi\/#primaryimage"},"image":{"@id":"https:\/\/www.aradas.lt\/lt\/produktas\/durys-aluprof-mb-60-hi\/#primaryimage"},"thumbnailUrl":"https:\/\/www.aradas.lt\/wp-content\/uploads\/2025\/05\/MB60E_drzwi_300___1080px.jpg","datePublished":"2025-05-20T10:52:05+00:00","dateModified":"2025-06-02T07:42:02+00:00","breadcrumb":{"@id":"https:\/\/www.aradas.lt\/lt\/produktas\/durys-aluprof-mb-60-hi\/#breadcrumb"},"inLanguage":"lt-LT","potentialAction":[{"@type":"ReadAction","target":["https:\/\/www.aradas.lt\/lt\/produktas\/durys-aluprof-mb-60-hi\/"]}]},{"@type":"ImageObject","inLanguage":"lt-LT","@id":"https:\/\/www.aradas.lt\/lt\/produktas\/durys-aluprof-mb-60-hi\/#primaryimage","url":"https:\/\/www.aradas.lt\/wp-content\/uploads\/2025\/05\/MB60E_drzwi_300___1080px.jpg","contentUrl":"https:\/\/www.aradas.lt\/wp-content\/uploads\/2025\/05\/MB60E_drzwi_300___1080px.jpg","width":1080,"height":1080},{"@type":"BreadcrumbList","@id":"https:\/\/www.aradas.lt\/lt\/produktas\/durys-aluprof-mb-60-hi\/#breadcrumb","itemListElement":[{"@type":"ListItem","position":1,"name":"Home","item":"https:\/\/www.aradas.lt\/lt\/"},{"@type":"ListItem","position":2,"name":"Shop","item":"https:\/\/www.aradas.lt\/shop\/"},{"@type":"ListItem","position":3,"name":"Durys | Aluprof MB-60\/HI"}]},{"@type":"WebSite","@id":"https:\/\/www.aradas.lt\/#website","url":"https:\/\/www.aradas.lt\/","name":"Aradas","description":"Langai ir durys","publisher":{"@id":"https:\/\/www.aradas.lt\/#organization"},"potentialAction":[{"@type":"SearchAction","target":{"@type":"EntryPoint","urlTemplate":"https:\/\/www.aradas.lt\/?s={search_term_string}"},"query-input":"required name=search_term_string"}],"inLanguage":"lt-LT"},{"@type":"Organization","@id":"https:\/\/www.aradas.lt\/#organization","name":"ARADAS : Windows and Doors","url":"https:\/\/www.aradas.lt\/","logo":{"@type":"ImageObject","inLanguage":"lt-LT","@id":"https:\/\/www.aradas.lt\/#\/schema\/logo\/image\/","url":"https:\/\/www.aradas.lt\/wp-content\/uploads\/2018\/02\/logo-60h.png","contentUrl":"https:\/\/www.aradas.lt\/wp-content\/uploads\/2018\/02\/logo-60h.png","width":374,"height":60,"caption":"ARADAS : Windows and Doors"},"image":{"@id":"https:\/\/www.aradas.lt\/#\/schema\/logo\/image\/"}}]}},"_links":{"self":[{"href":"https:\/\/www.aradas.lt\/lt\/wp-json\/wp\/v2\/product\/26609"}],"collection":[{"href":"https:\/\/www.aradas.lt\/lt\/wp-json\/wp\/v2\/product"}],"about":[{"href":"https:\/\/www.aradas.lt\/lt\/wp-json\/wp\/v2\/types\/product"}],"wp:featuredmedia":[{"embeddable":true,"href":"https:\/\/www.aradas.lt\/lt\/wp-json\/wp\/v2\/media\/27483"}],"wp:attachment":[{"href":"https:\/\/www.aradas.lt\/lt\/wp-json\/wp\/v2\/media?parent=26609"}],"wp:term":[{"taxonomy":"product_cat","embeddable":true,"href":"https:\/\/www.aradas.lt\/lt\/wp-json\/wp\/v2\/product_cat?post=26609"},{"taxonomy":"product_tag","embeddable":true,"href":"https:\/\/www.aradas.lt\/lt\/wp-json\/wp\/v2\/product_tag?post=26609"}],"curies":[{"name":"wp","href":"https:\/\/api.w.org\/{rel}","templated":true}]}}