{"id":26648,"date":"2025-05-20T11:04:10","date_gmt":"2025-05-20T13:04:10","guid":{"rendered":"https:\/\/www.aradas.lt\/?post_type=product&#038;p=26648"},"modified":"2025-06-26T04:14:43","modified_gmt":"2025-06-26T06:14:43","slug":"langai-aluprof-mb-79n-si","status":"publish","type":"product","link":"https:\/\/www.aradas.lt\/lt\/produktas\/langai-aluprof-mb-79n-si\/","title":{"rendered":"Langai | Aluprof MB-79N \/ SI"},"content":{"rendered":"","protected":false},"excerpt":{"rendered":"<p><span style=\"text-transform: uppercase;\">[aluminium]<\/span><\/p>\n<p>AUK\u0160TO ENERGINIO EFEKTYVUMO LANGAI<\/p>\n<p>MB-79N yra naujausia, pa\u017eangiausia ir ekonominio lygio lang\u0173 sistema, atitinkanti auk\u0161tus energinio efektyvumo bei sandarumo reikalavimus. Be ekonomi\u0161ko varianto MB-79N, mes taip pat si\u016blome ir auk\u0161to energinio lygio MB-79N SI variant\u0105 su profiliais, turin\u010diais papildomus izoliacinius u\u017epildus ir dviej\u0173 komponent\u0173 centrin\u0119 tarpin\u0119. Var\u010dioms galima nematom\u0173 vyri\u0173 furnit\u016bra leis jas atidaryti ir iki 180\u00b0.<\/p>\n<p>Susisiek\u0119 su m\u016bs\u0173 komanda gausite i\u0161sami\u0105 konsultacij\u0105 \u0161io produkto klausimais.<\/p>\n","protected":false},"featured_media":27493,"template":"","meta":{"_acf_changed":false},"product_cat":[270,271],"product_tag":[],"acf":[],"yoast_head":"<!-- This site is optimized with the Yoast SEO plugin v22.9 - https:\/\/yoast.com\/wordpress\/plugins\/seo\/ -->\n<title>ARADAS : Langai | Aluprof MB-79N \/ SI<\/title>\n<meta name=\"robots\" content=\"index, follow, max-snippet:-1, max-image-preview:large, max-video-preview:-1\" \/>\n<link rel=\"canonical\" href=\"https:\/\/www.aradas.lt\/lt\/produktas\/langai-aluprof-mb-79n-si\/\" \/>\n<meta property=\"og:locale\" content=\"lt_LT\" \/>\n<meta property=\"og:type\" content=\"article\" \/>\n<meta property=\"og:title\" content=\"ARADAS : Langai | Aluprof MB-79N \/ SI\" \/>\n<meta property=\"og:description\" content=\"AUK\u0160TO ENERGINIO EFEKTYVUMO LANGAI  MB-79N yra naujausia, pa\u017eangiausia ir ekonominio lygio lang\u0173 sistema, atitinkanti auk\u0161tus energinio efektyvumo bei sandarumo reikalavimus. Be ekonomi\u0161ko varianto MB-79N, mes taip pat si\u016blome ir auk\u0161to energinio lygio MB-79N SI variant\u0105 su profiliais, turin\u010diais papildomus izoliacinius u\u017epildus ir dviej\u0173 komponent\u0173 centrin\u0119 tarpin\u0119. Var\u010dioms galima nematom\u0173 vyri\u0173 furnit\u016bra leis jas atidaryti ir iki 180\u00b0.  Susisiek\u0119 su m\u016bs\u0173 komanda gausite i\u0161sami\u0105 konsultacij\u0105 \u0161io produkto klausimais.\" \/>\n<meta property=\"og:url\" content=\"https:\/\/www.aradas.lt\/lt\/produktas\/langai-aluprof-mb-79n-si\/\" \/>\n<meta property=\"og:site_name\" content=\"Aradas\" \/>\n<meta property=\"article:modified_time\" content=\"2025-06-26T06:14:43+00:00\" \/>\n<meta property=\"og:image\" content=\"https:\/\/www.aradas.lt\/wp-content\/uploads\/2025\/05\/229.2-MB-79N-SI-otwarty_300dpi___1080px.jpg\" \/>\n\t<meta property=\"og:image:width\" content=\"1080\" \/>\n\t<meta property=\"og:image:height\" content=\"1080\" \/>\n\t<meta property=\"og:image:type\" content=\"image\/jpeg\" \/>\n<meta name=\"twitter:card\" content=\"summary_large_image\" \/>\n<meta name=\"twitter:label1\" content=\"Est. reading time\" \/>\n\t<meta name=\"twitter:data1\" content=\"1 minut\u0117\" \/>\n<!-- \/ Yoast SEO plugin. -->","yoast_head_json":{"title":"ARADAS : Langai | Aluprof MB-79N \/ SI","robots":{"index":"index","follow":"follow","max-snippet":"max-snippet:-1","max-image-preview":"max-image-preview:large","max-video-preview":"max-video-preview:-1"},"canonical":"https:\/\/www.aradas.lt\/lt\/produktas\/langai-aluprof-mb-79n-si\/","og_locale":"lt_LT","og_type":"article","og_title":"ARADAS : Langai | Aluprof MB-79N \/ SI","og_description":"AUK\u0160TO ENERGINIO EFEKTYVUMO LANGAI  MB-79N yra naujausia, pa\u017eangiausia ir ekonominio lygio lang\u0173 sistema, atitinkanti auk\u0161tus energinio efektyvumo bei sandarumo reikalavimus. Be ekonomi\u0161ko varianto MB-79N, mes taip pat si\u016blome ir auk\u0161to energinio lygio MB-79N SI variant\u0105 su profiliais, turin\u010diais papildomus izoliacinius u\u017epildus ir dviej\u0173 komponent\u0173 centrin\u0119 tarpin\u0119. Var\u010dioms galima nematom\u0173 vyri\u0173 furnit\u016bra leis jas atidaryti ir iki 180\u00b0.  Susisiek\u0119 su m\u016bs\u0173 komanda gausite i\u0161sami\u0105 konsultacij\u0105 \u0161io produkto klausimais.","og_url":"https:\/\/www.aradas.lt\/lt\/produktas\/langai-aluprof-mb-79n-si\/","og_site_name":"Aradas","article_modified_time":"2025-06-26T06:14:43+00:00","og_image":[{"width":1080,"height":1080,"url":"https:\/\/www.aradas.lt\/wp-content\/uploads\/2025\/05\/229.2-MB-79N-SI-otwarty_300dpi___1080px.jpg","type":"image\/jpeg"}],"twitter_card":"summary_large_image","twitter_misc":{"Est. reading time":"1 minut\u0117"},"schema":{"@context":"https:\/\/schema.org","@graph":[{"@type":"WebPage","@id":"https:\/\/www.aradas.lt\/lt\/produktas\/langai-aluprof-mb-79n-si\/","url":"https:\/\/www.aradas.lt\/lt\/produktas\/langai-aluprof-mb-79n-si\/","name":"ARADAS : Langai | Aluprof MB-79N \/ SI","isPartOf":{"@id":"https:\/\/www.aradas.lt\/#website"},"primaryImageOfPage":{"@id":"https:\/\/www.aradas.lt\/lt\/produktas\/langai-aluprof-mb-79n-si\/#primaryimage"},"image":{"@id":"https:\/\/www.aradas.lt\/lt\/produktas\/langai-aluprof-mb-79n-si\/#primaryimage"},"thumbnailUrl":"https:\/\/www.aradas.lt\/wp-content\/uploads\/2025\/05\/229.2-MB-79N-SI-otwarty_300dpi___1080px.jpg","datePublished":"2025-05-20T13:04:10+00:00","dateModified":"2025-06-26T06:14:43+00:00","breadcrumb":{"@id":"https:\/\/www.aradas.lt\/lt\/produktas\/langai-aluprof-mb-79n-si\/#breadcrumb"},"inLanguage":"lt-LT","potentialAction":[{"@type":"ReadAction","target":["https:\/\/www.aradas.lt\/lt\/produktas\/langai-aluprof-mb-79n-si\/"]}]},{"@type":"ImageObject","inLanguage":"lt-LT","@id":"https:\/\/www.aradas.lt\/lt\/produktas\/langai-aluprof-mb-79n-si\/#primaryimage","url":"https:\/\/www.aradas.lt\/wp-content\/uploads\/2025\/05\/229.2-MB-79N-SI-otwarty_300dpi___1080px.jpg","contentUrl":"https:\/\/www.aradas.lt\/wp-content\/uploads\/2025\/05\/229.2-MB-79N-SI-otwarty_300dpi___1080px.jpg","width":1080,"height":1080},{"@type":"BreadcrumbList","@id":"https:\/\/www.aradas.lt\/lt\/produktas\/langai-aluprof-mb-79n-si\/#breadcrumb","itemListElement":[{"@type":"ListItem","position":1,"name":"Home","item":"https:\/\/www.aradas.lt\/lt\/"},{"@type":"ListItem","position":2,"name":"Shop","item":"https:\/\/www.aradas.lt\/shop\/"},{"@type":"ListItem","position":3,"name":"Langai | Aluprof MB-79N \/ SI"}]},{"@type":"WebSite","@id":"https:\/\/www.aradas.lt\/#website","url":"https:\/\/www.aradas.lt\/","name":"Aradas","description":"Langai ir durys","publisher":{"@id":"https:\/\/www.aradas.lt\/#organization"},"potentialAction":[{"@type":"SearchAction","target":{"@type":"EntryPoint","urlTemplate":"https:\/\/www.aradas.lt\/?s={search_term_string}"},"query-input":"required name=search_term_string"}],"inLanguage":"lt-LT"},{"@type":"Organization","@id":"https:\/\/www.aradas.lt\/#organization","name":"ARADAS : Windows and Doors","url":"https:\/\/www.aradas.lt\/","logo":{"@type":"ImageObject","inLanguage":"lt-LT","@id":"https:\/\/www.aradas.lt\/#\/schema\/logo\/image\/","url":"https:\/\/www.aradas.lt\/wp-content\/uploads\/2018\/02\/logo-60h.png","contentUrl":"https:\/\/www.aradas.lt\/wp-content\/uploads\/2018\/02\/logo-60h.png","width":374,"height":60,"caption":"ARADAS : Windows and Doors"},"image":{"@id":"https:\/\/www.aradas.lt\/#\/schema\/logo\/image\/"}}]}},"_links":{"self":[{"href":"https:\/\/www.aradas.lt\/lt\/wp-json\/wp\/v2\/product\/26648"}],"collection":[{"href":"https:\/\/www.aradas.lt\/lt\/wp-json\/wp\/v2\/product"}],"about":[{"href":"https:\/\/www.aradas.lt\/lt\/wp-json\/wp\/v2\/types\/product"}],"wp:featuredmedia":[{"embeddable":true,"href":"https:\/\/www.aradas.lt\/lt\/wp-json\/wp\/v2\/media\/27493"}],"wp:attachment":[{"href":"https:\/\/www.aradas.lt\/lt\/wp-json\/wp\/v2\/media?parent=26648"}],"wp:term":[{"taxonomy":"product_cat","embeddable":true,"href":"https:\/\/www.aradas.lt\/lt\/wp-json\/wp\/v2\/product_cat?post=26648"},{"taxonomy":"product_tag","embeddable":true,"href":"https:\/\/www.aradas.lt\/lt\/wp-json\/wp\/v2\/product_tag?post=26648"}],"curies":[{"name":"wp","href":"https:\/\/api.w.org\/{rel}","templated":true}]}}