{"id":10657,"date":"2020-10-14T21:38:05","date_gmt":"2020-10-14T23:38:05","guid":{"rendered":"https:\/\/www.aradas.lt\/product\/sliding-door-ase-60-80-hi\/"},"modified":"2025-05-27T10:53:38","modified_gmt":"2025-05-27T12:53:38","slug":"skyvedor-ase-60-80-hi","status":"publish","type":"product","link":"https:\/\/www.aradas.lt\/no\/produkt\/skyvedor-ase-60-80-hi\/","title":{"rendered":"SKYVED\u00d8R | Sch\u00fcco ASE 60\/80.HI"},"content":{"rendered":"","protected":false},"excerpt":{"rendered":"<p><span style=\"text-transform: uppercase;\">[aluminium][sliding-system]<\/span><\/p>\n<p>H\u00d8YT TERMISK INSULERT HEVE- OG SKYVED\u00d8R SYSTEM<\/p>\n<p>Glassering gj\u00f8r et bemerkelsesverdig bidrag til livskvaliteten. Visuelt og n\u00e5r det gjelder funksjon, kan heve-og skyved\u00f8r nesten fjerne barriere og skape s\u00f8ml\u00f8s overgang mellom innsiden og utsiden.<br \/>\nASE 60\/80.HI heve-skyved\u00f8r system kombinere h\u00f8y-termisk isolerte niv\u00e5er, tetthet, sikkerhet, intelligent funksjonalitet og holdbarhet med harmonisk, tidl\u00f8s design.<br \/>\nIntegrerte innovasjoner slik som automatisk betjente TipTronic og SmartStop, SmartClose-moduler st\u00f8tter \u00e5pnings- og lukkeprosessene, sikrer maksimal komfort og sikkerhet under betjening.<br \/>\nTa kontakt med v\u00e5rt salgsteam for \u00e5 hjelpe deg med ytterligere informasjon.<\/p>\n","protected":false},"featured_media":15413,"template":"","meta":{"_acf_changed":false},"product_cat":[222,219],"product_tag":[],"acf":[],"yoast_head":"<!-- This site is optimized with the Yoast SEO plugin v22.9 - https:\/\/yoast.com\/wordpress\/plugins\/seo\/ -->\n<title>ARADAS : SKYVED\u00d8R | Sch\u00fcco ASE 60\/80.HI<\/title>\n<meta name=\"robots\" content=\"index, follow, max-snippet:-1, max-image-preview:large, max-video-preview:-1\" \/>\n<link rel=\"canonical\" href=\"https:\/\/www.aradas.lt\/no\/produkt\/skyvedor-ase-60-80-hi\/\" \/>\n<meta property=\"og:locale\" content=\"nb_NO\" \/>\n<meta property=\"og:type\" content=\"article\" \/>\n<meta property=\"og:title\" content=\"ARADAS : SKYVED\u00d8R | Sch\u00fcco ASE 60\/80.HI\" \/>\n<meta property=\"og:description\" content=\"H\u00d8YT TERMISK INSULERT HEVE- OG SKYVED\u00d8R SYSTEM  Glassering gj\u00f8r et bemerkelsesverdig bidrag til livskvaliteten. Visuelt og n\u00e5r det gjelder funksjon, kan heve-og skyved\u00f8r nesten fjerne barriere og skape s\u00f8ml\u00f8s overgang mellom innsiden og utsiden. ASE 60\/80.HI heve-skyved\u00f8r system kombinere h\u00f8y-termisk isolerte niv\u00e5er, tetthet, sikkerhet, intelligent funksjonalitet og holdbarhet med harmonisk, tidl\u00f8s design. Integrerte innovasjoner slik som automatisk betjente TipTronic og SmartStop, SmartClose-moduler st\u00f8tter \u00e5pnings- og lukkeprosessene, sikrer maksimal komfort og sikkerhet under betjening. Ta kontakt med v\u00e5rt salgsteam for \u00e5 hjelpe deg med ytterligere informasjon.\" \/>\n<meta property=\"og:url\" content=\"https:\/\/www.aradas.lt\/no\/produkt\/skyvedor-ase-60-80-hi\/\" \/>\n<meta property=\"og:site_name\" content=\"Aradas\" \/>\n<meta property=\"article:modified_time\" content=\"2025-05-27T12:53:38+00:00\" \/>\n<meta property=\"og:image\" content=\"https:\/\/www.aradas.lt\/wp-content\/uploads\/2020\/10\/ASE_80.HI_Aradas.jpg\" \/>\n\t<meta property=\"og:image:width\" content=\"800\" \/>\n\t<meta property=\"og:image:height\" content=\"800\" \/>\n\t<meta property=\"og:image:type\" content=\"image\/jpeg\" \/>\n<meta name=\"twitter:card\" content=\"summary_large_image\" \/>\n<meta name=\"twitter:label1\" content=\"Ansl. lesetid\" \/>\n\t<meta name=\"twitter:data1\" content=\"1 minutt\" \/>\n<!-- \/ Yoast SEO plugin. -->","yoast_head_json":{"title":"ARADAS : SKYVED\u00d8R | Sch\u00fcco ASE 60\/80.HI","robots":{"index":"index","follow":"follow","max-snippet":"max-snippet:-1","max-image-preview":"max-image-preview:large","max-video-preview":"max-video-preview:-1"},"canonical":"https:\/\/www.aradas.lt\/no\/produkt\/skyvedor-ase-60-80-hi\/","og_locale":"nb_NO","og_type":"article","og_title":"ARADAS : SKYVED\u00d8R | Sch\u00fcco ASE 60\/80.HI","og_description":"H\u00d8YT TERMISK INSULERT HEVE- OG SKYVED\u00d8R SYSTEM  Glassering gj\u00f8r et bemerkelsesverdig bidrag til livskvaliteten. Visuelt og n\u00e5r det gjelder funksjon, kan heve-og skyved\u00f8r nesten fjerne barriere og skape s\u00f8ml\u00f8s overgang mellom innsiden og utsiden. ASE 60\/80.HI heve-skyved\u00f8r system kombinere h\u00f8y-termisk isolerte niv\u00e5er, tetthet, sikkerhet, intelligent funksjonalitet og holdbarhet med harmonisk, tidl\u00f8s design. Integrerte innovasjoner slik som automatisk betjente TipTronic og SmartStop, SmartClose-moduler st\u00f8tter \u00e5pnings- og lukkeprosessene, sikrer maksimal komfort og sikkerhet under betjening. Ta kontakt med v\u00e5rt salgsteam for \u00e5 hjelpe deg med ytterligere informasjon.","og_url":"https:\/\/www.aradas.lt\/no\/produkt\/skyvedor-ase-60-80-hi\/","og_site_name":"Aradas","article_modified_time":"2025-05-27T12:53:38+00:00","og_image":[{"width":800,"height":800,"url":"https:\/\/www.aradas.lt\/wp-content\/uploads\/2020\/10\/ASE_80.HI_Aradas.jpg","type":"image\/jpeg"}],"twitter_card":"summary_large_image","twitter_misc":{"Ansl. lesetid":"1 minutt"},"schema":{"@context":"https:\/\/schema.org","@graph":[{"@type":"WebPage","@id":"https:\/\/www.aradas.lt\/no\/produkt\/skyvedor-ase-60-80-hi\/","url":"https:\/\/www.aradas.lt\/no\/produkt\/skyvedor-ase-60-80-hi\/","name":"ARADAS : SKYVED\u00d8R | Sch\u00fcco ASE 60\/80.HI","isPartOf":{"@id":"https:\/\/www.aradas.lt\/#website"},"primaryImageOfPage":{"@id":"https:\/\/www.aradas.lt\/no\/produkt\/skyvedor-ase-60-80-hi\/#primaryimage"},"image":{"@id":"https:\/\/www.aradas.lt\/no\/produkt\/skyvedor-ase-60-80-hi\/#primaryimage"},"thumbnailUrl":"https:\/\/www.aradas.lt\/wp-content\/uploads\/2020\/10\/ASE_80.HI_Aradas.jpg","datePublished":"2020-10-14T23:38:05+00:00","dateModified":"2025-05-27T12:53:38+00:00","breadcrumb":{"@id":"https:\/\/www.aradas.lt\/no\/produkt\/skyvedor-ase-60-80-hi\/#breadcrumb"},"inLanguage":"nb-NO","potentialAction":[{"@type":"ReadAction","target":["https:\/\/www.aradas.lt\/no\/produkt\/skyvedor-ase-60-80-hi\/"]}]},{"@type":"ImageObject","inLanguage":"nb-NO","@id":"https:\/\/www.aradas.lt\/no\/produkt\/skyvedor-ase-60-80-hi\/#primaryimage","url":"https:\/\/www.aradas.lt\/wp-content\/uploads\/2020\/10\/ASE_80.HI_Aradas.jpg","contentUrl":"https:\/\/www.aradas.lt\/wp-content\/uploads\/2020\/10\/ASE_80.HI_Aradas.jpg","width":800,"height":800},{"@type":"BreadcrumbList","@id":"https:\/\/www.aradas.lt\/no\/produkt\/skyvedor-ase-60-80-hi\/#breadcrumb","itemListElement":[{"@type":"ListItem","position":1,"name":"Home","item":"https:\/\/www.aradas.lt\/no\/"},{"@type":"ListItem","position":2,"name":"Shop","item":"https:\/\/www.aradas.lt\/shop\/"},{"@type":"ListItem","position":3,"name":"SKYVED\u00d8R | Sch\u00fcco ASE 60\/80.HI"}]},{"@type":"WebSite","@id":"https:\/\/www.aradas.lt\/#website","url":"https:\/\/www.aradas.lt\/","name":"Aradas","description":"Vinduer og D\u00f8rer","publisher":{"@id":"https:\/\/www.aradas.lt\/#organization"},"potentialAction":[{"@type":"SearchAction","target":{"@type":"EntryPoint","urlTemplate":"https:\/\/www.aradas.lt\/?s={search_term_string}"},"query-input":"required name=search_term_string"}],"inLanguage":"nb-NO"},{"@type":"Organization","@id":"https:\/\/www.aradas.lt\/#organization","name":"ARADAS : Windows and Doors","url":"https:\/\/www.aradas.lt\/","logo":{"@type":"ImageObject","inLanguage":"nb-NO","@id":"https:\/\/www.aradas.lt\/#\/schema\/logo\/image\/","url":"https:\/\/www.aradas.lt\/wp-content\/uploads\/2018\/02\/logo-60h.png","contentUrl":"https:\/\/www.aradas.lt\/wp-content\/uploads\/2018\/02\/logo-60h.png","width":374,"height":60,"caption":"ARADAS : Windows and Doors"},"image":{"@id":"https:\/\/www.aradas.lt\/#\/schema\/logo\/image\/"}}]}},"_links":{"self":[{"href":"https:\/\/www.aradas.lt\/no\/wp-json\/wp\/v2\/product\/10657"}],"collection":[{"href":"https:\/\/www.aradas.lt\/no\/wp-json\/wp\/v2\/product"}],"about":[{"href":"https:\/\/www.aradas.lt\/no\/wp-json\/wp\/v2\/types\/product"}],"wp:featuredmedia":[{"embeddable":true,"href":"https:\/\/www.aradas.lt\/no\/wp-json\/wp\/v2\/media\/15413"}],"wp:attachment":[{"href":"https:\/\/www.aradas.lt\/no\/wp-json\/wp\/v2\/media?parent=10657"}],"wp:term":[{"taxonomy":"product_cat","embeddable":true,"href":"https:\/\/www.aradas.lt\/no\/wp-json\/wp\/v2\/product_cat?post=10657"},{"taxonomy":"product_tag","embeddable":true,"href":"https:\/\/www.aradas.lt\/no\/wp-json\/wp\/v2\/product_tag?post=10657"}],"curies":[{"name":"wp","href":"https:\/\/api.w.org\/{rel}","templated":true}]}}