{"id":10686,"date":"2020-10-15T20:02:53","date_gmt":"2020-10-15T22:02:53","guid":{"rendered":"https:\/\/www.aradas.lt\/product\/folding-sliding-door-ass-70-fd\/"},"modified":"2025-04-25T10:08:18","modified_gmt":"2025-04-25T12:08:18","slug":"folde-skyvedor-ass-70-fd","status":"publish","type":"product","link":"https:\/\/www.aradas.lt\/no\/produkt\/folde-skyvedor-ass-70-fd\/","title":{"rendered":"FOLDE-SKYVED\u00d8R | Sch\u00fcco AS FD 75"},"content":{"rendered":"","protected":false},"excerpt":{"rendered":"<p><span style=\"text-transform: uppercase;\">[aluminium][sliding-folding-system]<\/span><\/p>\n<p>DE MEST POPUL\u00c6RE MODELLENE AV SKYVE- OG FOLDED\u00d8RSSYSTEME<\/p>\n<p>Glasset gir et bemerkelsesverdig bidrag til livskvaliteten. Visuelt og funksjonelt kan en folded\u00f8r i aluminium nesten fjerne barrierer og skape en s\u00f8ml\u00f8s overgang mellom innsiden og utsiden.<br \/>\nDet finnes en rekke muligheter for tilpasning: \u00f8nsket \u00e5pningsretning, antall rammer, og en valgfri, separat integrert d\u00f8r for hyppigere gjennomgang. Tre tilgjengelige terskeltyper gj\u00f8r det mulig \u00e5 tilpasse d\u00f8rene til \u00f8nskede arkitektoniske l\u00f8sninger, inkludert muligheten for \u00e5 senke terskelen ned i gulvet til et minimalt niv\u00e5 ved behov.<br \/>\nSch\u00fcco folded\u00f8rsystemet AS FD 75 (75 mm rammedybde) i aluminium kombinerer fleksible niv\u00e5er av termisk isolasjon, v\u00e6rbestandighet, sikkerhet, intelligent funksjonalitet og b\u00e6rekraft med et harmonisk og tidl\u00f8st design.<br \/>\nTa kontakt med v\u00e5rt salgsteam for \u00e5 hjelpe deg med ytterligere informasjon.<\/p>\n","protected":false},"featured_media":25087,"template":"","meta":{"_acf_changed":false},"product_cat":[245,219],"product_tag":[],"acf":[],"yoast_head":"<!-- This site is optimized with the Yoast SEO plugin v22.9 - https:\/\/yoast.com\/wordpress\/plugins\/seo\/ -->\n<title>ARADAS : FOLDE-SKYVED\u00d8R | Sch\u00fcco AS FD 75<\/title>\n<meta name=\"robots\" content=\"index, follow, max-snippet:-1, max-image-preview:large, max-video-preview:-1\" \/>\n<link rel=\"canonical\" href=\"https:\/\/www.aradas.lt\/no\/produkt\/folde-skyvedor-ass-70-fd\/\" \/>\n<meta property=\"og:locale\" content=\"nb_NO\" \/>\n<meta property=\"og:type\" content=\"article\" \/>\n<meta property=\"og:title\" content=\"ARADAS : FOLDE-SKYVED\u00d8R | Sch\u00fcco AS FD 75\" \/>\n<meta property=\"og:description\" content=\"DE MEST POPUL\u00c6RE MODELLENE AV SKYVE- OG FOLDED\u00d8RSSYSTEME  Glasset gir et bemerkelsesverdig bidrag til livskvaliteten. Visuelt og funksjonelt kan en folded\u00f8r i aluminium nesten fjerne barrierer og skape en s\u00f8ml\u00f8s overgang mellom innsiden og utsiden. Det finnes en rekke muligheter for tilpasning: \u00f8nsket \u00e5pningsretning, antall rammer, og en valgfri, separat integrert d\u00f8r for hyppigere gjennomgang. Tre tilgjengelige terskeltyper gj\u00f8r det mulig \u00e5 tilpasse d\u00f8rene til \u00f8nskede arkitektoniske l\u00f8sninger, inkludert muligheten for \u00e5 senke terskelen ned i gulvet til et minimalt niv\u00e5 ved behov. Sch\u00fcco folded\u00f8rsystemet AS FD 75 (75 mm rammedybde) i aluminium kombinerer fleksible niv\u00e5er av termisk isolasjon, v\u00e6rbestandighet, sikkerhet, intelligent funksjonalitet og b\u00e6rekraft med et harmonisk og tidl\u00f8st design. Ta kontakt med v\u00e5rt salgsteam for \u00e5 hjelpe deg med ytterligere informasjon.\" \/>\n<meta property=\"og:url\" content=\"https:\/\/www.aradas.lt\/no\/produkt\/folde-skyvedor-ass-70-fd\/\" \/>\n<meta property=\"og:site_name\" content=\"Aradas\" \/>\n<meta property=\"article:modified_time\" content=\"2025-04-25T12:08:18+00:00\" \/>\n<meta property=\"og:image\" content=\"https:\/\/www.aradas.lt\/wp-content\/uploads\/2020\/10\/AS_FD_75_e_offen-1.jpg\" \/>\n\t<meta property=\"og:image:width\" content=\"1080\" \/>\n\t<meta property=\"og:image:height\" content=\"1080\" \/>\n\t<meta property=\"og:image:type\" content=\"image\/jpeg\" \/>\n<meta name=\"twitter:card\" content=\"summary_large_image\" \/>\n<meta name=\"twitter:label1\" content=\"Ansl. lesetid\" \/>\n\t<meta name=\"twitter:data1\" content=\"1 minutt\" \/>\n<!-- \/ Yoast SEO plugin. -->","yoast_head_json":{"title":"ARADAS : FOLDE-SKYVED\u00d8R | Sch\u00fcco AS FD 75","robots":{"index":"index","follow":"follow","max-snippet":"max-snippet:-1","max-image-preview":"max-image-preview:large","max-video-preview":"max-video-preview:-1"},"canonical":"https:\/\/www.aradas.lt\/no\/produkt\/folde-skyvedor-ass-70-fd\/","og_locale":"nb_NO","og_type":"article","og_title":"ARADAS : FOLDE-SKYVED\u00d8R | Sch\u00fcco AS FD 75","og_description":"DE MEST POPUL\u00c6RE MODELLENE AV SKYVE- OG FOLDED\u00d8RSSYSTEME  Glasset gir et bemerkelsesverdig bidrag til livskvaliteten. Visuelt og funksjonelt kan en folded\u00f8r i aluminium nesten fjerne barrierer og skape en s\u00f8ml\u00f8s overgang mellom innsiden og utsiden. Det finnes en rekke muligheter for tilpasning: \u00f8nsket \u00e5pningsretning, antall rammer, og en valgfri, separat integrert d\u00f8r for hyppigere gjennomgang. Tre tilgjengelige terskeltyper gj\u00f8r det mulig \u00e5 tilpasse d\u00f8rene til \u00f8nskede arkitektoniske l\u00f8sninger, inkludert muligheten for \u00e5 senke terskelen ned i gulvet til et minimalt niv\u00e5 ved behov. Sch\u00fcco folded\u00f8rsystemet AS FD 75 (75 mm rammedybde) i aluminium kombinerer fleksible niv\u00e5er av termisk isolasjon, v\u00e6rbestandighet, sikkerhet, intelligent funksjonalitet og b\u00e6rekraft med et harmonisk og tidl\u00f8st design. Ta kontakt med v\u00e5rt salgsteam for \u00e5 hjelpe deg med ytterligere informasjon.","og_url":"https:\/\/www.aradas.lt\/no\/produkt\/folde-skyvedor-ass-70-fd\/","og_site_name":"Aradas","article_modified_time":"2025-04-25T12:08:18+00:00","og_image":[{"width":1080,"height":1080,"url":"https:\/\/www.aradas.lt\/wp-content\/uploads\/2020\/10\/AS_FD_75_e_offen-1.jpg","type":"image\/jpeg"}],"twitter_card":"summary_large_image","twitter_misc":{"Ansl. lesetid":"1 minutt"},"schema":{"@context":"https:\/\/schema.org","@graph":[{"@type":"WebPage","@id":"https:\/\/www.aradas.lt\/no\/produkt\/folde-skyvedor-ass-70-fd\/","url":"https:\/\/www.aradas.lt\/no\/produkt\/folde-skyvedor-ass-70-fd\/","name":"ARADAS : FOLDE-SKYVED\u00d8R | Sch\u00fcco AS FD 75","isPartOf":{"@id":"https:\/\/www.aradas.lt\/#website"},"primaryImageOfPage":{"@id":"https:\/\/www.aradas.lt\/no\/produkt\/folde-skyvedor-ass-70-fd\/#primaryimage"},"image":{"@id":"https:\/\/www.aradas.lt\/no\/produkt\/folde-skyvedor-ass-70-fd\/#primaryimage"},"thumbnailUrl":"https:\/\/www.aradas.lt\/wp-content\/uploads\/2020\/10\/AS_FD_75_e_offen-1.jpg","datePublished":"2020-10-15T22:02:53+00:00","dateModified":"2025-04-25T12:08:18+00:00","breadcrumb":{"@id":"https:\/\/www.aradas.lt\/no\/produkt\/folde-skyvedor-ass-70-fd\/#breadcrumb"},"inLanguage":"nb-NO","potentialAction":[{"@type":"ReadAction","target":["https:\/\/www.aradas.lt\/no\/produkt\/folde-skyvedor-ass-70-fd\/"]}]},{"@type":"ImageObject","inLanguage":"nb-NO","@id":"https:\/\/www.aradas.lt\/no\/produkt\/folde-skyvedor-ass-70-fd\/#primaryimage","url":"https:\/\/www.aradas.lt\/wp-content\/uploads\/2020\/10\/AS_FD_75_e_offen-1.jpg","contentUrl":"https:\/\/www.aradas.lt\/wp-content\/uploads\/2020\/10\/AS_FD_75_e_offen-1.jpg","width":1080,"height":1080},{"@type":"BreadcrumbList","@id":"https:\/\/www.aradas.lt\/no\/produkt\/folde-skyvedor-ass-70-fd\/#breadcrumb","itemListElement":[{"@type":"ListItem","position":1,"name":"Home","item":"https:\/\/www.aradas.lt\/no\/"},{"@type":"ListItem","position":2,"name":"Shop","item":"https:\/\/www.aradas.lt\/shop\/"},{"@type":"ListItem","position":3,"name":"FOLDE-SKYVED\u00d8R | Sch\u00fcco AS FD 75"}]},{"@type":"WebSite","@id":"https:\/\/www.aradas.lt\/#website","url":"https:\/\/www.aradas.lt\/","name":"Aradas","description":"Vinduer og D\u00f8rer","publisher":{"@id":"https:\/\/www.aradas.lt\/#organization"},"potentialAction":[{"@type":"SearchAction","target":{"@type":"EntryPoint","urlTemplate":"https:\/\/www.aradas.lt\/?s={search_term_string}"},"query-input":"required name=search_term_string"}],"inLanguage":"nb-NO"},{"@type":"Organization","@id":"https:\/\/www.aradas.lt\/#organization","name":"ARADAS : Windows and Doors","url":"https:\/\/www.aradas.lt\/","logo":{"@type":"ImageObject","inLanguage":"nb-NO","@id":"https:\/\/www.aradas.lt\/#\/schema\/logo\/image\/","url":"https:\/\/www.aradas.lt\/wp-content\/uploads\/2018\/02\/logo-60h.png","contentUrl":"https:\/\/www.aradas.lt\/wp-content\/uploads\/2018\/02\/logo-60h.png","width":374,"height":60,"caption":"ARADAS : Windows and Doors"},"image":{"@id":"https:\/\/www.aradas.lt\/#\/schema\/logo\/image\/"}}]}},"_links":{"self":[{"href":"https:\/\/www.aradas.lt\/no\/wp-json\/wp\/v2\/product\/10686"}],"collection":[{"href":"https:\/\/www.aradas.lt\/no\/wp-json\/wp\/v2\/product"}],"about":[{"href":"https:\/\/www.aradas.lt\/no\/wp-json\/wp\/v2\/types\/product"}],"wp:featuredmedia":[{"embeddable":true,"href":"https:\/\/www.aradas.lt\/no\/wp-json\/wp\/v2\/media\/25087"}],"wp:attachment":[{"href":"https:\/\/www.aradas.lt\/no\/wp-json\/wp\/v2\/media?parent=10686"}],"wp:term":[{"taxonomy":"product_cat","embeddable":true,"href":"https:\/\/www.aradas.lt\/no\/wp-json\/wp\/v2\/product_cat?post=10686"},{"taxonomy":"product_tag","embeddable":true,"href":"https:\/\/www.aradas.lt\/no\/wp-json\/wp\/v2\/product_tag?post=10686"}],"curies":[{"name":"wp","href":"https:\/\/api.w.org\/{rel}","templated":true}]}}