{"id":27076,"date":"2025-05-23T09:53:30","date_gmt":"2025-05-23T11:53:30","guid":{"rendered":"https:\/\/www.aradas.lt\/?post_type=product&#038;p=27076"},"modified":"2025-06-02T06:30:21","modified_gmt":"2025-06-02T08:30:21","slug":"facade-aluprof-mb-sr50n-effekt","status":"publish","type":"product","link":"https:\/\/www.aradas.lt\/no\/produkt\/facade-aluprof-mb-sr50n-effekt\/","title":{"rendered":"FACADE | Aluprof MB-SR50N \/ EFFEKT"},"content":{"rendered":"","protected":false},"excerpt":{"rendered":"<p><span style=\"text-transform: uppercase;\">[aluminium]<\/span><\/p>\n<p>MEST POPUL\u00c6RT VALG FOR FASADEL\u00d8SNINGER<\/p>\n<p>Systemet er utformet for konstruksjon og utf\u00f8relse av flate, lette fasadeelementer av hengende eller utfyllende type, samt tak, overlysvinduer og andre konstruksjoner. Utformingen av s\u00f8yler og dragere gj\u00f8r det mulig \u00e5 oppf\u00f8re estetiske fasader med smale synlige inndelingslinjer, samtidig som den sikrer konstruksjonens holdbarhet og styrke. Bruker av en kontinuerlig termisk barriere laget av isolasjonsmateriale og profilerte (riflede) EPDM-pakninger gj\u00f8r det mulig \u00e5 oppn\u00e5 riktig klasse for termisk isolasjon. I tillegg muliggj\u00f8r MB-SR50N-systemet installasjon av ulike typer vinduer og d\u00f8rer i fasaden. Systemet tilbyr ogs\u00e5 muligheten for strukturelle glass uten synlige profiler ved valg av EFFEKT-moduler.<\/p>\n<p>Ta kontakt med v\u00e5rt salgsteam for \u00e5 hjelpe deg med ytterligere informasjon.<\/p>\n","protected":false},"featured_media":27052,"template":"","meta":{"_acf_changed":false},"product_cat":[219,221],"product_tag":[],"acf":[],"yoast_head":"<!-- This site is optimized with the Yoast SEO plugin v22.9 - https:\/\/yoast.com\/wordpress\/plugins\/seo\/ -->\n<title>ARADAS : FACADE | Aluprof MB-SR50N \/ EFFEKT<\/title>\n<meta name=\"robots\" content=\"index, follow, max-snippet:-1, max-image-preview:large, max-video-preview:-1\" \/>\n<link rel=\"canonical\" href=\"https:\/\/www.aradas.lt\/no\/produkt\/facade-aluprof-mb-sr50n-effekt\/\" \/>\n<meta property=\"og:locale\" content=\"nb_NO\" \/>\n<meta property=\"og:type\" content=\"article\" \/>\n<meta property=\"og:title\" content=\"ARADAS : FACADE | Aluprof MB-SR50N \/ EFFEKT\" \/>\n<meta property=\"og:description\" content=\"MEST POPUL\u00c6RT VALG FOR FASADEL\u00d8SNINGER  Systemet er utformet for konstruksjon og utf\u00f8relse av flate, lette fasadeelementer av hengende eller utfyllende type, samt tak, overlysvinduer og andre konstruksjoner. Utformingen av s\u00f8yler og dragere gj\u00f8r det mulig \u00e5 oppf\u00f8re estetiske fasader med smale synlige inndelingslinjer, samtidig som den sikrer konstruksjonens holdbarhet og styrke. Bruker av en kontinuerlig termisk barriere laget av isolasjonsmateriale og profilerte (riflede) EPDM-pakninger gj\u00f8r det mulig \u00e5 oppn\u00e5 riktig klasse for termisk isolasjon. I tillegg muliggj\u00f8r MB-SR50N-systemet installasjon av ulike typer vinduer og d\u00f8rer i fasaden. Systemet tilbyr ogs\u00e5 muligheten for strukturelle glass uten synlige profiler ved valg av EFFEKT-moduler.  Ta kontakt med v\u00e5rt salgsteam for \u00e5 hjelpe deg med ytterligere informasjon.\" \/>\n<meta property=\"og:url\" content=\"https:\/\/www.aradas.lt\/no\/produkt\/facade-aluprof-mb-sr50n-effekt\/\" \/>\n<meta property=\"og:site_name\" content=\"Aradas\" \/>\n<meta property=\"article:modified_time\" content=\"2025-06-02T08:30:21+00:00\" \/>\n<meta property=\"og:image\" content=\"https:\/\/www.aradas.lt\/wp-content\/uploads\/2025\/05\/185_MB-SR50N_HI-plus-_NOWE_LISTWY_300dpi-scaled.jpg\" \/>\n\t<meta property=\"og:image:width\" content=\"2560\" \/>\n\t<meta property=\"og:image:height\" content=\"2560\" \/>\n\t<meta property=\"og:image:type\" content=\"image\/jpeg\" \/>\n<meta name=\"twitter:card\" content=\"summary_large_image\" \/>\n<meta name=\"twitter:label1\" content=\"Ansl. lesetid\" \/>\n\t<meta name=\"twitter:data1\" content=\"1 minutt\" \/>\n<!-- \/ Yoast SEO plugin. -->","yoast_head_json":{"title":"ARADAS : FACADE | Aluprof MB-SR50N \/ EFFEKT","robots":{"index":"index","follow":"follow","max-snippet":"max-snippet:-1","max-image-preview":"max-image-preview:large","max-video-preview":"max-video-preview:-1"},"canonical":"https:\/\/www.aradas.lt\/no\/produkt\/facade-aluprof-mb-sr50n-effekt\/","og_locale":"nb_NO","og_type":"article","og_title":"ARADAS : FACADE | Aluprof MB-SR50N \/ EFFEKT","og_description":"MEST POPUL\u00c6RT VALG FOR FASADEL\u00d8SNINGER  Systemet er utformet for konstruksjon og utf\u00f8relse av flate, lette fasadeelementer av hengende eller utfyllende type, samt tak, overlysvinduer og andre konstruksjoner. Utformingen av s\u00f8yler og dragere gj\u00f8r det mulig \u00e5 oppf\u00f8re estetiske fasader med smale synlige inndelingslinjer, samtidig som den sikrer konstruksjonens holdbarhet og styrke. Bruker av en kontinuerlig termisk barriere laget av isolasjonsmateriale og profilerte (riflede) EPDM-pakninger gj\u00f8r det mulig \u00e5 oppn\u00e5 riktig klasse for termisk isolasjon. I tillegg muliggj\u00f8r MB-SR50N-systemet installasjon av ulike typer vinduer og d\u00f8rer i fasaden. Systemet tilbyr ogs\u00e5 muligheten for strukturelle glass uten synlige profiler ved valg av EFFEKT-moduler.  Ta kontakt med v\u00e5rt salgsteam for \u00e5 hjelpe deg med ytterligere informasjon.","og_url":"https:\/\/www.aradas.lt\/no\/produkt\/facade-aluprof-mb-sr50n-effekt\/","og_site_name":"Aradas","article_modified_time":"2025-06-02T08:30:21+00:00","og_image":[{"width":2560,"height":2560,"url":"https:\/\/www.aradas.lt\/wp-content\/uploads\/2025\/05\/185_MB-SR50N_HI-plus-_NOWE_LISTWY_300dpi-scaled.jpg","type":"image\/jpeg"}],"twitter_card":"summary_large_image","twitter_misc":{"Ansl. lesetid":"1 minutt"},"schema":{"@context":"https:\/\/schema.org","@graph":[{"@type":"WebPage","@id":"https:\/\/www.aradas.lt\/no\/produkt\/facade-aluprof-mb-sr50n-effekt\/","url":"https:\/\/www.aradas.lt\/no\/produkt\/facade-aluprof-mb-sr50n-effekt\/","name":"ARADAS : FACADE | Aluprof MB-SR50N \/ EFFEKT","isPartOf":{"@id":"https:\/\/www.aradas.lt\/#website"},"primaryImageOfPage":{"@id":"https:\/\/www.aradas.lt\/no\/produkt\/facade-aluprof-mb-sr50n-effekt\/#primaryimage"},"image":{"@id":"https:\/\/www.aradas.lt\/no\/produkt\/facade-aluprof-mb-sr50n-effekt\/#primaryimage"},"thumbnailUrl":"https:\/\/www.aradas.lt\/wp-content\/uploads\/2025\/05\/185_MB-SR50N_HI-plus-_NOWE_LISTWY_300dpi-scaled.jpg","datePublished":"2025-05-23T11:53:30+00:00","dateModified":"2025-06-02T08:30:21+00:00","breadcrumb":{"@id":"https:\/\/www.aradas.lt\/no\/produkt\/facade-aluprof-mb-sr50n-effekt\/#breadcrumb"},"inLanguage":"nb-NO","potentialAction":[{"@type":"ReadAction","target":["https:\/\/www.aradas.lt\/no\/produkt\/facade-aluprof-mb-sr50n-effekt\/"]}]},{"@type":"ImageObject","inLanguage":"nb-NO","@id":"https:\/\/www.aradas.lt\/no\/produkt\/facade-aluprof-mb-sr50n-effekt\/#primaryimage","url":"https:\/\/www.aradas.lt\/wp-content\/uploads\/2025\/05\/185_MB-SR50N_HI-plus-_NOWE_LISTWY_300dpi-scaled.jpg","contentUrl":"https:\/\/www.aradas.lt\/wp-content\/uploads\/2025\/05\/185_MB-SR50N_HI-plus-_NOWE_LISTWY_300dpi-scaled.jpg","width":2560,"height":2560},{"@type":"BreadcrumbList","@id":"https:\/\/www.aradas.lt\/no\/produkt\/facade-aluprof-mb-sr50n-effekt\/#breadcrumb","itemListElement":[{"@type":"ListItem","position":1,"name":"Home","item":"https:\/\/www.aradas.lt\/no\/"},{"@type":"ListItem","position":2,"name":"Shop","item":"https:\/\/www.aradas.lt\/shop\/"},{"@type":"ListItem","position":3,"name":"FACADE | Aluprof MB-SR50N \/ EFFEKT"}]},{"@type":"WebSite","@id":"https:\/\/www.aradas.lt\/#website","url":"https:\/\/www.aradas.lt\/","name":"Aradas","description":"Vinduer og D\u00f8rer","publisher":{"@id":"https:\/\/www.aradas.lt\/#organization"},"potentialAction":[{"@type":"SearchAction","target":{"@type":"EntryPoint","urlTemplate":"https:\/\/www.aradas.lt\/?s={search_term_string}"},"query-input":"required name=search_term_string"}],"inLanguage":"nb-NO"},{"@type":"Organization","@id":"https:\/\/www.aradas.lt\/#organization","name":"ARADAS : Windows and Doors","url":"https:\/\/www.aradas.lt\/","logo":{"@type":"ImageObject","inLanguage":"nb-NO","@id":"https:\/\/www.aradas.lt\/#\/schema\/logo\/image\/","url":"https:\/\/www.aradas.lt\/wp-content\/uploads\/2018\/02\/logo-60h.png","contentUrl":"https:\/\/www.aradas.lt\/wp-content\/uploads\/2018\/02\/logo-60h.png","width":374,"height":60,"caption":"ARADAS : Windows and Doors"},"image":{"@id":"https:\/\/www.aradas.lt\/#\/schema\/logo\/image\/"}}]}},"_links":{"self":[{"href":"https:\/\/www.aradas.lt\/no\/wp-json\/wp\/v2\/product\/27076"}],"collection":[{"href":"https:\/\/www.aradas.lt\/no\/wp-json\/wp\/v2\/product"}],"about":[{"href":"https:\/\/www.aradas.lt\/no\/wp-json\/wp\/v2\/types\/product"}],"wp:featuredmedia":[{"embeddable":true,"href":"https:\/\/www.aradas.lt\/no\/wp-json\/wp\/v2\/media\/27052"}],"wp:attachment":[{"href":"https:\/\/www.aradas.lt\/no\/wp-json\/wp\/v2\/media?parent=27076"}],"wp:term":[{"taxonomy":"product_cat","embeddable":true,"href":"https:\/\/www.aradas.lt\/no\/wp-json\/wp\/v2\/product_cat?post=27076"},{"taxonomy":"product_tag","embeddable":true,"href":"https:\/\/www.aradas.lt\/no\/wp-json\/wp\/v2\/product_tag?post=27076"}],"curies":[{"name":"wp","href":"https:\/\/api.w.org\/{rel}","templated":true}]}}