{"id":8084,"date":"2018-06-22T06:12:59","date_gmt":"2018-10-11T08:42:47","guid":{"rendered":"https:\/\/www.aradas.lt\/?post_type=product&#038;p=8084"},"modified":"2026-04-22T04:27:28","modified_gmt":"2026-04-22T06:27:28","slug":"nytt-vindu-med-toppsving-med-spilka-opus","status":"publish","type":"product","link":"https:\/\/www.aradas.lt\/no\/produkt\/nytt-vindu-med-toppsving-med-spilka-opus\/","title":{"rendered":"TOPPSVING VINDU med Spilka Opus | Nordic design+ Toppsving"},"content":{"rendered":"","protected":false},"excerpt":{"rendered":"<p>[Composite][uw-value-0-7][high-definition-finishing]<\/p>\n<p>SANNSYNLIGVIS DET VARMESTE TOPPSVINGVINDUET P\u00c5 MARKEDET!<br \/>\n<em><br \/>\nVindu i h\u00f8yteknologisk fiberkomposittmateriale med Spilka\u00ae Opus hengsler. <\/em><\/p>\n<p>Kun 99 mm &#8211; slanke profilh\u00f8yder \u00f8ker lysinntrengningen, maksimerer gjennomsiktigheten og gir maksimale termiske egenskaper. Skjulte glasslister l\u00f8fter den generelle minimalistiske vindusdesignen. Spesielle \u00e5pne- og lukkemekanismer og andre komponenter \u00f8ker sikkerheten for et funksjonelt og velbalansert vindu. Toppsving kan enkelt vendes 180 grader for enkel rengj\u00f8ring innenfra.<\/p>\n<p>Vinduene kan utformes i ulike st\u00f8rrelser, med eller uten dekorative sprosser. \u00a0Alle individuelle funksjoner av produktet kan tilpasses ditt hjems designbehov.<\/p>\n","protected":false},"featured_media":9453,"template":"","meta":{"_acf_changed":false},"product_cat":[164,168],"product_tag":[],"acf":[],"yoast_head":"<!-- This site is optimized with the Yoast SEO plugin v22.9 - https:\/\/yoast.com\/wordpress\/plugins\/seo\/ -->\n<title>ARADAS : TOPPSVING VINDU med Spilka Opus | Nordic design+ Toppsving<\/title>\n<meta name=\"robots\" content=\"index, follow, max-snippet:-1, max-image-preview:large, max-video-preview:-1\" \/>\n<link rel=\"canonical\" href=\"https:\/\/www.aradas.lt\/no\/produkt\/nytt-vindu-med-toppsving-med-spilka-opus\/\" \/>\n<meta property=\"og:locale\" content=\"nb_NO\" \/>\n<meta property=\"og:type\" content=\"article\" \/>\n<meta property=\"og:title\" content=\"ARADAS : TOPPSVING VINDU med Spilka Opus | Nordic design+ Toppsving\" \/>\n<meta property=\"og:description\" content=\"SANNSYNLIGVIS DET VARMESTE TOPPSVINGVINDUET P\u00c5 MARKEDET!  Vindu i h\u00f8yteknologisk fiberkomposittmateriale med Spilka\u00ae Opus hengsler.   Kun 99 mm - slanke profilh\u00f8yder \u00f8ker lysinntrengningen, maksimerer gjennomsiktigheten og gir maksimale termiske egenskaper. Skjulte glasslister l\u00f8fter den generelle minimalistiske vindusdesignen. Spesielle \u00e5pne- og lukkemekanismer og andre komponenter \u00f8ker sikkerheten for et funksjonelt og velbalansert vindu. Toppsving kan enkelt vendes 180 grader for enkel rengj\u00f8ring innenfra.  Vinduene kan utformes i ulike st\u00f8rrelser, med eller uten dekorative sprosser. \u00a0Alle individuelle funksjoner av produktet kan tilpasses ditt hjems designbehov.\" \/>\n<meta property=\"og:url\" content=\"https:\/\/www.aradas.lt\/no\/produkt\/nytt-vindu-med-toppsving-med-spilka-opus\/\" \/>\n<meta property=\"og:site_name\" content=\"Aradas\" \/>\n<meta property=\"article:modified_time\" content=\"2026-04-22T06:27:28+00:00\" \/>\n<meta property=\"og:image\" content=\"https:\/\/www.aradas.lt\/wp-content\/uploads\/2018\/06\/03A_NDplusNewTopSwing_Aradas-1.jpg\" \/>\n\t<meta property=\"og:image:width\" content=\"1600\" \/>\n\t<meta property=\"og:image:height\" content=\"1600\" \/>\n\t<meta property=\"og:image:type\" content=\"image\/jpeg\" \/>\n<meta name=\"twitter:card\" content=\"summary_large_image\" \/>\n<meta name=\"twitter:label1\" content=\"Ansl. lesetid\" \/>\n\t<meta name=\"twitter:data1\" content=\"1 minutt\" \/>\n<!-- \/ Yoast SEO plugin. -->","yoast_head_json":{"title":"ARADAS : TOPPSVING VINDU med Spilka Opus | Nordic design+ Toppsving","robots":{"index":"index","follow":"follow","max-snippet":"max-snippet:-1","max-image-preview":"max-image-preview:large","max-video-preview":"max-video-preview:-1"},"canonical":"https:\/\/www.aradas.lt\/no\/produkt\/nytt-vindu-med-toppsving-med-spilka-opus\/","og_locale":"nb_NO","og_type":"article","og_title":"ARADAS : TOPPSVING VINDU med Spilka Opus | Nordic design+ Toppsving","og_description":"SANNSYNLIGVIS DET VARMESTE TOPPSVINGVINDUET P\u00c5 MARKEDET!  Vindu i h\u00f8yteknologisk fiberkomposittmateriale med Spilka\u00ae Opus hengsler.   Kun 99 mm - slanke profilh\u00f8yder \u00f8ker lysinntrengningen, maksimerer gjennomsiktigheten og gir maksimale termiske egenskaper. Skjulte glasslister l\u00f8fter den generelle minimalistiske vindusdesignen. Spesielle \u00e5pne- og lukkemekanismer og andre komponenter \u00f8ker sikkerheten for et funksjonelt og velbalansert vindu. Toppsving kan enkelt vendes 180 grader for enkel rengj\u00f8ring innenfra.  Vinduene kan utformes i ulike st\u00f8rrelser, med eller uten dekorative sprosser. \u00a0Alle individuelle funksjoner av produktet kan tilpasses ditt hjems designbehov.","og_url":"https:\/\/www.aradas.lt\/no\/produkt\/nytt-vindu-med-toppsving-med-spilka-opus\/","og_site_name":"Aradas","article_modified_time":"2026-04-22T06:27:28+00:00","og_image":[{"width":1600,"height":1600,"url":"https:\/\/www.aradas.lt\/wp-content\/uploads\/2018\/06\/03A_NDplusNewTopSwing_Aradas-1.jpg","type":"image\/jpeg"}],"twitter_card":"summary_large_image","twitter_misc":{"Ansl. lesetid":"1 minutt"},"schema":{"@context":"https:\/\/schema.org","@graph":[{"@type":"WebPage","@id":"https:\/\/www.aradas.lt\/no\/produkt\/nytt-vindu-med-toppsving-med-spilka-opus\/","url":"https:\/\/www.aradas.lt\/no\/produkt\/nytt-vindu-med-toppsving-med-spilka-opus\/","name":"ARADAS : TOPPSVING VINDU med Spilka Opus | Nordic design+ Toppsving","isPartOf":{"@id":"https:\/\/www.aradas.lt\/#website"},"primaryImageOfPage":{"@id":"https:\/\/www.aradas.lt\/no\/produkt\/nytt-vindu-med-toppsving-med-spilka-opus\/#primaryimage"},"image":{"@id":"https:\/\/www.aradas.lt\/no\/produkt\/nytt-vindu-med-toppsving-med-spilka-opus\/#primaryimage"},"thumbnailUrl":"https:\/\/www.aradas.lt\/wp-content\/uploads\/2018\/06\/03A_NDplusNewTopSwing_Aradas-1.jpg","datePublished":"2018-10-11T08:42:47+00:00","dateModified":"2026-04-22T06:27:28+00:00","breadcrumb":{"@id":"https:\/\/www.aradas.lt\/no\/produkt\/nytt-vindu-med-toppsving-med-spilka-opus\/#breadcrumb"},"inLanguage":"nb-NO","potentialAction":[{"@type":"ReadAction","target":["https:\/\/www.aradas.lt\/no\/produkt\/nytt-vindu-med-toppsving-med-spilka-opus\/"]}]},{"@type":"ImageObject","inLanguage":"nb-NO","@id":"https:\/\/www.aradas.lt\/no\/produkt\/nytt-vindu-med-toppsving-med-spilka-opus\/#primaryimage","url":"https:\/\/www.aradas.lt\/wp-content\/uploads\/2018\/06\/03A_NDplusNewTopSwing_Aradas-1.jpg","contentUrl":"https:\/\/www.aradas.lt\/wp-content\/uploads\/2018\/06\/03A_NDplusNewTopSwing_Aradas-1.jpg","width":1600,"height":1600},{"@type":"BreadcrumbList","@id":"https:\/\/www.aradas.lt\/no\/produkt\/nytt-vindu-med-toppsving-med-spilka-opus\/#breadcrumb","itemListElement":[{"@type":"ListItem","position":1,"name":"Home","item":"https:\/\/www.aradas.lt\/no\/"},{"@type":"ListItem","position":2,"name":"Shop","item":"https:\/\/www.aradas.lt\/shop\/"},{"@type":"ListItem","position":3,"name":"TOPPSVING VINDU med Spilka Opus | Nordic design+ Toppsving"}]},{"@type":"WebSite","@id":"https:\/\/www.aradas.lt\/#website","url":"https:\/\/www.aradas.lt\/","name":"Aradas","description":"Vinduer og D\u00f8rer","publisher":{"@id":"https:\/\/www.aradas.lt\/#organization"},"potentialAction":[{"@type":"SearchAction","target":{"@type":"EntryPoint","urlTemplate":"https:\/\/www.aradas.lt\/?s={search_term_string}"},"query-input":"required name=search_term_string"}],"inLanguage":"nb-NO"},{"@type":"Organization","@id":"https:\/\/www.aradas.lt\/#organization","name":"ARADAS : Windows and Doors","url":"https:\/\/www.aradas.lt\/","logo":{"@type":"ImageObject","inLanguage":"nb-NO","@id":"https:\/\/www.aradas.lt\/#\/schema\/logo\/image\/","url":"https:\/\/www.aradas.lt\/wp-content\/uploads\/2018\/02\/logo-60h.png","contentUrl":"https:\/\/www.aradas.lt\/wp-content\/uploads\/2018\/02\/logo-60h.png","width":374,"height":60,"caption":"ARADAS : Windows and Doors"},"image":{"@id":"https:\/\/www.aradas.lt\/#\/schema\/logo\/image\/"}}]}},"_links":{"self":[{"href":"https:\/\/www.aradas.lt\/no\/wp-json\/wp\/v2\/product\/8084"}],"collection":[{"href":"https:\/\/www.aradas.lt\/no\/wp-json\/wp\/v2\/product"}],"about":[{"href":"https:\/\/www.aradas.lt\/no\/wp-json\/wp\/v2\/types\/product"}],"wp:featuredmedia":[{"embeddable":true,"href":"https:\/\/www.aradas.lt\/no\/wp-json\/wp\/v2\/media\/9453"}],"wp:attachment":[{"href":"https:\/\/www.aradas.lt\/no\/wp-json\/wp\/v2\/media?parent=8084"}],"wp:term":[{"taxonomy":"product_cat","embeddable":true,"href":"https:\/\/www.aradas.lt\/no\/wp-json\/wp\/v2\/product_cat?post=8084"},{"taxonomy":"product_tag","embeddable":true,"href":"https:\/\/www.aradas.lt\/no\/wp-json\/wp\/v2\/product_tag?post=8084"}],"curies":[{"name":"wp","href":"https:\/\/api.w.org\/{rel}","templated":true}]}}