{"id":8093,"date":"2018-04-14T07:11:40","date_gmt":"2018-04-14T09:11:40","guid":{"rendered":"https:\/\/www.aradas.lt\/product\/aradas-ndp-top-hung\/"},"modified":"2026-04-22T04:43:17","modified_gmt":"2026-04-22T06:43:17","slug":"aradas-ndp-topphengslet","status":"publish","type":"product","link":"https:\/\/www.aradas.lt\/no\/produkt\/aradas-ndp-topphengslet\/","title":{"rendered":"TOPPSTYRTE (TOPPHENGSLET) | Nordic design+"},"content":{"rendered":"","protected":false},"excerpt":{"rendered":"<p>[Composite][uw-value-0-8][high-definition-finishing]<\/p>\n<p>Nordic design+ \u2013 KLASSE UTEN KOMPROMISSER<\/p>\n<p>Spesielle \u00e5pne- og lukkemekanismer og andre komponenter \u00f8ker sikkerheten for et funksjonelt og velbalansert vindu.<br \/>\nVinduer kan utformes i ulike kombinasjoner, st\u00f8rrelser og med dekorative inndelinger. Alle individuelle funksjoner av produktet kan tilpasses ditt hjems designbehov.<\/p>\n","protected":false},"featured_media":7404,"template":"","meta":{"_acf_changed":false},"product_cat":[164,168],"product_tag":[],"acf":[],"yoast_head":"<!-- This site is optimized with the Yoast SEO plugin v22.9 - https:\/\/yoast.com\/wordpress\/plugins\/seo\/ -->\n<title>ARADAS : TOPPSTYRTE (TOPPHENGSLET) | Nordic design+<\/title>\n<meta name=\"robots\" content=\"index, follow, max-snippet:-1, max-image-preview:large, max-video-preview:-1\" \/>\n<link rel=\"canonical\" href=\"https:\/\/www.aradas.lt\/no\/produkt\/aradas-ndp-topphengslet\/\" \/>\n<meta property=\"og:locale\" content=\"nb_NO\" \/>\n<meta property=\"og:type\" content=\"article\" \/>\n<meta property=\"og:title\" content=\"ARADAS : TOPPSTYRTE (TOPPHENGSLET) | Nordic design+\" \/>\n<meta property=\"og:description\" content=\"Nordic design+ \u2013 KLASSE UTEN KOMPROMISSER  Spesielle \u00e5pne- og lukkemekanismer og andre komponenter \u00f8ker sikkerheten for et funksjonelt og velbalansert vindu. Vinduer kan utformes i ulike kombinasjoner, st\u00f8rrelser og med dekorative inndelinger. Alle individuelle funksjoner av produktet kan tilpasses ditt hjems designbehov.\" \/>\n<meta property=\"og:url\" content=\"https:\/\/www.aradas.lt\/no\/produkt\/aradas-ndp-topphengslet\/\" \/>\n<meta property=\"og:site_name\" content=\"Aradas\" \/>\n<meta property=\"article:modified_time\" content=\"2026-04-22T06:43:17+00:00\" \/>\n<meta property=\"og:image\" content=\"https:\/\/www.aradas.lt\/wp-content\/uploads\/2018\/04\/JEE01_NDplus_TopHung_Aradas.jpg\" \/>\n\t<meta property=\"og:image:width\" content=\"1600\" \/>\n\t<meta property=\"og:image:height\" content=\"1600\" \/>\n\t<meta property=\"og:image:type\" content=\"image\/jpeg\" \/>\n<meta name=\"twitter:card\" content=\"summary_large_image\" \/>\n<meta name=\"twitter:label1\" content=\"Ansl. lesetid\" \/>\n\t<meta name=\"twitter:data1\" content=\"1 minutt\" \/>\n<!-- \/ Yoast SEO plugin. -->","yoast_head_json":{"title":"ARADAS : TOPPSTYRTE (TOPPHENGSLET) | Nordic design+","robots":{"index":"index","follow":"follow","max-snippet":"max-snippet:-1","max-image-preview":"max-image-preview:large","max-video-preview":"max-video-preview:-1"},"canonical":"https:\/\/www.aradas.lt\/no\/produkt\/aradas-ndp-topphengslet\/","og_locale":"nb_NO","og_type":"article","og_title":"ARADAS : TOPPSTYRTE (TOPPHENGSLET) | Nordic design+","og_description":"Nordic design+ \u2013 KLASSE UTEN KOMPROMISSER  Spesielle \u00e5pne- og lukkemekanismer og andre komponenter \u00f8ker sikkerheten for et funksjonelt og velbalansert vindu. Vinduer kan utformes i ulike kombinasjoner, st\u00f8rrelser og med dekorative inndelinger. Alle individuelle funksjoner av produktet kan tilpasses ditt hjems designbehov.","og_url":"https:\/\/www.aradas.lt\/no\/produkt\/aradas-ndp-topphengslet\/","og_site_name":"Aradas","article_modified_time":"2026-04-22T06:43:17+00:00","og_image":[{"width":1600,"height":1600,"url":"https:\/\/www.aradas.lt\/wp-content\/uploads\/2018\/04\/JEE01_NDplus_TopHung_Aradas.jpg","type":"image\/jpeg"}],"twitter_card":"summary_large_image","twitter_misc":{"Ansl. lesetid":"1 minutt"},"schema":{"@context":"https:\/\/schema.org","@graph":[{"@type":"WebPage","@id":"https:\/\/www.aradas.lt\/no\/produkt\/aradas-ndp-topphengslet\/","url":"https:\/\/www.aradas.lt\/no\/produkt\/aradas-ndp-topphengslet\/","name":"ARADAS : TOPPSTYRTE (TOPPHENGSLET) | Nordic design+","isPartOf":{"@id":"https:\/\/www.aradas.lt\/#website"},"primaryImageOfPage":{"@id":"https:\/\/www.aradas.lt\/no\/produkt\/aradas-ndp-topphengslet\/#primaryimage"},"image":{"@id":"https:\/\/www.aradas.lt\/no\/produkt\/aradas-ndp-topphengslet\/#primaryimage"},"thumbnailUrl":"https:\/\/www.aradas.lt\/wp-content\/uploads\/2018\/04\/JEE01_NDplus_TopHung_Aradas.jpg","datePublished":"2018-04-14T09:11:40+00:00","dateModified":"2026-04-22T06:43:17+00:00","breadcrumb":{"@id":"https:\/\/www.aradas.lt\/no\/produkt\/aradas-ndp-topphengslet\/#breadcrumb"},"inLanguage":"nb-NO","potentialAction":[{"@type":"ReadAction","target":["https:\/\/www.aradas.lt\/no\/produkt\/aradas-ndp-topphengslet\/"]}]},{"@type":"ImageObject","inLanguage":"nb-NO","@id":"https:\/\/www.aradas.lt\/no\/produkt\/aradas-ndp-topphengslet\/#primaryimage","url":"https:\/\/www.aradas.lt\/wp-content\/uploads\/2018\/04\/JEE01_NDplus_TopHung_Aradas.jpg","contentUrl":"https:\/\/www.aradas.lt\/wp-content\/uploads\/2018\/04\/JEE01_NDplus_TopHung_Aradas.jpg","width":1600,"height":1600},{"@type":"BreadcrumbList","@id":"https:\/\/www.aradas.lt\/no\/produkt\/aradas-ndp-topphengslet\/#breadcrumb","itemListElement":[{"@type":"ListItem","position":1,"name":"Home","item":"https:\/\/www.aradas.lt\/no\/"},{"@type":"ListItem","position":2,"name":"Shop","item":"https:\/\/www.aradas.lt\/shop\/"},{"@type":"ListItem","position":3,"name":"TOPPSTYRTE (TOPPHENGSLET) | Nordic design+"}]},{"@type":"WebSite","@id":"https:\/\/www.aradas.lt\/#website","url":"https:\/\/www.aradas.lt\/","name":"Aradas","description":"Vinduer og D\u00f8rer","publisher":{"@id":"https:\/\/www.aradas.lt\/#organization"},"potentialAction":[{"@type":"SearchAction","target":{"@type":"EntryPoint","urlTemplate":"https:\/\/www.aradas.lt\/?s={search_term_string}"},"query-input":"required name=search_term_string"}],"inLanguage":"nb-NO"},{"@type":"Organization","@id":"https:\/\/www.aradas.lt\/#organization","name":"ARADAS : Windows and Doors","url":"https:\/\/www.aradas.lt\/","logo":{"@type":"ImageObject","inLanguage":"nb-NO","@id":"https:\/\/www.aradas.lt\/#\/schema\/logo\/image\/","url":"https:\/\/www.aradas.lt\/wp-content\/uploads\/2018\/02\/logo-60h.png","contentUrl":"https:\/\/www.aradas.lt\/wp-content\/uploads\/2018\/02\/logo-60h.png","width":374,"height":60,"caption":"ARADAS : Windows and Doors"},"image":{"@id":"https:\/\/www.aradas.lt\/#\/schema\/logo\/image\/"}}]}},"_links":{"self":[{"href":"https:\/\/www.aradas.lt\/no\/wp-json\/wp\/v2\/product\/8093"}],"collection":[{"href":"https:\/\/www.aradas.lt\/no\/wp-json\/wp\/v2\/product"}],"about":[{"href":"https:\/\/www.aradas.lt\/no\/wp-json\/wp\/v2\/types\/product"}],"wp:featuredmedia":[{"embeddable":true,"href":"https:\/\/www.aradas.lt\/no\/wp-json\/wp\/v2\/media\/7404"}],"wp:attachment":[{"href":"https:\/\/www.aradas.lt\/no\/wp-json\/wp\/v2\/media?parent=8093"}],"wp:term":[{"taxonomy":"product_cat","embeddable":true,"href":"https:\/\/www.aradas.lt\/no\/wp-json\/wp\/v2\/product_cat?post=8093"},{"taxonomy":"product_tag","embeddable":true,"href":"https:\/\/www.aradas.lt\/no\/wp-json\/wp\/v2\/product_tag?post=8093"}],"curies":[{"name":"wp","href":"https:\/\/api.w.org\/{rel}","templated":true}]}}