{"id":8259,"date":"2018-06-05T09:21:34","date_gmt":"2018-06-05T11:21:34","guid":{"rendered":"https:\/\/www.aradas.lt\/product\/lift-slide-door-synego-inward-2-partitions-scheme\/"},"modified":"2026-04-22T05:22:26","modified_gmt":"2026-04-22T07:22:26","slug":"heve-og-skyvedor-synego-2-felt","status":"publish","type":"product","link":"https:\/\/www.aradas.lt\/no\/produkt\/heve-og-skyvedor-synego-2-felt\/","title":{"rendered":"HEVE- OG SKYVED\u00d8R | Synego"},"content":{"rendered":"","protected":false},"excerpt":{"rendered":"<p>[pvc][uw-value-0-8][high-definition-finishing]<\/p>\n<p>FULLSTENDIG RESIRKULERBARE, SV\u00c6RT ENERGIEFFEKTIVE PVC-PRODUKTENE TIL EN RIMELIG PRIS<\/p>\n<p>HEVE- OG SKYVED\u00d8RER TILF\u00d8RER FRIHET, KOMFORT OG LYS TIL HJEMMET DITT<br \/>\nHeve- og skyved\u00f8rer gir en f\u00f8rsteklasses, helt ny og jevn skyveopplevelse med denne d\u00f8rtypen som er maksimalt enkel og intuitiv \u00e5 betjene. Takket v\u00e6re v\u00e5r teknologi og ekspertise kan vi tilby d\u00f8rer som er komfortable \u00e5 betjene og sv\u00e6rt stabile med spesielt jevne og sikre drifts- og l\u00e5sebeslag \u2013 selv for glideelementer som veier opp til 500 kg.<br \/>\nD\u00f8ren kan utformes i ulike kombinasjoner, st\u00f8rrelser og med dekorative inndelinger. Alle individuelle funksjoner av produktet kan tilpasses ditt hjems designbehov.<\/p>\n","protected":false},"featured_media":9473,"template":"","meta":{"_acf_changed":false},"product_cat":[217,213],"product_tag":[],"acf":[],"yoast_head":"<!-- This site is optimized with the Yoast SEO plugin v22.9 - https:\/\/yoast.com\/wordpress\/plugins\/seo\/ -->\n<title>ARADAS : HEVE- OG SKYVED\u00d8R | Synego<\/title>\n<meta name=\"robots\" content=\"index, follow, max-snippet:-1, max-image-preview:large, max-video-preview:-1\" \/>\n<link rel=\"canonical\" href=\"https:\/\/www.aradas.lt\/no\/produkt\/heve-og-skyvedor-synego-2-felt\/\" \/>\n<meta property=\"og:locale\" content=\"nb_NO\" \/>\n<meta property=\"og:type\" content=\"article\" \/>\n<meta property=\"og:title\" content=\"ARADAS : HEVE- OG SKYVED\u00d8R | Synego\" \/>\n<meta property=\"og:description\" content=\"FULLSTENDIG RESIRKULERBARE, SV\u00c6RT ENERGIEFFEKTIVE PVC-PRODUKTENE TIL EN RIMELIG PRIS  HEVE- OG SKYVED\u00d8RER TILF\u00d8RER FRIHET, KOMFORT OG LYS TIL HJEMMET DITT Heve- og skyved\u00f8rer gir en f\u00f8rsteklasses, helt ny og jevn skyveopplevelse med denne d\u00f8rtypen som er maksimalt enkel og intuitiv \u00e5 betjene. Takket v\u00e6re v\u00e5r teknologi og ekspertise kan vi tilby d\u00f8rer som er komfortable \u00e5 betjene og sv\u00e6rt stabile med spesielt jevne og sikre drifts- og l\u00e5sebeslag \u2013 selv for glideelementer som veier opp til 500 kg. D\u00f8ren kan utformes i ulike kombinasjoner, st\u00f8rrelser og med dekorative inndelinger. Alle individuelle funksjoner av produktet kan tilpasses ditt hjems designbehov.\" \/>\n<meta property=\"og:url\" content=\"https:\/\/www.aradas.lt\/no\/produkt\/heve-og-skyvedor-synego-2-felt\/\" \/>\n<meta property=\"og:site_name\" content=\"Aradas\" \/>\n<meta property=\"article:modified_time\" content=\"2026-04-22T07:22:26+00:00\" \/>\n<meta property=\"og:image\" content=\"https:\/\/www.aradas.lt\/wp-content\/uploads\/2018\/06\/01_Synego_HST_Ascheme_ARADAS-1.jpg\" \/>\n\t<meta property=\"og:image:width\" content=\"1600\" \/>\n\t<meta property=\"og:image:height\" content=\"1600\" \/>\n\t<meta property=\"og:image:type\" content=\"image\/jpeg\" \/>\n<meta name=\"twitter:card\" content=\"summary_large_image\" \/>\n<meta name=\"twitter:label1\" content=\"Ansl. lesetid\" \/>\n\t<meta name=\"twitter:data1\" content=\"1 minutt\" \/>\n<!-- \/ Yoast SEO plugin. -->","yoast_head_json":{"title":"ARADAS : HEVE- OG SKYVED\u00d8R | Synego","robots":{"index":"index","follow":"follow","max-snippet":"max-snippet:-1","max-image-preview":"max-image-preview:large","max-video-preview":"max-video-preview:-1"},"canonical":"https:\/\/www.aradas.lt\/no\/produkt\/heve-og-skyvedor-synego-2-felt\/","og_locale":"nb_NO","og_type":"article","og_title":"ARADAS : HEVE- OG SKYVED\u00d8R | Synego","og_description":"FULLSTENDIG RESIRKULERBARE, SV\u00c6RT ENERGIEFFEKTIVE PVC-PRODUKTENE TIL EN RIMELIG PRIS  HEVE- OG SKYVED\u00d8RER TILF\u00d8RER FRIHET, KOMFORT OG LYS TIL HJEMMET DITT Heve- og skyved\u00f8rer gir en f\u00f8rsteklasses, helt ny og jevn skyveopplevelse med denne d\u00f8rtypen som er maksimalt enkel og intuitiv \u00e5 betjene. Takket v\u00e6re v\u00e5r teknologi og ekspertise kan vi tilby d\u00f8rer som er komfortable \u00e5 betjene og sv\u00e6rt stabile med spesielt jevne og sikre drifts- og l\u00e5sebeslag \u2013 selv for glideelementer som veier opp til 500 kg. D\u00f8ren kan utformes i ulike kombinasjoner, st\u00f8rrelser og med dekorative inndelinger. Alle individuelle funksjoner av produktet kan tilpasses ditt hjems designbehov.","og_url":"https:\/\/www.aradas.lt\/no\/produkt\/heve-og-skyvedor-synego-2-felt\/","og_site_name":"Aradas","article_modified_time":"2026-04-22T07:22:26+00:00","og_image":[{"width":1600,"height":1600,"url":"https:\/\/www.aradas.lt\/wp-content\/uploads\/2018\/06\/01_Synego_HST_Ascheme_ARADAS-1.jpg","type":"image\/jpeg"}],"twitter_card":"summary_large_image","twitter_misc":{"Ansl. lesetid":"1 minutt"},"schema":{"@context":"https:\/\/schema.org","@graph":[{"@type":"WebPage","@id":"https:\/\/www.aradas.lt\/no\/produkt\/heve-og-skyvedor-synego-2-felt\/","url":"https:\/\/www.aradas.lt\/no\/produkt\/heve-og-skyvedor-synego-2-felt\/","name":"ARADAS : HEVE- OG SKYVED\u00d8R | Synego","isPartOf":{"@id":"https:\/\/www.aradas.lt\/#website"},"primaryImageOfPage":{"@id":"https:\/\/www.aradas.lt\/no\/produkt\/heve-og-skyvedor-synego-2-felt\/#primaryimage"},"image":{"@id":"https:\/\/www.aradas.lt\/no\/produkt\/heve-og-skyvedor-synego-2-felt\/#primaryimage"},"thumbnailUrl":"https:\/\/www.aradas.lt\/wp-content\/uploads\/2018\/06\/01_Synego_HST_Ascheme_ARADAS-1.jpg","datePublished":"2018-06-05T11:21:34+00:00","dateModified":"2026-04-22T07:22:26+00:00","breadcrumb":{"@id":"https:\/\/www.aradas.lt\/no\/produkt\/heve-og-skyvedor-synego-2-felt\/#breadcrumb"},"inLanguage":"nb-NO","potentialAction":[{"@type":"ReadAction","target":["https:\/\/www.aradas.lt\/no\/produkt\/heve-og-skyvedor-synego-2-felt\/"]}]},{"@type":"ImageObject","inLanguage":"nb-NO","@id":"https:\/\/www.aradas.lt\/no\/produkt\/heve-og-skyvedor-synego-2-felt\/#primaryimage","url":"https:\/\/www.aradas.lt\/wp-content\/uploads\/2018\/06\/01_Synego_HST_Ascheme_ARADAS-1.jpg","contentUrl":"https:\/\/www.aradas.lt\/wp-content\/uploads\/2018\/06\/01_Synego_HST_Ascheme_ARADAS-1.jpg","width":1600,"height":1600},{"@type":"BreadcrumbList","@id":"https:\/\/www.aradas.lt\/no\/produkt\/heve-og-skyvedor-synego-2-felt\/#breadcrumb","itemListElement":[{"@type":"ListItem","position":1,"name":"Home","item":"https:\/\/www.aradas.lt\/no\/"},{"@type":"ListItem","position":2,"name":"Shop","item":"https:\/\/www.aradas.lt\/shop\/"},{"@type":"ListItem","position":3,"name":"HEVE- OG SKYVED\u00d8R | Synego"}]},{"@type":"WebSite","@id":"https:\/\/www.aradas.lt\/#website","url":"https:\/\/www.aradas.lt\/","name":"Aradas","description":"Vinduer og D\u00f8rer","publisher":{"@id":"https:\/\/www.aradas.lt\/#organization"},"potentialAction":[{"@type":"SearchAction","target":{"@type":"EntryPoint","urlTemplate":"https:\/\/www.aradas.lt\/?s={search_term_string}"},"query-input":"required name=search_term_string"}],"inLanguage":"nb-NO"},{"@type":"Organization","@id":"https:\/\/www.aradas.lt\/#organization","name":"ARADAS : Windows and Doors","url":"https:\/\/www.aradas.lt\/","logo":{"@type":"ImageObject","inLanguage":"nb-NO","@id":"https:\/\/www.aradas.lt\/#\/schema\/logo\/image\/","url":"https:\/\/www.aradas.lt\/wp-content\/uploads\/2018\/02\/logo-60h.png","contentUrl":"https:\/\/www.aradas.lt\/wp-content\/uploads\/2018\/02\/logo-60h.png","width":374,"height":60,"caption":"ARADAS : Windows and Doors"},"image":{"@id":"https:\/\/www.aradas.lt\/#\/schema\/logo\/image\/"}}]}},"_links":{"self":[{"href":"https:\/\/www.aradas.lt\/no\/wp-json\/wp\/v2\/product\/8259"}],"collection":[{"href":"https:\/\/www.aradas.lt\/no\/wp-json\/wp\/v2\/product"}],"about":[{"href":"https:\/\/www.aradas.lt\/no\/wp-json\/wp\/v2\/types\/product"}],"wp:featuredmedia":[{"embeddable":true,"href":"https:\/\/www.aradas.lt\/no\/wp-json\/wp\/v2\/media\/9473"}],"wp:attachment":[{"href":"https:\/\/www.aradas.lt\/no\/wp-json\/wp\/v2\/media?parent=8259"}],"wp:term":[{"taxonomy":"product_cat","embeddable":true,"href":"https:\/\/www.aradas.lt\/no\/wp-json\/wp\/v2\/product_cat?post=8259"},{"taxonomy":"product_tag","embeddable":true,"href":"https:\/\/www.aradas.lt\/no\/wp-json\/wp\/v2\/product_tag?post=8259"}],"curies":[{"name":"wp","href":"https:\/\/api.w.org\/{rel}","templated":true}]}}