{"id":8263,"date":"2018-06-05T10:51:14","date_gmt":"2018-06-05T12:51:14","guid":{"rendered":"https:\/\/www.aradas.lt\/product\/folding-door-synego-outward\/"},"modified":"2026-04-22T05:18:12","modified_gmt":"2026-04-22T07:18:12","slug":"utadslaende-foldedor-synego","status":"publish","type":"product","link":"https:\/\/www.aradas.lt\/no\/produkt\/utadslaende-foldedor-synego\/","title":{"rendered":"FOLDED\u00d8R | Synego"},"content":{"rendered":"","protected":false},"excerpt":{"rendered":"<p>[pvc][uw-value-0-9][high-definition-finishing]<\/p>\n<p>FULLSTENDIG RESIRKULERBARE, SV\u00c6RT ENERGIEFFEKTIVE PVC-PRODUKTENE.\u00a0FUNKSJONALITET OG SKJ\u00d8NNHET \u2013 ALT I ETT.<\/p>\n<p>Et folded\u00f8rsystem \u00e5pner opp rom p\u00e5 en spesielt elegant og effektiv m\u00e5te. Det fine med en folded\u00f8r er at flere paneler kan foldes sammen og lage en \u00e5pning som kan v\u00e6re like stor som st\u00f8rrelsen p\u00e5 d\u00f8rkarmen.Alle d\u00f8rer foldes p\u00e5 en plassbesparende m\u00e5te og glir praktisk til siden.Takket v\u00e6re den optimaliserte boggi-(dobbelthjul-) teknologien og de trinsestyrte valsene, gir dette en fullstendig problemfri betjening.<br \/>\nD\u00f8ren kan utformes i ulike kombinasjoner, st\u00f8rrelser og med dekorative inndelinger. Alle individuelle funksjoner av produktet kan tilpasses ditt hjems designbehov.<\/p>\n","protected":false},"featured_media":18464,"template":"","meta":{"_acf_changed":false},"product_cat":[217,215],"product_tag":[],"acf":[],"yoast_head":"<!-- This site is optimized with the Yoast SEO plugin v22.9 - https:\/\/yoast.com\/wordpress\/plugins\/seo\/ -->\n<title>ARADAS : FOLDED\u00d8R | Synego<\/title>\n<meta name=\"robots\" content=\"index, follow, max-snippet:-1, max-image-preview:large, max-video-preview:-1\" \/>\n<link rel=\"canonical\" href=\"https:\/\/www.aradas.lt\/no\/produkt\/utadslaende-foldedor-synego\/\" \/>\n<meta property=\"og:locale\" content=\"nb_NO\" \/>\n<meta property=\"og:type\" content=\"article\" \/>\n<meta property=\"og:title\" content=\"ARADAS : FOLDED\u00d8R | Synego\" \/>\n<meta property=\"og:description\" content=\"FULLSTENDIG RESIRKULERBARE, SV\u00c6RT ENERGIEFFEKTIVE PVC-PRODUKTENE.\u00a0FUNKSJONALITET OG SKJ\u00d8NNHET \u2013 ALT I ETT.  Et folded\u00f8rsystem \u00e5pner opp rom p\u00e5 en spesielt elegant og effektiv m\u00e5te. Det fine med en folded\u00f8r er at flere paneler kan foldes sammen og lage en \u00e5pning som kan v\u00e6re like stor som st\u00f8rrelsen p\u00e5 d\u00f8rkarmen.Alle d\u00f8rer foldes p\u00e5 en plassbesparende m\u00e5te og glir praktisk til siden.Takket v\u00e6re den optimaliserte boggi-(dobbelthjul-) teknologien og de trinsestyrte valsene, gir dette en fullstendig problemfri betjening. D\u00f8ren kan utformes i ulike kombinasjoner, st\u00f8rrelser og med dekorative inndelinger. Alle individuelle funksjoner av produktet kan tilpasses ditt hjems designbehov.\" \/>\n<meta property=\"og:url\" content=\"https:\/\/www.aradas.lt\/no\/produkt\/utadslaende-foldedor-synego\/\" \/>\n<meta property=\"og:site_name\" content=\"Aradas\" \/>\n<meta property=\"article:modified_time\" content=\"2026-04-22T07:18:12+00:00\" \/>\n<meta property=\"og:image\" content=\"https:\/\/www.aradas.lt\/wp-content\/uploads\/2018\/06\/01_FoldingDoor_OUTWARD_440_Aradas.jpg\" \/>\n\t<meta property=\"og:image:width\" content=\"1600\" \/>\n\t<meta property=\"og:image:height\" content=\"1600\" \/>\n\t<meta property=\"og:image:type\" content=\"image\/jpeg\" \/>\n<meta name=\"twitter:card\" content=\"summary_large_image\" \/>\n<meta name=\"twitter:label1\" content=\"Ansl. lesetid\" \/>\n\t<meta name=\"twitter:data1\" content=\"1 minutt\" \/>\n<!-- \/ Yoast SEO plugin. -->","yoast_head_json":{"title":"ARADAS : FOLDED\u00d8R | Synego","robots":{"index":"index","follow":"follow","max-snippet":"max-snippet:-1","max-image-preview":"max-image-preview:large","max-video-preview":"max-video-preview:-1"},"canonical":"https:\/\/www.aradas.lt\/no\/produkt\/utadslaende-foldedor-synego\/","og_locale":"nb_NO","og_type":"article","og_title":"ARADAS : FOLDED\u00d8R | Synego","og_description":"FULLSTENDIG RESIRKULERBARE, SV\u00c6RT ENERGIEFFEKTIVE PVC-PRODUKTENE.\u00a0FUNKSJONALITET OG SKJ\u00d8NNHET \u2013 ALT I ETT.  Et folded\u00f8rsystem \u00e5pner opp rom p\u00e5 en spesielt elegant og effektiv m\u00e5te. Det fine med en folded\u00f8r er at flere paneler kan foldes sammen og lage en \u00e5pning som kan v\u00e6re like stor som st\u00f8rrelsen p\u00e5 d\u00f8rkarmen.Alle d\u00f8rer foldes p\u00e5 en plassbesparende m\u00e5te og glir praktisk til siden.Takket v\u00e6re den optimaliserte boggi-(dobbelthjul-) teknologien og de trinsestyrte valsene, gir dette en fullstendig problemfri betjening. D\u00f8ren kan utformes i ulike kombinasjoner, st\u00f8rrelser og med dekorative inndelinger. Alle individuelle funksjoner av produktet kan tilpasses ditt hjems designbehov.","og_url":"https:\/\/www.aradas.lt\/no\/produkt\/utadslaende-foldedor-synego\/","og_site_name":"Aradas","article_modified_time":"2026-04-22T07:18:12+00:00","og_image":[{"width":1600,"height":1600,"url":"https:\/\/www.aradas.lt\/wp-content\/uploads\/2018\/06\/01_FoldingDoor_OUTWARD_440_Aradas.jpg","type":"image\/jpeg"}],"twitter_card":"summary_large_image","twitter_misc":{"Ansl. lesetid":"1 minutt"},"schema":{"@context":"https:\/\/schema.org","@graph":[{"@type":"WebPage","@id":"https:\/\/www.aradas.lt\/no\/produkt\/utadslaende-foldedor-synego\/","url":"https:\/\/www.aradas.lt\/no\/produkt\/utadslaende-foldedor-synego\/","name":"ARADAS : FOLDED\u00d8R | Synego","isPartOf":{"@id":"https:\/\/www.aradas.lt\/#website"},"primaryImageOfPage":{"@id":"https:\/\/www.aradas.lt\/no\/produkt\/utadslaende-foldedor-synego\/#primaryimage"},"image":{"@id":"https:\/\/www.aradas.lt\/no\/produkt\/utadslaende-foldedor-synego\/#primaryimage"},"thumbnailUrl":"https:\/\/www.aradas.lt\/wp-content\/uploads\/2018\/06\/01_FoldingDoor_OUTWARD_440_Aradas.jpg","datePublished":"2018-06-05T12:51:14+00:00","dateModified":"2026-04-22T07:18:12+00:00","breadcrumb":{"@id":"https:\/\/www.aradas.lt\/no\/produkt\/utadslaende-foldedor-synego\/#breadcrumb"},"inLanguage":"nb-NO","potentialAction":[{"@type":"ReadAction","target":["https:\/\/www.aradas.lt\/no\/produkt\/utadslaende-foldedor-synego\/"]}]},{"@type":"ImageObject","inLanguage":"nb-NO","@id":"https:\/\/www.aradas.lt\/no\/produkt\/utadslaende-foldedor-synego\/#primaryimage","url":"https:\/\/www.aradas.lt\/wp-content\/uploads\/2018\/06\/01_FoldingDoor_OUTWARD_440_Aradas.jpg","contentUrl":"https:\/\/www.aradas.lt\/wp-content\/uploads\/2018\/06\/01_FoldingDoor_OUTWARD_440_Aradas.jpg","width":1600,"height":1600},{"@type":"BreadcrumbList","@id":"https:\/\/www.aradas.lt\/no\/produkt\/utadslaende-foldedor-synego\/#breadcrumb","itemListElement":[{"@type":"ListItem","position":1,"name":"Home","item":"https:\/\/www.aradas.lt\/no\/"},{"@type":"ListItem","position":2,"name":"Shop","item":"https:\/\/www.aradas.lt\/shop\/"},{"@type":"ListItem","position":3,"name":"FOLDED\u00d8R | Synego"}]},{"@type":"WebSite","@id":"https:\/\/www.aradas.lt\/#website","url":"https:\/\/www.aradas.lt\/","name":"Aradas","description":"Vinduer og D\u00f8rer","publisher":{"@id":"https:\/\/www.aradas.lt\/#organization"},"potentialAction":[{"@type":"SearchAction","target":{"@type":"EntryPoint","urlTemplate":"https:\/\/www.aradas.lt\/?s={search_term_string}"},"query-input":"required name=search_term_string"}],"inLanguage":"nb-NO"},{"@type":"Organization","@id":"https:\/\/www.aradas.lt\/#organization","name":"ARADAS : Windows and Doors","url":"https:\/\/www.aradas.lt\/","logo":{"@type":"ImageObject","inLanguage":"nb-NO","@id":"https:\/\/www.aradas.lt\/#\/schema\/logo\/image\/","url":"https:\/\/www.aradas.lt\/wp-content\/uploads\/2018\/02\/logo-60h.png","contentUrl":"https:\/\/www.aradas.lt\/wp-content\/uploads\/2018\/02\/logo-60h.png","width":374,"height":60,"caption":"ARADAS : Windows and Doors"},"image":{"@id":"https:\/\/www.aradas.lt\/#\/schema\/logo\/image\/"}}]}},"_links":{"self":[{"href":"https:\/\/www.aradas.lt\/no\/wp-json\/wp\/v2\/product\/8263"}],"collection":[{"href":"https:\/\/www.aradas.lt\/no\/wp-json\/wp\/v2\/product"}],"about":[{"href":"https:\/\/www.aradas.lt\/no\/wp-json\/wp\/v2\/types\/product"}],"wp:featuredmedia":[{"embeddable":true,"href":"https:\/\/www.aradas.lt\/no\/wp-json\/wp\/v2\/media\/18464"}],"wp:attachment":[{"href":"https:\/\/www.aradas.lt\/no\/wp-json\/wp\/v2\/media?parent=8263"}],"wp:term":[{"taxonomy":"product_cat","embeddable":true,"href":"https:\/\/www.aradas.lt\/no\/wp-json\/wp\/v2\/product_cat?post=8263"},{"taxonomy":"product_tag","embeddable":true,"href":"https:\/\/www.aradas.lt\/no\/wp-json\/wp\/v2\/product_tag?post=8263"}],"curies":[{"name":"wp","href":"https:\/\/api.w.org\/{rel}","templated":true}]}}