{"id":8633,"date":"2018-05-17T06:36:23","date_gmt":"2018-05-17T08:36:23","guid":{"rendered":"https:\/\/www.aradas.lt\/product\/facade-fws-50\/"},"modified":"2025-05-23T09:09:10","modified_gmt":"2025-05-23T11:09:10","slug":"facade-fws-50","status":"publish","type":"product","link":"https:\/\/www.aradas.lt\/no\/produkt\/facade-fws-50\/","title":{"rendered":"FACADE | Sch\u00fcco FWS 50 \/ SG"},"content":{"rendered":"","protected":false},"excerpt":{"rendered":"<p><span style=\"text-transform: uppercase;\">[aluminium]<\/span><\/p>\n<p>MEST POPUL\u00c6RT VALG FOR FASADEL\u00d8SNINGER<\/p>\n<p>Sch\u00fcco FWS 50 standard fasadesystem er internasjonalt anerkjent og tilbyr designfrihet, ytelse, energieffektivitet, automatisering og et h\u00f8yt sikkerhetsniv\u00e5. Takket v\u00e6re de allsidige l\u00f8sningene er det mulig \u00e5 oppfylle et bredt spekter av arkitektoniske krav for b\u00e5de private og offentlige bygninger. Systemet tilbyr ogs\u00e5 muligheten for strukturelle glass uten synlige profiler ved valg av SG-moduler.<\/p>\n<p>Ta kontakt med v\u00e5rt salgsteam for \u00e5 hjelpe deg med ytterligere informasjon.<\/p>\n","protected":false},"featured_media":8533,"template":"","meta":{"_acf_changed":false},"product_cat":[219,221],"product_tag":[],"acf":[],"yoast_head":"<!-- This site is optimized with the Yoast SEO plugin v22.9 - https:\/\/yoast.com\/wordpress\/plugins\/seo\/ -->\n<title>ARADAS : FACADE | Sch\u00fcco FWS 50 \/ SG<\/title>\n<meta name=\"robots\" content=\"index, follow, max-snippet:-1, max-image-preview:large, max-video-preview:-1\" \/>\n<link rel=\"canonical\" href=\"https:\/\/www.aradas.lt\/no\/produkt\/facade-fws-50\/\" \/>\n<meta property=\"og:locale\" content=\"nb_NO\" \/>\n<meta property=\"og:type\" content=\"article\" \/>\n<meta property=\"og:title\" content=\"ARADAS : FACADE | Sch\u00fcco FWS 50 \/ SG\" \/>\n<meta property=\"og:description\" content=\"MEST POPUL\u00c6RT VALG FOR FASADEL\u00d8SNINGER  Sch\u00fcco FWS 50 standard fasadesystem er internasjonalt anerkjent og tilbyr designfrihet, ytelse, energieffektivitet, automatisering og et h\u00f8yt sikkerhetsniv\u00e5. Takket v\u00e6re de allsidige l\u00f8sningene er det mulig \u00e5 oppfylle et bredt spekter av arkitektoniske krav for b\u00e5de private og offentlige bygninger. Systemet tilbyr ogs\u00e5 muligheten for strukturelle glass uten synlige profiler ved valg av SG-moduler.  Ta kontakt med v\u00e5rt salgsteam for \u00e5 hjelpe deg med ytterligere informasjon.\" \/>\n<meta property=\"og:url\" content=\"https:\/\/www.aradas.lt\/no\/produkt\/facade-fws-50\/\" \/>\n<meta property=\"og:site_name\" content=\"Aradas\" \/>\n<meta property=\"article:modified_time\" content=\"2025-05-23T11:09:10+00:00\" \/>\n<meta property=\"og:image\" content=\"https:\/\/www.aradas.lt\/wp-content\/uploads\/2018\/05\/01FWS_50_ARADAS.jpg\" \/>\n\t<meta property=\"og:image:width\" content=\"800\" \/>\n\t<meta property=\"og:image:height\" content=\"800\" \/>\n\t<meta property=\"og:image:type\" content=\"image\/jpeg\" \/>\n<meta name=\"twitter:card\" content=\"summary_large_image\" \/>\n<meta name=\"twitter:label1\" content=\"Ansl. lesetid\" \/>\n\t<meta name=\"twitter:data1\" content=\"1 minutt\" \/>\n<!-- \/ Yoast SEO plugin. -->","yoast_head_json":{"title":"ARADAS : FACADE | Sch\u00fcco FWS 50 \/ SG","robots":{"index":"index","follow":"follow","max-snippet":"max-snippet:-1","max-image-preview":"max-image-preview:large","max-video-preview":"max-video-preview:-1"},"canonical":"https:\/\/www.aradas.lt\/no\/produkt\/facade-fws-50\/","og_locale":"nb_NO","og_type":"article","og_title":"ARADAS : FACADE | Sch\u00fcco FWS 50 \/ SG","og_description":"MEST POPUL\u00c6RT VALG FOR FASADEL\u00d8SNINGER  Sch\u00fcco FWS 50 standard fasadesystem er internasjonalt anerkjent og tilbyr designfrihet, ytelse, energieffektivitet, automatisering og et h\u00f8yt sikkerhetsniv\u00e5. Takket v\u00e6re de allsidige l\u00f8sningene er det mulig \u00e5 oppfylle et bredt spekter av arkitektoniske krav for b\u00e5de private og offentlige bygninger. Systemet tilbyr ogs\u00e5 muligheten for strukturelle glass uten synlige profiler ved valg av SG-moduler.  Ta kontakt med v\u00e5rt salgsteam for \u00e5 hjelpe deg med ytterligere informasjon.","og_url":"https:\/\/www.aradas.lt\/no\/produkt\/facade-fws-50\/","og_site_name":"Aradas","article_modified_time":"2025-05-23T11:09:10+00:00","og_image":[{"width":800,"height":800,"url":"https:\/\/www.aradas.lt\/wp-content\/uploads\/2018\/05\/01FWS_50_ARADAS.jpg","type":"image\/jpeg"}],"twitter_card":"summary_large_image","twitter_misc":{"Ansl. lesetid":"1 minutt"},"schema":{"@context":"https:\/\/schema.org","@graph":[{"@type":"WebPage","@id":"https:\/\/www.aradas.lt\/no\/produkt\/facade-fws-50\/","url":"https:\/\/www.aradas.lt\/no\/produkt\/facade-fws-50\/","name":"ARADAS : FACADE | Sch\u00fcco FWS 50 \/ SG","isPartOf":{"@id":"https:\/\/www.aradas.lt\/#website"},"primaryImageOfPage":{"@id":"https:\/\/www.aradas.lt\/no\/produkt\/facade-fws-50\/#primaryimage"},"image":{"@id":"https:\/\/www.aradas.lt\/no\/produkt\/facade-fws-50\/#primaryimage"},"thumbnailUrl":"https:\/\/www.aradas.lt\/wp-content\/uploads\/2018\/05\/01FWS_50_ARADAS.jpg","datePublished":"2018-05-17T08:36:23+00:00","dateModified":"2025-05-23T11:09:10+00:00","breadcrumb":{"@id":"https:\/\/www.aradas.lt\/no\/produkt\/facade-fws-50\/#breadcrumb"},"inLanguage":"nb-NO","potentialAction":[{"@type":"ReadAction","target":["https:\/\/www.aradas.lt\/no\/produkt\/facade-fws-50\/"]}]},{"@type":"ImageObject","inLanguage":"nb-NO","@id":"https:\/\/www.aradas.lt\/no\/produkt\/facade-fws-50\/#primaryimage","url":"https:\/\/www.aradas.lt\/wp-content\/uploads\/2018\/05\/01FWS_50_ARADAS.jpg","contentUrl":"https:\/\/www.aradas.lt\/wp-content\/uploads\/2018\/05\/01FWS_50_ARADAS.jpg","width":800,"height":800},{"@type":"BreadcrumbList","@id":"https:\/\/www.aradas.lt\/no\/produkt\/facade-fws-50\/#breadcrumb","itemListElement":[{"@type":"ListItem","position":1,"name":"Home","item":"https:\/\/www.aradas.lt\/no\/"},{"@type":"ListItem","position":2,"name":"Shop","item":"https:\/\/www.aradas.lt\/shop\/"},{"@type":"ListItem","position":3,"name":"FACADE | Sch\u00fcco FWS 50 \/ SG"}]},{"@type":"WebSite","@id":"https:\/\/www.aradas.lt\/#website","url":"https:\/\/www.aradas.lt\/","name":"Aradas","description":"Vinduer og D\u00f8rer","publisher":{"@id":"https:\/\/www.aradas.lt\/#organization"},"potentialAction":[{"@type":"SearchAction","target":{"@type":"EntryPoint","urlTemplate":"https:\/\/www.aradas.lt\/?s={search_term_string}"},"query-input":"required name=search_term_string"}],"inLanguage":"nb-NO"},{"@type":"Organization","@id":"https:\/\/www.aradas.lt\/#organization","name":"ARADAS : Windows and Doors","url":"https:\/\/www.aradas.lt\/","logo":{"@type":"ImageObject","inLanguage":"nb-NO","@id":"https:\/\/www.aradas.lt\/#\/schema\/logo\/image\/","url":"https:\/\/www.aradas.lt\/wp-content\/uploads\/2018\/02\/logo-60h.png","contentUrl":"https:\/\/www.aradas.lt\/wp-content\/uploads\/2018\/02\/logo-60h.png","width":374,"height":60,"caption":"ARADAS : Windows and Doors"},"image":{"@id":"https:\/\/www.aradas.lt\/#\/schema\/logo\/image\/"}}]}},"_links":{"self":[{"href":"https:\/\/www.aradas.lt\/no\/wp-json\/wp\/v2\/product\/8633"}],"collection":[{"href":"https:\/\/www.aradas.lt\/no\/wp-json\/wp\/v2\/product"}],"about":[{"href":"https:\/\/www.aradas.lt\/no\/wp-json\/wp\/v2\/types\/product"}],"wp:featuredmedia":[{"embeddable":true,"href":"https:\/\/www.aradas.lt\/no\/wp-json\/wp\/v2\/media\/8533"}],"wp:attachment":[{"href":"https:\/\/www.aradas.lt\/no\/wp-json\/wp\/v2\/media?parent=8633"}],"wp:term":[{"taxonomy":"product_cat","embeddable":true,"href":"https:\/\/www.aradas.lt\/no\/wp-json\/wp\/v2\/product_cat?post=8633"},{"taxonomy":"product_tag","embeddable":true,"href":"https:\/\/www.aradas.lt\/no\/wp-json\/wp\/v2\/product_tag?post=8633"}],"curies":[{"name":"wp","href":"https:\/\/api.w.org\/{rel}","templated":true}]}}