{"id":8634,"date":"2018-05-17T06:33:30","date_gmt":"2018-05-17T08:33:30","guid":{"rendered":"https:\/\/www.aradas.lt\/product\/facade-fws-35-pd\/"},"modified":"2025-05-27T10:28:04","modified_gmt":"2025-05-27T12:28:04","slug":"facade-fws-35-pd","status":"publish","type":"product","link":"https:\/\/www.aradas.lt\/no\/produkt\/facade-fws-35-pd\/","title":{"rendered":"FACADE | FWS 35 PD"},"content":{"rendered":"","protected":false},"excerpt":{"rendered":"<p><span style=\"text-transform: uppercase;\">[aluminium]<\/span><\/p>\n<p>PANORAMA DESIGN FACADE N\u00c5R DEN ESTETISKE VERDIEN ER VIKTIG<\/p>\n<p>Glassering gj\u00f8r et bemerkelsesverdig bidrag til livskvaliteten. Glassering gj\u00f8r det mulig \u00e5 oppn\u00e5 imponerende grad av gjennomsiktighet og nesten fjerne visuell barriere mellom innsiden og utsiden.<br \/>\nFWS 35 PD fasader system kombinere fleksible termisk isolerte niv\u00e5er, tetthet, sikkerhet, intelligent funksjonalitet med harmoniske, tidl\u00f8se og mange individuelle designl\u00f8sninger. Dette betyr at det er ingen grenser for kreativitet.<br \/>\nFWS 35 PD Panorama Design fasadesystem har blitt \u00e6ret med 2017 iF Gold-tildeling.Med det avanserte FWS 35 PD Panorama Design fasadesystemet er det mulig \u00e5 oppn\u00e5 lys og luftig arkitektur med maksimal gjennomsiktighet.<br \/>\nTa kontakt med v\u00e5rt salgsteam for \u00e5 hjelpe deg med ytterligere informasjon.w<\/p>\n","protected":false},"featured_media":8482,"template":"","meta":{"_acf_changed":false},"product_cat":[219,221],"product_tag":[],"acf":[],"yoast_head":"<!-- This site is optimized with the Yoast SEO plugin v22.9 - https:\/\/yoast.com\/wordpress\/plugins\/seo\/ -->\n<title>ARADAS : FACADE | FWS 35 PD<\/title>\n<meta name=\"robots\" content=\"index, follow, max-snippet:-1, max-image-preview:large, max-video-preview:-1\" \/>\n<link rel=\"canonical\" href=\"https:\/\/www.aradas.lt\/no\/produkt\/facade-fws-35-pd\/\" \/>\n<meta property=\"og:locale\" content=\"nb_NO\" \/>\n<meta property=\"og:type\" content=\"article\" \/>\n<meta property=\"og:title\" content=\"ARADAS : FACADE | FWS 35 PD\" \/>\n<meta property=\"og:description\" content=\"PANORAMA DESIGN FACADE N\u00c5R DEN ESTETISKE VERDIEN ER VIKTIG  Glassering gj\u00f8r et bemerkelsesverdig bidrag til livskvaliteten. Glassering gj\u00f8r det mulig \u00e5 oppn\u00e5 imponerende grad av gjennomsiktighet og nesten fjerne visuell barriere mellom innsiden og utsiden. FWS 35 PD fasader system kombinere fleksible termisk isolerte niv\u00e5er, tetthet, sikkerhet, intelligent funksjonalitet med harmoniske, tidl\u00f8se og mange individuelle designl\u00f8sninger. Dette betyr at det er ingen grenser for kreativitet. FWS 35 PD Panorama Design fasadesystem har blitt \u00e6ret med 2017 iF Gold-tildeling.Med det avanserte FWS 35 PD Panorama Design fasadesystemet er det mulig \u00e5 oppn\u00e5 lys og luftig arkitektur med maksimal gjennomsiktighet. Ta kontakt med v\u00e5rt salgsteam for \u00e5 hjelpe deg med ytterligere informasjon.w\" \/>\n<meta property=\"og:url\" content=\"https:\/\/www.aradas.lt\/no\/produkt\/facade-fws-35-pd\/\" \/>\n<meta property=\"og:site_name\" content=\"Aradas\" \/>\n<meta property=\"article:modified_time\" content=\"2025-05-27T12:28:04+00:00\" \/>\n<meta property=\"og:image\" content=\"https:\/\/www.aradas.lt\/wp-content\/uploads\/2018\/05\/02_FWS_35_PD_ARADAS.jpg\" \/>\n\t<meta property=\"og:image:width\" content=\"800\" \/>\n\t<meta property=\"og:image:height\" content=\"800\" \/>\n\t<meta property=\"og:image:type\" content=\"image\/jpeg\" \/>\n<meta name=\"twitter:card\" content=\"summary_large_image\" \/>\n<meta name=\"twitter:label1\" content=\"Ansl. lesetid\" \/>\n\t<meta name=\"twitter:data1\" content=\"1 minutt\" \/>\n<!-- \/ Yoast SEO plugin. -->","yoast_head_json":{"title":"ARADAS : FACADE | FWS 35 PD","robots":{"index":"index","follow":"follow","max-snippet":"max-snippet:-1","max-image-preview":"max-image-preview:large","max-video-preview":"max-video-preview:-1"},"canonical":"https:\/\/www.aradas.lt\/no\/produkt\/facade-fws-35-pd\/","og_locale":"nb_NO","og_type":"article","og_title":"ARADAS : FACADE | FWS 35 PD","og_description":"PANORAMA DESIGN FACADE N\u00c5R DEN ESTETISKE VERDIEN ER VIKTIG  Glassering gj\u00f8r et bemerkelsesverdig bidrag til livskvaliteten. Glassering gj\u00f8r det mulig \u00e5 oppn\u00e5 imponerende grad av gjennomsiktighet og nesten fjerne visuell barriere mellom innsiden og utsiden. FWS 35 PD fasader system kombinere fleksible termisk isolerte niv\u00e5er, tetthet, sikkerhet, intelligent funksjonalitet med harmoniske, tidl\u00f8se og mange individuelle designl\u00f8sninger. Dette betyr at det er ingen grenser for kreativitet. FWS 35 PD Panorama Design fasadesystem har blitt \u00e6ret med 2017 iF Gold-tildeling.Med det avanserte FWS 35 PD Panorama Design fasadesystemet er det mulig \u00e5 oppn\u00e5 lys og luftig arkitektur med maksimal gjennomsiktighet. Ta kontakt med v\u00e5rt salgsteam for \u00e5 hjelpe deg med ytterligere informasjon.w","og_url":"https:\/\/www.aradas.lt\/no\/produkt\/facade-fws-35-pd\/","og_site_name":"Aradas","article_modified_time":"2025-05-27T12:28:04+00:00","og_image":[{"width":800,"height":800,"url":"https:\/\/www.aradas.lt\/wp-content\/uploads\/2018\/05\/02_FWS_35_PD_ARADAS.jpg","type":"image\/jpeg"}],"twitter_card":"summary_large_image","twitter_misc":{"Ansl. lesetid":"1 minutt"},"schema":{"@context":"https:\/\/schema.org","@graph":[{"@type":"WebPage","@id":"https:\/\/www.aradas.lt\/no\/produkt\/facade-fws-35-pd\/","url":"https:\/\/www.aradas.lt\/no\/produkt\/facade-fws-35-pd\/","name":"ARADAS : FACADE | FWS 35 PD","isPartOf":{"@id":"https:\/\/www.aradas.lt\/#website"},"primaryImageOfPage":{"@id":"https:\/\/www.aradas.lt\/no\/produkt\/facade-fws-35-pd\/#primaryimage"},"image":{"@id":"https:\/\/www.aradas.lt\/no\/produkt\/facade-fws-35-pd\/#primaryimage"},"thumbnailUrl":"https:\/\/www.aradas.lt\/wp-content\/uploads\/2018\/05\/02_FWS_35_PD_ARADAS.jpg","datePublished":"2018-05-17T08:33:30+00:00","dateModified":"2025-05-27T12:28:04+00:00","breadcrumb":{"@id":"https:\/\/www.aradas.lt\/no\/produkt\/facade-fws-35-pd\/#breadcrumb"},"inLanguage":"nb-NO","potentialAction":[{"@type":"ReadAction","target":["https:\/\/www.aradas.lt\/no\/produkt\/facade-fws-35-pd\/"]}]},{"@type":"ImageObject","inLanguage":"nb-NO","@id":"https:\/\/www.aradas.lt\/no\/produkt\/facade-fws-35-pd\/#primaryimage","url":"https:\/\/www.aradas.lt\/wp-content\/uploads\/2018\/05\/02_FWS_35_PD_ARADAS.jpg","contentUrl":"https:\/\/www.aradas.lt\/wp-content\/uploads\/2018\/05\/02_FWS_35_PD_ARADAS.jpg","width":800,"height":800},{"@type":"BreadcrumbList","@id":"https:\/\/www.aradas.lt\/no\/produkt\/facade-fws-35-pd\/#breadcrumb","itemListElement":[{"@type":"ListItem","position":1,"name":"Home","item":"https:\/\/www.aradas.lt\/no\/"},{"@type":"ListItem","position":2,"name":"Shop","item":"https:\/\/www.aradas.lt\/shop\/"},{"@type":"ListItem","position":3,"name":"FACADE | FWS 35 PD"}]},{"@type":"WebSite","@id":"https:\/\/www.aradas.lt\/#website","url":"https:\/\/www.aradas.lt\/","name":"Aradas","description":"Vinduer og D\u00f8rer","publisher":{"@id":"https:\/\/www.aradas.lt\/#organization"},"potentialAction":[{"@type":"SearchAction","target":{"@type":"EntryPoint","urlTemplate":"https:\/\/www.aradas.lt\/?s={search_term_string}"},"query-input":"required name=search_term_string"}],"inLanguage":"nb-NO"},{"@type":"Organization","@id":"https:\/\/www.aradas.lt\/#organization","name":"ARADAS : Windows and Doors","url":"https:\/\/www.aradas.lt\/","logo":{"@type":"ImageObject","inLanguage":"nb-NO","@id":"https:\/\/www.aradas.lt\/#\/schema\/logo\/image\/","url":"https:\/\/www.aradas.lt\/wp-content\/uploads\/2018\/02\/logo-60h.png","contentUrl":"https:\/\/www.aradas.lt\/wp-content\/uploads\/2018\/02\/logo-60h.png","width":374,"height":60,"caption":"ARADAS : Windows and Doors"},"image":{"@id":"https:\/\/www.aradas.lt\/#\/schema\/logo\/image\/"}}]}},"_links":{"self":[{"href":"https:\/\/www.aradas.lt\/no\/wp-json\/wp\/v2\/product\/8634"}],"collection":[{"href":"https:\/\/www.aradas.lt\/no\/wp-json\/wp\/v2\/product"}],"about":[{"href":"https:\/\/www.aradas.lt\/no\/wp-json\/wp\/v2\/types\/product"}],"wp:featuredmedia":[{"embeddable":true,"href":"https:\/\/www.aradas.lt\/no\/wp-json\/wp\/v2\/media\/8482"}],"wp:attachment":[{"href":"https:\/\/www.aradas.lt\/no\/wp-json\/wp\/v2\/media?parent=8634"}],"wp:term":[{"taxonomy":"product_cat","embeddable":true,"href":"https:\/\/www.aradas.lt\/no\/wp-json\/wp\/v2\/product_cat?post=8634"},{"taxonomy":"product_tag","embeddable":true,"href":"https:\/\/www.aradas.lt\/no\/wp-json\/wp\/v2\/product_tag?post=8634"}],"curies":[{"name":"wp","href":"https:\/\/api.w.org\/{rel}","templated":true}]}}